{"id":13,"date":"2026-01-16T17:03:18","date_gmt":"2026-01-16T17:03:18","guid":{"rendered":"https:\/\/www.mkreborns.com\/?page_id=13"},"modified":"2026-01-28T02:12:14","modified_gmt":"2026-01-28T02:12:14","slug":"refund_returns","status":"publish","type":"page","link":"https:\/\/www.mkreborns.com\/lt\/refund_returns\/","title":{"rendered":"Gr\u0105\u017einimas ir gr\u0105\u017einimas"},"content":{"rendered":"<p>Prie <strong>Mk Reborns<\/strong>, mes atsiduodame auk\u0161tos kokyb\u0117s atgimusi\u0173 l\u0117li\u0173 k\u016brimui, kiekviena i\u0161 j\u0173 yra kruop\u0161\u010diai sukurta taip, kad b\u016bt\u0173 i\u0161skirtin\u0117, i\u0161rai\u0161kinga ir nepaprastai tikrovi\u0161ka. Jei j\u016bs\u0173 pirkinys neatitiks l\u016bkes\u010di\u0173, maloniai kvie\u010diame susisiekti su m\u016bs\u0173 klient\u0173 aptarnavimo komanda adresu <strong><a href=\"mailto:support@mkreborns.com\">support@mkreborns.com<\/a><\/strong> nedelsiant. Kiekvienas pra\u0161ymas vertinamas individualiai ir, atsi\u017evelgiant \u012f konkre\u010dias aplinkybes, priimami atitinkami sprendimai.<\/p>\r\n\r\n\r\n<hr class=\"wp-block-separator has-alpha-channel-opacity\" \/>\r\n\r\n\r\n<h2 class=\"wp-block-heading\">U\u017esakymo at\u0161aukimas<\/h2>\r\n\r\n\r\n\r\n<p>Pateikus u\u017esakym\u0105, j\u016bs\u0173 atgimusios l\u0117l\u0117s paruo\u0161imas arba i\u0161siuntimas gali b\u016bti prad\u0117tas nedelsiant. <strong>Kai u\u017esakymas i\u0161si\u0173stas, jo at\u0161aukti nebegalima.<\/strong><\/p>\r\n\r\n\r\n\r\n<p>Jei j\u016bs\u0173 u\u017esakymas turi <strong>dar neprasid\u0117jo siuntimo etapas<\/strong>, galite pateikti pra\u0161ym\u0105 nutraukti sutart\u012f <strong>per 24 valandas nuo pirkimo<\/strong>. Klientai privalo u\u017epildyti oficiali\u0105 at\u0161aukimo pra\u0161ymo form\u0105. M\u016bs\u0173 palaikymo komanda pad\u0117s jums per vis\u0105 proces\u0105 nuo prad\u017eios iki pabaigos.<\/p>\r\n\r\n\r\n\r\n<h3 class=\"wp-block-heading\">At\u0161aukimo gr\u0105\u017einimo grafikas<\/h3>\r\n\r\n\r\n\r\n<ul class=\"wp-block-list\">\r\n<li>\u2705 <strong>Per 12 valand\u0173 (prie\u0161 i\u0161siuntim\u0105):<\/strong> A <strong>10% apdorojimo i\u0161skaita<\/strong> taikoma, apimanti bankininkyst\u0117s ir internetini\u0173 mok\u0117jim\u0173 operacij\u0173 mokes\u010dius.<\/li>\r\n\r\n\r\n\r\n<li>\u2705 <strong>Per 24 valandas:<\/strong> <strong>85% u\u017esakymo vert\u0117s<\/strong> bus gr\u0105\u017einta.<\/li>\r\n\r\n\r\n\r\n<li>\u2705 <strong>Per 48 valandas:<\/strong> <strong>70% u\u017esakymo vert\u0117s<\/strong> bus gr\u0105\u017einta.<\/li>\r\n\r\n\r\n\r\n<li>\u274c <strong>Po i\u0161siuntimo:<\/strong> At\u0161aukimai nepriimami.<\/li>\r\n<\/ul>\r\n\r\n\r\n\r\n<p><strong>Svarbus prane\u0161imas:<\/strong><br \/>Gr\u0105\u017einimas tur\u0117t\u0173 \u012fvykti per 10\u201320 darbo dien\u0173, priklausomai nuo banko apdorojimo laiko. Tik at\u0161aukimo pra\u0161ymai <strong>pateikta per 24 valandas nuo pirkimo ir ai\u0161kiai patvirtinta m\u016bs\u0173 <a href=\"https:\/\/www.mkreborns.com\/lt\/contact-us\/\">palaikymo komanda<\/a><\/strong> bus laikomas galiojan\u010diu.<\/p>\r\n\r\n\r\n<hr class=\"wp-block-separator has-alpha-channel-opacity\" \/>\r\n\r\n\r\n<h2 class=\"wp-block-heading\">U\u017esakymo pakeitimai<\/h2>\r\n\r\n\r\n\r\n<p>Primygtinai raginame klientus atid\u017eiai patikrinti visas l\u0117l\u0117s specifikacijas prie\u0161 u\u017ebaigiant pirkim\u0105.<\/p>\r\n\r\n\r\n\r\n<ul class=\"wp-block-list\">\r\n<li>\u2705 <strong>Per 12 valand\u0173 nuo u\u017esakymo pateikimo:<\/strong> Galima pra\u0161yti pakeitim\u0173, susijusi\u0173 su <strong>vienkartinis 1 TP4T19 USD pakeitimo mokestis<\/strong>.<br \/>Nor\u0117dami t\u0119sti, pateikite u\u017eklaus\u0105 per m\u016bs\u0173 <strong>Susisiekite su mumis<\/strong> forma.<\/li>\r\n\r\n\r\n\r\n<li>\u274c <strong>Po 12 valand\u0173:<\/strong> U\u017esakymai paprastai supakuojami ir laukia i\u0161siuntimo eil\u0117je, tod\u0117l tolesni pakeitimai ne\u012fmanomi.<\/li>\r\n<\/ul>\r\n\r\n\r\n<hr class=\"wp-block-separator has-alpha-channel-opacity\" \/>\r\n\r\n\r\n<h2 class=\"wp-block-heading\">Tr\u016bkstami u\u017esakymo elementai<\/h2>\r\n\r\n\r\n\r\n<p>D\u0117l logistikos ir pakavimo problem\u0173 kai kurie u\u017esakymai gali b\u016bti i\u0161si\u0173sti <strong>kelios siuntos<\/strong>.<br \/>Pavyzd\u017eiui, atgimusi l\u0117l\u0117 ir jos priedai gali b\u016bti siun\u010diami atskirai ir atvykti skirtingu metu.<\/p>\r\n\r\n\r\n\r\n<p>Jei reikia atsiimti siunt\u0105 i\u0161 pa\u0161to \u012fstaigos, \u012fsitikinkite, kad turite <strong>visi taikomi sekimo numeriai<\/strong>. Kilus neai\u0161kumams, m\u016bs\u0173 palaikymo komanda visada pasirengusi pad\u0117ti.<\/p>\r\n\r\n\r\n<hr class=\"wp-block-separator has-alpha-channel-opacity\" \/>\r\n\r\n\r\n<h2 class=\"wp-block-heading\">Gr\u0105\u017einimas ir gr\u0105\u017einimo teis\u0117<\/h2>\r\n\r\n\r\n\r\n<p>Mes laikom\u0117s grie\u017et\u0173 kokyb\u0117s standart\u0173. Gr\u0105\u017einimas arba keitimas yra leid\u017eiamas. <strong>tik \u0161iomis s\u0105lygomis<\/strong>:<\/p>\r\n\r\n\r\n\r\n<h3 class=\"wp-block-heading\">Priimtinos aplinkyb\u0117s<\/h3>\r\n\r\n\r\n\r\n<ul class=\"wp-block-list\">\r\n<li>\u2705 <strong>\u017dala, padaryta prie\u0161 naudojim\u0105 arba transportavimo metu<\/strong><\/li>\r\n\r\n\r\n\r\n<li>\u2705 <strong>Gauta neteisinga prek\u0117:<\/strong><br \/>Jei pristatyta l\u0117l\u0117 neatitinka j\u016bs\u0173 u\u017esakymo, pra\u0161ome pateikti <strong>ai\u0161kus i\u0161pakavimo vaizdo \u012fra\u0161as<\/strong> rodoma:\r\n<ul class=\"wp-block-list\">\r\n<li>L\u0117l\u0117<\/li>\r\n\r\n\r\n\r\n<li>Galva<\/li>\r\n\r\n\r\n\r\n<li>Siuntimo etiket\u0117<\/li>\r\n\r\n\r\n\r\n<li>I\u0161orin\u0117 pakuot\u0117<br \/>Patvirtinus, bus pasir\u016bpinta pakaitiniu.<\/li>\r\n<\/ul>\r\n<\/li>\r\n\r\n\r\n\r\n<li>\u2705 <strong>Pamesta siunta:<\/strong><br \/>Jei prek\u0117 gabenimo metu buvo prarasta, pra\u0161ome pateikti pretenzij\u0105 ve\u017e\u0117jui ir nedelsdami prane\u0161ti mums.<br \/>Daugumai siuntini\u0173 reikia\u00a0<strong>suaugusiojo para\u0161as pristatymo metu<\/strong>; rekomenduojama atid\u017eiai sekti;.<\/li>\r\n\r\n\r\n\r\n<li>\u2705 <strong>Gamybos ar kokyb\u0117s problemos:<\/strong><br \/>Jei pirm\u0105 kart\u0105 atidarius pakuot\u0119 aptinkama koki\u0173 nors defekt\u0173, pra\u0161ome prad\u0117ti gr\u0105\u017einimo proces\u0105. <strong>per 12 valand\u0173 nuo pristatymo<\/strong>.<br \/>Pateikiant prane\u0161im\u0105 apie produkto problem\u0105, reikalingi neatidarytos pakuot\u0117s ir i\u0161pakavimo proceso nuotraukos arba vaizdo \u012fra\u0161ai.<\/li>\r\n<\/ul>\r\n\r\n\r\n<hr class=\"wp-block-separator has-alpha-channel-opacity\" \/>\r\n\r\n\r\n<h3 class=\"wp-block-heading\">Negr\u0105\u017einamos ir negr\u0105\u017einamos situacijos<\/h3>\r\n\r\n\r\n\r\n<ul class=\"wp-block-list\">\r\n<li>\u274c Atgimusi l\u0117l\u0117 buvo <strong>naudojamas arba tvarkomas nekontroliuojamai<\/strong>.<\/li>\r\n\r\n\r\n\r\n<li>\u274c Problemos yra <strong>neprane\u0161ta per 12 valand\u0173 nuo gavimo<\/strong>, kartu su ai\u0161kiais vaizdiniais \u012frodymais.<\/li>\r\n\r\n\r\n\r\n<li>\u274c Nepasitenkinimas po naudojimo. Atgimusios l\u0117l\u0117s laikomos\u00a0<strong>asmeniniai daiktai<\/strong> ir negali b\u016bti perparduota po naudojimo.<\/li>\r\n\r\n\r\n\r\n<li>\u274c Pra\u0161ymai, pateikti atidarius pakuot\u0119, nebent jie b\u016bt\u0173 patvirtinti d\u0117l patikrint\u0173 kokyb\u0117s defekt\u0173.<\/li>\r\n\r\n\r\n\r\n<li>\u274c Pristatymo sutrikimai, atsirad\u0119 d\u0117l <strong>kliento pateiktos klaidos<\/strong>, \u012fskaitant neteisingus arba nepilnus pristatymo adresus.<\/li>\r\n\r\n\r\n\r\n<li>\u274c Pristatymo sutrikimai, atsirad\u0119 d\u0117l nuo m\u016bs\u0173 nepriklausan\u010di\u0173 veiksni\u0173, pavyzd\u017eiui, muitin\u0117s formalum\u0173 nes\u0117km\u0117s ar stichin\u0117s nelaim\u0117s.<\/li>\r\n<\/ul>\r\n\r\n\r\n\r\n<p><strong>Pra\u0161ome atkreipti d\u0117mes\u012f:<\/strong><br \/>Visos Mk Reborns l\u0117l\u0117s yra <strong>rank\u0173 darbo meno k\u016briniai<\/strong>. Nedidel\u0117s savyb\u0117s, tokios kaip nery\u0161kios si\u016bl\u0117s ar subtil\u016bs spalv\u0173 skirtumai, yra b\u016bdingos rank\u0173 darbo procesui ir nelaikomos defektais.<br \/>Jei pasteb\u0117site koki\u0173 nors nedideli\u0173 pa\u017eeidim\u0173, raginame susisiekti \u2013 m\u016bs\u0173 komanda visada pasiruo\u0161usi pad\u0117ti.<\/p>\r\n\r\n\r\n<hr class=\"wp-block-separator has-alpha-channel-opacity\" \/>\r\n\r\n\r\n<h2 class=\"wp-block-heading\">Gr\u0105\u017einimo siuntimo atsakomyb\u0117<\/h2>\r\n\r\n\r\n\r\n<ul class=\"wp-block-list\">\r\n<li>Jei gr\u0105\u017einimas inicijuojamas d\u0117l\u00a0<strong>su klientu susijusios prie\u017eastys<\/strong>, klientas turi padengti gr\u0105\u017einimo siuntimo i\u0161laidas, kurios priklauso nuo ve\u017e\u0117jo.<\/li>\r\n\r\n\r\n\r\n<li>Jei gr\u0105\u017einimas atliekamas d\u0117l <strong>m\u016bs\u0173 atsakomyb\u0117<\/strong> (Sugadinta arba netinkama prek\u0117), \u201eMk Reborns\u201c padengs visas susijusias gr\u0105\u017einimo siuntimo i\u0161laidas.<\/li>\r\n<\/ul>\r\n\r\n\r\n<hr class=\"wp-block-separator has-alpha-channel-opacity\" \/>\r\n\r\n\r\n<h2 class=\"wp-block-heading\">Reikia daugiau pagalbos?<\/h2>\r\n\r\n\r\n\r\n<p>Jei jums reikia papildomos pagalbos ar paai\u0161kinim\u0173, susisiekite su mumis adresu:<br \/>\ud83d\udce7 <strong><a href=\"mailto:support@mkreborns.com\">support@mkreborns.com<\/a><\/strong><\/p>\r\n\r\n\r\n\r\n<p>M\u016bs\u0173 klient\u0173 aptarnavimo komanda siekia atsakyti \u012f visus u\u017eklausimus <strong>per 24 valandas<\/strong>.<\/p>\r\n\r\n\r\n\r\n<p>&nbsp;<\/p>","protected":false},"excerpt":{"rendered":"<p>\u201eMk Reborns\u201c mes atsiduodame auk\u0161tos kokyb\u0117s atgimusi\u0173 l\u0117li\u0173 k\u016brimui, kuri\u0173 kiekviena yra kruop\u0161\u010diai sukurta taip, kad b\u016bt\u0173 savita, i\u0161rai\u0161kinga ir i\u0161skirtin\u0117.<\/p>","protected":false},"author":1,"featured_media":0,"parent":0,"menu_order":0,"comment_status":"closed","ping_status":"closed","template":"","meta":{"footnotes":""},"class_list":["post-13","page","type-page","status-publish","hentry"],"_links":{"self":[{"href":"https:\/\/www.mkreborns.com\/lt\/wp-json\/wp\/v2\/pages\/13","targetHints":{"allow":["GET"]}}],"collection":[{"href":"https:\/\/www.mkreborns.com\/lt\/wp-json\/wp\/v2\/pages"}],"about":[{"href":"https:\/\/www.mkreborns.com\/lt\/wp-json\/wp\/v2\/types\/page"}],"author":[{"embeddable":true,"href":"https:\/\/www.mkreborns.com\/lt\/wp-json\/wp\/v2\/users\/1"}],"replies":[{"embeddable":true,"href":"https:\/\/www.mkreborns.com\/lt\/wp-json\/wp\/v2\/comments?post=13"}],"version-history":[{"count":0,"href":"https:\/\/www.mkreborns.com\/lt\/wp-json\/wp\/v2\/pages\/13\/revisions"}],"wp:attachment":[{"href":"https:\/\/www.mkreborns.com\/lt\/wp-json\/wp\/v2\/media?parent=13"}],"curies":[{"name":"wp","href":"https:\/\/api.w.org\/{rel}","templated":true}]}}