{"id":4466,"date":"2026-04-23T14:30:10","date_gmt":"2026-04-23T14:30:10","guid":{"rendered":"https:\/\/www.mkreborns.com\/?post_type=product&#038;p=4466"},"modified":"2026-04-30T16:16:29","modified_gmt":"2026-04-30T16:16:29","slug":"8-inch-palm-sized-bald-baby-girl-reborn-doll","status":"publish","type":"product","link":"https:\/\/www.mkreborns.com\/it\/product\/8-inch-palm-sized-bald-baby-girl-reborn-doll\/","title":{"rendered":"Bambola reborn di bambina calva, alta 20 cm (8 pollici), delle dimensioni di un palmo."},"content":{"rendered":"<p>Realizzata in silicone morbido ed elastico, questa bambola reborn \u00e8 facile da curare grazie al suo design senza capelli. Questo giocattolo creativo, di dimensioni tascabili, \u00e8 estremamente portatile, evitandoti la fatica spesso associata a oggetti pi\u00f9 ingombranti.<\/p>\n<p>Materiale: Silicone<br \/>\nGenere: Ragazza<br \/>\nAltezza: 8 pollici<br \/>\nPeso: 0,5 kg<br \/>\nPeso della confezione: 1 kg<\/p>\n<p>Il pacchetto completo include: Abbigliamento.<\/p>\n<p>Si prega di considerare una tolleranza di 0,5-1 pollice, poich\u00e9 il prodotto \u00e8 stato misurato manualmente.<\/p>\n<div style=\"width: 720px;\" class=\"wp-video\"><video class=\"wp-video-shortcode\" id=\"video-4466-1\" width=\"720\" height=\"1280\" preload=\"metadata\" controls=\"controls\"><source type=\"video\/mp4\" src=\"https:\/\/www.mkreborns.com\/wp-content\/uploads\/2026\/04\/8-inch-reborn-doll.mp4?_=1\" \/><a href=\"https:\/\/www.mkreborns.com\/wp-content\/uploads\/2026\/04\/8-inch-reborn-doll.mp4\">https:\/\/www.mkreborns.com\/wp-content\/uploads\/2026\/04\/8-inch-reborn-doll.mp4<\/a><\/video><\/div>\n<p><img decoding=\"async\" src=\"https:\/\/www.mkreborns.com\/wp-content\/uploads\/2026\/04\/O1CN01T3SK6B1jfP7VBeqTY_2220331144575-0-cib.jpg\" alt=\"\" title=\"\"><\/p>\n<p><img decoding=\"async\" src=\"https:\/\/www.mkreborns.com\/wp-content\/uploads\/2026\/04\/O1CN01hEV4qH1jfP7UhqGsO_2220331144575-0-cib.jpg\" alt=\"\" title=\"\"><\/p>\n<p><img decoding=\"async\" src=\"https:\/\/www.mkreborns.com\/wp-content\/uploads\/2026\/04\/O1CN01IZPdQF1jfP7V1pSFH_2220331144575-0-cib.jpg\" alt=\"\" title=\"\"><\/p>\n<p><img decoding=\"async\" src=\"https:\/\/www.mkreborns.com\/wp-content\/uploads\/2026\/04\/O1CN01CGYU6v1jfP7Q10uc3_2220331144575-0-cib.jpg\" alt=\"\" title=\"\"><\/p>\n<p><img decoding=\"async\" src=\"https:\/\/www.mkreborns.com\/wp-content\/uploads\/2026\/04\/O1CN01CtP74H1jfP7VRQuYb_2220331144575-0-cib.jpg\" alt=\"\" title=\"\"><\/p>\n<p><img decoding=\"async\" src=\"https:\/\/www.mkreborns.com\/wp-content\/uploads\/2026\/04\/O1CN01wMCZ4Y1jfP7VjiVzB_2220331144575-0-cib.jpg\" alt=\"\" title=\"\"><\/p>\n<p>&nbsp;<\/p>\n<p><img decoding=\"async\" src=\"https:\/\/www.mkreborns.com\/wp-content\/uploads\/2026\/04\/O1CN01BTPreB1jfP7VCIS8w_2220331144575-0-cib.jpg\" alt=\"\" title=\"\"><\/p>\n<p><img decoding=\"async\" src=\"https:\/\/www.mkreborns.com\/wp-content\/uploads\/2026\/04\/O1CN01DWeB5p1jfP7VCGAly_2220331144575-0-cib.jpg\" alt=\"\" title=\"\"><\/p>\n<p><img decoding=\"async\" src=\"https:\/\/www.mkreborns.com\/wp-content\/uploads\/2026\/04\/O1CN010AjmP01jfP7ULKLJ9_2220331144575-0-cib.jpg\" alt=\"\" title=\"\"><\/p>\n<p>&nbsp;<\/p>","protected":false},"excerpt":{"rendered":"<p>Questa bambola reborn, che sta nel palmo di una mano, misura circa 20 centimetri, ed \u00e8 quindi facilissima da portare con s\u00e9 ovunque; se vi sentite stressati, questo giocattolo pu\u00f2 persino aiutarvi a trovare sollievo.<\/p>","protected":false},"featured_media":4480,"comment_status":"open","ping_status":"closed","template":"","meta":[],"product_brand":[],"product_cat":[153,260,144,155,146,157],"product_tag":[],"class_list":{"0":"post-4466","1":"product","2":"type-product","3":"status-publish","4":"has-post-thumbnail","6":"product_cat-newborn-reborn-dolls","7":"product_cat-8-inch-reborn-dolls","8":"product_cat-baby-girl-reborn-dolls","9":"product_cat-cute-reborn-dolls","10":"product_cat-full-silicone-reborn-dolls","11":"product_cat-real-life-baby-dolls","13":"first","14":"instock","15":"sale","16":"shipping-taxable","17":"purchasable","18":"product-type-simple"},"_links":{"self":[{"href":"https:\/\/www.mkreborns.com\/it\/wp-json\/wp\/v2\/product\/4466","targetHints":{"allow":["GET"]}}],"collection":[{"href":"https:\/\/www.mkreborns.com\/it\/wp-json\/wp\/v2\/product"}],"about":[{"href":"https:\/\/www.mkreborns.com\/it\/wp-json\/wp\/v2\/types\/product"}],"replies":[{"embeddable":true,"href":"https:\/\/www.mkreborns.com\/it\/wp-json\/wp\/v2\/comments?post=4466"}],"wp:featuredmedia":[{"embeddable":true,"href":"https:\/\/www.mkreborns.com\/it\/wp-json\/wp\/v2\/media\/4480"}],"wp:attachment":[{"href":"https:\/\/www.mkreborns.com\/it\/wp-json\/wp\/v2\/media?parent=4466"}],"wp:term":[{"taxonomy":"product_brand","embeddable":true,"href":"https:\/\/www.mkreborns.com\/it\/wp-json\/wp\/v2\/product_brand?post=4466"},{"taxonomy":"product_cat","embeddable":true,"href":"https:\/\/www.mkreborns.com\/it\/wp-json\/wp\/v2\/product_cat?post=4466"},{"taxonomy":"product_tag","embeddable":true,"href":"https:\/\/www.mkreborns.com\/it\/wp-json\/wp\/v2\/product_tag?post=4466"}],"curies":[{"name":"parola chiave","href":"https:\/\/api.w.org\/{rel}","templated":true}]}}