{"id":4165,"date":"2026-03-22T14:35:28","date_gmt":"2026-03-22T14:35:28","guid":{"rendered":"https:\/\/www.mkreborns.com\/product\/18-inch-soft-vinyl-open-eye-reborn-baby-doll\/"},"modified":"2026-03-22T15:34:35","modified_gmt":"2026-03-22T15:34:35","slug":"18-inch-soft-vinyl-open-eye-reborn-baby-doll","status":"publish","type":"product","link":"https:\/\/www.mkreborns.com\/it\/product\/18-inch-soft-vinyl-open-eye-reborn-baby-doll\/","title":{"rendered":"Bambola reborn da 18 pollici in vinile morbido con occhi aperti"},"content":{"rendered":"<p>Questa bambola reborn ha vene ben visibili ed \u00e8 molto realistica. Pu\u00f2 sedersi o sdraiarsi, non parla n\u00e9 sbatte le palpebre e non ha parti elettroniche complesse, il che la rende facile da curare e perfetta per i collezionisti. Quando la pulite, maneggiatela con cura; evitate di strofinare energicamente le sopracciglia per prevenire lo sbiadimento del colore.<\/p>\n<p>&nbsp;<\/p>\n<p>Materiale: PVC integrale<br \/>\nGenere: scegli tra maschio o femmina<br \/>\nAltezza: 18 pollici<br \/>\nPeso: 1,1 kg<br \/>\nCiglia finte: ciglia adesive<br \/>\nPeso della confezione: 1,6 kg<br \/>\nDimensioni della confezione: 46*20*13 cm<br \/>\nIl pacchetto completo comprende: vestiti, pannolino, ciuccio magnetico, biberon e certificato di nascita.<\/p>\n<p>&nbsp;<\/p>\n<p><img decoding=\"async\" src=\"https:\/\/www.mkreborns.com\/wp-content\/uploads\/2026\/03\/O1CN01PhbSDV1lsnmHX7b7l_2831564875-0-cib.jpg\" alt=\"\" title=\"\"><\/p>\n<p><img decoding=\"async\" src=\"https:\/\/www.mkreborns.com\/wp-content\/uploads\/2026\/03\/O1CN01Fqa8AT1lsnmKDSTq1_2831564875-0-cib.jpg\" alt=\"\" title=\"\"><\/p>\n<p>Si prega di considerare una tolleranza di 0,5-1 pollice, poich\u00e9 il prodotto \u00e8 stato misurato manualmente.<\/p>","protected":false},"excerpt":{"rendered":"<p>In qualit\u00e0 di tutore della bambola reborn, puoi acquistare abiti di diversi stili per le varie occasioni.<\/p>","protected":false},"featured_media":4167,"comment_status":"open","ping_status":"closed","template":"","meta":[],"product_brand":[],"product_cat":[151,145,144,155,156,154,157,152],"product_tag":[],"class_list":{"0":"post-4165","1":"product","2":"type-product","3":"status-publish","4":"has-post-thumbnail","6":"product_cat-18-inch-reborn-dolls","7":"product_cat-baby-boy-reborn-dolls","8":"product_cat-baby-girl-reborn-dolls","9":"product_cat-cute-reborn-dolls","10":"product_cat-life-sized-dolls","11":"product_cat-lifelike-reborn-dolls","12":"product_cat-real-life-baby-dolls","13":"product_cat-vinyl-reborn-dolls","15":"first","16":"instock","17":"sale","18":"shipping-taxable","19":"purchasable","20":"product-type-variable","21":"has-default-attributes"},"_links":{"self":[{"href":"https:\/\/www.mkreborns.com\/it\/wp-json\/wp\/v2\/product\/4165","targetHints":{"allow":["GET"]}}],"collection":[{"href":"https:\/\/www.mkreborns.com\/it\/wp-json\/wp\/v2\/product"}],"about":[{"href":"https:\/\/www.mkreborns.com\/it\/wp-json\/wp\/v2\/types\/product"}],"replies":[{"embeddable":true,"href":"https:\/\/www.mkreborns.com\/it\/wp-json\/wp\/v2\/comments?post=4165"}],"wp:featuredmedia":[{"embeddable":true,"href":"https:\/\/www.mkreborns.com\/it\/wp-json\/wp\/v2\/media\/4167"}],"wp:attachment":[{"href":"https:\/\/www.mkreborns.com\/it\/wp-json\/wp\/v2\/media?parent=4165"}],"wp:term":[{"taxonomy":"product_brand","embeddable":true,"href":"https:\/\/www.mkreborns.com\/it\/wp-json\/wp\/v2\/product_brand?post=4165"},{"taxonomy":"product_cat","embeddable":true,"href":"https:\/\/www.mkreborns.com\/it\/wp-json\/wp\/v2\/product_cat?post=4165"},{"taxonomy":"product_tag","embeddable":true,"href":"https:\/\/www.mkreborns.com\/it\/wp-json\/wp\/v2\/product_tag?post=4165"}],"curies":[{"name":"parola chiave","href":"https:\/\/api.w.org\/{rel}","templated":true}]}}