{"id":4029,"date":"2026-03-18T15:28:55","date_gmt":"2026-03-18T15:28:55","guid":{"rendered":"https:\/\/www.mkreborns.com\/?post_type=product&#038;p=4029"},"modified":"2026-03-19T15:51:56","modified_gmt":"2026-03-19T15:51:56","slug":"17-18-inch-reborn-doll-feeding-pacifier-accessories","status":"publish","type":"product","link":"https:\/\/www.mkreborns.com\/it\/product\/17-18-inch-reborn-doll-feeding-pacifier-accessories\/","title":{"rendered":"Accessori per ciuccio per bambole reborn da 17-18 pollici"},"content":{"rendered":"<div class=\"product-specs-list-container\"><\/div>\n<div class=\"detailmodule_html\">\n<div class=\"detail-desc-decorate-richtext\">\n<h2>Accessori per bambole reborn: tettarelle senza foro per biberon.<\/h2>\n<div>Gli accessori per bambole reborn, tra cui biberon senza foro e tettarelle, sono realizzati per replicare le autentiche routine di alimentazione infantile, preservando al contempo l&#039;integrit\u00e0 della bambola. Questo set comprende biberon accuratamente modellati, punte in morbido silicone e pezzi coordinati che si abbinano perfettamente allo stile del set di ciucci per bambole reborn. Pensati per i collezionisti che privilegiano il realismo, questi accessori creano un&#039;impressione di cura realistica senza richiedere modifiche strutturali alla bambola.<\/div>\n<h3>Design in silicone sicuro e dettagli realistici<\/h3>\n<div>Le tettarelle in silicone senza foro per neonati prematuri incluse nella confezione, pensate per le bambole reborn, sono progettate con una struttura a punta chiusa che impedisce la fuoriuscita del liquido, preservando al contempo l&#039;autenticit\u00e0 visiva. Ogni componente \u00e8 proporzionato per adattarsi a bambole di 43-46 cm, garantendo una vestibilit\u00e0 naturale se abbinate a scene di allattamento o composizioni espositive.<\/div>\n<h3>Caratteristiche e vantaggi principali<\/h3>\n<ul>\n<li>Include biberon e set di ciucci per bambole reborn<\/li>\n<li>Design a punta chiusa per una simulazione di alimentazione sicura e non funzionale.<\/li>\n<li>Realizzato in morbido silicone per una consistenza realistica.<\/li>\n<li>Compatibile con bambole reborn da 17-18 pollici<\/li>\n<li>Ideale per l&#039;uso con capezzoli in silicone senza foro per neonati prematuri, perfetti per bambole reborn.<\/li>\n<\/ul>\n<div>Questo kit accuratamente assemblato migliora la narrazione visiva e il valore collezionistico, rendendolo una scelta affidabile per chiunque cerchi accessori per bambole reborn, come i ciucci per biberon senza foro.<\/div>\n<p><img decoding=\"async\" src=\"https:\/\/www.mkreborns.com\/wp-content\/uploads\/2026\/03\/kf-S821bc0c09e4b42a393cbbc2780b410d4P.webp\" alt=\"\" title=\"\"><img decoding=\"async\" src=\"https:\/\/www.mkreborns.com\/wp-content\/uploads\/2026\/03\/kf-S3ddca035184249b39a97908487b4d497n.webp\" alt=\"\" title=\"\"><img decoding=\"async\" src=\"https:\/\/www.mkreborns.com\/wp-content\/uploads\/2026\/03\/kf-Se4f5ae05ae6f4ec4a8ef9889288959d4L.webp\" alt=\"\" title=\"\"><img decoding=\"async\" src=\"https:\/\/www.mkreborns.com\/wp-content\/uploads\/2026\/03\/kf-S63a5bb887a674b8ab8ce2a3c3e8dc6den.webp\" alt=\"\" title=\"\"><span style=\"font-size: 18px;\"><strong>Taglia piccola, rosa:<\/strong><\/span><img decoding=\"async\" src=\"https:\/\/www.mkreborns.com\/wp-content\/uploads\/2026\/03\/kf-S5937a950d18c457d9632bc051f5569f9r.webp\" alt=\"\" title=\"\"><\/p>\n<p><span style=\"font-size: 18px;\"><strong>Taglia piccola, blu:<\/strong><\/span><img decoding=\"async\" src=\"https:\/\/www.mkreborns.com\/wp-content\/uploads\/2026\/03\/kf-Scbcae8c5f5a14ec8ac5007fdc863b93cg.webp\" alt=\"\" title=\"\"><img decoding=\"async\" src=\"https:\/\/www.mkreborns.com\/wp-content\/uploads\/2026\/03\/kf-S5e160258b8954f42a85e81b8690efd27l.webp\" alt=\"\" title=\"\"><img decoding=\"async\" src=\"https:\/\/www.mkreborns.com\/wp-content\/uploads\/2026\/03\/kf-Sb8e5eb1c653f4d77bd66c73376d647894.webp\" alt=\"\" title=\"\"><img decoding=\"async\" src=\"https:\/\/www.mkreborns.com\/wp-content\/uploads\/2026\/03\/kf-S42bdf04560824f58a60c86c965c4d3f5Q.webp\" alt=\"\" title=\"\"><img decoding=\"async\" src=\"https:\/\/www.mkreborns.com\/wp-content\/uploads\/2026\/03\/kf-Sf8bed42865e04064a00206620943d9dfR.webp\" alt=\"\" title=\"\"><img decoding=\"async\" src=\"https:\/\/www.mkreborns.com\/wp-content\/uploads\/2026\/03\/kf-S419dce937a6049f997aa62428da2071dR.webp\" alt=\"Accessori per l&#039;alimentazione delle bambole reborn, tra cui biberon, ciuccio e strumenti per la pappa.\" title=\"\"><\/p>\n<\/div>\n<\/div>","protected":false},"excerpt":{"rendered":"<div>Un set completo di accessori per l&#039;alimentazione, progettato per bambole reborn da 43-46 cm, che unisce realismo, sicurezza e dettagli delicati in un unico kit compatto.<\/div>","protected":false},"featured_media":4030,"comment_status":"open","ping_status":"closed","template":"","meta":[],"product_brand":[],"product_cat":[148,162],"product_tag":[],"class_list":{"0":"post-4029","1":"product","2":"type-product","3":"status-publish","4":"has-post-thumbnail","6":"product_cat-reborn-doll-accessories","7":"product_cat-reborn-pacifier","9":"first","10":"instock","11":"sale","12":"shipping-taxable","13":"purchasable","14":"product-type-variable","15":"has-default-attributes"},"_links":{"self":[{"href":"https:\/\/www.mkreborns.com\/it\/wp-json\/wp\/v2\/product\/4029","targetHints":{"allow":["GET"]}}],"collection":[{"href":"https:\/\/www.mkreborns.com\/it\/wp-json\/wp\/v2\/product"}],"about":[{"href":"https:\/\/www.mkreborns.com\/it\/wp-json\/wp\/v2\/types\/product"}],"replies":[{"embeddable":true,"href":"https:\/\/www.mkreborns.com\/it\/wp-json\/wp\/v2\/comments?post=4029"}],"wp:featuredmedia":[{"embeddable":true,"href":"https:\/\/www.mkreborns.com\/it\/wp-json\/wp\/v2\/media\/4030"}],"wp:attachment":[{"href":"https:\/\/www.mkreborns.com\/it\/wp-json\/wp\/v2\/media?parent=4029"}],"wp:term":[{"taxonomy":"product_brand","embeddable":true,"href":"https:\/\/www.mkreborns.com\/it\/wp-json\/wp\/v2\/product_brand?post=4029"},{"taxonomy":"product_cat","embeddable":true,"href":"https:\/\/www.mkreborns.com\/it\/wp-json\/wp\/v2\/product_cat?post=4029"},{"taxonomy":"product_tag","embeddable":true,"href":"https:\/\/www.mkreborns.com\/it\/wp-json\/wp\/v2\/product_tag?post=4029"}],"curies":[{"name":"parola chiave","href":"https:\/\/api.w.org\/{rel}","templated":true}]}}