{"id":3914,"date":"2026-03-18T13:49:16","date_gmt":"2026-03-18T13:49:16","guid":{"rendered":"https:\/\/www.mkreborns.com\/?post_type=product&#038;p=3914"},"modified":"2026-03-19T15:50:41","modified_gmt":"2026-03-19T15:50:41","slug":"handmade-20-22-inch-reborn-doll-outfits-and-princess-dress-sets","status":"publish","type":"product","link":"https:\/\/www.mkreborns.com\/it\/product\/handmade-20-22-inch-reborn-doll-outfits-and-princess-dress-sets\/","title":{"rendered":"Abiti e completi da principessa per bambole reborn da 20-22 pollici, realizzati a mano."},"content":{"rendered":"<div class=\"product-specs-list-container\">\n<h2>Capi essenziali e squisiti per il guardaroba dei vostri neonati dall&#039;aspetto realistico.<\/h2>\n<div>Prendersi cura di una bambola reborn non significa solo coccolarla; richiede un guardaroba che ne rifletta la delicata bellezza. La nostra collezione di abiti per bambole reborn da 50-55 cm (20-22 pollici) offre una vestibilit\u00e0 perfetta per bambole di dimensioni comprese tra i 50 e i 55 centimetri. Ogni completo \u00e8 cucito meticolosamente con tessuti di alta qualit\u00e0 che offrono una piacevole sensazione al tatto sulla superficie in vinile o silicone della vostra bambola. Che si tratti di una bambina o di una neonata, questi capi offrono la raffinatezza estetica che il vostro hobby richiede, senza un prezzo esorbitante.<\/div>\n<h3>Stili versatili adatti a ogni stagione e accessori funzionali<\/h3>\n<div>Mantenere il realismo della cameretta della tua bambola significa avere l&#039;abbigliamento giusto per ogni clima. Dai tessuti traspiranti in misto cotone per le uscite estive ai comodi capi in maglia a strati per gli allestimenti invernali, la nostra selezione soddisfa ogni preferenza di stile. Questi abiti economici per bambole reborn offrono un modo conveniente per ampliare la versatilit\u00e0 della tua collezione senza rinunciare a elevati standard di qualit\u00e0.<\/div>\n<ul>\n<li>Abiti da principessa realizzati a mano con intricati dettagli in pizzo e nastri.<\/li>\n<li>Struttura in tessuto resistente, in grado di sopportare frequenti cambi di abbigliamento e pose.<\/li>\n<li>Coloranti vivaci e atossici che garantiscono sicurezza e una saturazione del colore di lunga durata.<\/li>\n<li>Set coordinati che semplificano lo styling sia per i collezionisti amatoriali che per quelli professionisti.<\/li>\n<\/ul>\n<div>La gioia di possedere una bambola aumenta quando si scelgono gli abiti e gli accessori perfetti per la bambola reborn in silicone, per completare l&#039;arredamento unico della cameretta. Selezionando i nostri abiti di alta qualit\u00e0 per bambole reborn da 50 cm, la tua bambola rimarr\u00e0 il pezzo forte della tua collezione, adornata con i migliori vestiti per bambole reborn da 55 cm.<\/div>\n<\/div>\n<p><img decoding=\"async\" src=\"https:\/\/www.mkreborns.com\/wp-content\/uploads\/2026\/03\/kf-S2e01ded1844b4877bf4c33f55020ae11c.webp\" alt=\"\" title=\"\"><img decoding=\"async\" src=\"https:\/\/www.mkreborns.com\/wp-content\/uploads\/2026\/03\/kf-S9e3f070a33d54057b89198cde073cd612.webp\" alt=\"\" title=\"\"><img decoding=\"async\" src=\"https:\/\/www.mkreborns.com\/wp-content\/uploads\/2026\/03\/kf-S6e3bf7adc684427696336b2801fea85fY.webp\" alt=\"\" title=\"\"><img decoding=\"async\" src=\"https:\/\/www.mkreborns.com\/wp-content\/uploads\/2026\/03\/kf-S33fd522146264b3d872df87a701c2946b.webp\" alt=\"\" title=\"\"><img decoding=\"async\" src=\"https:\/\/www.mkreborns.com\/wp-content\/uploads\/2026\/03\/kf-Sbf836be53df845d68bbc0b7a1f9c781f2.webp\" alt=\"\" title=\"\"><img decoding=\"async\" src=\"https:\/\/www.mkreborns.com\/wp-content\/uploads\/2026\/03\/kf-Sf1a7b314b8d347688f83c99d60dce0a3A.webp\" alt=\"\" title=\"\"><img decoding=\"async\" src=\"https:\/\/www.mkreborns.com\/wp-content\/uploads\/2026\/03\/kf-S61f931d28b264579b6dae3d8565e2e50T.webp\" alt=\"\" title=\"\"><img decoding=\"async\" src=\"https:\/\/www.mkreborns.com\/wp-content\/uploads\/2026\/03\/kf-S0c2952b48d644b18bd24e6028052eb98U.webp\" alt=\"\" title=\"\"><img decoding=\"async\" src=\"https:\/\/www.mkreborns.com\/wp-content\/uploads\/2026\/03\/kf-S9e63ed215fae43ad819d86d2033ee969r.webp\" alt=\"\" title=\"\"><img decoding=\"async\" src=\"https:\/\/www.mkreborns.com\/wp-content\/uploads\/2026\/03\/kf-S753c136e65d641e4943f67baf9baf5ccc.webp\" alt=\"\" title=\"\"><img decoding=\"async\" src=\"https:\/\/www.mkreborns.com\/wp-content\/uploads\/2026\/03\/kf-S67c85d54bdd34203a836b3a36c4bd4eaS.webp\" alt=\"\" title=\"\"><img decoding=\"async\" src=\"https:\/\/www.mkreborns.com\/wp-content\/uploads\/2026\/03\/kf-S50dfe06eb5cd479983c46dcf6260faee1.webp\" alt=\"\" title=\"\"><img decoding=\"async\" src=\"https:\/\/www.mkreborns.com\/wp-content\/uploads\/2026\/03\/kf-Sb5f6a65275bd4f43ab927c391e4be4d5i.webp\" alt=\"\" title=\"\"><img decoding=\"async\" src=\"https:\/\/www.mkreborns.com\/wp-content\/uploads\/2026\/03\/kf-S267c5a5569df43c99eeeb243ed4f3022A.webp\" alt=\"\" title=\"\"><img decoding=\"async\" src=\"https:\/\/www.mkreborns.com\/wp-content\/uploads\/2026\/03\/kf-Sfd4f91fa317844e6a20bedeb546fe009P.webp\" alt=\"Abito da principessa per bambola reborn con volant e colori pastello.\" title=\"\"> <img decoding=\"async\" src=\"https:\/\/www.mkreborns.com\/wp-content\/uploads\/2026\/03\/kf-Sf6881c96b70f469dae3e5e917a9a797c2.webp\" alt=\"\" title=\"\"><img decoding=\"async\" src=\"https:\/\/www.mkreborns.com\/wp-content\/uploads\/2026\/03\/kf-S37d300d49be64c689cdc2d9ac655ee8ef.webp\" alt=\"\" title=\"\"><img decoding=\"async\" src=\"https:\/\/www.mkreborns.com\/wp-content\/uploads\/2026\/03\/kf-Se12b5d5751db49a598419c27633fa249h.webp\" alt=\"Completo da principessa per bambola reborn con stampa galattica e dettagli rosa, perfetto per bambole da 20-22 pollici. Uni.\" title=\"\"> <img decoding=\"async\" src=\"https:\/\/www.mkreborns.com\/wp-content\/uploads\/2026\/03\/kf-Sfec6353fabc249739a9bfc7ff9c19194J.webp\" alt=\"Adorabile abito da principessa per bambola reborn da 20-22 pollici, realizzato a mano, con stampa galattica e dettagli rosa.\" title=\"\"> <img decoding=\"async\" src=\"https:\/\/www.mkreborns.com\/wp-content\/uploads\/2026\/03\/kf-S2fe53c2cf60a4dca806d62c9507c1527k.webp\" alt=\"\" title=\"\"><img decoding=\"async\" src=\"https:\/\/www.mkreborns.com\/wp-content\/uploads\/2026\/03\/kf-Scc80fb4332204489b9e54a2f1cd37684Y.webp\" alt=\"Completo per bambola reborn composto da un vestito a quadretti rosa con rifiniture in pizzo e una sottoveste bianca. Perfetto per.\" title=\"\"> <img decoding=\"async\" src=\"https:\/\/www.mkreborns.com\/wp-content\/uploads\/2026\/03\/kf-Sa287f36538e54509a74becedf5d1e80aI.webp\" alt=\"Completo per bambola reborn con volant a quadretti rosa e fiocchi di raso, perfetto per bambole da 50-55 cm.\" title=\"\"> <img decoding=\"async\" src=\"https:\/\/www.mkreborns.com\/wp-content\/uploads\/2026\/03\/kf-S804968ae87294c959b219b6c3d88016bB.webp\" alt=\"Bambola reborn che indossa un abito da principessa a fiori, tiene in mano un peluche a forma di fenicottero rosa e ha un biberon nelle vicinanze.\" title=\"\"> <img decoding=\"async\" src=\"https:\/\/www.mkreborns.com\/wp-content\/uploads\/2026\/03\/kf-Sd9fc481645ee4d3288511c710a4aa6fac.webp\" alt=\"\" title=\"\"><img decoding=\"async\" src=\"https:\/\/www.mkreborns.com\/wp-content\/uploads\/2026\/03\/kf-S5d746b3f7dda43a98510624ed31c719bq.webp\" alt=\"\" title=\"\"><img decoding=\"async\" src=\"https:\/\/www.mkreborns.com\/wp-content\/uploads\/2026\/03\/kf-Sdb0e2483cf38440085aa085deb7e8e72l.webp\" alt=\"Completo da principessa per bambola reborn con stampa floreale, realizzato a mano per bambole da 20-22 pollici.\" title=\"\"> <img decoding=\"async\" src=\"https:\/\/www.mkreborns.com\/wp-content\/uploads\/2026\/03\/kf-S9b482f7f72f848b28fede3ec4a85ed32b.webp\" alt=\"\" title=\"\"><img decoding=\"async\" src=\"https:\/\/www.mkreborns.com\/wp-content\/uploads\/2026\/03\/kf-S09152d43a02f4b4f9bef4d5cfa7531daK.webp\" alt=\"Completo per bambola reborn con vestito floreale e nastro giallo, perfetto per bambole da 20-22 pollici.\" title=\"\"> <img decoding=\"async\" src=\"https:\/\/www.mkreborns.com\/wp-content\/uploads\/2026\/03\/kf-Sc4c910a0f2e8414fa5bd80aa5709c8ecK.webp\" alt=\"\" title=\"\"><img decoding=\"async\" src=\"https:\/\/www.mkreborns.com\/wp-content\/uploads\/2026\/03\/kf-S6f2f906babe64407abb39604df6914a1J.webp\" alt=\"\" title=\"\"><img decoding=\"async\" src=\"https:\/\/www.mkreborns.com\/wp-content\/uploads\/2026\/03\/kf-S3492369ac2ce462f897f81971cc88ea2i.webp\" alt=\"Bambola reborn che indossa un abito da principessa rosa fatto a mano con colletto bianco soffice e pon-pon.\" title=\"\"> <img decoding=\"async\" src=\"https:\/\/www.mkreborns.com\/wp-content\/uploads\/2026\/03\/kf-Se51597a0a9504fc688712ba8acc06b61X.webp\" alt=\"\" title=\"\"><img decoding=\"async\" src=\"https:\/\/www.mkreborns.com\/wp-content\/uploads\/2026\/03\/kf-S2cd722838c3444e8853dfdd6cb7c6eeaF.webp\" alt=\"Completo per bambola reborn composto da vestito rosa, leggings bianchi e stivali abbinati, per bambole da 20-22 pollici.\" title=\"\"> <img decoding=\"async\" src=\"https:\/\/www.mkreborns.com\/wp-content\/uploads\/2026\/03\/kf-S4485fab01df04a52b37771c9fd6fb6808.webp\" alt=\"Completo per bambola reborn con pantaloni con stampa fenicottero e cuffie abbinate, perfetto per creazioni fatte a mano.\" title=\"\"> <img decoding=\"async\" src=\"https:\/\/www.mkreborns.com\/wp-content\/uploads\/2026\/03\/kf-S119e2ed0c63449e780a45353deed672fV.webp\" alt=\"Stivali rosa per bambole reborn con bordo in pelliccia sintetica bianca, adatti a bambole da 20-22 pollici.\" title=\"\"> <img decoding=\"async\" src=\"https:\/\/www.mkreborns.com\/wp-content\/uploads\/2026\/03\/kf-Sc540755ac9cf4146835605b7b7171a0fT.webp\" alt=\"Completo per bambola reborn composto da vestito rosa, leggings bianchi e stivali abbinati, per bambole da 20-22 pollici.\" title=\"\"><\/p>\n<div style=\"width: 640px;\" class=\"wp-video\"><video class=\"wp-video-shortcode\" id=\"video-3914-1\" width=\"640\" height=\"360\" preload=\"metadata\" controls=\"controls\"><source type=\"video\/mp4\" src=\"https:\/\/video.aliexpress-media.com\/play\/u\/ae_sg_item\/2216133796552\/p\/1\/e\/6\/t\/10301\/1100164358417.mp4?_=1\" \/><a href=\"https:\/\/video.aliexpress-media.com\/play\/u\/ae_sg_item\/2216133796552\/p\/1\/e\/6\/t\/10301\/1100164358417.mp4\" target=\"_blank\" rel=\"noopener\">https:\/\/video.aliexpress-media.com\/play\/u\/ae_sg_item\/2216133796552\/p\/1\/e\/6\/t\/10301\/1100164358417.mp4<\/a><\/video><\/div>","protected":false},"excerpt":{"rendered":"<p>Vesti il tuo adorato compagno con abiti squisiti e realizzati a mano, pensati per rispecchiare il fascino dei veri vestiti per neonati, garantendo che ogni momento di gioco sia incredibilmente autentico e commovente.<\/p>","protected":false},"featured_media":3915,"comment_status":"open","ping_status":"closed","template":"","meta":[],"product_brand":[],"product_cat":[159,148],"product_tag":[],"class_list":{"0":"post-3914","1":"product","2":"type-product","3":"status-publish","4":"has-post-thumbnail","6":"product_cat-clothes-for-reborn-dolls","7":"product_cat-reborn-doll-accessories","9":"first","10":"instock","11":"sale","12":"shipping-taxable","13":"purchasable","14":"product-type-variable","15":"has-default-attributes"},"_links":{"self":[{"href":"https:\/\/www.mkreborns.com\/it\/wp-json\/wp\/v2\/product\/3914","targetHints":{"allow":["GET"]}}],"collection":[{"href":"https:\/\/www.mkreborns.com\/it\/wp-json\/wp\/v2\/product"}],"about":[{"href":"https:\/\/www.mkreborns.com\/it\/wp-json\/wp\/v2\/types\/product"}],"replies":[{"embeddable":true,"href":"https:\/\/www.mkreborns.com\/it\/wp-json\/wp\/v2\/comments?post=3914"}],"wp:featuredmedia":[{"embeddable":true,"href":"https:\/\/www.mkreborns.com\/it\/wp-json\/wp\/v2\/media\/3915"}],"wp:attachment":[{"href":"https:\/\/www.mkreborns.com\/it\/wp-json\/wp\/v2\/media?parent=3914"}],"wp:term":[{"taxonomy":"product_brand","embeddable":true,"href":"https:\/\/www.mkreborns.com\/it\/wp-json\/wp\/v2\/product_brand?post=3914"},{"taxonomy":"product_cat","embeddable":true,"href":"https:\/\/www.mkreborns.com\/it\/wp-json\/wp\/v2\/product_cat?post=3914"},{"taxonomy":"product_tag","embeddable":true,"href":"https:\/\/www.mkreborns.com\/it\/wp-json\/wp\/v2\/product_tag?post=3914"}],"curies":[{"name":"parola chiave","href":"https:\/\/api.w.org\/{rel}","templated":true}]}}