{"id":3763,"date":"2026-03-08T14:20:28","date_gmt":"2026-03-08T14:20:28","guid":{"rendered":"https:\/\/www.mkreborns.com\/?post_type=product&#038;p=3763"},"modified":"2026-03-18T14:53:37","modified_gmt":"2026-03-18T14:53:37","slug":"kay-40-cm-silicone-preemie-reborn-doll","status":"publish","type":"product","link":"https:\/\/www.mkreborns.com\/it\/product\/kay-40-cm-silicone-preemie-reborn-doll\/","title":{"rendered":"Bambola Reborn Prematura in Silicone Kay da 40 cm"},"content":{"rendered":"<p>Nel mondo delle bambole reborn, una bambola alta 40 cm \u00e8 la dimensione perfetta e pi\u00f9 delicata, come un neonato prematuro ancora avvolto nelle fasce. Quando una bambola reborn di 40 cm \u00e8 realizzata interamente in silicone e scolpita a forma di bambino, \u00e8 pi\u00f9 di una semplice bambola; \u00e8 una compagna da abbracciare, un&#039;opera d&#039;arte intrisa di emozioni. I dati dimostrano che abbracciare pu\u00f2 rilasciare endorfine, che possono alleviare l&#039;ansia e la depressione, migliorando cos\u00ec la sensazione di benessere.<\/p>\n<p>Genere: Maschio<br \/>\nAltezza: 40 cm<br \/>\nPeso: 1,4 kg<br \/>\nPeso dell&#039;imballaggio: 2,3 kg<br \/>\nDimensioni della confezione: 46*21*15 cm<\/p>\n<p><img decoding=\"async\" class=\"aligncenter wp-image-3781 size-full\" src=\"https:\/\/www.mkreborns.com\/wp-content\/themes\/woodmart\/images\/lazy.svg\" data-src=\"https:\/\/www.mkreborns.com\/wp-content\/uploads\/2026\/03\/Kay-Preemie-Reborn-Doll18.jpg\" alt=\"\" width=\"1400\" height=\"933\" title=\"\" srcset=\"\" data-srcset=\"https:\/\/www.mkreborns.com\/wp-content\/uploads\/2026\/03\/Kay-Preemie-Reborn-Doll18.jpg 1400w, https:\/\/www.mkreborns.com\/wp-content\/uploads\/2026\/03\/Kay-Preemie-Reborn-Doll18-400x267.jpg 400w, https:\/\/www.mkreborns.com\/wp-content\/uploads\/2026\/03\/Kay-Preemie-Reborn-Doll18-1200x800.jpg 1200w, https:\/\/www.mkreborns.com\/wp-content\/uploads\/2026\/03\/Kay-Preemie-Reborn-Doll18-768x512.jpg 768w, https:\/\/www.mkreborns.com\/wp-content\/uploads\/2026\/03\/Kay-Preemie-Reborn-Doll18-18x12.jpg 18w, https:\/\/www.mkreborns.com\/wp-content\/uploads\/2026\/03\/Kay-Preemie-Reborn-Doll18-700x467.jpg 700w, https:\/\/www.mkreborns.com\/wp-content\/uploads\/2026\/03\/Kay-Preemie-Reborn-Doll18-150x100.jpg 150w\" sizes=\"(max-width: 1400px) 100vw, 1400px\" \/> <img decoding=\"async\" class=\"aligncenter wp-image-3780 size-full\" src=\"https:\/\/www.mkreborns.com\/wp-content\/themes\/woodmart\/images\/lazy.svg\" data-src=\"https:\/\/www.mkreborns.com\/wp-content\/uploads\/2026\/03\/Kay-Preemie-Reborn-Doll17.jpg\" alt=\"\" width=\"1400\" height=\"933\" title=\"\" srcset=\"\" data-srcset=\"https:\/\/www.mkreborns.com\/wp-content\/uploads\/2026\/03\/Kay-Preemie-Reborn-Doll17.jpg 1400w, https:\/\/www.mkreborns.com\/wp-content\/uploads\/2026\/03\/Kay-Preemie-Reborn-Doll17-400x267.jpg 400w, https:\/\/www.mkreborns.com\/wp-content\/uploads\/2026\/03\/Kay-Preemie-Reborn-Doll17-1200x800.jpg 1200w, https:\/\/www.mkreborns.com\/wp-content\/uploads\/2026\/03\/Kay-Preemie-Reborn-Doll17-768x512.jpg 768w, https:\/\/www.mkreborns.com\/wp-content\/uploads\/2026\/03\/Kay-Preemie-Reborn-Doll17-18x12.jpg 18w, https:\/\/www.mkreborns.com\/wp-content\/uploads\/2026\/03\/Kay-Preemie-Reborn-Doll17-700x467.jpg 700w, https:\/\/www.mkreborns.com\/wp-content\/uploads\/2026\/03\/Kay-Preemie-Reborn-Doll17-150x100.jpg 150w\" sizes=\"(max-width: 1400px) 100vw, 1400px\" \/><\/p>","protected":false},"excerpt":{"rendered":"<p>Una bambola reborn prematura di 40 cm pesa circa 1,5 kg, esattamente il peso di un neonato prematuro. Tenere in braccio una bambola reborn maschio d\u00e0 la sensazione di stringere tra le braccia un vero neonato.<\/p>","protected":false},"featured_media":3775,"comment_status":"open","ping_status":"closed","template":"","meta":[],"product_brand":[],"product_cat":[145,158,155,146,153],"product_tag":[],"class_list":{"0":"post-3763","1":"product","2":"type-product","3":"status-publish","4":"has-post-thumbnail","6":"product_cat-baby-boy-reborn-dolls","7":"product_cat-15-inch-baby-dolls","8":"product_cat-cute-reborn-dolls","9":"product_cat-full-silicone-reborn-dolls","10":"product_cat-newborn-reborn-dolls","12":"first","13":"instock","14":"sale","15":"shipping-taxable","16":"purchasable","17":"product-type-simple"},"_links":{"self":[{"href":"https:\/\/www.mkreborns.com\/it\/wp-json\/wp\/v2\/product\/3763","targetHints":{"allow":["GET"]}}],"collection":[{"href":"https:\/\/www.mkreborns.com\/it\/wp-json\/wp\/v2\/product"}],"about":[{"href":"https:\/\/www.mkreborns.com\/it\/wp-json\/wp\/v2\/types\/product"}],"replies":[{"embeddable":true,"href":"https:\/\/www.mkreborns.com\/it\/wp-json\/wp\/v2\/comments?post=3763"}],"wp:featuredmedia":[{"embeddable":true,"href":"https:\/\/www.mkreborns.com\/it\/wp-json\/wp\/v2\/media\/3775"}],"wp:attachment":[{"href":"https:\/\/www.mkreborns.com\/it\/wp-json\/wp\/v2\/media?parent=3763"}],"wp:term":[{"taxonomy":"product_brand","embeddable":true,"href":"https:\/\/www.mkreborns.com\/it\/wp-json\/wp\/v2\/product_brand?post=3763"},{"taxonomy":"product_cat","embeddable":true,"href":"https:\/\/www.mkreborns.com\/it\/wp-json\/wp\/v2\/product_cat?post=3763"},{"taxonomy":"product_tag","embeddable":true,"href":"https:\/\/www.mkreborns.com\/it\/wp-json\/wp\/v2\/product_tag?post=3763"}],"curies":[{"name":"parola chiave","href":"https:\/\/api.w.org\/{rel}","templated":true}]}}