{"id":3454,"date":"2026-01-21T15:16:46","date_gmt":"2026-01-21T15:16:46","guid":{"rendered":"https:\/\/www.mkreborns.com\/?page_id=3454"},"modified":"2026-01-28T02:26:13","modified_gmt":"2026-01-28T02:26:13","slug":"shipping-policy","status":"publish","type":"page","link":"https:\/\/www.mkreborns.com\/it\/shipping-policy\/","title":{"rendered":"Politica di spedizione"},"content":{"rendered":"<div>Grazie per aver scelto Mk Reborns. Il tuo ordine verr\u00e0 preparato con cura e spedito con efficienza e discrezione.<\/div>\n<hr \/>\n<h2>Spedizione gratuita in tutto il mondo<\/h2>\n<div>Offriamo la spedizione gratuita da magazzini all&#039;estero strategicamente posizionati negli Stati Uniti, in Europa, in Canada, nel Regno Unito e in Australia.<br \/>\nQuando \u00e8 disponibile un inventario locale, gli articoli vengono spediti dalla struttura pi\u00f9 vicina per garantire una consegna pi\u00f9 rapida.<\/div>\n<hr \/>\n<h2>Tempo di consegna stimato (articoli in magazzino)<\/h2>\n<div>\n<table border=\"1\" data-coda-grid-id=\"grid-O7-V0P1M6p\" data-coda-display-column-id=\"c-gzvnCsHVXd\" data-coda-view-config-inheritsdefaultformat=\"false\" data-coda-view-config-tablesearch=\"&quot;AlwaysShow&quot;\" data-coda-grid-configuration-set=\"SimpleTable\">\n<tbody>\n<tr>\n<td>Los Angeles, Stati Uniti<\/td>\n<td>\n<div>Stati Uniti (Alaska e Hawaii richiedono un supplemento di circa 100 USD)<\/div>\n<\/td>\n<td>3\u20135 giorni lavorativi<\/td>\n<\/tr>\n<tr>\n<td>Magazzini UE (Germania \/ Polonia)<\/td>\n<td>La maggior parte dei paesi dell&#039;UE e alcuni paesi SEE<\/td>\n<td>3\u201310 giorni lavorativi<\/td>\n<\/tr>\n<tr>\n<td>Vancouver<\/td>\n<td>Canada<\/td>\n<td>3\u20135 giorni lavorativi<\/td>\n<\/tr>\n<tr>\n<td>Sidney<\/td>\n<td>Australia<\/td>\n<td>3\u20137 giorni lavorativi<\/td>\n<\/tr>\n<tr>\n<td>Regno Unito<\/td>\n<td>Regno Unito<\/td>\n<td>3\u20137 giorni lavorativi<\/td>\n<\/tr>\n<\/tbody>\n<\/table>\n<\/div>\n<div>Nota: la maggior parte degli ordini viene elaborata e spedita entro 48 ore. Il tempo medio di consegna \u00e8 di 3-5 giorni lavorativi, salvo circostanze eccezionali.<\/div>\n<hr \/>\n<h2>Dogana e dazi<\/h2>\n<div>Se le scorte locali non sono disponibili, gli articoli potrebbero essere spediti da un altro Paese.<br \/>\nIn casi limitati, ai destinatari potrebbe essere chiesto di fornire assistenza per lo sdoganamento o i dazi all&#039;importazione.<\/div>\n<div>Per Norvegia, Svizzera, Islanda e Messico, lo sdoganamento e le tasse applicabili sono di esclusiva responsabilit\u00e0 del destinatario.<\/div>\n<hr \/>\n<h2>Monitoraggio dell&#039;ordine<\/h2>\n<div>Una volta effettuata la spedizione, verr\u00e0 inviata un&#039;e-mail di conferma con i dettagli di tracciamento.<br \/>\nL&#039;aggiornamento delle informazioni di tracciamento potrebbe richiedere fino a 48 ore.<\/div>\n<hr \/>\n<h2>Spedizioni divise<\/h2>\n<div>Gli ordini contenenti pi\u00f9 articoli potrebbero arrivare in pacchi separati.<br \/>\nSe una parte del tuo ordine arriva prima, gli articoli rimanenti sono ancora in transito.<\/div>\n<hr \/>\n<h2>Problemi di consegna<\/h2>\n<ul>\n<li>Contrassegnato come consegnato ma non ricevuto: contattare immediatamente il corriere e inviare un&#039;e-mail <a href=\"http:\/\/\">support@mkreborns.com<\/a>.<\/li>\n<li>Articoli danneggiati: documentare il danno con foto o video chiari, quindi presentare un reclamo al corriere.<\/li>\n<li>Articoli errati: fornisci prove fotografiche e video e il nostro team del servizio clienti risolver\u00e0 il problema il prima possibile.<\/li>\n<\/ul>\n<hr \/>\n<h2>Resi e cambi<\/h2>\n<div>Si prega di contattare <a href=\"http:\/\/\">support@mkreborns.com<\/a> prima di procedere a qualsiasi reso.<br \/>\nNon saranno accettati resi non autorizzati o consegne rifiutate.<\/div>\n<div>Gli articoli devono rimanere inutilizzati e con l&#039;imballaggio protettivo interno non aperto.<br \/>\nPer le condizioni dettagliate, consultare la nostra Politica di reso completa.<\/div>","protected":false},"excerpt":{"rendered":"<p>Grazie per aver scelto Mk Reborns. Il tuo ordine \u00e8 stato preparato con cura e spedito con efficienza e discrezione. Spedizione gratuita in tutto il mondo.<\/p>","protected":false},"author":1,"featured_media":0,"parent":0,"menu_order":0,"comment_status":"closed","ping_status":"closed","template":"","meta":{"footnotes":""},"class_list":["post-3454","page","type-page","status-publish","hentry"],"_links":{"self":[{"href":"https:\/\/www.mkreborns.com\/it\/wp-json\/wp\/v2\/pages\/3454","targetHints":{"allow":["GET"]}}],"collection":[{"href":"https:\/\/www.mkreborns.com\/it\/wp-json\/wp\/v2\/pages"}],"about":[{"href":"https:\/\/www.mkreborns.com\/it\/wp-json\/wp\/v2\/types\/page"}],"author":[{"embeddable":true,"href":"https:\/\/www.mkreborns.com\/it\/wp-json\/wp\/v2\/users\/1"}],"replies":[{"embeddable":true,"href":"https:\/\/www.mkreborns.com\/it\/wp-json\/wp\/v2\/comments?post=3454"}],"version-history":[{"count":0,"href":"https:\/\/www.mkreborns.com\/it\/wp-json\/wp\/v2\/pages\/3454\/revisions"}],"wp:attachment":[{"href":"https:\/\/www.mkreborns.com\/it\/wp-json\/wp\/v2\/media?parent=3454"}],"curies":[{"name":"parola chiave","href":"https:\/\/api.w.org\/{rel}","templated":true}]}}