{"id":4602,"date":"2026-05-07T01:53:54","date_gmt":"2026-05-07T01:53:54","guid":{"rendered":"https:\/\/www.mkreborns.com\/?post_type=product&#038;p=4602"},"modified":"2026-05-13T14:41:14","modified_gmt":"2026-05-13T14:41:14","slug":"12-inch-full-silicone-children-gifts-reborn-baby-doll","status":"publish","type":"product","link":"https:\/\/www.mkreborns.com\/hu\/product\/12-inch-full-silicone-children-gifts-reborn-baby-doll\/","title":{"rendered":"12 h\u00fcvelykes teljes szilikon gyermek aj\u00e1nd\u00e9kok Reborn Baby Doll"},"content":{"rendered":"<div class=\"product-specs-list-container\"><\/div>\n<div class=\"detailmodule_text\">\n<p class=\"detail-desc-decorate-content\" style=\"font-family: OpenSans; font-size: 14px; font-weight: 300; line-height: 20px; white-space: pre-wrap; margin-bottom: 12px;\"><span style=\"color: #000000;\">Magass\u00e1g: 30 cm<\/span><br \/>\n<span style=\"color: #000000;\">S\u00faly: 1,1 kg<\/span><br \/>\n<span style=\"color: #000000;\">Nem: Fi\u00fa<\/span><br \/>\n<span style=\"color: #000000;\">Anyag: Szilikon<\/span><br \/>\n<span style=\"color: #000000;\">Ez az \u00fajj\u00e1sz\u00fcletett baba ruh\u00e1tlanul ker\u00fcl kisz\u00e1ll\u00edt\u00e1sra; ruh\u00e1zat nem r\u00e9sze a csomagnak. Ha ruh\u00e1kra van sz\u00fcks\u00e9ged, k\u00e9rj\u00fck, b\u00f6ng\u00e9ssz az \u00dajj\u00e1sz\u00fcletett baba kieg\u00e9sz\u00edt\u0151k r\u00e9szleg\u00fcnkben, hogy kiv\u00e1laszd az ig\u00e9nyeidnek megfelel\u0151 ruh\u00e1zatot.<\/span><br \/>\n<span style=\"color: #000000;\">Az \u00fajj\u00e1sz\u00fcletett baba rugalmas v\u00e9gtagokkal rendelkezik, amelyek lehet\u0151v\u00e9 teszik, hogy k\u00f6nnyen fel\u00fclj\u00f6n, lefek\u00fcdj\u00f6n, vagy k\u00fcl\u00f6nb\u00f6z\u0151 alv\u00e1si p\u00f3zokat vegyen fel. Nem tartalmaz tov\u00e1bbi elektronikus alkatr\u00e9szeket, \u00edgy jelent\u0151sen cs\u00f6kkenti a karbantart\u00e1si ig\u00e9nyt. Az \u00fajj\u00e1sz\u00fcletett bab\u00e1kat aj\u00e1nd\u00e9kozhatod szeretteidnek sz\u00fclet\u00e9snapi aj\u00e1nd\u00e9kk\u00e9nt, kar\u00e1csonyi aj\u00e1nd\u00e9kk\u00e9nt, gyerekj\u00e1t\u00e9kk\u00e9nt vagy babagy\u0171jtem\u00e9nyed darabjaik\u00e9nt.<\/span><\/p>\n<p>&nbsp;<\/p>\n<\/div>\n<div class=\"detailmodule_image\"><img decoding=\"async\" class=\"detail-desc-decorate-image\" src=\"https:\/\/www.mkreborns.com\/wp-content\/uploads\/2026\/05\/kf-Sa2b8d47ad684458b990351e19f5d1a2bs-1.webp\" alt=\"\" title=\"\"><img decoding=\"async\" class=\"detail-desc-decorate-image\" src=\"https:\/\/www.mkreborns.com\/wp-content\/uploads\/2026\/05\/kf-S39ce9a8a554f438a96fcf130a132d83aa-1.webp\" alt=\"\" title=\"\"><img decoding=\"async\" class=\"detail-desc-decorate-image\" src=\"https:\/\/www.mkreborns.com\/wp-content\/uploads\/2026\/05\/kf-S3d4515f2deb64d17aeee4f89277607772-1.webp\" alt=\"\u00dajj\u00e1sz\u00fcletett szilikon baba be\u00e1ll\u00edthat\u00f3 v\u00e9gtagokkal, t\u00f6k\u00e9letes gyerekeknek \u00e9s gy\u0171jt\u0151knek. Puha, \u00e9leth\u0171.\" title=\"\"> <img decoding=\"async\" class=\"detail-desc-decorate-image\" src=\"https:\/\/www.mkreborns.com\/wp-content\/uploads\/2026\/05\/kf-S83d31e6e6fb847929a053f66ca75cd2dp-1.webp\" alt=\"Realisztikus, \u00fajj\u00e1sz\u00fcletett baba, 30 cm, teljes szilikonb\u00f3l, gyerekeknek \u00e9s aj\u00e1nd\u00e9knak is alkalmas, r\u00e9szletgazdag kidolgoz\u00e1ssal.\" title=\"\"> <img decoding=\"async\" class=\"detail-desc-decorate-image\" src=\"https:\/\/www.mkreborns.com\/wp-content\/uploads\/2026\/05\/kf-S1d7c4a92f2da488182c621f78f77ba35K-1.webp\" alt=\"\" title=\"\"><\/div>","protected":false},"excerpt":{"rendered":"<p>Ez az \u00fajsz\u00fcl\u00f6tt baba ide\u00e1lis aj\u00e1nd\u00e9k gyerekeknek, bar\u00e1toknak vagy csal\u00e1dtagoknak, csod\u00e1latos t\u00e1rsk\u00e9nt szolg\u00e1lhat. Az \u00fajj\u00e1sz\u00fcletett baba v\u00e9gtagjai be\u00e1ll\u00edthat\u00f3k, \u00edgy k\u00fcl\u00f6nb\u00f6z\u0151 alv\u00e1si poz\u00edci\u00f3kba \u00e1ll\u00edthat\u00f3 \u2013 ami extra \u00e9leth\u0171s\u00e9get k\u00f6lcs\u00f6n\u00f6z t\u00e1rsszerep\u00e9nek.<\/p>","protected":false},"featured_media":4603,"comment_status":"open","ping_status":"closed","template":"","meta":[],"product_brand":[],"product_cat":[240,145,155,154,153],"product_tag":[],"class_list":{"0":"post-4602","1":"product","2":"type-product","3":"status-publish","4":"has-post-thumbnail","6":"product_cat-12-inch-reborn-dolls","7":"product_cat-baby-boy-reborn-dolls","8":"product_cat-cute-reborn-dolls","9":"product_cat-lifelike-reborn-dolls","10":"product_cat-newborn-reborn-dolls","12":"first","13":"instock","14":"sale","15":"shipping-taxable","16":"purchasable","17":"product-type-simple"},"_links":{"self":[{"href":"https:\/\/www.mkreborns.com\/hu\/wp-json\/wp\/v2\/product\/4602","targetHints":{"allow":["GET"]}}],"collection":[{"href":"https:\/\/www.mkreborns.com\/hu\/wp-json\/wp\/v2\/product"}],"about":[{"href":"https:\/\/www.mkreborns.com\/hu\/wp-json\/wp\/v2\/types\/product"}],"replies":[{"embeddable":true,"href":"https:\/\/www.mkreborns.com\/hu\/wp-json\/wp\/v2\/comments?post=4602"}],"wp:featuredmedia":[{"embeddable":true,"href":"https:\/\/www.mkreborns.com\/hu\/wp-json\/wp\/v2\/media\/4603"}],"wp:attachment":[{"href":"https:\/\/www.mkreborns.com\/hu\/wp-json\/wp\/v2\/media?parent=4602"}],"wp:term":[{"taxonomy":"product_brand","embeddable":true,"href":"https:\/\/www.mkreborns.com\/hu\/wp-json\/wp\/v2\/product_brand?post=4602"},{"taxonomy":"product_cat","embeddable":true,"href":"https:\/\/www.mkreborns.com\/hu\/wp-json\/wp\/v2\/product_cat?post=4602"},{"taxonomy":"product_tag","embeddable":true,"href":"https:\/\/www.mkreborns.com\/hu\/wp-json\/wp\/v2\/product_tag?post=4602"}],"curies":[{"name":"munkaf\u00fczet","href":"https:\/\/api.w.org\/{rel}","templated":true}]}}