{"id":4594,"date":"2026-05-07T01:52:24","date_gmt":"2026-05-07T01:52:24","guid":{"rendered":"https:\/\/www.mkreborns.com\/?post_type=product&#038;p=4594"},"modified":"2026-05-13T15:23:59","modified_gmt":"2026-05-13T15:23:59","slug":"19-inches-solid-silicone-cute-reborn-doll","status":"publish","type":"product","link":"https:\/\/www.mkreborns.com\/hu\/product\/19-inches-solid-silicone-cute-reborn-doll\/","title":{"rendered":"19 h\u00fcvelykes t\u00f6m\u00f6r szilikon aranyos \u00fajj\u00e1sz\u00fcletett baba"},"content":{"rendered":"<div class=\"product-specs-list-container\"><\/div>\n<div class=\"detailmodule_text\">\n<p>Magass\u00e1g: 45 cm<br \/>\nNem: Kisfi\u00fa<br \/>\nS\u00faly: 3,1 kg<br \/>\nAnyag: Szilikon<br \/>\nEgy v\u00e9letlenszer\u0171en kiv\u00e1lasztott ruh\u00e1t aj\u00e1nd\u00e9kba adunk ehhez az \u00fajj\u00e1sz\u00fcletett bab\u00e1hoz.<\/p>\n<p>Ez az \u00fajj\u00e1sz\u00fcletett baba szilikon anyagb\u00f3l k\u00e9sz\u00fclt, \u00e9s meleg v\u00edzzel tiszt\u00edthat\u00f3; mos\u00e1s ut\u00e1n azonban azonnal alaposan meg kell sz\u00e1r\u00edtani. Mivel t\u00f6m\u00f6r szilikonb\u00f3l k\u00e9sz\u00fclt, tapint\u00e1si \u00e9rzete rendk\u00edv\u00fcl hasonl\u00f3 egy igazi baba b\u0151r\u00e9hez. 48 cm magas, ez az \u00fajj\u00e1sz\u00fcletett baba megk\u00f6zel\u00edti egy val\u00f3di \u00fajsz\u00fcl\u00f6tt fizikai m\u00e9reteit, \u00edgy ide\u00e1lis \u00f6lelkez\u00e9sre vagy ki\u00e1ll\u00edt\u00e1sra. Ez az aranyos \u00fajj\u00e1sz\u00fcletett baba m\u00e9rs\u00e9kelt s\u00fallyal rendelkezik, \u00edgy k\u00f6nnyen hordozhat\u00f3, mik\u00f6zben meg\u0151rzi egy igazi csecsem\u0151 hiteles, \u00e9leth\u0171 s\u00faly\u00e1t.<br \/>\nT\u00e1rol\u00e1shoz aj\u00e1nlott a baba lapos vagy f\u00fcgg\u0151leges helyzetben t\u00f6rt\u00e9n\u0151 elhelyez\u00e9se, hogy elker\u00fclj\u00fck a neh\u00e9z t\u00e1rgyak vagy a hosszan tart\u00f3 nyom\u00e1s okozta deform\u00e1ci\u00f3t. A baba hossz\u00fa \u00e9lettartam\u00e1nak biztos\u00edt\u00e1sa \u00e9rdek\u00e9ben k\u00e9rj\u00fck, tartsa t\u00e1vol a k\u00f6zvetlen f\u00e9nyt\u0151l \u00e9s port\u00f3l, valamint v\u00e9dje az \u00e9les t\u00e1rgyakt\u00f3l \u00e9s a h\u00e1zi\u00e1llatokt\u00f3l, hogy elker\u00fclje a szilikon anyag k\u00e1rosod\u00e1s\u00e1t.<\/p>\n<p>&nbsp;<\/p>\n<\/div>\n<div class=\"detailmodule_image\"><img decoding=\"async\" class=\"detail-desc-decorate-image\" src=\"https:\/\/www.mkreborns.com\/wp-content\/uploads\/2026\/05\/kf-Sd449c2299cac4582b03493bccbd5ba86G.webp\" alt=\"R\u00e9szletesen kidolgozott, 45 cm-es szilikon \u00fajj\u00e1sz\u00fcletett baba, puha tapint\u00e1s\u00fa, moshat\u00f3, t\u00f6k\u00e9letes gy\u0171jtem\u00e9nynek vagy aj\u00e1nd\u00e9knak.\" title=\"\"><\/div>","protected":false},"excerpt":{"rendered":"<p>Az \u00fajj\u00e1sz\u00fcletett bab\u00e1k a val\u00f3di csecsem\u0151b\u0151r puhas\u00e1g\u00e1t \u00e9s rugalmass\u00e1g\u00e1t ut\u00e1nozz\u00e1k, meleg, gyeng\u00e9d \u00e9s b\u0151rbar\u00e1t tapint\u00e1st biztos\u00edtva. A t\u00f6m\u00f6r szilikonb\u00f3l k\u00e9sz\u00fclt \u00fajj\u00e1sz\u00fcletett bab\u00e1k kiv\u00e9telesen ellen\u00e1llnak az oxid\u00e1ci\u00f3nak, \u00edgy hosszabb haszn\u00e1lat ut\u00e1n sem s\u00e1rgulnak be \u00e9s nem repednek meg k\u00f6nnyen.<\/p>","protected":false},"featured_media":4595,"comment_status":"open","ping_status":"closed","template":"","meta":[],"product_brand":[],"product_cat":[241,145,243,155,146,154,153,157],"product_tag":[],"class_list":{"0":"post-4594","1":"product","2":"type-product","3":"status-publish","4":"has-post-thumbnail","6":"product_cat-19-inch-reborn-dolls","7":"product_cat-baby-boy-reborn-dolls","8":"product_cat-black-reborn-dolls","9":"product_cat-cute-reborn-dolls","10":"product_cat-full-silicone-reborn-dolls","11":"product_cat-lifelike-reborn-dolls","12":"product_cat-newborn-reborn-dolls","13":"product_cat-real-life-baby-dolls","15":"first","16":"instock","17":"sale","18":"shipping-taxable","19":"purchasable","20":"product-type-simple"},"_links":{"self":[{"href":"https:\/\/www.mkreborns.com\/hu\/wp-json\/wp\/v2\/product\/4594","targetHints":{"allow":["GET"]}}],"collection":[{"href":"https:\/\/www.mkreborns.com\/hu\/wp-json\/wp\/v2\/product"}],"about":[{"href":"https:\/\/www.mkreborns.com\/hu\/wp-json\/wp\/v2\/types\/product"}],"replies":[{"embeddable":true,"href":"https:\/\/www.mkreborns.com\/hu\/wp-json\/wp\/v2\/comments?post=4594"}],"wp:featuredmedia":[{"embeddable":true,"href":"https:\/\/www.mkreborns.com\/hu\/wp-json\/wp\/v2\/media\/4595"}],"wp:attachment":[{"href":"https:\/\/www.mkreborns.com\/hu\/wp-json\/wp\/v2\/media?parent=4594"}],"wp:term":[{"taxonomy":"product_brand","embeddable":true,"href":"https:\/\/www.mkreborns.com\/hu\/wp-json\/wp\/v2\/product_brand?post=4594"},{"taxonomy":"product_cat","embeddable":true,"href":"https:\/\/www.mkreborns.com\/hu\/wp-json\/wp\/v2\/product_cat?post=4594"},{"taxonomy":"product_tag","embeddable":true,"href":"https:\/\/www.mkreborns.com\/hu\/wp-json\/wp\/v2\/product_tag?post=4594"}],"curies":[{"name":"munkaf\u00fczet","href":"https:\/\/api.w.org\/{rel}","templated":true}]}}