{"id":4536,"date":"2026-04-29T14:41:57","date_gmt":"2026-04-29T14:41:57","guid":{"rendered":"https:\/\/www.mkreborns.com\/product\/%e6%b5%b7%e5%a4%96%e4%bb%93%e5%8f%af%e4%bb%a3%e5%8f%91%e5%b7%a5%e5%8e%82%e7%9b%b4%e9%94%8033cm%e7%a1%85%e8%83%b6%e9%87%8d%e7%94%9f%e5%a8%83%e5%a8%83%e4%bb%bf%e7%9c%9f%e5%a9%b4%e5%84%bf%e5%8f%af\/"},"modified":"2026-05-16T03:25:58","modified_gmt":"2026-05-16T03:25:58","slug":"33cm-portable-silicone-reborn-doll-toy","status":"publish","type":"product","link":"https:\/\/www.mkreborns.com\/hu\/product\/33cm-portable-silicone-reborn-doll-toy\/","title":{"rendered":"33 cm-es hordozhat\u00f3 szilikon \u00fajj\u00e1sz\u00fcletett babaj\u00e1t\u00e9k"},"content":{"rendered":"<p>Egy kreat\u00edv j\u00e1t\u00e9k kellemes meglepet\u00e9st okozhat. Ez a 33 cm-es \u00fajj\u00e1sz\u00fcletett baba rugalmas, rugalmas b\u0151rrel rendelkezik; egy kis \u00f6lt\u00f6ztet\u00e9ssel figyelemre m\u00e9lt\u00f3an \u00e9leth\u0171 megjelen\u00e9st \u00f6lt. Kompakt m\u00e9rete megk\u00f6nny\u00edti a mozgat\u00e1st \u00e9s a sz\u00e1ll\u00edt\u00e1st \u2013 m\u00e9g egy kisgyermek is k\u00f6nnyed\u00e9n felveheti \u00e9s mag\u00e1val viheti.<\/p>\n<p>Anyag: Szilikon<br \/>\nNem: L\u00e1ny<br \/>\nMagass\u00e1g: 33 cm<br \/>\nS\u00faly: 1,4 kg<br \/>\nCsomagol\u00e1s s\u00falya: 1,8 kg<\/p>\n<p>A teljes csomag tartalma: ruh\u00e1k \u00e9s egy \u00fcveg.<\/p>\n<p>K\u00e9rj\u00fck, hagyjon 0,5-1 h\u00fcvelykes manu\u00e1lis t\u0171r\u00e9shat\u00e1rt, mivel a term\u00e9ket manu\u00e1lisan m\u00e9rt\u00e9k.<\/p>\n<p>&nbsp;<\/p>\n<p><img decoding=\"async\" src=\"https:\/\/www.mkreborns.com\/wp-content\/uploads\/2026\/04\/O1CN01rK6OAL1jfP7Qjj75E_2220331144575-0-cib.jpg\" alt=\"\" title=\"\"><\/p>\n<p><img decoding=\"async\" src=\"https:\/\/www.mkreborns.com\/wp-content\/uploads\/2026\/04\/O1CN015L1xRt1jfP7PcSVWO_2220331144575-0-cib.jpg\" alt=\"\" title=\"\"><\/p>\n<p><img decoding=\"async\" src=\"https:\/\/www.mkreborns.com\/wp-content\/uploads\/2026\/04\/O1CN01jzEZ1w1jfP7QeiqhF_2220331144575-0-cib.jpg\" alt=\"\" title=\"\"><\/p>\n<p><img decoding=\"async\" src=\"https:\/\/www.mkreborns.com\/wp-content\/uploads\/2026\/04\/O1CN01fTR5SE1jfP7R3hmhO_2220331144575-0-cib.jpg\" alt=\"\" title=\"\"><\/p>\n<p><img decoding=\"async\" src=\"https:\/\/www.mkreborns.com\/wp-content\/uploads\/2026\/04\/O1CN01r9No6E1jfP7R3kKgP_2220331144575-0-cib.jpg\" alt=\"\" title=\"\"><\/p>\n<p><img decoding=\"async\" src=\"https:\/\/www.mkreborns.com\/wp-content\/uploads\/2026\/04\/O1CN01ehxfZi1jfP7QxSLXJ_2220331144575-0-cib.jpg\" alt=\"\u00dajj\u00e1sz\u00fcletett szilikon baba val\u00f3s\u00e1gh\u0171 von\u00e1sokkal, \u00e9l\u00e9nk s\u00e1rga ruh\u00e1ban, egy lil\u00e1t tartva.\" title=\"\"><\/p>\n<p><img decoding=\"async\" src=\"https:\/\/www.mkreborns.com\/wp-content\/uploads\/2026\/04\/O1CN01qjIvNl1jfP7RcdYle_2220331144575-0-cib.jpg\" alt=\"\" title=\"\"><\/p>\n<p><img decoding=\"async\" src=\"https:\/\/www.mkreborns.com\/wp-content\/uploads\/2026\/04\/O1CN01nuNaaS1jfP7QTQ0dW_2220331144575-0-cib.jpg\" alt=\"Val\u00f3s\u00e1gh\u0171 szilikon \u00fajj\u00e1sz\u00fcletett baba s\u00e1rga ruh\u00e1val \u00e9s sapk\u00e1val, \u00e9leth\u0171 von\u00e1sokkal.\" title=\"\"><\/p>\n<p><img decoding=\"async\" src=\"https:\/\/www.mkreborns.com\/wp-content\/uploads\/2026\/04\/O1CN01vgMwM61jfP7QSNqXV_2220331144575-0-cib.jpg\" alt=\"\" title=\"\"><\/p>\n<p><img decoding=\"async\" src=\"https:\/\/www.mkreborns.com\/wp-content\/uploads\/2026\/04\/O1CN01A5x5TL1jfP7Psk5LM_2220331144575-0-cib.jpg\" alt=\"Realisztikus von\u00e1sokkal rendelkez\u0151, \u00fajj\u00e1sz\u00fcletett baba, s\u00e1rga k\u00f6t\u00f6tt sapk\u00e1val \u00e9s hozz\u00e1 ill\u0151 pul\u00f3verrel, t\u00f6k\u00e9letes darab.\" title=\"\"><\/p>\n<p><img decoding=\"async\" src=\"https:\/\/www.mkreborns.com\/wp-content\/uploads\/2026\/04\/O1CN01CIPvGu1jfP7Qei2sF_2220331144575-0-cib.jpg\" alt=\"\u00dajj\u00e1sz\u00fcletett szilikon baba val\u00f3s\u00e1gh\u0171 von\u00e1sokkal, s\u00e1rga k\u00f6t\u00f6tt ruh\u00e1ban, t\u00f6k\u00e9letes gy\u0171jt\u0151knek.\" title=\"\"><\/p>\n<p><img decoding=\"async\" src=\"https:\/\/www.mkreborns.com\/wp-content\/uploads\/2026\/04\/O1CN01r6RAcu1jfP7QALRMk_2220331144575-0-cib.jpg\" alt=\"\u00dajj\u00e1sz\u00fcletett szilikon baba \u00e9leth\u0171 von\u00e1sokkal \u00e9s puha text\u00far\u00e1val, t\u00f6k\u00e9letes gy\u0171jt\u0151knek \u00e9s gyerekeknek.\" title=\"\"><\/p>\n<p><img decoding=\"async\" src=\"https:\/\/www.mkreborns.com\/wp-content\/uploads\/2026\/04\/O1CN01WDXtoK1jfP7QK3xqa_2220331144575-0-cib.jpg\" alt=\"\" title=\"\"><\/p>\n<p><img decoding=\"async\" src=\"https:\/\/www.mkreborns.com\/wp-content\/uploads\/2026\/04\/O1CN01NAz7Bu1jfP7QSOicW_2220331144575-0-cib.jpg\" alt=\"\" title=\"\"><\/p>","protected":false},"excerpt":{"rendered":"<p>Egy hordozhat\u00f3 \u00fajj\u00e1sz\u00fcletett baba csendes t\u00e1rsas\u00e1got k\u00edn\u00e1lhat, csendben melletted maradhat, \u00e9s azt az \u00e9rz\u00e9st keltheti benned, hogy az \u00e9let \u00e9rdekesebb.<\/p>","protected":false},"featured_media":4555,"comment_status":"open","ping_status":"closed","template":"","meta":[],"product_brand":[],"product_cat":[156],"product_tag":[],"class_list":{"0":"post-4536","1":"product","2":"type-product","3":"status-publish","4":"has-post-thumbnail","6":"product_cat-life-sized-dolls","8":"first","9":"instock","10":"sale","11":"shipping-taxable","12":"purchasable","13":"product-type-simple"},"_links":{"self":[{"href":"https:\/\/www.mkreborns.com\/hu\/wp-json\/wp\/v2\/product\/4536","targetHints":{"allow":["GET"]}}],"collection":[{"href":"https:\/\/www.mkreborns.com\/hu\/wp-json\/wp\/v2\/product"}],"about":[{"href":"https:\/\/www.mkreborns.com\/hu\/wp-json\/wp\/v2\/types\/product"}],"replies":[{"embeddable":true,"href":"https:\/\/www.mkreborns.com\/hu\/wp-json\/wp\/v2\/comments?post=4536"}],"wp:featuredmedia":[{"embeddable":true,"href":"https:\/\/www.mkreborns.com\/hu\/wp-json\/wp\/v2\/media\/4555"}],"wp:attachment":[{"href":"https:\/\/www.mkreborns.com\/hu\/wp-json\/wp\/v2\/media?parent=4536"}],"wp:term":[{"taxonomy":"product_brand","embeddable":true,"href":"https:\/\/www.mkreborns.com\/hu\/wp-json\/wp\/v2\/product_brand?post=4536"},{"taxonomy":"product_cat","embeddable":true,"href":"https:\/\/www.mkreborns.com\/hu\/wp-json\/wp\/v2\/product_cat?post=4536"},{"taxonomy":"product_tag","embeddable":true,"href":"https:\/\/www.mkreborns.com\/hu\/wp-json\/wp\/v2\/product_tag?post=4536"}],"curies":[{"name":"munkaf\u00fczet","href":"https:\/\/api.w.org\/{rel}","templated":true}]}}