{"id":4466,"date":"2026-04-23T14:30:10","date_gmt":"2026-04-23T14:30:10","guid":{"rendered":"https:\/\/www.mkreborns.com\/?post_type=product&#038;p=4466"},"modified":"2026-04-30T16:16:29","modified_gmt":"2026-04-30T16:16:29","slug":"8-inch-palm-sized-bald-baby-girl-reborn-doll","status":"publish","type":"product","link":"https:\/\/www.mkreborns.com\/hu\/product\/8-inch-palm-sized-bald-baby-girl-reborn-doll\/","title":{"rendered":"8 h\u00fcvelykes teny\u00e9rm\u00e9ret\u0171 kopasz kisl\u00e1ny \u00fajj\u00e1sz\u00fcletett baba"},"content":{"rendered":"<p>Puha, rugalmas szilikonb\u00f3l k\u00e9sz\u00fclt, ez az \u00fajj\u00e1sz\u00fcletett baba k\u00f6nnyen karbantarthat\u00f3 sz\u0151rtelen kialak\u00edt\u00e1s\u00e1nak k\u00f6sz\u00f6nhet\u0151en. Ez a teny\u00e9rnyi m\u00e9ret\u0171, kreat\u00edv j\u00e1t\u00e9k k\u00f6nnyen hordozhat\u00f3, \u00edgy megk\u00edm\u00e9li \u00d6nt a terjedelmesebb t\u00e1rgyakkal j\u00e1r\u00f3 kellemetlens\u00e9gekt\u0151l.<\/p>\n<p>Anyag: Szilikon<br \/>\nNem: L\u00e1ny<br \/>\nMagass\u00e1g: 8 h\u00fcvelyk<br \/>\nS\u00faly: 0,5 kg<br \/>\nCsomagol\u00e1s s\u00falya: 1 kg<\/p>\n<p>A teljes csomag tartalma: Ruh\u00e1zat.<\/p>\n<p>K\u00e9rj\u00fck, hagyjon 0,5-1 h\u00fcvelykes manu\u00e1lis t\u0171r\u00e9shat\u00e1rt, mivel a term\u00e9ket manu\u00e1lisan m\u00e9rt\u00e9k.<\/p>\n<div style=\"width: 720px;\" class=\"wp-video\"><video class=\"wp-video-shortcode\" id=\"video-4466-1\" width=\"720\" height=\"1280\" preload=\"metadata\" controls=\"controls\"><source type=\"video\/mp4\" src=\"https:\/\/www.mkreborns.com\/wp-content\/uploads\/2026\/04\/8-inch-reborn-doll.mp4?_=1\" \/><a href=\"https:\/\/www.mkreborns.com\/wp-content\/uploads\/2026\/04\/8-inch-reborn-doll.mp4\">https:\/\/www.mkreborns.com\/wp-content\/uploads\/2026\/04\/8-inch-reborn-doll.mp4<\/a><\/video><\/div>\n<p><img decoding=\"async\" src=\"https:\/\/www.mkreborns.com\/wp-content\/uploads\/2026\/04\/O1CN01T3SK6B1jfP7VBeqTY_2220331144575-0-cib.jpg\" alt=\"\" title=\"\"><\/p>\n<p><img decoding=\"async\" src=\"https:\/\/www.mkreborns.com\/wp-content\/uploads\/2026\/04\/O1CN01hEV4qH1jfP7UhqGsO_2220331144575-0-cib.jpg\" alt=\"\" title=\"\"><\/p>\n<p><img decoding=\"async\" src=\"https:\/\/www.mkreborns.com\/wp-content\/uploads\/2026\/04\/O1CN01IZPdQF1jfP7V1pSFH_2220331144575-0-cib.jpg\" alt=\"\" title=\"\"><\/p>\n<p><img decoding=\"async\" src=\"https:\/\/www.mkreborns.com\/wp-content\/uploads\/2026\/04\/O1CN01CGYU6v1jfP7Q10uc3_2220331144575-0-cib.jpg\" alt=\"\" title=\"\"><\/p>\n<p><img decoding=\"async\" src=\"https:\/\/www.mkreborns.com\/wp-content\/uploads\/2026\/04\/O1CN01CtP74H1jfP7VRQuYb_2220331144575-0-cib.jpg\" alt=\"\" title=\"\"><\/p>\n<p><img decoding=\"async\" src=\"https:\/\/www.mkreborns.com\/wp-content\/uploads\/2026\/04\/O1CN01wMCZ4Y1jfP7VjiVzB_2220331144575-0-cib.jpg\" alt=\"\" title=\"\"><\/p>\n<p>&nbsp;<\/p>\n<p><img decoding=\"async\" src=\"https:\/\/www.mkreborns.com\/wp-content\/uploads\/2026\/04\/O1CN01BTPreB1jfP7VCIS8w_2220331144575-0-cib.jpg\" alt=\"\" title=\"\"><\/p>\n<p><img decoding=\"async\" src=\"https:\/\/www.mkreborns.com\/wp-content\/uploads\/2026\/04\/O1CN01DWeB5p1jfP7VCGAly_2220331144575-0-cib.jpg\" alt=\"\" title=\"\"><\/p>\n<p><img decoding=\"async\" src=\"https:\/\/www.mkreborns.com\/wp-content\/uploads\/2026\/04\/O1CN010AjmP01jfP7ULKLJ9_2220331144575-0-cib.jpg\" alt=\"\" title=\"\"><\/p>\n<p>&nbsp;<\/p>","protected":false},"excerpt":{"rendered":"<p>Ez a teny\u00e9rnyi m\u00e9ret\u0171, \u00fajj\u00e1sz\u00fcletett baba k\u00f6r\u00fclbel\u00fcl 20 centim\u00e9ter magas, \u00edgy k\u00f6nnyed\u00e9n magaddal viheted b\u00e1rhov\u00e1; ha stresszesnek \u00e9rzed magad, ez a j\u00e1t\u00e9k m\u00e9g enyh\u00fcl\u00e9st is ny\u00fajthat.<\/p>","protected":false},"featured_media":4480,"comment_status":"open","ping_status":"closed","template":"","meta":[],"product_brand":[],"product_cat":[153,260,144,155,146,157],"product_tag":[],"class_list":{"0":"post-4466","1":"product","2":"type-product","3":"status-publish","4":"has-post-thumbnail","6":"product_cat-newborn-reborn-dolls","7":"product_cat-8-inch-reborn-dolls","8":"product_cat-baby-girl-reborn-dolls","9":"product_cat-cute-reborn-dolls","10":"product_cat-full-silicone-reborn-dolls","11":"product_cat-real-life-baby-dolls","13":"first","14":"instock","15":"sale","16":"shipping-taxable","17":"purchasable","18":"product-type-simple"},"_links":{"self":[{"href":"https:\/\/www.mkreborns.com\/hu\/wp-json\/wp\/v2\/product\/4466","targetHints":{"allow":["GET"]}}],"collection":[{"href":"https:\/\/www.mkreborns.com\/hu\/wp-json\/wp\/v2\/product"}],"about":[{"href":"https:\/\/www.mkreborns.com\/hu\/wp-json\/wp\/v2\/types\/product"}],"replies":[{"embeddable":true,"href":"https:\/\/www.mkreborns.com\/hu\/wp-json\/wp\/v2\/comments?post=4466"}],"wp:featuredmedia":[{"embeddable":true,"href":"https:\/\/www.mkreborns.com\/hu\/wp-json\/wp\/v2\/media\/4480"}],"wp:attachment":[{"href":"https:\/\/www.mkreborns.com\/hu\/wp-json\/wp\/v2\/media?parent=4466"}],"wp:term":[{"taxonomy":"product_brand","embeddable":true,"href":"https:\/\/www.mkreborns.com\/hu\/wp-json\/wp\/v2\/product_brand?post=4466"},{"taxonomy":"product_cat","embeddable":true,"href":"https:\/\/www.mkreborns.com\/hu\/wp-json\/wp\/v2\/product_cat?post=4466"},{"taxonomy":"product_tag","embeddable":true,"href":"https:\/\/www.mkreborns.com\/hu\/wp-json\/wp\/v2\/product_tag?post=4466"}],"curies":[{"name":"munkaf\u00fczet","href":"https:\/\/api.w.org\/{rel}","templated":true}]}}