{"id":4430,"date":"2026-04-12T14:16:20","date_gmt":"2026-04-12T14:16:20","guid":{"rendered":"https:\/\/www.mkreborns.com\/?post_type=product&#038;p=4430"},"modified":"2026-04-12T15:16:32","modified_gmt":"2026-04-12T15:16:32","slug":"13-inch-crying-silicone-reborn-doll","status":"publish","type":"product","link":"https:\/\/www.mkreborns.com\/hu\/product\/13-inch-crying-silicone-reborn-doll\/","title":{"rendered":"13 h\u00fcvelykes s\u00edr\u00f3 szilikon \u00fajj\u00e1sz\u00fcletett baba"},"content":{"rendered":"<p>A 33 cm magas s\u00edr\u00f3 \u00fajj\u00e1sz\u00fclet\u00e9si baba v\u00e9gtagjai, feje \u00e9s teste is t\u00f6m\u00f6r szilikonb\u00f3l k\u00e9sz\u00fclt, amely puha, rugalmas, \u00e9s 37 fokos meleg v\u00edzben moshat\u00f3. A szilikon k\u00fcl\u00f6nleges term\u00e9szete miatt j\u00e1t\u00e9k k\u00f6zben nem szabad er\u0151ltetetten h\u00fazni vagy r\u00e1ngatni, \u00e9s gondosan kell \u00e1polni, hogy tov\u00e1bb tartson.<\/p>\n<p>Anyag: Szilikon<br \/>\nNem: L\u00e1ny<br \/>\nMagass\u00e1g: 33 cm<br \/>\nS\u00faly: 1,4 kg<br \/>\nCsomagol\u00e1s s\u00falya: 1,8 kg<\/p>\n<p>A teljes csomag tartalma: ruh\u00e1k \u00e9s egy \u00fcveg.<\/p>\n<p>K\u00e9rj\u00fck, hagyjon 0,5-1 h\u00fcvelykes manu\u00e1lis t\u0171r\u00e9shat\u00e1rt, mivel a term\u00e9ket manu\u00e1lisan m\u00e9rt\u00e9k.<\/p>\n<p><img decoding=\"async\" src=\"https:\/\/www.mkreborns.com\/wp-content\/uploads\/2026\/04\/O1CN01ON65FG1jfP7Pj2VhP_2220331144575-0-cib.jpg\" alt=\"\" title=\"\"><\/p>\n<p><img decoding=\"async\" src=\"https:\/\/www.mkreborns.com\/wp-content\/uploads\/2026\/04\/O1CN01Vmhokj1jfP7PuZuwV_2220331144575-0-cib.jpg\" alt=\"\" title=\"\"><\/p>\n<p><img decoding=\"async\" src=\"https:\/\/www.mkreborns.com\/wp-content\/uploads\/2026\/04\/O1CN01qKbtvK1jfP7PZjkwL_2220331144575-0-cib.jpg\" alt=\"\" title=\"\"><\/p>\n<p><img decoding=\"async\" src=\"https:\/\/www.mkreborns.com\/wp-content\/uploads\/2026\/04\/O1CN01UBS4M51jfP7QJPr5Y_2220331144575-0-cib.jpg\" alt=\"\u00dajj\u00e1sz\u00fcletett szilikon baba s\u00edr\u00f3, realisztikus cumis\u00fcveggel, t\u00f6k\u00e9letes gy\u0171jt\u0151knek \u00e9s gyerekeknek.\" title=\"\"><\/p>\n<p><img decoding=\"async\" src=\"https:\/\/www.mkreborns.com\/wp-content\/uploads\/2026\/04\/O1CN01NWHI1G1jfP7OsCKVe_2220331144575-0-cib.jpg\" alt=\"Val\u00f3s\u00e1gh\u0171 33 cm-es, s\u00edr\u00f3 szilikon \u00fajj\u00e1sz\u00fcletett baba cumis\u00fcveggel, puha ruh\u00e1val \u00e9s r\u00f3zsasz\u00edn sapk\u00e1val.\" title=\"\"><\/p>\n<p><img decoding=\"async\" src=\"https:\/\/www.mkreborns.com\/wp-content\/uploads\/2026\/04\/O1CN01WrErxo1jfP7QDMEjp_2220331144575-0-cib.jpg\" alt=\"\u00dajj\u00e1sz\u00fcletett s\u00edr\u00f3 szilikon baba cumis\u00fcveggel a kez\u00e9ben, val\u00f3s\u00e1gh\u0171 tulajdons\u00e1gokkal, t\u00f6k\u00e9letes gy\u0171jt\u0151knek \u00e9s gyerekeknek.\" title=\"\"><\/p>\n<p>&nbsp;<\/p>","protected":false},"excerpt":{"rendered":"<p>A s\u00edr\u00f3, \u00fajj\u00e1sz\u00fcletett baba pont \u00fagy n\u00e9z ki, mint egy tej\u00e9rt s\u00edr\u00f3 \u00fajsz\u00fcl\u00f6tt, aranyos \u00e9s \u00e9l\u00e9nk von\u00e1sokkal.<\/p>","protected":false},"featured_media":4461,"comment_status":"open","ping_status":"closed","template":"","meta":[],"product_brand":[],"product_cat":[238,242,144,146,156,154,153],"product_tag":[],"class_list":{"0":"post-4430","1":"product","2":"type-product","3":"status-publish","4":"has-post-thumbnail","6":"product_cat-13-inch-reborn-dolls","7":"product_cat-african-american-reborn-dolls","8":"product_cat-baby-girl-reborn-dolls","9":"product_cat-full-silicone-reborn-dolls","10":"product_cat-life-sized-dolls","11":"product_cat-lifelike-reborn-dolls","12":"product_cat-newborn-reborn-dolls","14":"first","15":"instock","16":"sale","17":"shipping-taxable","18":"purchasable","19":"product-type-simple"},"_links":{"self":[{"href":"https:\/\/www.mkreborns.com\/hu\/wp-json\/wp\/v2\/product\/4430","targetHints":{"allow":["GET"]}}],"collection":[{"href":"https:\/\/www.mkreborns.com\/hu\/wp-json\/wp\/v2\/product"}],"about":[{"href":"https:\/\/www.mkreborns.com\/hu\/wp-json\/wp\/v2\/types\/product"}],"replies":[{"embeddable":true,"href":"https:\/\/www.mkreborns.com\/hu\/wp-json\/wp\/v2\/comments?post=4430"}],"wp:featuredmedia":[{"embeddable":true,"href":"https:\/\/www.mkreborns.com\/hu\/wp-json\/wp\/v2\/media\/4461"}],"wp:attachment":[{"href":"https:\/\/www.mkreborns.com\/hu\/wp-json\/wp\/v2\/media?parent=4430"}],"wp:term":[{"taxonomy":"product_brand","embeddable":true,"href":"https:\/\/www.mkreborns.com\/hu\/wp-json\/wp\/v2\/product_brand?post=4430"},{"taxonomy":"product_cat","embeddable":true,"href":"https:\/\/www.mkreborns.com\/hu\/wp-json\/wp\/v2\/product_cat?post=4430"},{"taxonomy":"product_tag","embeddable":true,"href":"https:\/\/www.mkreborns.com\/hu\/wp-json\/wp\/v2\/product_tag?post=4430"}],"curies":[{"name":"munkaf\u00fczet","href":"https:\/\/api.w.org\/{rel}","templated":true}]}}