{"id":4220,"date":"2026-03-25T02:36:20","date_gmt":"2026-03-25T02:36:20","guid":{"rendered":"https:\/\/www.mkreborns.com\/?post_type=product&#038;p=4220"},"modified":"2026-03-25T02:47:14","modified_gmt":"2026-03-25T02:47:14","slug":"ronal-avatar-silicone-newborn-baby-reborn-doll","status":"publish","type":"product","link":"https:\/\/www.mkreborns.com\/hu\/product\/ronal-avatar-silicone-newborn-baby-reborn-doll\/","title":{"rendered":"Ronal Avatar szilikon \u00fajsz\u00fcl\u00f6tt baba"},"content":{"rendered":"<p><strong>Param\u00e9terek:<\/strong><\/p>\n<ul>\n<li>Kiemelt aggodalomra okot ad\u00f3 vegyi anyag: Nincs<\/li>\n<li>Nem: Uniszex<\/li>\n<li>M\u00e9retek: 12 h\u00fcvelyk, 30 cm<\/li>\n<li>Anyag: szilikon<\/li>\n<li>S\u00faly: A baba nett\u00f3 s\u00falya k\u00f6r\u00fclbel\u00fcl 1,15 kg<\/li>\n<\/ul>\n<h2>\u00dajj\u00e1sz\u00fcletett avatar bab\u00e1k puha szilikon realizmussal<\/h2>\n<div>Ez a baba \u00fajj\u00e1sz\u00fcletett avatar baba gondosan megform\u00e1lt, hogy t\u00fckr\u00f6zze az \u00fajsz\u00fcl\u00f6tt ar\u00e1nyait, mik\u00f6zben finom fantasy eszt\u00e9tik\u00e1t k\u00f6lcs\u00f6n\u00f6z. T\u00f6m\u00f6r szilikonb\u00f3l k\u00e9sz\u00fclt, az eg\u00e9sz test sima, rugalmas \u00e9rzetet biztos\u00edt, amely fel\u00fclm\u00falja a hagyom\u00e1nyos vinilt. A teljes szilikon \u00fajj\u00e1sz\u00fcletett avatar baba \u00fczletekben ez a modell kompakt, 30 cm-es m\u00e9ret\u00e9vel \u00e9s kiegyens\u00falyozott kidolgoz\u00e1s\u00e1val t\u0171nik ki.<\/div>\n<h3>Tart\u00f3s szerkezet kifinomult vizu\u00e1lis r\u00e9szletekkel<\/h3>\n<div>A varratmentes szilikon test tart\u00f3ss\u00e1got biztos\u00edt, mik\u00f6zben \u00e9leth\u0171 tapint\u00e1si \u00e9lm\u00e9nyt ny\u00fajt. \u00c1tl\u00e1tsz\u00f3 akril szemeivel \u00e9s mind\u00f6ssze 1,15 kg-os s\u00faly\u00e1val term\u00e9szetes fog\u00e1st biztos\u00edt. Realisztikus, \u00fajj\u00e1sz\u00fcletett avatar babak\u00e9nt alacsony \u00e1ron megb\u00edzhat\u00f3 min\u0151s\u00e9get k\u00edn\u00e1l magas k\u00f6lts\u00e9gek n\u00e9lk\u00fcl, \u00edgy gy\u0171jt\u0151k \u00e9s aj\u00e1nd\u00e9kv\u00e1s\u00e1rl\u00f3k sz\u00e1m\u00e1ra egyar\u00e1nt alkalmas.<\/div>\n<h3>Term\u00e9kjellemz\u0151k \u00e9s el\u0151ny\u00f6k<\/h3>\n<ol>\n<li>Teljes szilikon test puha, rugalmas text\u00far\u00e1val<\/li>\n<li>A 12 h\u00fcvelykes m\u00e9ret ide\u00e1lis a megjelen\u00edt\u00e9shez \u00e9s a kezel\u00e9shez<\/li>\n<li>K\u00f6nny\u0171 szerkezet, k\u00f6r\u00fclbel\u00fcl 1,15 kg<\/li>\n<li>R\u00e9szletesen kidolgozott akril szemek \u00e1tl\u00e1tsz\u00f3 bevonattal<\/li>\n<li>Uniszex diz\u00e1jn a sokoldal\u00fa megjelen\u00e9s\u00e9rt<\/li>\n<\/ol>","protected":false},"excerpt":{"rendered":"<p>Puha, kompakt \u00e9s vizu\u00e1lisan felt\u0171n\u0151, ez az \u00fajj\u00e1sz\u00fcletett avatar baba a finom \u00fajsz\u00fcl\u00f6tt ar\u00e1nyokat a sima szilikon text\u00far\u00e1val \u00f6tv\u00f6zi a mag\u00e1val ragad\u00f3 megjelen\u00e9s \u00e9rdek\u00e9ben.<\/p>","protected":false},"featured_media":4221,"comment_status":"open","ping_status":"closed","template":"","meta":[],"product_brand":[],"product_cat":[239,240,145,144,146,156,153],"product_tag":[],"class_list":{"0":"post-4220","1":"product","2":"type-product","3":"status-publish","4":"has-post-thumbnail","6":"product_cat-avatar-reborn-dolls","7":"product_cat-12-inch-reborn-dolls","8":"product_cat-baby-boy-reborn-dolls","9":"product_cat-baby-girl-reborn-dolls","10":"product_cat-full-silicone-reborn-dolls","11":"product_cat-life-sized-dolls","12":"product_cat-newborn-reborn-dolls","14":"first","15":"instock","16":"sale","17":"shipping-taxable","18":"purchasable","19":"product-type-simple"},"_links":{"self":[{"href":"https:\/\/www.mkreborns.com\/hu\/wp-json\/wp\/v2\/product\/4220","targetHints":{"allow":["GET"]}}],"collection":[{"href":"https:\/\/www.mkreborns.com\/hu\/wp-json\/wp\/v2\/product"}],"about":[{"href":"https:\/\/www.mkreborns.com\/hu\/wp-json\/wp\/v2\/types\/product"}],"replies":[{"embeddable":true,"href":"https:\/\/www.mkreborns.com\/hu\/wp-json\/wp\/v2\/comments?post=4220"}],"wp:featuredmedia":[{"embeddable":true,"href":"https:\/\/www.mkreborns.com\/hu\/wp-json\/wp\/v2\/media\/4221"}],"wp:attachment":[{"href":"https:\/\/www.mkreborns.com\/hu\/wp-json\/wp\/v2\/media?parent=4220"}],"wp:term":[{"taxonomy":"product_brand","embeddable":true,"href":"https:\/\/www.mkreborns.com\/hu\/wp-json\/wp\/v2\/product_brand?post=4220"},{"taxonomy":"product_cat","embeddable":true,"href":"https:\/\/www.mkreborns.com\/hu\/wp-json\/wp\/v2\/product_cat?post=4220"},{"taxonomy":"product_tag","embeddable":true,"href":"https:\/\/www.mkreborns.com\/hu\/wp-json\/wp\/v2\/product_tag?post=4220"}],"curies":[{"name":"munkaf\u00fczet","href":"https:\/\/api.w.org\/{rel}","templated":true}]}}