{"id":4195,"date":"2026-03-24T08:06:41","date_gmt":"2026-03-24T08:06:41","guid":{"rendered":"https:\/\/www.mkreborns.com\/?post_type=product&#038;p=4195"},"modified":"2026-03-24T08:33:50","modified_gmt":"2026-03-24T08:33:50","slug":"realistic-bonnie-brown-20-inch-vinyl-boy-twin-reborn-doll","status":"publish","type":"product","link":"https:\/\/www.mkreborns.com\/hu\/product\/realistic-bonnie-brown-20-inch-vinyl-boy-twin-reborn-doll\/","title":{"rendered":"Realisztikus Bonnie Brown 20 h\u00fcvelykes vinil fi\u00fa iker \u00fajj\u00e1sz\u00fcletett baba"},"content":{"rendered":"<h2>A Bonnie Brown Twin A mesteri m\u0171v\u00e9szete<\/h2>\n<div>Az Mk Reborns az ikonikus Bonnie Brown ikerp\u00e1r szobr\u00e1nak gy\u00f6ny\u00f6r\u0171 feldolgoz\u00e1s\u00e1t mutatja be, amely a csecsem\u0151kor \u00e9teri \u00e1rtatlans\u00e1g\u00e1t ragadja meg. Minden 50 cm-es vinil alkot\u00e1s k\u00e9zzel festett b\u0151rp\u00f6tty\u00f6kkel \u00e9s puha tapint\u00e1s\u00fa v\u00e9gtagokkal rendelkezik, amelyek a val\u00f3di b\u0151r rugalmass\u00e1g\u00e1t ut\u00e1nozz\u00e1k. B\u00e1r ezek az iker \u00fajj\u00e1sz\u00fcletett bab\u00e1k megfizethet\u0151ek, kifinomult kidolgoz\u00e1suk biztos\u00edtja, hogy el\u0151kel\u0151 helyet foglaljanak el a v\u00e1logatott gy\u0171jtem\u00e9nyedben.<\/div>\n<h3>A Reborn Twins bab\u00e1k hiteles jellemz\u0151i<\/h3>\n<div>Ezek az \u00fajj\u00e1sz\u00fcletett ikrek bab\u00e1k testreszabott ruh\u00e1zattal \u00e9s tapinthat\u00f3 megjelen\u00e9ssel \u00e9rkeznek, ami gyeng\u00e9d b\u00e1n\u00e1sm\u00f3dot ig\u00e9nyel. Anat\u00f3miai precizit\u00e1suk \u00e9s nyugodt arckifejez\u00e9seik ter\u00e1pi\u00e1s f\u00f3kuszpontot biztos\u00edtanak azok sz\u00e1m\u00e1ra, akik realisztikus gondoskod\u00f3 szimul\u00e1ci\u00f3ra v\u00e1gynak.<\/div>\n<ul>\n<li>Pr\u00e9mium min\u0151s\u00e9g\u0171, nem m\u00e9rgez\u0151 vinilb\u0151l k\u00e9sz\u00fclt a tart\u00f3s szerkezeti integrit\u00e1s \u00e9rdek\u00e9ben.<\/li>\n<li>50 cm-esre m\u00e9rve, hogy ringatva jelent\u0151s, val\u00f3s\u00e1gh\u0171 s\u00falyt biztos\u00edtson.<\/li>\n<li>R\u00e9szletes, mikroerezetes kidolgoz\u00e1s \u00e9s \u00e1ttetsz\u0151 k\u00f6r\u00f6m\u00e1gyak a vizu\u00e1lis m\u00e9lys\u00e9g \u00e9rdek\u00e9ben.<\/li>\n<\/ul>\n<div>A tulajdonosok nagyra \u00e9rt\u00e9kelik a kett\u0151s t\u00e1rsas\u00e1got, amit ezek az aranyos \u00fajj\u00e1sz\u00fcletett ikerbab\u00e1k k\u00edn\u00e1lnak, mivel t\u00f6k\u00e9letesen megragadj\u00e1k a testv\u00e9rek szinkron b\u00e1j\u00e1t. Minden eszt\u00e9tikai v\u00e1laszt\u00e1s meger\u0151s\u00edti a hiteles Bonnie Brown fi\u00fa ikerbaba tagadhatatlan vonzerej\u00e9t.<\/div>","protected":false},"excerpt":{"rendered":"<div>E t\u00f6r\u00e9keny babalak\u00f3k \u00f6r\u00f6kbefogad\u00e1sa m\u00e9ly nyugalommal t\u00f6lti el a gy\u0171jt\u0151k menhely\u00e9t. Ezek a gondosan s\u00falyozott t\u00e1rsak az \u00fajsz\u00fcl\u00f6ttek anat\u00f3mi\u00e1j\u00e1nak finom \u00e1rnyalatait t\u00fckr\u00f6zik, \u00e9s azonnali \u00e9rzelmi k\u00f6t\u0151d\u00e9st alak\u00edtanak ki, amely t\u00falmutat a puszta hobbiz\u00e1son.<\/div>","protected":false},"featured_media":4196,"comment_status":"open","ping_status":"closed","template":"","meta":[],"product_brand":[],"product_cat":[237,145,236,152],"product_tag":[],"class_list":{"0":"post-4195","1":"product","2":"type-product","3":"status-publish","4":"has-post-thumbnail","6":"product_cat-20-inch-reborn-dolls","7":"product_cat-baby-boy-reborn-dolls","8":"product_cat-twin-reborn-dolls","9":"product_cat-vinyl-reborn-dolls","11":"first","12":"instock","13":"sale","14":"shipping-taxable","15":"purchasable","16":"product-type-simple"},"_links":{"self":[{"href":"https:\/\/www.mkreborns.com\/hu\/wp-json\/wp\/v2\/product\/4195","targetHints":{"allow":["GET"]}}],"collection":[{"href":"https:\/\/www.mkreborns.com\/hu\/wp-json\/wp\/v2\/product"}],"about":[{"href":"https:\/\/www.mkreborns.com\/hu\/wp-json\/wp\/v2\/types\/product"}],"replies":[{"embeddable":true,"href":"https:\/\/www.mkreborns.com\/hu\/wp-json\/wp\/v2\/comments?post=4195"}],"wp:featuredmedia":[{"embeddable":true,"href":"https:\/\/www.mkreborns.com\/hu\/wp-json\/wp\/v2\/media\/4196"}],"wp:attachment":[{"href":"https:\/\/www.mkreborns.com\/hu\/wp-json\/wp\/v2\/media?parent=4195"}],"wp:term":[{"taxonomy":"product_brand","embeddable":true,"href":"https:\/\/www.mkreborns.com\/hu\/wp-json\/wp\/v2\/product_brand?post=4195"},{"taxonomy":"product_cat","embeddable":true,"href":"https:\/\/www.mkreborns.com\/hu\/wp-json\/wp\/v2\/product_cat?post=4195"},{"taxonomy":"product_tag","embeddable":true,"href":"https:\/\/www.mkreborns.com\/hu\/wp-json\/wp\/v2\/product_tag?post=4195"}],"curies":[{"name":"munkaf\u00fczet","href":"https:\/\/api.w.org\/{rel}","templated":true}]}}