{"id":4184,"date":"2026-03-22T15:16:30","date_gmt":"2026-03-22T15:16:30","guid":{"rendered":"https:\/\/www.mkreborns.com\/product\/22-inch-baby-soft-vinyl-toy-reborn-doll\/"},"modified":"2026-03-22T15:46:25","modified_gmt":"2026-03-22T15:46:25","slug":"22-inch-baby-soft-vinyl-toy-reborn-doll","status":"publish","type":"product","link":"https:\/\/www.mkreborns.com\/hu\/product\/22-inch-baby-soft-vinyl-toy-reborn-doll\/","title":{"rendered":"22 h\u00fcvelykes baba puha vinil j\u00e1t\u00e9k \u00fajj\u00e1sz\u00fcletett baba"},"content":{"rendered":"<p>Az 55 cm magas Reborn baba egy nagyszer\u0171 kreat\u00edv j\u00e1t\u00e9k. Ez a Reborn baba l\u00e1nyos, sz\u00f3val ha szereted a l\u00e1nyokat, vagy a gyermekednek j\u00e1tsz\u00f3t\u00e1rsra van sz\u00fcks\u00e9ge, ez j\u00f3 v\u00e1laszt\u00e1s lehet. A Reborn baba nem rendelkezik bonyolult elektronikus alkatr\u00e9szekkel, \u00edgy k\u00f6nnyen kezelhet\u0151.<\/p>\n<p>Anyag: Teljes test\u0171 PVC<br \/>\nNem: L\u00e1ny<br \/>\nMagass\u00e1g: 22 h\u00fcvelyk<br \/>\nS\u00faly: 1,6 kg<br \/>\nSzempilla: Ragaszt\u00f3s szempill\u00e1k<br \/>\nCsomagol\u00e1s s\u00falya: 2,8 kg<br \/>\nCsomagol\u00e1s m\u00e9retei: 55*20*14cm<br \/>\nA csomag tartalma: ruh\u00e1k, pelenka, m\u00e1gneses cumi \u00e9s cumis\u00fcveg.<\/p>\n<p><img decoding=\"async\" class=\"aligncenter wp-image-4188 size-full\" src=\"https:\/\/www.mkreborns.com\/wp-content\/themes\/woodmart\/images\/lazy.svg\" data-src=\"https:\/\/www.mkreborns.com\/wp-content\/uploads\/2026\/03\/O1CN01PpFvNU1Q2wt0qnoX3_2214704711919-0-cib.jpg\" alt=\"Reborn baba val\u00f3s\u00e1gh\u0171 puha vinyl anyaggal, g\u00f6nd\u00f6r hajjal \u00e9s k\u00e9k szemekkel, t\u00f6k\u00e9letes gy\u0171jt\u0151knek.\" width=\"1200\" height=\"1200\" title=\"\" srcset=\"\" data-srcset=\"https:\/\/www.mkreborns.com\/wp-content\/uploads\/2026\/03\/O1CN01PpFvNU1Q2wt0qnoX3_2214704711919-0-cib.jpg 1200w, https:\/\/www.mkreborns.com\/wp-content\/uploads\/2026\/03\/O1CN01PpFvNU1Q2wt0qnoX3_2214704711919-0-cib-300x300.jpg 300w, https:\/\/www.mkreborns.com\/wp-content\/uploads\/2026\/03\/O1CN01PpFvNU1Q2wt0qnoX3_2214704711919-0-cib-800x800.jpg 800w, https:\/\/www.mkreborns.com\/wp-content\/uploads\/2026\/03\/O1CN01PpFvNU1Q2wt0qnoX3_2214704711919-0-cib-150x150.jpg 150w, https:\/\/www.mkreborns.com\/wp-content\/uploads\/2026\/03\/O1CN01PpFvNU1Q2wt0qnoX3_2214704711919-0-cib-768x768.jpg 768w, https:\/\/www.mkreborns.com\/wp-content\/uploads\/2026\/03\/O1CN01PpFvNU1Q2wt0qnoX3_2214704711919-0-cib-12x12.jpg 12w, https:\/\/www.mkreborns.com\/wp-content\/uploads\/2026\/03\/O1CN01PpFvNU1Q2wt0qnoX3_2214704711919-0-cib-700x700.jpg 700w\" sizes=\"(max-width: 1200px) 100vw, 1200px\" \/><\/p>\n<p><img decoding=\"async\" class=\"aligncenter wp-image-4185 size-full\" src=\"https:\/\/www.mkreborns.com\/wp-content\/themes\/woodmart\/images\/lazy.svg\" data-src=\"https:\/\/www.mkreborns.com\/wp-content\/uploads\/2026\/03\/O1CN01xiOrQd1Q2wt261hyq_2214704711919-0-cib.jpg\" alt=\"R\u00e9szletesen kidolgozott, 56 cm-es \u00fajj\u00e1sz\u00fcletett baba puha vinil testtel \u00e9s \u00e9leth\u0171 tulajdons\u00e1gokkal gy\u0171jt\u0151knek.\" width=\"1200\" height=\"1200\" title=\"\" srcset=\"\" data-srcset=\"https:\/\/www.mkreborns.com\/wp-content\/uploads\/2026\/03\/O1CN01xiOrQd1Q2wt261hyq_2214704711919-0-cib.jpg 1200w, https:\/\/www.mkreborns.com\/wp-content\/uploads\/2026\/03\/O1CN01xiOrQd1Q2wt261hyq_2214704711919-0-cib-300x300.jpg 300w, https:\/\/www.mkreborns.com\/wp-content\/uploads\/2026\/03\/O1CN01xiOrQd1Q2wt261hyq_2214704711919-0-cib-800x800.jpg 800w, https:\/\/www.mkreborns.com\/wp-content\/uploads\/2026\/03\/O1CN01xiOrQd1Q2wt261hyq_2214704711919-0-cib-150x150.jpg 150w, https:\/\/www.mkreborns.com\/wp-content\/uploads\/2026\/03\/O1CN01xiOrQd1Q2wt261hyq_2214704711919-0-cib-768x768.jpg 768w, https:\/\/www.mkreborns.com\/wp-content\/uploads\/2026\/03\/O1CN01xiOrQd1Q2wt261hyq_2214704711919-0-cib-12x12.jpg 12w, https:\/\/www.mkreborns.com\/wp-content\/uploads\/2026\/03\/O1CN01xiOrQd1Q2wt261hyq_2214704711919-0-cib-700x700.jpg 700w\" sizes=\"(max-width: 1200px) 100vw, 1200px\" \/><\/p>\n<p>K\u00e9rj\u00fck, hagyjon 0,5-1 h\u00fcvelykes manu\u00e1lis t\u0171r\u00e9shat\u00e1rt, mivel a term\u00e9ket manu\u00e1lisan m\u00e9rt\u00e9k.<\/p>","protected":false},"excerpt":{"rendered":"<p>Az \u00fajj\u00e1sz\u00fcletett baba PVC-b\u0151l k\u00e9sz\u00fclt, moshat\u00f3 \u00e9s k\u00f6nnyen hordozhat\u00f3.<\/p>","protected":false},"featured_media":4185,"comment_status":"open","ping_status":"closed","template":"","meta":[],"product_brand":[],"product_cat":[235,144,155,156,154,157,152],"product_tag":[],"class_list":{"0":"post-4184","1":"product","2":"type-product","3":"status-publish","4":"has-post-thumbnail","6":"product_cat-22-inch-reborn-dolls","7":"product_cat-baby-girl-reborn-dolls","8":"product_cat-cute-reborn-dolls","9":"product_cat-life-sized-dolls","10":"product_cat-lifelike-reborn-dolls","11":"product_cat-real-life-baby-dolls","12":"product_cat-vinyl-reborn-dolls","14":"first","15":"instock","16":"sale","17":"shipping-taxable","18":"purchasable","19":"product-type-simple"},"_links":{"self":[{"href":"https:\/\/www.mkreborns.com\/hu\/wp-json\/wp\/v2\/product\/4184","targetHints":{"allow":["GET"]}}],"collection":[{"href":"https:\/\/www.mkreborns.com\/hu\/wp-json\/wp\/v2\/product"}],"about":[{"href":"https:\/\/www.mkreborns.com\/hu\/wp-json\/wp\/v2\/types\/product"}],"replies":[{"embeddable":true,"href":"https:\/\/www.mkreborns.com\/hu\/wp-json\/wp\/v2\/comments?post=4184"}],"wp:featuredmedia":[{"embeddable":true,"href":"https:\/\/www.mkreborns.com\/hu\/wp-json\/wp\/v2\/media\/4185"}],"wp:attachment":[{"href":"https:\/\/www.mkreborns.com\/hu\/wp-json\/wp\/v2\/media?parent=4184"}],"wp:term":[{"taxonomy":"product_brand","embeddable":true,"href":"https:\/\/www.mkreborns.com\/hu\/wp-json\/wp\/v2\/product_brand?post=4184"},{"taxonomy":"product_cat","embeddable":true,"href":"https:\/\/www.mkreborns.com\/hu\/wp-json\/wp\/v2\/product_cat?post=4184"},{"taxonomy":"product_tag","embeddable":true,"href":"https:\/\/www.mkreborns.com\/hu\/wp-json\/wp\/v2\/product_tag?post=4184"}],"curies":[{"name":"munkaf\u00fczet","href":"https:\/\/api.w.org\/{rel}","templated":true}]}}