{"id":4165,"date":"2026-03-22T14:35:28","date_gmt":"2026-03-22T14:35:28","guid":{"rendered":"https:\/\/www.mkreborns.com\/product\/18-inch-soft-vinyl-open-eye-reborn-baby-doll\/"},"modified":"2026-03-22T15:34:35","modified_gmt":"2026-03-22T15:34:35","slug":"18-inch-soft-vinyl-open-eye-reborn-baby-doll","status":"publish","type":"product","link":"https:\/\/www.mkreborns.com\/hu\/product\/18-inch-soft-vinyl-open-eye-reborn-baby-doll\/","title":{"rendered":"18 h\u00fcvelykes puha vinil nyitott szem\u0171 \u00fajj\u00e1sz\u00fclet\u0151 baba"},"content":{"rendered":"<p>Ennek az \u00fajj\u00e1sz\u00fcletett bab\u00e1nak j\u00f3l l\u00e1that\u00f3 erezetei vannak, \u00e9s nagyon val\u00f3s\u00e1gh\u0171. \u00dclni \u00e9s fek\u00fcdni is tud, nem besz\u00e9l \u00e9s nem pislog, \u00e9s nincsenek bonyolult elektronikus alkatr\u00e9szei, \u00edgy k\u00f6nnyen kezelhet\u0151 \u00e9s t\u00f6k\u00e9letes gy\u0171jt\u0151i darab. A baba tiszt\u00edt\u00e1sakor \u00f3vatosan b\u00e1nj vele; ker\u00fcld a szem\u00f6ld\u00f6k er\u0151teljes kapar\u00e1s\u00e1t, hogy elker\u00fcld a sz\u00edne fakul\u00e1s\u00e1t.<\/p>\n<p>&nbsp;<\/p>\n<p>Anyag: Teljes test\u0171 PVC<br \/>\nNem: V\u00e1lasszon fi\u00fa vagy l\u00e1ny k\u00f6z\u00fcl<br \/>\nMagass\u00e1g: 45 cm<br \/>\nS\u00faly: 1,1 kg<br \/>\nSzempilla: Ragaszt\u00f3s szempill\u00e1k<br \/>\nCsomagol\u00e1s s\u00falya: 1,6 kg<br \/>\nCsomagol\u00e1s m\u00e9retei: 46*20*13cm<br \/>\nA csomag tartalma: ruh\u00e1k, pelenka, m\u00e1gneses cumi, cumis\u00fcveg \u00e9s sz\u00fclet\u00e9si anyak\u00f6nyvi kivonat.<\/p>\n<p>&nbsp;<\/p>\n<p><img decoding=\"async\" src=\"https:\/\/www.mkreborns.com\/wp-content\/uploads\/2026\/03\/O1CN01PhbSDV1lsnmHX7b7l_2831564875-0-cib.jpg\" alt=\"\" title=\"\"><\/p>\n<p><img decoding=\"async\" src=\"https:\/\/www.mkreborns.com\/wp-content\/uploads\/2026\/03\/O1CN01Fqa8AT1lsnmKDSTq1_2831564875-0-cib.jpg\" alt=\"\" title=\"\"><\/p>\n<p>K\u00e9rj\u00fck, hagyjon 0,5-1 h\u00fcvelykes manu\u00e1lis t\u0171r\u00e9shat\u00e1rt, mivel a term\u00e9ket manu\u00e1lisan m\u00e9rt\u00e9k.<\/p>","protected":false},"excerpt":{"rendered":"<p>Az \u00fajj\u00e1sz\u00fcletett baba gondoz\u00f3jak\u00e9nt k\u00fcl\u00f6nb\u00f6z\u0151 st\u00edlus\u00fa ruh\u00e1kat v\u00e1s\u00e1rolhatsz a bab\u00e1nak k\u00fcl\u00f6nb\u00f6z\u0151 alkalmakra.<\/p>","protected":false},"featured_media":4167,"comment_status":"open","ping_status":"closed","template":"","meta":[],"product_brand":[],"product_cat":[151,145,144,155,156,154,157,152],"product_tag":[],"class_list":{"0":"post-4165","1":"product","2":"type-product","3":"status-publish","4":"has-post-thumbnail","6":"product_cat-18-inch-reborn-dolls","7":"product_cat-baby-boy-reborn-dolls","8":"product_cat-baby-girl-reborn-dolls","9":"product_cat-cute-reborn-dolls","10":"product_cat-life-sized-dolls","11":"product_cat-lifelike-reborn-dolls","12":"product_cat-real-life-baby-dolls","13":"product_cat-vinyl-reborn-dolls","15":"first","16":"instock","17":"sale","18":"shipping-taxable","19":"purchasable","20":"product-type-variable","21":"has-default-attributes"},"_links":{"self":[{"href":"https:\/\/www.mkreborns.com\/hu\/wp-json\/wp\/v2\/product\/4165","targetHints":{"allow":["GET"]}}],"collection":[{"href":"https:\/\/www.mkreborns.com\/hu\/wp-json\/wp\/v2\/product"}],"about":[{"href":"https:\/\/www.mkreborns.com\/hu\/wp-json\/wp\/v2\/types\/product"}],"replies":[{"embeddable":true,"href":"https:\/\/www.mkreborns.com\/hu\/wp-json\/wp\/v2\/comments?post=4165"}],"wp:featuredmedia":[{"embeddable":true,"href":"https:\/\/www.mkreborns.com\/hu\/wp-json\/wp\/v2\/media\/4167"}],"wp:attachment":[{"href":"https:\/\/www.mkreborns.com\/hu\/wp-json\/wp\/v2\/media?parent=4165"}],"wp:term":[{"taxonomy":"product_brand","embeddable":true,"href":"https:\/\/www.mkreborns.com\/hu\/wp-json\/wp\/v2\/product_brand?post=4165"},{"taxonomy":"product_cat","embeddable":true,"href":"https:\/\/www.mkreborns.com\/hu\/wp-json\/wp\/v2\/product_cat?post=4165"},{"taxonomy":"product_tag","embeddable":true,"href":"https:\/\/www.mkreborns.com\/hu\/wp-json\/wp\/v2\/product_tag?post=4165"}],"curies":[{"name":"munkaf\u00fczet","href":"https:\/\/api.w.org\/{rel}","templated":true}]}}