{"id":4123,"date":"2026-03-19T03:34:52","date_gmt":"2026-03-19T03:34:52","guid":{"rendered":"https:\/\/www.mkreborns.com\/?post_type=product&#038;p=4123"},"modified":"2026-04-03T16:00:43","modified_gmt":"2026-04-03T16:00:43","slug":"magnetic-pacifiers-for-reborn-dolls-cute-dummy-set","status":"publish","type":"product","link":"https:\/\/www.mkreborns.com\/hu\/product\/magnetic-pacifiers-for-reborn-dolls-cute-dummy-set\/","title":{"rendered":"M\u00e1gneses cumik Reborn bab\u00e1khoz, aranyos cumik\u00e9szlet"},"content":{"rendered":"<div class=\"product-specs-list-container\"><\/div>\n<div class=\"detailmodule_text\">\n<h2>M\u00e1gneses cumik \u00fajj\u00e1sz\u00fclet\u0151 bab\u00e1khoz, \u00e9leth\u0171 r\u00e9szletekkel<\/h2>\n<div>Az &uacute;jj&aacute;sz&uuml;letett bab&aacute;khoz val&oacute; m&aacute;gneses cumik az eredeti csecsem\u0151kieg&eacute;sz&iacute;t\u0151kh&ouml;z k&eacute;sz&uuml;ltek, kifinomult eszt&eacute;tik&aacute;t k&iacute;n&aacute;lva a gy\u0171jt\u0151k &eacute;s a babam\u0171v&eacute;szek sz&aacute;m&aacute;ra. Tart&oacute;s ABS m\u0171anyagb&oacute;l k&eacute;sz&uuml;ltek, minden darab k&ouml;nny\u0171 profil&uacute;, mik&ouml;zben biztos&iacute;tj&aacute;k a szil&aacute;rd m&aacute;gneses tart&aacute;st. Ezek a m&aacute;gneses cumik sim&aacute;n illeszkednek a &uacute;jj&aacute;sz&uuml;letett bab&aacute;k cumis&uuml;vegeihez, &eacute;s k&ouml;nnyed&eacute;n illeszkednek a cumis&uuml;vegekhez &eacute;s cumikhoz, &iacute;gy egys&eacute;ges megjelen&eacute;st hoznak l&eacute;tre, amely n&ouml;veli a megjelen&iacute;t&eacute;s realizmus&aacute;t.&lt;\/p&gt;<\/div>\n<h3>Prec\u00edz illeszked\u00e9s \u00e9s finom kidolgoz\u00e1s<\/h3>\n<div>A 50\u201355 cm-es bab\u00e1khoz tervezett, kompakt, 4 \u00d7 2,8 cm-es szerkezet ar\u00e1nyos pontoss\u00e1got biztos\u00edt. A b\u00e1bumellbimb\u00f3k r\u00e9szletei meggy\u0151z\u0151 vizu\u00e1lis elemet k\u00e9pviselnek, \u00edgy minden kieg\u00e9sz\u00edt\u0151 gondosan v\u00e1logatottnak, nem pedig t\u00f6meggy\u00e1rtottnak \u00e9rz\u0151dik.<\/div>\n<div>Term\u00e9kel\u0151ny\u00f6k \u00e9s jellemz\u0151k<\/div>\n<ol>\n<li>Stabil bels\u0151 m\u00e1gnes az \u00e1lland\u00f3 elhelyez\u00e9s \u00e9rdek\u00e9ben<\/li>\n<li>Sima ABS fel\u00fclet finom kont\u00farokkal<\/li>\n<li>M\u00e9retre szabott m\u00e9retek a val\u00f3s\u00e1gh\u0171 ar\u00e1nyok \u00e9rdek\u00e9ben<\/li>\n<li>Harmoniz\u00e1l az \u00fajj\u00e1sz\u00fclet\u0151 baba\u00fcvegekkel \u00e9s k\u00e9szletekkel<\/li>\n<li>Finom, dummy mellbimb\u00f3k a hiteles megjelen\u00e9s\u00e9rt<\/li>\n<\/ol>\n<div>Az \u00e1rnyalt r\u00e9szleteket \u00e9s az egys\u00e9ges st\u00edlust \u00e9rt\u00e9kel\u0151 gy\u0171jt\u0151k sz\u00e1m\u00e1ra ezek a kieg\u00e9sz\u00edt\u0151k kiegyens\u00falyozotts\u00e1ggal \u00e9s kifinomults\u00e1ggal teszik teljess\u00e9 a ki\u00e1ll\u00edt\u00e1st, n\u00e9lk\u00fcl\u00f6zhetetlenn\u00e9 t\u00e9ve az \u00fajj\u00e1sz\u00fclet\u0151 bab\u00e1khoz val\u00f3 m\u00e1gneses cumikat.<\/div>\n<\/div>\n<div><\/div>\n<div>\n<div>Anyag: ABS m\u0171anyag<br \/>\nM\u00e9retek: kb. 4 * 2,8 cm \/ 1,57 * 1,10\u201d<br \/>\nNem: Uniszex<br \/>\n1. funkci\u00f3: Babam\u00e1gneses cumi<br \/>\n2. funkci\u00f3: Mellbimb\u00f3k \u00e1lcak\u00e9nt<br \/>\n3. funkci\u00f3: Szoptat\u00f3s cumis\u00fcveg<br \/>\nAlkalmaz\u00e1s: A m\u00e1gneses cumi alkalmas szimul\u00e1lt bababab\u00e1khoz.<br \/>\n20-22 h\u00fcvelykes bab\u00e1knak val\u00f3 \u00f6lt\u00f6ny<\/div>\n<div><\/div>\n<\/div>\n<div class=\"detailmodule_image\"><img decoding=\"async\" class=\"detail-desc-decorate-image\" src=\"https:\/\/www.mkreborns.com\/wp-content\/uploads\/2026\/03\/kf-S248844369ace4c1aa7ecadd1fb1d0d77o.webp\" alt=\"Aranyos b\u00e1buk\u00e9szlet \u00fajj\u00e1sz\u00fcletett bab\u00e1khoz, sz\u00ednes mint\u00e1kkal.\" title=\"\"> <img decoding=\"async\" class=\"detail-desc-decorate-image\" src=\"https:\/\/www.mkreborns.com\/wp-content\/uploads\/2026\/03\/kf-S6c63382f84a445439fd1199024f840611.webp\" alt=\"Aranyos r\u00f3zsasz\u00edn sz\u00edv alak\u00fa cumi \u00fajj\u00e1sz\u00fcletett bab\u00e1knak, t\u00f6k\u00e9letes val\u00f3s\u00e1gh\u0171 baba kieg\u00e9sz\u00edt\u0151kh\u00f6z.\" title=\"\"> <img decoding=\"async\" class=\"detail-desc-decorate-image\" src=\"https:\/\/www.mkreborns.com\/wp-content\/uploads\/2026\/03\/kf-S488c94b7729a465194d2961210c54cf4W.webp\" alt=\"R\u00f3zsasz\u00edn m\u00e1gneses cumi szett \u00fajj\u00e1sz\u00fcletett bab\u00e1khoz, t\u00f6k\u00e9letes val\u00f3s\u00e1gh\u0171 baba kieg\u00e9sz\u00edt\u0151kh\u00f6z \u00e9s j\u00e1t\u00e9khoz.\" title=\"\"> <img decoding=\"async\" class=\"detail-desc-decorate-image\" src=\"https:\/\/www.mkreborns.com\/wp-content\/uploads\/2026\/03\/kf-S6d9fe9cd873645dab6046f8da360a0a8b.webp\" alt=\"Aranyos Reborn baba cumi leop\u00e1rd mint\u00e1val r\u00f3zsasz\u00ednben \u00e9s z\u00f6ldben.\" title=\"\"> <img decoding=\"async\" class=\"detail-desc-decorate-image\" src=\"https:\/\/www.mkreborns.com\/wp-content\/uploads\/2026\/03\/kf-S36de425f031d44459e8cd61cbd96964e7.webp\" alt=\"Reborn baba cumik m\u00e1gneses klipszekkel, r\u00f3zsasz\u00edn \u00e9s k\u00e9k sz\u00ednben, t\u00f6k\u00e9letesek realisztikus baba kieg\u00e9sz\u00edt\u0151kh\u00f6z.\" title=\"\"> <img decoding=\"async\" class=\"detail-desc-decorate-image\" src=\"https:\/\/www.mkreborns.com\/wp-content\/uploads\/2026\/03\/kf-S8f01849a5e554d6f9882dc6eb12f4d74Q.webp\" alt=\"Reborn baba cumi &quot;Szeretem apuk\u00e1m&quot; \u00fczenettel \u00e9s r\u00f3zsasz\u00edn sz\u00edvecsk\u00e9vel.\" title=\"\"> <img decoding=\"async\" class=\"detail-desc-decorate-image\" src=\"https:\/\/www.mkreborns.com\/wp-content\/uploads\/2026\/03\/kf-S360412167aed492087b732d2883baf0dO.webp\" alt=\"\" title=\"\"><img decoding=\"async\" class=\"detail-desc-decorate-image\" src=\"https:\/\/www.mkreborns.com\/wp-content\/uploads\/2026\/03\/kf-Sf7b9cb29f2514cbaa1e852f7cbcb87d3y.webp\" alt=\"Aranyos b\u00e1buk\u00e9szlet Reborn baba kieg\u00e9sz\u00edt\u0151kh\u00f6z.\" title=\"\"> <img decoding=\"async\" class=\"detail-desc-decorate-image\" src=\"https:\/\/www.mkreborns.com\/wp-content\/uploads\/2026\/03\/kf-S764e1e37d2424828804a097b43bc71c2k.webp\" alt=\"Realisztikus m\u00e1gneses cumik \u00fajj\u00e1sz\u00fcletett bab\u00e1khoz, t\u00f6k\u00e9letesek, hogy egy aranyos pr\u00f3bababa-k\u00e9szlettel b\u0151v\u00edtsd a gy\u0171jtem\u00e9nyedet.\" title=\"\"> <img decoding=\"async\" class=\"detail-desc-decorate-image\" src=\"https:\/\/www.mkreborns.com\/wp-content\/uploads\/2026\/03\/kf-Sf1b85ed7bf994100bf9924d9ab1847392.webp\" alt=\"\" title=\"\"><\/div>\n<div class=\"detailmodule_image\"><img decoding=\"async\" class=\"detail-desc-decorate-image\" src=\"https:\/\/www.mkreborns.com\/wp-content\/uploads\/2026\/03\/kf-S5a111b8135df4b96aa04929da0abd73b6.webp\" alt=\"Reborn baba cumi s\u00e1rga kacsa mint\u00e1val \u00e9s piros foganty\u00faval, t\u00f6k\u00e9letes realisztikus baba kieg\u00e9sz\u00edt\u0151kh\u00f6z.\" title=\"\"><\/div>","protected":false},"excerpt":{"rendered":"<p>M\u00e1gneses cumik \u00fajj\u00e1sz\u00fclet\u0151 bab\u00e1khoz, biztons\u00e1gos illeszked\u00e9ssel \u00e9s \u00e9leth\u0171 kialak\u00edt\u00e1ssal. T\u00f6k\u00e9letes kieg\u00e9sz\u00edt\u0151 \u00fajj\u00e1sz\u00fclet\u0151 bab\u00e1k cumis\u00fcvegeihez \u00e9s cumik\u00e9szleteihez.<\/p>","protected":false},"featured_media":4124,"comment_status":"open","ping_status":"closed","template":"","meta":[],"product_brand":[],"product_cat":[148,162],"product_tag":[],"class_list":{"0":"post-4123","1":"product","2":"type-product","3":"status-publish","4":"has-post-thumbnail","6":"product_cat-reborn-doll-accessories","7":"product_cat-reborn-pacifier","9":"first","10":"instock","11":"sale","12":"shipping-taxable","13":"purchasable","14":"product-type-variable"},"_links":{"self":[{"href":"https:\/\/www.mkreborns.com\/hu\/wp-json\/wp\/v2\/product\/4123","targetHints":{"allow":["GET"]}}],"collection":[{"href":"https:\/\/www.mkreborns.com\/hu\/wp-json\/wp\/v2\/product"}],"about":[{"href":"https:\/\/www.mkreborns.com\/hu\/wp-json\/wp\/v2\/types\/product"}],"replies":[{"embeddable":true,"href":"https:\/\/www.mkreborns.com\/hu\/wp-json\/wp\/v2\/comments?post=4123"}],"wp:featuredmedia":[{"embeddable":true,"href":"https:\/\/www.mkreborns.com\/hu\/wp-json\/wp\/v2\/media\/4124"}],"wp:attachment":[{"href":"https:\/\/www.mkreborns.com\/hu\/wp-json\/wp\/v2\/media?parent=4123"}],"wp:term":[{"taxonomy":"product_brand","embeddable":true,"href":"https:\/\/www.mkreborns.com\/hu\/wp-json\/wp\/v2\/product_brand?post=4123"},{"taxonomy":"product_cat","embeddable":true,"href":"https:\/\/www.mkreborns.com\/hu\/wp-json\/wp\/v2\/product_cat?post=4123"},{"taxonomy":"product_tag","embeddable":true,"href":"https:\/\/www.mkreborns.com\/hu\/wp-json\/wp\/v2\/product_tag?post=4123"}],"curies":[{"name":"munkaf\u00fczet","href":"https:\/\/api.w.org\/{rel}","templated":true}]}}