{"id":4094,"date":"2026-03-19T02:43:43","date_gmt":"2026-03-19T02:43:43","guid":{"rendered":"https:\/\/www.mkreborns.com\/?post_type=product&#038;p=4094"},"modified":"2026-03-19T15:52:52","modified_gmt":"2026-03-19T15:52:52","slug":"reborn-baby-doll-magnetic-pacifier-realistic-fit","status":"publish","type":"product","link":"https:\/\/www.mkreborns.com\/hu\/product\/reborn-baby-doll-magnetic-pacifier-realistic-fit\/","title":{"rendered":"\u00dajj\u00e1sz\u00fcletett baba m\u00e1gneses cumi val\u00f3s\u00e1gh\u0171 illeszked\u00e9ssel"},"content":{"rendered":"<h2>\u00dajj\u00e1sz\u00fcletett baba m\u00e1gneses cumi<\/h2>\n<div>Az \u00fajj\u00e1sz\u00fcletett baba m\u00e1gneses cumija \u00fagy k\u00e9sz\u00fclt, hogy hiteles \u00e9s term\u00e9szetes interakci\u00f3t biztos\u00edtson a baba \u00e9s a kieg\u00e9sz\u00edt\u0151k k\u00f6z\u00f6tt. \u00dajsz\u00fcl\u00f6tt \u00fajj\u00e1sz\u00fcletett bab\u00e1k m\u00e1gneses cumival felszerelt v\u00e1ltozataihoz tervezve, ez a darab z\u00f6kken\u0151mentesen r\u00f6gz\u00edthet\u0151 a bels\u0151 m\u00e1gnesekkel ell\u00e1tott bab\u00e1khoz. Egyens\u00falyban l\u00e9v\u0151 szerkezete biztos\u00edtja a megfelel\u0151 illeszked\u00e9st elmozdul\u00e1s n\u00e9lk\u00fcl, meg\u0151rizve a val\u00f3s\u00e1gh\u0171 megjelen\u00e9st.<\/div>\n<h3>Biztons\u00e1gos r\u00f6gz\u00edt\u00e9s \u00e9s val\u00f3s\u00e1gh\u0171 r\u00e9szletek<\/h3>\n<div>Ez a cumi be\u00e1gyazott m\u00e1gneses maggal rendelkezik, amely lehet\u0151v\u00e9 teszi a k\u00f6nny\u0171 felhelyez\u00e9st \u00e9s elt\u00e1vol\u00edt\u00e1st, mik\u00f6zben meg\u0151rzi a stabilit\u00e1st. K\u00fcl\u00f6n\u00f6sen alkalmas \u00e9leth\u0171, \u00fajj\u00e1sz\u00fcletett bab\u00e1khoz, amelyek val\u00f3di cumikat is elb\u00edrnak, vizu\u00e1lisan pontos etet\u00e9si vagy nyugtat\u00f3 p\u00f3zt k\u00edn\u00e1lva. A sima k\u00fcls\u0151 fel\u00fclet biztons\u00e1gos kezel\u00e9st \u00e9s kifinomult kidolgoz\u00e1st biztos\u00edt.<\/div>\n<h3>F\u0151bb jellemz\u0151k \u00e9s el\u0151ny\u00f6k<\/h3>\n<ul>\n<li>Er\u0151s bels\u0151 m\u00e1gnes a stabil pozicion\u00e1l\u00e1s\u00e9rt<\/li>\n<li>\u00dajsz\u00fcl\u00f6tt bab\u00e1knak tervezve, m\u00e1gneses cumival<\/li>\n<li>Kompatibilis az \u00e9leth\u0171, \u00fajj\u00e1sz\u00fcletett bab\u00e1kkal, amelyek igazi cumikat is elb\u00edrnak<\/li>\n<li>K\u00f6nny\u0171 konstrukci\u00f3 a term\u00e9szetes elhelyezked\u00e9s \u00e9rdek\u00e9ben<\/li>\n<li>Tart\u00f3s anyag ism\u00e9telt haszn\u00e1latra<\/li>\n<\/ul>\n<div>Ez a kieg\u00e9sz\u00edt\u0151 fokozza a gy\u0171jtem\u00e9nyed realizmus\u00e1t, \u00edgy n\u00e9lk\u00fcl\u00f6zhetetlen darab azoknak a gy\u0171jt\u0151knek, akik kiv\u00e1l\u00f3 min\u0151s\u00e9g\u0171 m\u00e1gneses cumit keresnek \u00fajj\u00e1sz\u00fclet\u0151 bab\u00e1juk sz\u00e1m\u00e1ra.<\/div>\n<div>M\u00e1gneses cumi, \u00fajj\u00e1sz\u00fclet\u0151 bab\u00e1nak is kell! Ezzel a baba (z\u00e1rt sz\u00e1jjal) tud cumit szopni! De mindenekel\u0151tt m\u00e1gnesnek kell lennie a baba sz\u00e1j\u00e1ban.<\/div>\n<div>M\u00e9ret: ahogy a k\u00e9peken is l\u00e1that\u00f3<\/div>\n<div>A csomag tartalma: 1 db<\/div>\n<div class=\"detailmodule_image\"><img decoding=\"async\" class=\"detail-desc-decorate-image\" src=\"https:\/\/www.mkreborns.com\/wp-content\/uploads\/2026\/03\/kf-S57fdc27edc6e45fd90840739bcbc10bdK.webp\" alt=\"\" title=\"\"><img decoding=\"async\" class=\"detail-desc-decorate-image\" src=\"https:\/\/www.mkreborns.com\/wp-content\/uploads\/2026\/03\/kf-Scd0b0263191840aca2c6d9d9092853bb8.webp\" alt=\"\" title=\"\"><img decoding=\"async\" class=\"detail-desc-decorate-image\" src=\"https:\/\/www.mkreborns.com\/wp-content\/uploads\/2026\/03\/kf-Sad85ad6e0e2e4333b9ffe757ec183004e.webp\" alt=\"\" title=\"\"><img decoding=\"async\" class=\"detail-desc-decorate-image\" src=\"https:\/\/www.mkreborns.com\/wp-content\/uploads\/2026\/03\/kf-Sca74611577a2480781484c8c07bd4ff2F.webp\" alt=\"\" title=\"\"><img decoding=\"async\" class=\"detail-desc-decorate-image\" src=\"https:\/\/www.mkreborns.com\/wp-content\/uploads\/2026\/03\/kf-Sa13d45d1c7c54ba29181db819686fb23X.webp\" alt=\"\" title=\"\"><img decoding=\"async\" class=\"detail-desc-decorate-image\" src=\"https:\/\/www.mkreborns.com\/wp-content\/uploads\/2026\/03\/kf-S5499cdc26d4a40e9903777a859be4f1eP.webp\" alt=\"\" title=\"\"><img decoding=\"async\" class=\"detail-desc-decorate-image\" src=\"https:\/\/www.mkreborns.com\/wp-content\/uploads\/2026\/03\/kf-S11408845c0cb4f4193474b5608f40c9fI.webp\" alt=\"\" title=\"\"><img decoding=\"async\" class=\"detail-desc-decorate-image\" src=\"https:\/\/www.mkreborns.com\/wp-content\/uploads\/2026\/03\/kf-S0113e3dd80594293b07c453364e8fb07i.webp\" alt=\"\" title=\"\"><\/div>","protected":false},"excerpt":{"rendered":"<p>Prec\u00edzen elk\u00e9sz\u00edtett m\u00e1gneses cumi, amelyet a realizmus fokoz\u00e1s\u00e1ra terveztek, biztons\u00e1gos \u00e9s term\u00e9szetes illeszked\u00e9st biztos\u00edtva a kompatibilis \u00fajj\u00e1sz\u00fcletett bab\u00e1k sz\u00e1m\u00e1ra.<\/p>","protected":false},"featured_media":4095,"comment_status":"open","ping_status":"closed","template":"","meta":[],"product_brand":[],"product_cat":[162,148],"product_tag":[],"class_list":{"0":"post-4094","1":"product","2":"type-product","3":"status-publish","4":"has-post-thumbnail","6":"product_cat-reborn-pacifier","7":"product_cat-reborn-doll-accessories","9":"first","10":"instock","11":"sale","12":"shipping-taxable","13":"purchasable","14":"product-type-variable"},"_links":{"self":[{"href":"https:\/\/www.mkreborns.com\/hu\/wp-json\/wp\/v2\/product\/4094","targetHints":{"allow":["GET"]}}],"collection":[{"href":"https:\/\/www.mkreborns.com\/hu\/wp-json\/wp\/v2\/product"}],"about":[{"href":"https:\/\/www.mkreborns.com\/hu\/wp-json\/wp\/v2\/types\/product"}],"replies":[{"embeddable":true,"href":"https:\/\/www.mkreborns.com\/hu\/wp-json\/wp\/v2\/comments?post=4094"}],"wp:featuredmedia":[{"embeddable":true,"href":"https:\/\/www.mkreborns.com\/hu\/wp-json\/wp\/v2\/media\/4095"}],"wp:attachment":[{"href":"https:\/\/www.mkreborns.com\/hu\/wp-json\/wp\/v2\/media?parent=4094"}],"wp:term":[{"taxonomy":"product_brand","embeddable":true,"href":"https:\/\/www.mkreborns.com\/hu\/wp-json\/wp\/v2\/product_brand?post=4094"},{"taxonomy":"product_cat","embeddable":true,"href":"https:\/\/www.mkreborns.com\/hu\/wp-json\/wp\/v2\/product_cat?post=4094"},{"taxonomy":"product_tag","embeddable":true,"href":"https:\/\/www.mkreborns.com\/hu\/wp-json\/wp\/v2\/product_tag?post=4094"}],"curies":[{"name":"munkaf\u00fczet","href":"https:\/\/api.w.org\/{rel}","templated":true}]}}