{"id":4029,"date":"2026-03-18T15:28:55","date_gmt":"2026-03-18T15:28:55","guid":{"rendered":"https:\/\/www.mkreborns.com\/?post_type=product&#038;p=4029"},"modified":"2026-03-19T15:51:56","modified_gmt":"2026-03-19T15:51:56","slug":"17-18-inch-reborn-doll-feeding-pacifier-accessories","status":"publish","type":"product","link":"https:\/\/www.mkreborns.com\/hu\/product\/17-18-inch-reborn-doll-feeding-pacifier-accessories\/","title":{"rendered":"17-18 h\u00fcvelykes Reborn baba etet\u0151 cumi kieg\u00e9sz\u00edt\u0151k"},"content":{"rendered":"<div class=\"product-specs-list-container\"><\/div>\n<div class=\"detailmodule_html\">\n<div class=\"detail-desc-decorate-richtext\">\n<h2>Reborn baba kieg\u00e9sz\u00edt\u0151k - lyuk n\u00e9lk\u00fcli cumis\u00fcveg cumik<\/h2>\n<div>A Reborn baba kieg\u00e9sz\u00edt\u0151inek lyuk n\u00e9lk\u00fcli cumis\u00fcveg cumii \u00fagy lettek kialak\u00edtva, hogy a baba eredeti t\u00e1pl\u00e1l\u00e1si rutinj\u00e1t ut\u00e1nozz\u00e1k, mik\u00f6zben meg\u0151rzik a baba eredetis\u00e9g\u00e9t. Ez a k\u00e9szlet gondosan form\u00e1zott cumis\u00fcvegeket, puha szilikon cumiv\u00e9geket \u00e9s \u00f6sszehangolt darabokat tartalmaz, amelyek kieg\u00e9sz\u00edtik a Reborn baba cumik\u00e9szlet st\u00edlus\u00e1t. A realizmust el\u0151t\u00e9rbe helyez\u0151 gy\u0171jt\u0151k sz\u00e1m\u00e1ra tervezett kieg\u00e9sz\u00edt\u0151k \u00e9leth\u0171 gondoskod\u00f3 benyom\u00e1st keltenek an\u00e9lk\u00fcl, hogy a baba szerkezeti m\u00f3dos\u00edt\u00e1s\u00e1ra lenne sz\u00fcks\u00e9g.<\/div>\n<h3>Biztons\u00e1gos szilikondiz\u00e1jn \u00e9s val\u00f3s\u00e1gh\u0171 r\u00e9szletek<\/h3>\n<div>A mell\u00e9kelt korasz\u00fcl\u00f6tt bab\u00e1knak sz\u00e1nt, lyuk n\u00e9lk\u00fcli szilikon cumik z\u00e1rt hegy\u0171ek, amelyek megakad\u00e1lyozz\u00e1k a folyad\u00e9k kifoly\u00e1s\u00e1t, mik\u00f6zben meg\u0151rzik a vizu\u00e1lis hiteless\u00e9get. Minden alkatr\u00e9sz 43-46 cm-es bab\u00e1khoz igazodik, \u00edgy biztos\u00edtva a term\u00e9szetes illeszked\u00e9st etet\u00e9si jelenetekhez vagy ki\u00e1ll\u00edt\u00e1si elrendez\u00e9sekhez.<\/div>\n<h3>F\u0151bb jellemz\u0151k \u00e9s el\u0151ny\u00f6k<\/h3>\n<ul>\n<li>Tartalmaz cumis\u00fcvegeket \u00e9s \u00fajj\u00e1sz\u00fclet\u0151 baba cumik\u00e9szletet<\/li>\n<li>Z\u00e1rt hegy\u0171 kialak\u00edt\u00e1s a biztons\u00e1gos, nem funkcion\u00e1lis etet\u00e9si szimul\u00e1ci\u00f3hoz<\/li>\n<li>Puha szilikonb\u00f3l k\u00e9sz\u00fclt a val\u00f3s\u00e1gh\u0171 text\u00fara \u00e9rdek\u00e9ben<\/li>\n<li>17-18 h\u00fcvelykes \u00fajj\u00e1sz\u00fcletett bab\u00e1kkal kompatibilis<\/li>\n<li>Ide\u00e1lis korasz\u00fcl\u00f6tt bab\u00e1knak val\u00f3, lyuk n\u00e9lk\u00fcli szilikon cumikhoz<\/li>\n<\/ul>\n<div>Ez a gondosan \u00f6ssze\u00e1ll\u00edtott k\u00e9szlet fokozza a vizu\u00e1lis t\u00f6rt\u00e9netmes\u00e9l\u00e9st \u00e9s a gy\u0171jtem\u00e9nyi \u00e9rt\u00e9ket, \u00edgy megb\u00edzhat\u00f3 v\u00e1laszt\u00e1s b\u00e1rki sz\u00e1m\u00e1ra, aki lyuk n\u00e9lk\u00fcli cumis\u00fcveg cumikat keres \u00fajj\u00e1sz\u00fclet\u0151 baba kieg\u00e9sz\u00edt\u0151kkel.<\/div>\n<p><img decoding=\"async\" src=\"https:\/\/www.mkreborns.com\/wp-content\/uploads\/2026\/03\/kf-S821bc0c09e4b42a393cbbc2780b410d4P.webp\" alt=\"\" title=\"\"><img decoding=\"async\" src=\"https:\/\/www.mkreborns.com\/wp-content\/uploads\/2026\/03\/kf-S3ddca035184249b39a97908487b4d497n.webp\" alt=\"\" title=\"\"><img decoding=\"async\" src=\"https:\/\/www.mkreborns.com\/wp-content\/uploads\/2026\/03\/kf-Se4f5ae05ae6f4ec4a8ef9889288959d4L.webp\" alt=\"\" title=\"\"><img decoding=\"async\" src=\"https:\/\/www.mkreborns.com\/wp-content\/uploads\/2026\/03\/kf-S63a5bb887a674b8ab8ce2a3c3e8dc6den.webp\" alt=\"\" title=\"\"><span style=\"font-size: 18px;\"><strong>Kis m\u00e9ret\u0171 r\u00f3zsasz\u00edn:<\/strong><\/span><img decoding=\"async\" src=\"https:\/\/www.mkreborns.com\/wp-content\/uploads\/2026\/03\/kf-S5937a950d18c457d9632bc051f5569f9r.webp\" alt=\"\" title=\"\"><\/p>\n<p><span style=\"font-size: 18px;\"><strong>Kis m\u00e9ret\u0171 k\u00e9k:<\/strong><\/span><img decoding=\"async\" src=\"https:\/\/www.mkreborns.com\/wp-content\/uploads\/2026\/03\/kf-Scbcae8c5f5a14ec8ac5007fdc863b93cg.webp\" alt=\"\" title=\"\"><img decoding=\"async\" src=\"https:\/\/www.mkreborns.com\/wp-content\/uploads\/2026\/03\/kf-S5e160258b8954f42a85e81b8690efd27l.webp\" alt=\"\" title=\"\"><img decoding=\"async\" src=\"https:\/\/www.mkreborns.com\/wp-content\/uploads\/2026\/03\/kf-Sb8e5eb1c653f4d77bd66c73376d647894.webp\" alt=\"\" title=\"\"><img decoding=\"async\" src=\"https:\/\/www.mkreborns.com\/wp-content\/uploads\/2026\/03\/kf-S42bdf04560824f58a60c86c965c4d3f5Q.webp\" alt=\"\" title=\"\"><img decoding=\"async\" src=\"https:\/\/www.mkreborns.com\/wp-content\/uploads\/2026\/03\/kf-Sf8bed42865e04064a00206620943d9dfR.webp\" alt=\"\" title=\"\"><img decoding=\"async\" src=\"https:\/\/www.mkreborns.com\/wp-content\/uploads\/2026\/03\/kf-S419dce937a6049f997aa62428da2071dR.webp\" alt=\"Reborn baba etet\u0151kieg\u00e9sz\u00edt\u0151k, bele\u00e9rtve a cumis\u00fcveget, a cumit \u00e9s az etet\u0151eszk\u00f6z\u00f6ket.\" title=\"\"><\/p>\n<\/div>\n<\/div>","protected":false},"excerpt":{"rendered":"<div>Egy komplett etet\u0151k\u00e9szlet, amelyet 43-46 cm-es \u00fajj\u00e1sz\u00fcletett bab\u00e1khoz terveztek, egyetlen kompakt k\u00e9szletben \u00f6tv\u00f6zve a realizmust, a biztons\u00e1got \u00e9s a finom r\u00e9szleteket.<\/div>","protected":false},"featured_media":4030,"comment_status":"open","ping_status":"closed","template":"","meta":[],"product_brand":[],"product_cat":[148,162],"product_tag":[],"class_list":{"0":"post-4029","1":"product","2":"type-product","3":"status-publish","4":"has-post-thumbnail","6":"product_cat-reborn-doll-accessories","7":"product_cat-reborn-pacifier","9":"first","10":"instock","11":"sale","12":"shipping-taxable","13":"purchasable","14":"product-type-variable","15":"has-default-attributes"},"_links":{"self":[{"href":"https:\/\/www.mkreborns.com\/hu\/wp-json\/wp\/v2\/product\/4029","targetHints":{"allow":["GET"]}}],"collection":[{"href":"https:\/\/www.mkreborns.com\/hu\/wp-json\/wp\/v2\/product"}],"about":[{"href":"https:\/\/www.mkreborns.com\/hu\/wp-json\/wp\/v2\/types\/product"}],"replies":[{"embeddable":true,"href":"https:\/\/www.mkreborns.com\/hu\/wp-json\/wp\/v2\/comments?post=4029"}],"wp:featuredmedia":[{"embeddable":true,"href":"https:\/\/www.mkreborns.com\/hu\/wp-json\/wp\/v2\/media\/4030"}],"wp:attachment":[{"href":"https:\/\/www.mkreborns.com\/hu\/wp-json\/wp\/v2\/media?parent=4029"}],"wp:term":[{"taxonomy":"product_brand","embeddable":true,"href":"https:\/\/www.mkreborns.com\/hu\/wp-json\/wp\/v2\/product_brand?post=4029"},{"taxonomy":"product_cat","embeddable":true,"href":"https:\/\/www.mkreborns.com\/hu\/wp-json\/wp\/v2\/product_cat?post=4029"},{"taxonomy":"product_tag","embeddable":true,"href":"https:\/\/www.mkreborns.com\/hu\/wp-json\/wp\/v2\/product_tag?post=4029"}],"curies":[{"name":"munkaf\u00fczet","href":"https:\/\/api.w.org\/{rel}","templated":true}]}}