{"id":4000,"date":"2026-03-18T14:46:48","date_gmt":"2026-03-18T14:46:48","guid":{"rendered":"https:\/\/www.mkreborns.com\/?post_type=product&#038;p=4000"},"modified":"2026-03-19T15:52:09","modified_gmt":"2026-03-19T15:52:09","slug":"american-girl-doll-clothes-fit-18-inch-reborns-set","status":"publish","type":"product","link":"https:\/\/www.mkreborns.com\/hu\/product\/american-girl-doll-clothes-fit-18-inch-reborns-set\/","title":{"rendered":"Amerikai L\u00e1ny Baba Ruha Illik 18 Inch Reborns K\u00e9szlet"},"content":{"rendered":"<div class=\"product-specs-list-container\">\n<h2>Amerikai l\u00e1ny babaruh\u00e1k Fit \u00dajj\u00e1sz\u00fclettek<\/h2>\n<div>Az Amerikai l\u00e1ny babaruh\u00e1k figyelemre m\u00e9lt\u00f3 pontoss\u00e1ggal illeszkednek az \u00fajj\u00e1sz\u00fclet\u0151kh\u00f6z, biztos\u00edtva a kompatibilit\u00e1st a val\u00f3s\u00e1gh\u0171 ar\u00e1nyokat k\u00f6vet\u0151 45 centis bab\u00e1kkal. Ezek a ruh\u00e1k \u00fagy vannak kialak\u00edtva, hogy illeszkedjenek az \u00faj st\u00edlus\u00fa, \u00fajj\u00e1sz\u00fclet\u0151 sz\u00f6vetbab\u00e1k test\u00e9hez, kiegyens\u00falyozott sziluettet k\u00edn\u00e1lva, amely fokozza a hiteless\u00e9get. Ak\u00e1r ki\u00e1ll\u00edt\u00e1sra, ak\u00e1r finom kezel\u00e9sre tervezt\u00e9k, minden darab \u00e1tgondolt k\u00e9zm\u0171ves munk\u00e1t t\u00fckr\u00f6z.<\/div>\n<h3>Testreszabott tervez\u00e9s \u00e9s anyagmegfelel\u0151s\u00e9g<\/h3>\n<div>Puha, m\u00e9gis rugalmas anyagb\u00f3l k\u00e9sz\u00fclt, ezek a k\u00e9zzel k\u00e9sz\u00edtett, \u00fajj\u00e1sz\u00fcletett babaruh\u00e1k merevs\u00e9g n\u00e9lk\u00fcl meg\u0151rzik szerkezet\u00fcket. A varr\u00e1s k\u00f6veti az anat\u00f3miai kont\u00farokat, lehet\u0151v\u00e9 t\u00e9ve, hogy a ruhadarab term\u00e9szetesen illeszkedjen a baba v\u00e1z\u00e1ra. Ez biztos\u00edtja mind a vizu\u00e1lis pontoss\u00e1got, mind a hossz\u00fa t\u00e1v\u00fa haszn\u00e1lhat\u00f3s\u00e1got.<\/div>\n<h3>F\u0151bb jellemz\u0151k \u00e9s el\u0151ny\u00f6k<\/h3>\n<ul>\n<li>43 cm \/ 18 h\u00fcvelykes \u00fajj\u00e1sz\u00fclet\u00e9shez tervezve<\/li>\n<li>Alkalmas mind a kisfi\u00fa \u00fajj\u00e1sz\u00fcletett baba ruh\u00e1ihoz, mind a semleges st\u00edlus\u00fa ruh\u00e1khoz<\/li>\n<li>Meger\u0151s\u00edtett varr\u00e1sok a hosszabb tart\u00f3ss\u00e1g \u00e9rdek\u00e9ben<\/li>\n<li>K\u00f6nny\u0171 textil a k\u00e9nyelmes kezel\u00e9s\u00e9rt<\/li>\n<li>Kompatibilis az \u00faj st\u00edlus\u00fa, \u00fajj\u00e1sz\u00fcletett v\u00e1szonbaba testekkel<\/li>\n<\/ul>\n<div>A szerkezet \u00e9s a puhas\u00e1g egyens\u00faly\u00e1val ez a ruhaszett m\u00e9lys\u00e9get \u00e9s \u00e9leth\u0171s\u00e9get ad b\u00e1rmelyik gy\u0171jtem\u00e9nyhez, megb\u00edzhat\u00f3 v\u00e1laszt\u00e1ss\u00e1 t\u00e9ve a gy\u0171jt\u0151k sz\u00e1m\u00e1ra, akik \u00fajj\u00e1sz\u00fcletett bab\u00e1khoz ill\u0151 babaruh\u00e1kat keresnek.<\/div>\n<div><\/div>\n<\/div>\n<div class=\"detailmodule_html\">\n<div class=\"detail-desc-decorate-richtext\">\n<p style=\"text-align: center; margin: 0px;\" align=\"center\"><img decoding=\"async\" src=\"https:\/\/www.mkreborns.com\/wp-content\/uploads\/2026\/03\/kf-Sbb815d83d55a42c6b75a953932f9eec9r.webp\" alt=\"\" title=\"\"><img decoding=\"async\" src=\"https:\/\/www.mkreborns.com\/wp-content\/uploads\/2026\/03\/kf-Sc2b352c412684bd7acc6bb9bcdf0c927X.webp\" alt=\"\" title=\"\"><img decoding=\"async\" src=\"https:\/\/www.mkreborns.com\/wp-content\/uploads\/2026\/03\/kf-S359e5961003a4ef683ca7929699e081fB.webp\" alt=\"\" title=\"\"><img decoding=\"async\" src=\"https:\/\/www.mkreborns.com\/wp-content\/uploads\/2026\/03\/kf-Scc518a1bba6e434daac8f2dece7ee61fs.webp\" alt=\"\" title=\"\"><img decoding=\"async\" src=\"https:\/\/www.mkreborns.com\/wp-content\/uploads\/2026\/03\/kf-S5c9fd673d94b407495c1b13241048299B.webp\" alt=\"\" title=\"\"><img decoding=\"async\" src=\"https:\/\/www.mkreborns.com\/wp-content\/uploads\/2026\/03\/kf-S4b118a05358c496d84bb2426874d92c8u.webp\" alt=\"\" title=\"\"><img decoding=\"async\" src=\"https:\/\/www.mkreborns.com\/wp-content\/uploads\/2026\/03\/kf-S41958fdfe8b14b4481003fedf9275197D.webp\" alt=\"\" title=\"\"><img decoding=\"async\" src=\"https:\/\/www.mkreborns.com\/wp-content\/uploads\/2026\/03\/kf-Sb7de3410d1f5466194271c86cc3b11047.webp\" alt=\"\" title=\"\"><img decoding=\"async\" src=\"https:\/\/www.mkreborns.com\/wp-content\/uploads\/2026\/03\/kf-Sf2d8e29dcfbb4426a9b5e0f048bc41bbl.webp\" alt=\"\" title=\"\"><img decoding=\"async\" src=\"https:\/\/www.mkreborns.com\/wp-content\/uploads\/2026\/03\/kf-S87f2002a343949f78d65c595eb6297c7W.webp\" alt=\"\" title=\"\"><img decoding=\"async\" src=\"https:\/\/www.mkreborns.com\/wp-content\/uploads\/2026\/03\/kf-Se889b72926b445a58aea59fc7b6b49b5L.webp\" alt=\"\" title=\"\"><\/p>\n<\/div>\n<\/div>","protected":false},"excerpt":{"rendered":"<div>Gondosan szabott ruh\u00e1k, amelyeket kifejezetten 45 centis \u00fajj\u00e1sz\u00fclet\u0151knek terveztek, a klasszikus st\u00edlust puha anyagokkal \u00f6tv\u00f6zve a kifinomult \u00e9s \u00e9leth\u0171 megjelen\u00e9s \u00e9rdek\u00e9ben.<\/div>","protected":false},"featured_media":4001,"comment_status":"open","ping_status":"closed","template":"","meta":[],"product_brand":[],"product_cat":[159,148],"product_tag":[],"class_list":{"0":"post-4000","1":"product","2":"type-product","3":"status-publish","4":"has-post-thumbnail","6":"product_cat-clothes-for-reborn-dolls","7":"product_cat-reborn-doll-accessories","9":"first","10":"instock","11":"sale","12":"shipping-taxable","13":"purchasable","14":"product-type-variable","15":"has-default-attributes"},"_links":{"self":[{"href":"https:\/\/www.mkreborns.com\/hu\/wp-json\/wp\/v2\/product\/4000","targetHints":{"allow":["GET"]}}],"collection":[{"href":"https:\/\/www.mkreborns.com\/hu\/wp-json\/wp\/v2\/product"}],"about":[{"href":"https:\/\/www.mkreborns.com\/hu\/wp-json\/wp\/v2\/types\/product"}],"replies":[{"embeddable":true,"href":"https:\/\/www.mkreborns.com\/hu\/wp-json\/wp\/v2\/comments?post=4000"}],"wp:featuredmedia":[{"embeddable":true,"href":"https:\/\/www.mkreborns.com\/hu\/wp-json\/wp\/v2\/media\/4001"}],"wp:attachment":[{"href":"https:\/\/www.mkreborns.com\/hu\/wp-json\/wp\/v2\/media?parent=4000"}],"wp:term":[{"taxonomy":"product_brand","embeddable":true,"href":"https:\/\/www.mkreborns.com\/hu\/wp-json\/wp\/v2\/product_brand?post=4000"},{"taxonomy":"product_cat","embeddable":true,"href":"https:\/\/www.mkreborns.com\/hu\/wp-json\/wp\/v2\/product_cat?post=4000"},{"taxonomy":"product_tag","embeddable":true,"href":"https:\/\/www.mkreborns.com\/hu\/wp-json\/wp\/v2\/product_tag?post=4000"}],"curies":[{"name":"munkaf\u00fczet","href":"https:\/\/api.w.org\/{rel}","templated":true}]}}