{"id":3908,"date":"2026-03-18T13:24:18","date_gmt":"2026-03-18T13:24:18","guid":{"rendered":"https:\/\/www.mkreborns.com\/?post_type=product&#038;p=3908"},"modified":"2026-03-19T15:51:18","modified_gmt":"2026-03-19T15:51:18","slug":"18-inch-reborn-dolls-clothes-for-baby-doll-outfits","status":"publish","type":"product","link":"https:\/\/www.mkreborns.com\/hu\/product\/18-inch-reborn-dolls-clothes-for-baby-doll-outfits\/","title":{"rendered":"18 h\u00fcvelykes \u00fajj\u00e1sz\u00fcletett bab\u00e1k ruh\u00e1i babababa jelmezekhez"},"content":{"rendered":"<h2>St\u00edlusos 45 cm-es Reborn bab\u00e1k ruh\u00e1i minden alkalomra<\/h2>\n<div>Vigy\u00e9l b\u00e1jt \u00e9s hiteless\u00e9get babagy\u0171jtem\u00e9nyedbe 18 h\u00fcvelykes \u00fajj\u00e1sz\u00fcletett bab\u00e1k ruh\u00e1inkkal. Minden egyes ruhadarabot gondosan \u00fagy tervezt\u00fcnk, hogy t\u00f6k\u00e9letesen illeszkedjen az \u00fajj\u00e1sz\u00fcletett bab\u00e1khoz, mik\u00f6zben k\u00e9nyelmet \u00e9s \u00e9leth\u0171 megjelen\u00e9st biztos\u00edt. Ide\u00e1lisak j\u00e1t\u00e9kra \u00e9s ki\u00e1ll\u00edt\u00e1sra egyar\u00e1nt, ezek a ruh\u00e1k minden bab\u00e1t divatos t\u00e1rss\u00e1 var\u00e1zsolnak.<\/div>\n<h3>R\u00e9szletesen kidolgozott diz\u00e1jn \u00e9s k\u00e9nyelmes illeszked\u00e9s<\/h3>\n<div>Kollekci\u00f3nkban \u00fajj\u00e1sz\u00fcletett bab\u00e1k ruh\u00e1it mutatjuk be, k\u00fcl\u00f6n\u00f6s figyelmet ford\u00edtva az \u00fajj\u00e1sz\u00fcletett bab\u00e1k textil test\u00e9re, biztos\u00edtva, hogy minden darab k\u00e9nyelmesen illeszkedjen, mik\u00f6zben kiemeli a val\u00f3s\u00e1gh\u0171 von\u00e1sokat. A j\u00e1t\u00e9kos pizsam\u00e1kt\u00f3l az eleg\u00e1ns ruh\u00e1kig ezek a ruh\u00e1k sokoldal\u00fas\u00e1got \u00e9s st\u00edlust k\u00edn\u00e1lnak, kiemelve 45 centis bab\u00e1dat.<\/div>\n<ul>\n<li>Pontos m\u00e9retez\u00e9s: 45 cm-es bab\u00e1khoz tervezt\u00e9k a t\u00f6k\u00e9letes illeszked\u00e9s \u00e9s a k\u00f6nny\u0171 \u00f6lt\u00f6ztet\u00e9s \u00e9rdek\u00e9ben.<\/li>\n<li>Kiv\u00e1l\u00f3 min\u0151s\u00e9g\u0171 anyagok: A puha, tart\u00f3s anyagok k\u00e9nyelmet \u00e9s tart\u00f3s viseletet biztos\u00edtanak.<\/li>\n<li>Val\u00f3s\u00e1gh\u0171 r\u00e9szletek: A bonyolult varr\u00e1sok \u00e9s mint\u00e1k az eredeti babaruh\u00e1kat t\u00fckr\u00f6zik.<\/li>\n<li>St\u00edlusv\u00e1laszt\u00e9k: Minden alkalomra k\u00edn\u00e1lunk h\u00e9tk\u00f6znapi, form\u00e1lis \u00e9s szezon\u00e1lis \u00f6lt\u00f6z\u00e9keket.<\/li>\n<li>Tov\u00e1bbfejlesztett baba realizmus: Az \u00fajj\u00e1sz\u00fcletett baba sz\u00f6vettest\u00e9hez igaz\u00edtva, \u00e9leth\u0171 b\u00e1jt k\u00f6lcs\u00f6n\u00f6zve.<\/li>\n<\/ul>\n<div>Turb\u00f3zd fel a baba ruhat\u00e1radat ezekkel a gy\u00f6ny\u00f6r\u0171, 45 cm-es, \u00fajj\u00e1sz\u00fcletett baba ruh\u00e1kkal, amelyek \u00f6tv\u00f6zik a st\u00edlust, a k\u00e9nyelmet \u00e9s az eredeti megjelen\u00e9st.<\/div>\n<p style=\"text-align: center;\" align=\"center\"><img decoding=\"async\" src=\"https:\/\/www.mkreborns.com\/wp-content\/uploads\/2026\/03\/kf-S9d31fc2e9fcd434fafe9c0f471411531G.webp\" alt=\"\" title=\"\"><img decoding=\"async\" src=\"https:\/\/www.mkreborns.com\/wp-content\/uploads\/2026\/03\/kf-Sb94cdf6699bc46d3a5df6fd0f3b9305eP.webp\" alt=\"\" title=\"\"><img decoding=\"async\" src=\"https:\/\/www.mkreborns.com\/wp-content\/uploads\/2026\/03\/kf-S2c32be6ab85b4bc298e8b61239d41026x.webp\" alt=\"\" title=\"\"><img decoding=\"async\" src=\"https:\/\/www.mkreborns.com\/wp-content\/uploads\/2026\/03\/kf-S572f25d107b74315a31d1340abf1216fq.webp\" alt=\"\" title=\"\"><img decoding=\"async\" src=\"https:\/\/www.mkreborns.com\/wp-content\/uploads\/2026\/03\/kf-S5255329b890042289e03e8edbc8650fdh.webp\" alt=\"\" title=\"\"><\/p>","protected":false},"excerpt":{"rendered":"<p>D\u00edsz\u00edtsd 45 cm-es \u00fajj\u00e1sz\u00fcletett bab\u00e1dat st\u00edlusos, puha \u00e9s r\u00e9szletes ruh\u00e1kkal, amelyek realisztikus j\u00e1t\u00e9kra \u00e9s tart\u00f3s eleganci\u00e1ra lettek tervezve.<\/p>","protected":false},"featured_media":3909,"comment_status":"open","ping_status":"closed","template":"","meta":[],"product_brand":[],"product_cat":[159,148],"product_tag":[],"class_list":{"0":"post-3908","1":"product","2":"type-product","3":"status-publish","4":"has-post-thumbnail","6":"product_cat-clothes-for-reborn-dolls","7":"product_cat-reborn-doll-accessories","9":"first","10":"instock","11":"sale","12":"shipping-taxable","13":"purchasable","14":"product-type-simple"},"_links":{"self":[{"href":"https:\/\/www.mkreborns.com\/hu\/wp-json\/wp\/v2\/product\/3908","targetHints":{"allow":["GET"]}}],"collection":[{"href":"https:\/\/www.mkreborns.com\/hu\/wp-json\/wp\/v2\/product"}],"about":[{"href":"https:\/\/www.mkreborns.com\/hu\/wp-json\/wp\/v2\/types\/product"}],"replies":[{"embeddable":true,"href":"https:\/\/www.mkreborns.com\/hu\/wp-json\/wp\/v2\/comments?post=3908"}],"wp:featuredmedia":[{"embeddable":true,"href":"https:\/\/www.mkreborns.com\/hu\/wp-json\/wp\/v2\/media\/3909"}],"wp:attachment":[{"href":"https:\/\/www.mkreborns.com\/hu\/wp-json\/wp\/v2\/media?parent=3908"}],"wp:term":[{"taxonomy":"product_brand","embeddable":true,"href":"https:\/\/www.mkreborns.com\/hu\/wp-json\/wp\/v2\/product_brand?post=3908"},{"taxonomy":"product_cat","embeddable":true,"href":"https:\/\/www.mkreborns.com\/hu\/wp-json\/wp\/v2\/product_cat?post=3908"},{"taxonomy":"product_tag","embeddable":true,"href":"https:\/\/www.mkreborns.com\/hu\/wp-json\/wp\/v2\/product_tag?post=3908"}],"curies":[{"name":"munkaf\u00fczet","href":"https:\/\/api.w.org\/{rel}","templated":true}]}}