{"id":3890,"date":"2026-03-18T13:08:27","date_gmt":"2026-03-18T13:08:27","guid":{"rendered":"https:\/\/www.mkreborns.com\/?post_type=product&#038;p=3890"},"modified":"2026-03-19T15:52:23","modified_gmt":"2026-03-19T15:52:23","slug":"baby-doll-clothes-17-18-inch-reborn-outfits-for-girls","status":"publish","type":"product","link":"https:\/\/www.mkreborns.com\/hu\/product\/baby-doll-clothes-17-18-inch-reborn-outfits-for-girls\/","title":{"rendered":"Babaruha 17\u201318 h\u00fcvelykes \u00fajj\u00e1sz\u00fcletett bab\u00e1khoz l\u00e1nyoknak"},"content":{"rendered":"<div class=\"detailmodule_html\">\n<div class=\"detail-desc-decorate-richtext\">\n<h2>B\u00e1jos st\u00edlusok 17-18 h\u00fcvelykes Reborn babaruh\u00e1khoz<\/h2>\n<div>Dobd fel \u00fajj\u00e1sz\u00fclet\u00e9s kollekci\u00f3dat pr\u00e9mium 17-18 h\u00fcvelykes (Reborn) babaruh\u00e1inkkal. Minden egyes ruhadarabot apr\u00f3l\u00e9kosan \u00fagy tervezt\u00fcnk, hogy kieg\u00e9sz\u00edtse a Reborn babaruh\u00e1kat, \u00f6tv\u00f6zve a k\u00e9nyelmet, a tart\u00f3ss\u00e1got \u00e9s az \u00e9leth\u0171 r\u00e9szleteket. Ak\u00e1r j\u00e1t\u00e9kra, ak\u00e1r ki\u00e1ll\u00edt\u00e1sra sz\u00e1nod, ezek a ruh\u00e1k t\u00f6k\u00e9letesen illeszkednek \u00e9s \u00e9l\u00e9nk, szemet gy\u00f6ny\u00f6rk\u00f6dtet\u0151 diz\u00e1jnt k\u00edn\u00e1lnak.<\/div>\n<h3>Egyedi diz\u00e1jnok \u00e9s mint\u00e1s r\u00e9szletek<\/h3>\n<div>K\u00edn\u00e1latunkban bonyolult, \u00fajj\u00e1sz\u00fcletett bab\u00e1knak sz\u00e1nt sz\u00f6vettest-mint\u00e1k tal\u00e1lhat\u00f3k, amelyek lehet\u0151v\u00e9 teszik, hogy minden baba kifejezze szem\u00e9lyis\u00e9g\u00e9t \u00e9s st\u00edlus\u00e1t. V\u00e1lasszon ruh\u00e1k, pizsam\u00e1k \u00e9s \u00f6sszehangolt szettek k\u00f6z\u00fcl, amelyeket mind a 43, mind a 46 cm-es \u00fajj\u00e1sz\u00fcletett bab\u00e1khoz szabtunk. A puha anyagoknak \u00e9s a val\u00f3s\u00e1gh\u0171 kidolgoz\u00e1snak k\u00f6sz\u00f6nhet\u0151en minden ruha fokozza bab\u00e1ja \u00e9leth\u0171 b\u00e1j\u00e1t.<\/div>\n<ul>\n<li>Egyedi m\u00e9ret: 43-46 cm-es \u00fajj\u00e1sz\u00fcletett bab\u00e1khoz m\u00e9retre igaz\u00edtva a gondtalan \u00f6lt\u00f6ztet\u00e9s \u00e9rdek\u00e9ben.<\/li>\n<li>Kiv\u00e1l\u00f3 min\u0151s\u00e9g\u0171 anyagok: Gyeng\u00e9d, tart\u00f3s sz\u00f6vetek, amelyek megtartj\u00e1k alakjukat \u00e9s sz\u00edn\u00fcket.<\/li>\n<li>Mint\u00e1s v\u00e1ltozatoss\u00e1g: Az \u00fajj\u00e1sz\u00fclet\u0151 baba kend\u0151mint\u00e1ja minden ruh\u00e1hoz egyedis\u00e9get k\u00f6lcs\u00f6n\u00f6z.<\/li>\n<li>Sokoldal\u00fa ruhat\u00e1r: Lezser viseletet, alkalmi ruh\u00e1kat \u00e9s j\u00e1t\u00e9kos szetteket is tartalmaz.<\/li>\n<li>Fokozott realizmus: A r\u00e9szletes varr\u00e1s \u00e9s kidolgoz\u00e1s minden darabnak hiteless\u00e9get k\u00f6lcs\u00f6n\u00f6z.<\/li>\n<\/ul>\n<div>Vigy\u00e9l \u00f6r\u00f6met \u00e9s kifinomults\u00e1got minden babaki\u00e1ll\u00edt\u00e1sba ezekkel a gy\u00f6ny\u00f6r\u0171en kidolgozott 17-18 h\u00fcvelykes (45-46 cm) \u00fajj\u00e1sz\u00fcletett babaruh\u00e1kkal, amelyek \u00f6tv\u00f6zik a st\u00edlust, a k\u00e9nyelmet \u00e9s az \u00e9leth\u0171 eleganci\u00e1t.<\/div>\n<div><\/div>\n<p style=\"text-align: center; margin: 0px;\" align=\"center\"><img decoding=\"async\" src=\"https:\/\/www.mkreborns.com\/wp-content\/uploads\/2026\/03\/kf-Sff4af0a0ce8d4485b7c09410cb094249I.webp\" alt=\"\" title=\"\"><img decoding=\"async\" src=\"https:\/\/www.mkreborns.com\/wp-content\/uploads\/2026\/03\/kf-S10d68fad596841c589219dc0c10319fbZ.webp\" alt=\"\" title=\"\"><img decoding=\"async\" src=\"https:\/\/www.mkreborns.com\/wp-content\/uploads\/2026\/03\/kf-S8dbdfa36fe014c8fa0765011983d82caD.webp\" alt=\"\" title=\"\"><img decoding=\"async\" src=\"https:\/\/www.mkreborns.com\/wp-content\/uploads\/2026\/03\/kf-S920d035ab985467b8517b1483d4f6bbaY.webp\" alt=\"\" title=\"\"><img decoding=\"async\" src=\"https:\/\/www.mkreborns.com\/wp-content\/uploads\/2026\/03\/kf-S4b96cea014a44b709b752532f6113fbfu.webp\" alt=\"\" title=\"\"><img decoding=\"async\" src=\"https:\/\/www.mkreborns.com\/wp-content\/uploads\/2026\/03\/kf-S44c92652455b47b98527b3aa131f6b1eT.webp\" alt=\"\" title=\"\"><img decoding=\"async\" src=\"https:\/\/www.mkreborns.com\/wp-content\/uploads\/2026\/03\/kf-S56de3d76be034bbfb5ae1261f59232a1O.webp\" alt=\"\" title=\"\"><img decoding=\"async\" src=\"https:\/\/www.mkreborns.com\/wp-content\/uploads\/2026\/03\/kf-S0590e45ab54740c38d581d7611ef244cS.webp\" alt=\"\" title=\"\"><img decoding=\"async\" src=\"https:\/\/www.mkreborns.com\/wp-content\/uploads\/2026\/03\/kf-S4d9af2659e454d8b87e97bd159ed9cdfz.webp\" alt=\"\" title=\"\"><img decoding=\"async\" src=\"https:\/\/www.mkreborns.com\/wp-content\/uploads\/2026\/03\/kf-Sb9c38680031e40f6b3db3e4e386af5c5l.webp\" alt=\"\" title=\"\"><\/p>\n<\/div>\n<\/div>","protected":false},"excerpt":{"rendered":"<p>V\u00e1ltoztasd \u00e1t \u00fajj\u00e1sz\u00fcletett bab\u00e1dat st\u00edlusos t\u00e1rss\u00e1 puha, r\u00e9szletgazdag ruh\u00e1zattal, amelyet a val\u00f3s\u00e1gh\u0171 j\u00e1t\u00e9khoz \u00e9s a v\u00e9gtelen b\u00e1jhoz terveztek.<\/p>","protected":false},"featured_media":3891,"comment_status":"open","ping_status":"closed","template":"","meta":[],"product_brand":[],"product_cat":[159,148],"product_tag":[],"class_list":{"0":"post-3890","1":"product","2":"type-product","3":"status-publish","4":"has-post-thumbnail","6":"product_cat-clothes-for-reborn-dolls","7":"product_cat-reborn-doll-accessories","9":"first","10":"instock","11":"sale","12":"shipping-taxable","13":"purchasable","14":"product-type-variable","15":"has-default-attributes"},"_links":{"self":[{"href":"https:\/\/www.mkreborns.com\/hu\/wp-json\/wp\/v2\/product\/3890","targetHints":{"allow":["GET"]}}],"collection":[{"href":"https:\/\/www.mkreborns.com\/hu\/wp-json\/wp\/v2\/product"}],"about":[{"href":"https:\/\/www.mkreborns.com\/hu\/wp-json\/wp\/v2\/types\/product"}],"replies":[{"embeddable":true,"href":"https:\/\/www.mkreborns.com\/hu\/wp-json\/wp\/v2\/comments?post=3890"}],"wp:featuredmedia":[{"embeddable":true,"href":"https:\/\/www.mkreborns.com\/hu\/wp-json\/wp\/v2\/media\/3891"}],"wp:attachment":[{"href":"https:\/\/www.mkreborns.com\/hu\/wp-json\/wp\/v2\/media?parent=3890"}],"wp:term":[{"taxonomy":"product_brand","embeddable":true,"href":"https:\/\/www.mkreborns.com\/hu\/wp-json\/wp\/v2\/product_brand?post=3890"},{"taxonomy":"product_cat","embeddable":true,"href":"https:\/\/www.mkreborns.com\/hu\/wp-json\/wp\/v2\/product_cat?post=3890"},{"taxonomy":"product_tag","embeddable":true,"href":"https:\/\/www.mkreborns.com\/hu\/wp-json\/wp\/v2\/product_tag?post=3890"}],"curies":[{"name":"munkaf\u00fczet","href":"https:\/\/api.w.org\/{rel}","templated":true}]}}