{"id":3868,"date":"2026-03-18T10:01:51","date_gmt":"2026-03-18T10:01:51","guid":{"rendered":"https:\/\/www.mkreborns.com\/?post_type=product&#038;p=3868"},"modified":"2026-03-19T15:52:36","modified_gmt":"2026-03-19T15:52:36","slug":"18-inch-reborn-doll-clothes-for-toddlers-and-girls","status":"publish","type":"product","link":"https:\/\/www.mkreborns.com\/hu\/product\/18-inch-reborn-doll-clothes-for-toddlers-and-girls\/","title":{"rendered":"18 h\u00fcvelykes Reborn baba ruh\u00e1k kisgyermekeknek \u00e9s l\u00e1nyoknak"},"content":{"rendered":"<div class=\"product-specs-list-container\">\n<h2>Eleg\u00e1ns ruh\u00e1k minden 45 centis \u00fajj\u00e1sz\u00fclet\u0151 bab\u00e1hoz<\/h2>\n<div>Tedd \u00fajj\u00e1sz\u00fcletett bab\u00e1dat a figyelem k\u00f6z\u00e9ppontj\u00e1ba pr\u00e9mium 45 cm-es \u00fajj\u00e1sz\u00fcletett babaruh\u00e1inkkal. \u00dagy tervezt\u00fck, hogy t\u00f6k\u00e9letesen illeszkedjen az \u00fajj\u00e1sz\u00fcletett kisgyermek bab\u00e1khoz, minden egyes ruhadarab a val\u00f3s\u00e1gh\u0171 r\u00e9szleteket puha, tart\u00f3s anyagokkal \u00f6tv\u00f6zi. A mindennapi viselett\u0151l a k\u00fcl\u00f6nleges alkalmakig ezek a ruh\u00e1k biztos\u00edtj\u00e1k, hogy bab\u00e1d mindig t\u00f6k\u00e9letes legyen.<\/div>\n<h3>St\u00edlusos v\u00e1laszt\u00e9k \u00e9s kieg\u00e9sz\u00edt\u0151k<\/h3>\n<div>Kollekci\u00f3nkban \u00fajj\u00e1sz\u00fcletett szilikon babaruh\u00e1k \u00e9s kieg\u00e9sz\u00edt\u0151k tal\u00e1lhat\u00f3k, amelyek minden baba ruhat\u00e1r\u00e1t gazdag\u00edtj\u00e1k. V\u00e1lasszon az \u00e9l\u00e9nklila ruh\u00e1k k\u00f6z\u00fcl \u00fajj\u00e1sz\u00fcletett bab\u00e1knak, a finom ruh\u00e1k k\u00f6z\u00fcl \u00fajj\u00e1sz\u00fcletett l\u00e1ny bab\u00e1knak \u00e9s a sokoldal\u00fa babaruh\u00e1k k\u00f6z\u00fcl, amelyek b\u00e1rmilyen helyzetre alkalmasak. Minden darabot \u00fagy szabunk, hogy k\u00f6nnyen fel\u00f6lt\u00f6ztethet\u0151 legyen, mik\u00f6zben meg\u0151rzi a realisztikus, k\u00e9zzel k\u00e9sz\u00edtett \u00e9rzetet.<\/div>\n<ul>\n<li>Pr\u00e9mium illeszked\u00e9s: T\u00f6k\u00e9letesen illeszkedik a 45 cm-es \u00fajj\u00e1sz\u00fcletett bab\u00e1khoz, biztos\u00edtva a k\u00e9nyelmet \u00e9s az eleganci\u00e1t.<\/li>\n<li>Kiv\u00e1l\u00f3 min\u0151s\u00e9g\u0171 anyagok: Puha, tart\u00f3s anyagok, amelyek ut\u00e1nozz\u00e1k a val\u00f3di babaruh\u00e1k text\u00far\u00e1j\u00e1t.<\/li>\n<li>Sokoldal\u00fa st\u00edlusok: A j\u00e1t\u00e9kos h\u00e9tk\u00f6znapi viselett\u0151l a kifinomult lila \u00f6ssze\u00e1ll\u00edt\u00e1sokig.<\/li>\n<li>Kieg\u00e9sz\u00edt\u0151 opci\u00f3k: Tartalmaz hozz\u00e1ill\u0151 sapk\u00e1kat, cip\u0151ket \u00e9s takar\u00f3kat a teljes egy\u00fcttesekhez.<\/li>\n<li>Realisztikus r\u00e9szletek: K\u00e9zzel k\u00e9sz\u00edtett varr\u00e1s \u00e9s b\u00e1jos d\u00edsz\u00edt\u00e9sek az \u00e9leth\u0171 megjelen\u00e9s\u00e9rt.<\/li>\n<\/ul>\n<div>Vigy\u00e9l b\u00e1jt, realizmust \u00e9s sz\u00f3rakoz\u00e1st a gy\u0171jtem\u00e9nyedbe ezekkel a gy\u00f6ny\u00f6r\u0171en kidolgozott 45 cm-es \u00fajj\u00e1sz\u00fcletett babaruh\u00e1kkal, amelyek minden j\u00e1t\u00e9kkalandot feldobnak.<\/div>\n<div><\/div>\n<\/div>\n<div class=\"detailmodule_html\">\n<div class=\"detail-desc-decorate-richtext\">\n<p style=\"text-align: center; margin: 0px;\" align=\"center\"><img decoding=\"async\" src=\"https:\/\/www.mkreborns.com\/wp-content\/uploads\/2026\/03\/kf-S7d8ebb1a885d44398f64514886946629E.webp\" alt=\"\" title=\"\"><img decoding=\"async\" src=\"https:\/\/www.mkreborns.com\/wp-content\/uploads\/2026\/03\/kf-S89a1ffaead92487d9a130af90b3d4fc5K.webp\" alt=\"\" title=\"\"><img decoding=\"async\" src=\"https:\/\/www.mkreborns.com\/wp-content\/uploads\/2026\/03\/kf-Sc34b80cf2d3a4c60b3a32babd9f3f5548.webp\" alt=\"\" title=\"\"><img decoding=\"async\" src=\"https:\/\/www.mkreborns.com\/wp-content\/uploads\/2026\/03\/kf-S160a0246ec60450ba40c67d32c0961672.webp\" alt=\"\" title=\"\"><img decoding=\"async\" src=\"https:\/\/www.mkreborns.com\/wp-content\/uploads\/2026\/03\/kf-S4d9f66438f1f42e0b260f4684f54fb0bW.webp\" alt=\"\" title=\"\"><img decoding=\"async\" src=\"https:\/\/ae01.alicdn.com\/kf\/S9f14fbaf63524021b86c7a946d713f30N.jpg\" alt=\"\" title=\"\"><img decoding=\"async\" src=\"https:\/\/ae01.alicdn.com\/kf\/Sf7fd6a137dba47e9aecbf4de66cb87df3.jpg\" alt=\"\" title=\"\"><img decoding=\"async\" src=\"https:\/\/ae01.alicdn.com\/kf\/S06ea55e7d37a45acb579364f3408aa76B.jpg\" alt=\"\" title=\"\"><img decoding=\"async\" src=\"https:\/\/ae01.alicdn.com\/kf\/S81d380c3ee694b8eafebd8a9c2653a1at.jpg\" alt=\"\" title=\"\"><img decoding=\"async\" src=\"https:\/\/ae01.alicdn.com\/kf\/S580e530ac6c84a7a82ce96a246202693U.jpg\" alt=\"\" title=\"\"><img decoding=\"async\" src=\"https:\/\/ae01.alicdn.com\/kf\/S4fce4907e8dd42a7b8679f2512ebba25I.jpg\" alt=\"\" title=\"\"><img decoding=\"async\" src=\"https:\/\/ae01.alicdn.com\/kf\/S0f517424cd3642999a0a881e47972c1du.jpg\" alt=\"\" title=\"\"><img decoding=\"async\" src=\"https:\/\/ae01.alicdn.com\/kf\/Sca06b8ff57b34251853a9fb540f747afw.jpg\" alt=\"\" title=\"\"><img decoding=\"async\" src=\"https:\/\/ae01.alicdn.com\/kf\/Sfd3631ab03ee426692991be15c6afe4ee.jpg\" alt=\"\" title=\"\"><\/p>\n<\/div>\n<\/div>","protected":false},"excerpt":{"rendered":"<p>\u00d6lt\u00f6ztesd fel \u00fajj\u00e1sz\u00fcletett bab\u00e1dat st\u00edlusosan k\u00e9nyelmes, kiv\u00e1l\u00f3 min\u0151s\u00e9g\u0171 ruh\u00e1kba, amelyek \u00f6tv\u00f6zik a b\u00e1jt \u00e9s a k\u00e9nyelmet az \u00f3r\u00e1kon \u00e1t tart\u00f3 fant\u00e1ziad\u00fas j\u00e1t\u00e9khoz.<\/p>","protected":false},"featured_media":3869,"comment_status":"open","ping_status":"closed","template":"","meta":[],"product_brand":[],"product_cat":[159,148],"product_tag":[],"class_list":{"0":"post-3868","1":"product","2":"type-product","3":"status-publish","4":"has-post-thumbnail","6":"product_cat-clothes-for-reborn-dolls","7":"product_cat-reborn-doll-accessories","9":"first","10":"instock","11":"sale","12":"shipping-taxable","13":"purchasable","14":"product-type-variable","15":"has-default-attributes"},"_links":{"self":[{"href":"https:\/\/www.mkreborns.com\/hu\/wp-json\/wp\/v2\/product\/3868","targetHints":{"allow":["GET"]}}],"collection":[{"href":"https:\/\/www.mkreborns.com\/hu\/wp-json\/wp\/v2\/product"}],"about":[{"href":"https:\/\/www.mkreborns.com\/hu\/wp-json\/wp\/v2\/types\/product"}],"replies":[{"embeddable":true,"href":"https:\/\/www.mkreborns.com\/hu\/wp-json\/wp\/v2\/comments?post=3868"}],"wp:featuredmedia":[{"embeddable":true,"href":"https:\/\/www.mkreborns.com\/hu\/wp-json\/wp\/v2\/media\/3869"}],"wp:attachment":[{"href":"https:\/\/www.mkreborns.com\/hu\/wp-json\/wp\/v2\/media?parent=3868"}],"wp:term":[{"taxonomy":"product_brand","embeddable":true,"href":"https:\/\/www.mkreborns.com\/hu\/wp-json\/wp\/v2\/product_brand?post=3868"},{"taxonomy":"product_cat","embeddable":true,"href":"https:\/\/www.mkreborns.com\/hu\/wp-json\/wp\/v2\/product_cat?post=3868"},{"taxonomy":"product_tag","embeddable":true,"href":"https:\/\/www.mkreborns.com\/hu\/wp-json\/wp\/v2\/product_tag?post=3868"}],"curies":[{"name":"munkaf\u00fczet","href":"https:\/\/api.w.org\/{rel}","templated":true}]}}