{"id":3859,"date":"2026-03-09T16:08:41","date_gmt":"2026-03-09T16:08:41","guid":{"rendered":"https:\/\/www.mkreborns.com\/?post_type=product&#038;p=3859"},"modified":"2026-03-20T15:54:07","modified_gmt":"2026-03-20T15:54:07","slug":"peter-custom-silicone-toy-reborn-doll","status":"publish","type":"product","link":"https:\/\/www.mkreborns.com\/hu\/product\/peter-custom-silicone-toy-reborn-doll\/","title":{"rendered":"P\u00e9ter egyedi szilikon j\u00e1t\u00e9k \u00fajj\u00e1sz\u00fcletett baba"},"content":{"rendered":"<p>Az \u00fajj\u00e1sz\u00fclet\u00e9sek nem csup\u00e1n m\u0171alkot\u00e1sok; gyeng\u00e9d pr\u00f3bak\u00e9nt is szolg\u00e1lhatnak a v\u00e1rand\u00f3s sz\u00fcl\u0151k sz\u00e1m\u00e1ra, mag\u00e1val ragad\u00f3 \u00e9lm\u00e9nyt ny\u00fajtva. A pelenk\u00e1z\u00e1s, a p\u00f3ly\u00e1z\u00e1s \u00e9s az \u00faj \u00e9let gyeng\u00e9d \u00f6lel\u00e9s\u00e9nek gyakorl\u00e1sa egy 40 cm magas szilikon \u00fajj\u00e1sz\u00fcletett bab\u00e1val seg\u00edthet az \u00fajdons\u00fclt sz\u00fcl\u0151knek enyh\u00edteni a szorong\u00e1st \u00e9s n\u00f6velni az \u00f6nbizalmukat.<\/p>\n<p>Nem: Fi\u00fa<br \/>\nMagass\u00e1g: 40 cm<br \/>\nS\u00faly: 1,6 kg<br \/>\nCsomagol\u00e1s s\u00falya: 2,3 kg<br \/>\nCsomagol\u00e1s m\u00e9retei: 46*21*15cm<\/p>\n<p>&nbsp;<\/p>\n<p><img decoding=\"async\" class=\"aligncenter wp-image-3860 size-full\" src=\"https:\/\/www.mkreborns.com\/wp-content\/themes\/woodmart\/images\/lazy.svg\" data-src=\"https:\/\/www.mkreborns.com\/wp-content\/uploads\/2026\/03\/Peter-reborn-doll1.jpg\" alt=\"\" width=\"1500\" height=\"1500\" title=\"\" srcset=\"\" data-srcset=\"https:\/\/www.mkreborns.com\/wp-content\/uploads\/2026\/03\/Peter-reborn-doll1.jpg 1500w, https:\/\/www.mkreborns.com\/wp-content\/uploads\/2026\/03\/Peter-reborn-doll1-300x300.jpg 300w, https:\/\/www.mkreborns.com\/wp-content\/uploads\/2026\/03\/Peter-reborn-doll1-800x800.jpg 800w, https:\/\/www.mkreborns.com\/wp-content\/uploads\/2026\/03\/Peter-reborn-doll1-150x150.jpg 150w, https:\/\/www.mkreborns.com\/wp-content\/uploads\/2026\/03\/Peter-reborn-doll1-768x768.jpg 768w, https:\/\/www.mkreborns.com\/wp-content\/uploads\/2026\/03\/Peter-reborn-doll1-12x12.jpg 12w, https:\/\/www.mkreborns.com\/wp-content\/uploads\/2026\/03\/Peter-reborn-doll1-700x700.jpg 700w\" sizes=\"(max-width: 1500px) 100vw, 1500px\" \/> <img decoding=\"async\" class=\"aligncenter wp-image-3867 size-full\" src=\"https:\/\/www.mkreborns.com\/wp-content\/themes\/woodmart\/images\/lazy.svg\" data-src=\"https:\/\/www.mkreborns.com\/wp-content\/uploads\/2026\/03\/Peter-reborn-doll8.jpg\" alt=\"Realisztikus Kelly szilikon \u00fajj\u00e1sz\u00fcletett baba puha pl\u00fcss mack\u00f3val, t\u00f6k\u00e9letes kreat\u00edv aj\u00e1nd\u00e9kgy\u0171jt\u0151knek.\" width=\"1500\" height=\"1500\" title=\"\" srcset=\"\" data-srcset=\"https:\/\/www.mkreborns.com\/wp-content\/uploads\/2026\/03\/Peter-reborn-doll8.jpg 1500w, https:\/\/www.mkreborns.com\/wp-content\/uploads\/2026\/03\/Peter-reborn-doll8-300x300.jpg 300w, https:\/\/www.mkreborns.com\/wp-content\/uploads\/2026\/03\/Peter-reborn-doll8-800x800.jpg 800w, https:\/\/www.mkreborns.com\/wp-content\/uploads\/2026\/03\/Peter-reborn-doll8-150x150.jpg 150w, https:\/\/www.mkreborns.com\/wp-content\/uploads\/2026\/03\/Peter-reborn-doll8-768x768.jpg 768w, https:\/\/www.mkreborns.com\/wp-content\/uploads\/2026\/03\/Peter-reborn-doll8-12x12.jpg 12w, https:\/\/www.mkreborns.com\/wp-content\/uploads\/2026\/03\/Peter-reborn-doll8-700x700.jpg 700w\" sizes=\"(max-width: 1500px) 100vw, 1500px\" \/><\/p>","protected":false},"excerpt":{"rendered":"<p>A szilikon fi\u00fa \u00fajj\u00e1sz\u00fcletett bab\u00e1j\u00e1nak legmeghat\u00f3bb aspektusa, hogy az \u00f6r\u00f6k jelen pillanatban \u00e9l.<\/p>","protected":false},"featured_media":3865,"comment_status":"open","ping_status":"closed","template":"","meta":[],"product_brand":[],"product_cat":[158,145,155,146,154,153,157],"product_tag":[],"class_list":{"0":"post-3859","1":"product","2":"type-product","3":"status-publish","4":"has-post-thumbnail","6":"product_cat-15-inch-baby-dolls","7":"product_cat-baby-boy-reborn-dolls","8":"product_cat-cute-reborn-dolls","9":"product_cat-full-silicone-reborn-dolls","10":"product_cat-lifelike-reborn-dolls","11":"product_cat-newborn-reborn-dolls","12":"product_cat-real-life-baby-dolls","14":"first","15":"instock","16":"sale","17":"shipping-taxable","18":"purchasable","19":"product-type-simple"},"_links":{"self":[{"href":"https:\/\/www.mkreborns.com\/hu\/wp-json\/wp\/v2\/product\/3859","targetHints":{"allow":["GET"]}}],"collection":[{"href":"https:\/\/www.mkreborns.com\/hu\/wp-json\/wp\/v2\/product"}],"about":[{"href":"https:\/\/www.mkreborns.com\/hu\/wp-json\/wp\/v2\/types\/product"}],"replies":[{"embeddable":true,"href":"https:\/\/www.mkreborns.com\/hu\/wp-json\/wp\/v2\/comments?post=3859"}],"wp:featuredmedia":[{"embeddable":true,"href":"https:\/\/www.mkreborns.com\/hu\/wp-json\/wp\/v2\/media\/3865"}],"wp:attachment":[{"href":"https:\/\/www.mkreborns.com\/hu\/wp-json\/wp\/v2\/media?parent=3859"}],"wp:term":[{"taxonomy":"product_brand","embeddable":true,"href":"https:\/\/www.mkreborns.com\/hu\/wp-json\/wp\/v2\/product_brand?post=3859"},{"taxonomy":"product_cat","embeddable":true,"href":"https:\/\/www.mkreborns.com\/hu\/wp-json\/wp\/v2\/product_cat?post=3859"},{"taxonomy":"product_tag","embeddable":true,"href":"https:\/\/www.mkreborns.com\/hu\/wp-json\/wp\/v2\/product_tag?post=3859"}],"curies":[{"name":"munkaf\u00fczet","href":"https:\/\/api.w.org\/{rel}","templated":true}]}}