{"id":3849,"date":"2026-03-09T15:51:22","date_gmt":"2026-03-09T15:51:22","guid":{"rendered":"https:\/\/www.mkreborns.com\/?post_type=product&#038;p=3849"},"modified":"2026-03-20T15:51:13","modified_gmt":"2026-03-20T15:51:13","slug":"kelly-silicone-creative-gifts-reborn-doll","status":"publish","type":"product","link":"https:\/\/www.mkreborns.com\/hu\/product\/kelly-silicone-creative-gifts-reborn-doll\/","title":{"rendered":"Kelly szilikon kreat\u00edv aj\u00e1nd\u00e9kok \u00fajj\u00e1sz\u00fclet\u0151 baba"},"content":{"rendered":"<p>Mik\u00f6zben gondoskodsz az apr\u00f3, \u00fajj\u00e1sz\u00fcletett bab\u00e1r\u00f3l, \u00f6lt\u00f6zteted, gyeng\u00e9den ringatod, \u00e9s csukott szemmel n\u00e9zed, ahogy a v\u00e1lladon pihen, abban a pillanatban m\u00e9g a leveg\u0151 is puha \u00e9s gy\u00f6ny\u00f6r\u0171. Az alv\u00f3, \u00fajj\u00e1sz\u00fcletett baba kiv\u00e9telesen aranyos \u00e9s gyeng\u00e9d. A szilikon baba egy l\u00e1ny, \u00e9s a saj\u00e1t preferenci\u00e1id szerint v\u00e1laszthatsz \u00fajj\u00e1sz\u00fcletett bab\u00e1t.<\/p>\n<p>Nem: L\u00e1ny<br \/>\nMagass\u00e1g: 40 cm<br \/>\nS\u00faly: 1,75 kg<br \/>\nCsomagol\u00e1s s\u00falya: 2,5 kg<br \/>\nCsomagol\u00e1s m\u00e9retei: 46*21*15cm<\/p>\n<p>&nbsp;<\/p>\n<p><img decoding=\"async\" class=\"aligncenter wp-image-3857 size-full\" src=\"https:\/\/www.mkreborns.com\/wp-content\/themes\/woodmart\/images\/lazy.svg\" data-src=\"https:\/\/www.mkreborns.com\/wp-content\/uploads\/2026\/03\/Kelly-Reborn-doll8.jpg\" alt=\"\" width=\"1400\" height=\"1400\" title=\"\" srcset=\"\" data-srcset=\"https:\/\/www.mkreborns.com\/wp-content\/uploads\/2026\/03\/Kelly-Reborn-doll8.jpg 1400w, https:\/\/www.mkreborns.com\/wp-content\/uploads\/2026\/03\/Kelly-Reborn-doll8-300x300.jpg 300w, https:\/\/www.mkreborns.com\/wp-content\/uploads\/2026\/03\/Kelly-Reborn-doll8-800x800.jpg 800w, https:\/\/www.mkreborns.com\/wp-content\/uploads\/2026\/03\/Kelly-Reborn-doll8-150x150.jpg 150w, https:\/\/www.mkreborns.com\/wp-content\/uploads\/2026\/03\/Kelly-Reborn-doll8-768x768.jpg 768w, https:\/\/www.mkreborns.com\/wp-content\/uploads\/2026\/03\/Kelly-Reborn-doll8-12x12.jpg 12w, https:\/\/www.mkreborns.com\/wp-content\/uploads\/2026\/03\/Kelly-Reborn-doll8-700x700.jpg 700w\" sizes=\"(max-width: 1400px) 100vw, 1400px\" \/> <img decoding=\"async\" class=\"aligncenter wp-image-3856 size-full\" src=\"https:\/\/www.mkreborns.com\/wp-content\/themes\/woodmart\/images\/lazy.svg\" data-src=\"https:\/\/www.mkreborns.com\/wp-content\/uploads\/2026\/03\/Kelly-Reborn-doll7.jpg\" alt=\"\" width=\"1400\" height=\"1400\" title=\"\" srcset=\"\" data-srcset=\"https:\/\/www.mkreborns.com\/wp-content\/uploads\/2026\/03\/Kelly-Reborn-doll7.jpg 1400w, https:\/\/www.mkreborns.com\/wp-content\/uploads\/2026\/03\/Kelly-Reborn-doll7-300x300.jpg 300w, https:\/\/www.mkreborns.com\/wp-content\/uploads\/2026\/03\/Kelly-Reborn-doll7-800x800.jpg 800w, https:\/\/www.mkreborns.com\/wp-content\/uploads\/2026\/03\/Kelly-Reborn-doll7-150x150.jpg 150w, https:\/\/www.mkreborns.com\/wp-content\/uploads\/2026\/03\/Kelly-Reborn-doll7-768x768.jpg 768w, https:\/\/www.mkreborns.com\/wp-content\/uploads\/2026\/03\/Kelly-Reborn-doll7-12x12.jpg 12w, https:\/\/www.mkreborns.com\/wp-content\/uploads\/2026\/03\/Kelly-Reborn-doll7-700x700.jpg 700w\" sizes=\"(max-width: 1400px) 100vw, 1400px\" \/> <img decoding=\"async\" class=\"aligncenter wp-image-3855 size-full\" src=\"https:\/\/www.mkreborns.com\/wp-content\/themes\/woodmart\/images\/lazy.svg\" data-src=\"https:\/\/www.mkreborns.com\/wp-content\/uploads\/2026\/03\/Kelly-Reborn-doll6.jpg\" alt=\"\" width=\"1400\" height=\"1400\" title=\"\" srcset=\"\" data-srcset=\"https:\/\/www.mkreborns.com\/wp-content\/uploads\/2026\/03\/Kelly-Reborn-doll6.jpg 1400w, https:\/\/www.mkreborns.com\/wp-content\/uploads\/2026\/03\/Kelly-Reborn-doll6-300x300.jpg 300w, https:\/\/www.mkreborns.com\/wp-content\/uploads\/2026\/03\/Kelly-Reborn-doll6-800x800.jpg 800w, https:\/\/www.mkreborns.com\/wp-content\/uploads\/2026\/03\/Kelly-Reborn-doll6-150x150.jpg 150w, https:\/\/www.mkreborns.com\/wp-content\/uploads\/2026\/03\/Kelly-Reborn-doll6-768x768.jpg 768w, https:\/\/www.mkreborns.com\/wp-content\/uploads\/2026\/03\/Kelly-Reborn-doll6-12x12.jpg 12w, https:\/\/www.mkreborns.com\/wp-content\/uploads\/2026\/03\/Kelly-Reborn-doll6-700x700.jpg 700w\" sizes=\"(max-width: 1400px) 100vw, 1400px\" \/><\/p>","protected":false},"excerpt":{"rendered":"<p>Egy \u00fajj\u00e1sz\u00fcletett baba csod\u00e1latos, kreat\u00edv aj\u00e1nd\u00e9k lehet bar\u00e1toknak \u00e9s csal\u00e1dtagoknak. J\u00e1t\u00e9kt\u00e1rsk\u00e9nt szolg\u00e1lhat, \u00e9s eg\u00e9sz \u00e9let\u00e9ben elk\u00eds\u00e9rheti gyermeked.<\/p>","protected":false},"featured_media":3854,"comment_status":"open","ping_status":"closed","template":"","meta":[],"product_brand":[],"product_cat":[158,144,155,146,154,153,157],"product_tag":[],"class_list":{"0":"post-3849","1":"product","2":"type-product","3":"status-publish","4":"has-post-thumbnail","6":"product_cat-15-inch-baby-dolls","7":"product_cat-baby-girl-reborn-dolls","8":"product_cat-cute-reborn-dolls","9":"product_cat-full-silicone-reborn-dolls","10":"product_cat-lifelike-reborn-dolls","11":"product_cat-newborn-reborn-dolls","12":"product_cat-real-life-baby-dolls","14":"first","15":"instock","16":"sale","17":"shipping-taxable","18":"purchasable","19":"product-type-simple"},"_links":{"self":[{"href":"https:\/\/www.mkreborns.com\/hu\/wp-json\/wp\/v2\/product\/3849","targetHints":{"allow":["GET"]}}],"collection":[{"href":"https:\/\/www.mkreborns.com\/hu\/wp-json\/wp\/v2\/product"}],"about":[{"href":"https:\/\/www.mkreborns.com\/hu\/wp-json\/wp\/v2\/types\/product"}],"replies":[{"embeddable":true,"href":"https:\/\/www.mkreborns.com\/hu\/wp-json\/wp\/v2\/comments?post=3849"}],"wp:featuredmedia":[{"embeddable":true,"href":"https:\/\/www.mkreborns.com\/hu\/wp-json\/wp\/v2\/media\/3854"}],"wp:attachment":[{"href":"https:\/\/www.mkreborns.com\/hu\/wp-json\/wp\/v2\/media?parent=3849"}],"wp:term":[{"taxonomy":"product_brand","embeddable":true,"href":"https:\/\/www.mkreborns.com\/hu\/wp-json\/wp\/v2\/product_brand?post=3849"},{"taxonomy":"product_cat","embeddable":true,"href":"https:\/\/www.mkreborns.com\/hu\/wp-json\/wp\/v2\/product_cat?post=3849"},{"taxonomy":"product_tag","embeddable":true,"href":"https:\/\/www.mkreborns.com\/hu\/wp-json\/wp\/v2\/product_tag?post=3849"}],"curies":[{"name":"munkaf\u00fczet","href":"https:\/\/api.w.org\/{rel}","templated":true}]}}