{"id":3815,"date":"2026-03-09T03:08:37","date_gmt":"2026-03-09T03:08:37","guid":{"rendered":"https:\/\/www.mkreborns.com\/?post_type=product&#038;p=3815"},"modified":"2026-03-18T15:28:50","modified_gmt":"2026-03-18T15:28:50","slug":"mary-realistic-silicone-toy-reborn-doll","status":"publish","type":"product","link":"https:\/\/www.mkreborns.com\/hu\/product\/mary-realistic-silicone-toy-reborn-doll\/","title":{"rendered":"Mary Realisztikus szilikon j\u00e1t\u00e9k \u00fajj\u00e1sz\u00fcletett baba"},"content":{"rendered":"<p>A szilikonb\u00f3l k\u00e9sz\u00fclt \u00fajj\u00e1sz\u00fcletett baba karbantart\u00e1sa is nagyon egyszer\u0171. Csak ker\u00fcld az \u00e1ztat\u00e1st \u00e9s tartsd t\u00e1vol h\u0151forr\u00e1sokt\u00f3l. \u00d3vatosan t\u00f6r\u00f6ld \u00e1t egy puha, nedves ruh\u00e1val, \u00e9s meg\u0151rzi eredeti megjelen\u00e9s\u00e9t. Megfelel\u0151 \u00e1pol\u00e1ssal a val\u00f3s\u00e1gh\u0171 \u00fajj\u00e1sz\u00fcletett baba j\u00e1t\u00e9kk\u00e9nt vagy m\u0171alkot\u00e1sk\u00e9nt is elk\u00eds\u00e9rhet, v\u00e1ltozatlan \u00e9s szil\u00e1rd maradva.<\/p>\n<p>Nem: L\u00e1ny<br \/>\nMagass\u00e1g: 40 cm<br \/>\nS\u00faly: 1,75 kg<br \/>\nCsomagol\u00e1s s\u00falya: 2,5 kg<br \/>\nCsomagol\u00e1s m\u00e9retei: 46*21*15cm<\/p>\n<p><img decoding=\"async\" class=\"aligncenter wp-image-3826 size-full\" src=\"https:\/\/www.mkreborns.com\/wp-content\/themes\/woodmart\/images\/lazy.svg\" data-src=\"https:\/\/www.mkreborns.com\/wp-content\/uploads\/2026\/03\/Mary-Reborn-doll11.jpg\" alt=\"\" width=\"1400\" height=\"933\" title=\"\" srcset=\"\" data-srcset=\"https:\/\/www.mkreborns.com\/wp-content\/uploads\/2026\/03\/Mary-Reborn-doll11.jpg 1400w, https:\/\/www.mkreborns.com\/wp-content\/uploads\/2026\/03\/Mary-Reborn-doll11-400x267.jpg 400w, https:\/\/www.mkreborns.com\/wp-content\/uploads\/2026\/03\/Mary-Reborn-doll11-1200x800.jpg 1200w, https:\/\/www.mkreborns.com\/wp-content\/uploads\/2026\/03\/Mary-Reborn-doll11-768x512.jpg 768w, https:\/\/www.mkreborns.com\/wp-content\/uploads\/2026\/03\/Mary-Reborn-doll11-18x12.jpg 18w, https:\/\/www.mkreborns.com\/wp-content\/uploads\/2026\/03\/Mary-Reborn-doll11-700x467.jpg 700w, https:\/\/www.mkreborns.com\/wp-content\/uploads\/2026\/03\/Mary-Reborn-doll11-150x100.jpg 150w\" sizes=\"(max-width: 1400px) 100vw, 1400px\" \/> <img decoding=\"async\" class=\"aligncenter wp-image-3830 size-full\" src=\"https:\/\/www.mkreborns.com\/wp-content\/themes\/woodmart\/images\/lazy.svg\" data-src=\"https:\/\/www.mkreborns.com\/wp-content\/uploads\/2026\/03\/Mary-Reborn-doll15.jpg\" alt=\"\u00dajj\u00e1sz\u00fcletett Bonnie baba, szilikonb\u00f3l k\u00e9sz\u00fclt, val\u00f3s\u00e1gh\u0171 von\u00e1sokkal, egy lila takar\u00f3n fekszik egy k\u00e9nyelmes s-ben.\" width=\"1400\" height=\"933\" title=\"\" srcset=\"\" data-srcset=\"https:\/\/www.mkreborns.com\/wp-content\/uploads\/2026\/03\/Mary-Reborn-doll15.jpg 1400w, https:\/\/www.mkreborns.com\/wp-content\/uploads\/2026\/03\/Mary-Reborn-doll15-400x267.jpg 400w, https:\/\/www.mkreborns.com\/wp-content\/uploads\/2026\/03\/Mary-Reborn-doll15-1200x800.jpg 1200w, https:\/\/www.mkreborns.com\/wp-content\/uploads\/2026\/03\/Mary-Reborn-doll15-768x512.jpg 768w, https:\/\/www.mkreborns.com\/wp-content\/uploads\/2026\/03\/Mary-Reborn-doll15-18x12.jpg 18w, https:\/\/www.mkreborns.com\/wp-content\/uploads\/2026\/03\/Mary-Reborn-doll15-700x467.jpg 700w, https:\/\/www.mkreborns.com\/wp-content\/uploads\/2026\/03\/Mary-Reborn-doll15-150x100.jpg 150w\" sizes=\"(max-width: 1400px) 100vw, 1400px\" \/><\/p>","protected":false},"excerpt":{"rendered":"<p>Ha egy l\u00e1ny \u00fajj\u00e1sz\u00fcletett bab\u00e1t szeretn\u00e9l aj\u00e1nd\u00e9kozni a bar\u00e1todnak vagy a csal\u00e1dodnak, lehet, hogy nem csak egy \u00e1tlagos aj\u00e1nd\u00e9kr\u00f3l van sz\u00f3. Az \u00fajj\u00e1sz\u00fcletett baba tele lesz kedvess\u00e9ggel \u00e9s gy\u00f3gy\u00edt\u00f3 er\u0151vel.<\/p>","protected":false},"featured_media":3827,"comment_status":"open","ping_status":"closed","template":"","meta":[],"product_brand":[],"product_cat":[158,144,155,146,154,153,157],"product_tag":[],"class_list":{"0":"post-3815","1":"product","2":"type-product","3":"status-publish","4":"has-post-thumbnail","6":"product_cat-15-inch-baby-dolls","7":"product_cat-baby-girl-reborn-dolls","8":"product_cat-cute-reborn-dolls","9":"product_cat-full-silicone-reborn-dolls","10":"product_cat-lifelike-reborn-dolls","11":"product_cat-newborn-reborn-dolls","12":"product_cat-real-life-baby-dolls","14":"first","15":"instock","16":"sale","17":"shipping-taxable","18":"purchasable","19":"product-type-simple"},"_links":{"self":[{"href":"https:\/\/www.mkreborns.com\/hu\/wp-json\/wp\/v2\/product\/3815","targetHints":{"allow":["GET"]}}],"collection":[{"href":"https:\/\/www.mkreborns.com\/hu\/wp-json\/wp\/v2\/product"}],"about":[{"href":"https:\/\/www.mkreborns.com\/hu\/wp-json\/wp\/v2\/types\/product"}],"replies":[{"embeddable":true,"href":"https:\/\/www.mkreborns.com\/hu\/wp-json\/wp\/v2\/comments?post=3815"}],"wp:featuredmedia":[{"embeddable":true,"href":"https:\/\/www.mkreborns.com\/hu\/wp-json\/wp\/v2\/media\/3827"}],"wp:attachment":[{"href":"https:\/\/www.mkreborns.com\/hu\/wp-json\/wp\/v2\/media?parent=3815"}],"wp:term":[{"taxonomy":"product_brand","embeddable":true,"href":"https:\/\/www.mkreborns.com\/hu\/wp-json\/wp\/v2\/product_brand?post=3815"},{"taxonomy":"product_cat","embeddable":true,"href":"https:\/\/www.mkreborns.com\/hu\/wp-json\/wp\/v2\/product_cat?post=3815"},{"taxonomy":"product_tag","embeddable":true,"href":"https:\/\/www.mkreborns.com\/hu\/wp-json\/wp\/v2\/product_tag?post=3815"}],"curies":[{"name":"munkaf\u00fczet","href":"https:\/\/api.w.org\/{rel}","templated":true}]}}