{"id":3782,"date":"2026-03-08T15:57:12","date_gmt":"2026-03-08T15:57:12","guid":{"rendered":"https:\/\/www.mkreborns.com\/?post_type=product&#038;p=3782"},"modified":"2026-03-18T15:02:57","modified_gmt":"2026-03-18T15:02:57","slug":"ashley-silicone-lifelike-baby-reborn-doll","status":"publish","type":"product","link":"https:\/\/www.mkreborns.com\/hu\/product\/ashley-silicone-lifelike-baby-reborn-doll\/","title":{"rendered":"Ashley \u00e9leth\u0171 szilikon baba \u00fajj\u00e1sz\u00fclet\u00e9s"},"content":{"rendered":"<p>Az \u00e9leth\u0171 \u00fajj\u00e1sz\u00fcletett baba t\u00f6k\u00e9letes m\u00e9ret\u0171; mivel el\u00e9g kicsi, csak kev\u00e9s helyre van sz\u00fcks\u00e9ge, \u00e9s k\u00f6nnyen elhelyezhet\u0151 az \u00e9jjeliszekr\u00e9nyen vagy a kanap\u00e9 sark\u00e1ban, csendes \u00e9s meleg jelenl\u00e9tt\u00e9 v\u00e1lva a szob\u00e1ban. Amikor egy hossz\u00fa nap ut\u00e1n haza\u00e9rsz, \u00e9s meg\u00f6leled az \u00fajj\u00e1sz\u00fcletett bab\u00e1t, azonnal ellazulsz.<\/p>\n<p>Nem: L\u00e1ny<br \/>\nMagass\u00e1g: 40 cm<br \/>\nS\u00faly: 1,7 kg<br \/>\nCsomagol\u00e1s s\u00falya: 2,5 kg<br \/>\nCsomagol\u00e1s m\u00e9retei: 46*21*15cm<\/p>\n<p><img decoding=\"async\" class=\"aligncenter wp-image-3798 size-full\" src=\"https:\/\/www.mkreborns.com\/wp-content\/themes\/woodmart\/images\/lazy.svg\" data-src=\"https:\/\/www.mkreborns.com\/wp-content\/uploads\/2026\/03\/ashley-reborn-doll16.jpg\" alt=\"\u00dajj\u00e1sz\u00fcletett szilikon korasz\u00fcl\u00f6tt baba, realisztikus baba gy\u0171jt\u0151knek \u00e9s gyerekeknek, puha \u00e9s \u00e9leth\u0171.\" width=\"1400\" height=\"933\" title=\"\" srcset=\"\" data-srcset=\"https:\/\/www.mkreborns.com\/wp-content\/uploads\/2026\/03\/ashley-reborn-doll16.jpg 1400w, https:\/\/www.mkreborns.com\/wp-content\/uploads\/2026\/03\/ashley-reborn-doll16-400x267.jpg 400w, https:\/\/www.mkreborns.com\/wp-content\/uploads\/2026\/03\/ashley-reborn-doll16-1200x800.jpg 1200w, https:\/\/www.mkreborns.com\/wp-content\/uploads\/2026\/03\/ashley-reborn-doll16-768x512.jpg 768w, https:\/\/www.mkreborns.com\/wp-content\/uploads\/2026\/03\/ashley-reborn-doll16-18x12.jpg 18w, https:\/\/www.mkreborns.com\/wp-content\/uploads\/2026\/03\/ashley-reborn-doll16-700x467.jpg 700w, https:\/\/www.mkreborns.com\/wp-content\/uploads\/2026\/03\/ashley-reborn-doll16-150x100.jpg 150w\" sizes=\"(max-width: 1400px) 100vw, 1400px\" \/> <img decoding=\"async\" class=\"aligncenter wp-image-3799 size-full\" src=\"https:\/\/www.mkreborns.com\/wp-content\/themes\/woodmart\/images\/lazy.svg\" data-src=\"https:\/\/www.mkreborns.com\/wp-content\/uploads\/2026\/03\/ashley-reborn-doll17.jpg\" alt=\"Realisztikus, 40 cm-es szilikon korasz\u00fcl\u00f6tt baba, t\u00f6k\u00e9letes gy\u0171jt\u0151knek \u00e9s gyerekszob\u00e1ba.\" width=\"1400\" height=\"933\" title=\"\" srcset=\"\" data-srcset=\"https:\/\/www.mkreborns.com\/wp-content\/uploads\/2026\/03\/ashley-reborn-doll17.jpg 1400w, https:\/\/www.mkreborns.com\/wp-content\/uploads\/2026\/03\/ashley-reborn-doll17-400x267.jpg 400w, https:\/\/www.mkreborns.com\/wp-content\/uploads\/2026\/03\/ashley-reborn-doll17-1200x800.jpg 1200w, https:\/\/www.mkreborns.com\/wp-content\/uploads\/2026\/03\/ashley-reborn-doll17-768x512.jpg 768w, https:\/\/www.mkreborns.com\/wp-content\/uploads\/2026\/03\/ashley-reborn-doll17-18x12.jpg 18w, https:\/\/www.mkreborns.com\/wp-content\/uploads\/2026\/03\/ashley-reborn-doll17-700x467.jpg 700w, https:\/\/www.mkreborns.com\/wp-content\/uploads\/2026\/03\/ashley-reborn-doll17-150x100.jpg 150w\" sizes=\"(max-width: 1400px) 100vw, 1400px\" \/> <img decoding=\"async\" class=\"aligncenter wp-image-3796 size-full\" src=\"https:\/\/www.mkreborns.com\/wp-content\/themes\/woodmart\/images\/lazy.svg\" data-src=\"https:\/\/www.mkreborns.com\/wp-content\/uploads\/2026\/03\/ashley-reborn-doll14.jpg\" alt=\"Realisztikus, 40 cm-es szilikon korasz\u00fcl\u00f6tt baba, t\u00f6k\u00e9letes gy\u0171jt\u0151knek \u00e9s gyerekeknek.\" width=\"1400\" height=\"933\" title=\"\" srcset=\"\" data-srcset=\"https:\/\/www.mkreborns.com\/wp-content\/uploads\/2026\/03\/ashley-reborn-doll14.jpg 1400w, https:\/\/www.mkreborns.com\/wp-content\/uploads\/2026\/03\/ashley-reborn-doll14-400x267.jpg 400w, https:\/\/www.mkreborns.com\/wp-content\/uploads\/2026\/03\/ashley-reborn-doll14-1200x800.jpg 1200w, https:\/\/www.mkreborns.com\/wp-content\/uploads\/2026\/03\/ashley-reborn-doll14-768x512.jpg 768w, https:\/\/www.mkreborns.com\/wp-content\/uploads\/2026\/03\/ashley-reborn-doll14-18x12.jpg 18w, https:\/\/www.mkreborns.com\/wp-content\/uploads\/2026\/03\/ashley-reborn-doll14-700x467.jpg 700w, https:\/\/www.mkreborns.com\/wp-content\/uploads\/2026\/03\/ashley-reborn-doll14-150x100.jpg 150w\" sizes=\"(max-width: 1400px) 100vw, 1400px\" \/><\/p>","protected":false},"excerpt":{"rendered":"<p>Ez az aranyos, \u00fajj\u00e1sz\u00fcletett baba nagyon r\u00f3zsasz\u00edn \u00e9s gyeng\u00e9d, aranyos kis kezekkel \u00e9s l\u00e1bakkal. Gyeng\u00e9den csukott szemekkel \u00fagy t\u0171nik, mintha val\u00f3ban elmer\u00fclne egy \u00e9des \u00e1lomban.<\/p>","protected":false},"featured_media":3785,"comment_status":"open","ping_status":"closed","template":"","meta":[],"product_brand":[],"product_cat":[158,144,155,146,153],"product_tag":[],"class_list":{"0":"post-3782","1":"product","2":"type-product","3":"status-publish","4":"has-post-thumbnail","6":"product_cat-15-inch-baby-dolls","7":"product_cat-baby-girl-reborn-dolls","8":"product_cat-cute-reborn-dolls","9":"product_cat-full-silicone-reborn-dolls","10":"product_cat-newborn-reborn-dolls","12":"first","13":"instock","14":"sale","15":"shipping-taxable","16":"purchasable","17":"product-type-simple"},"_links":{"self":[{"href":"https:\/\/www.mkreborns.com\/hu\/wp-json\/wp\/v2\/product\/3782","targetHints":{"allow":["GET"]}}],"collection":[{"href":"https:\/\/www.mkreborns.com\/hu\/wp-json\/wp\/v2\/product"}],"about":[{"href":"https:\/\/www.mkreborns.com\/hu\/wp-json\/wp\/v2\/types\/product"}],"replies":[{"embeddable":true,"href":"https:\/\/www.mkreborns.com\/hu\/wp-json\/wp\/v2\/comments?post=3782"}],"wp:featuredmedia":[{"embeddable":true,"href":"https:\/\/www.mkreborns.com\/hu\/wp-json\/wp\/v2\/media\/3785"}],"wp:attachment":[{"href":"https:\/\/www.mkreborns.com\/hu\/wp-json\/wp\/v2\/media?parent=3782"}],"wp:term":[{"taxonomy":"product_brand","embeddable":true,"href":"https:\/\/www.mkreborns.com\/hu\/wp-json\/wp\/v2\/product_brand?post=3782"},{"taxonomy":"product_cat","embeddable":true,"href":"https:\/\/www.mkreborns.com\/hu\/wp-json\/wp\/v2\/product_cat?post=3782"},{"taxonomy":"product_tag","embeddable":true,"href":"https:\/\/www.mkreborns.com\/hu\/wp-json\/wp\/v2\/product_tag?post=3782"}],"curies":[{"name":"munkaf\u00fczet","href":"https:\/\/api.w.org\/{rel}","templated":true}]}}