{"id":3742,"date":"2026-03-08T14:06:59","date_gmt":"2026-03-08T14:06:59","guid":{"rendered":"https:\/\/www.mkreborns.com\/?post_type=product&#038;p=3742"},"modified":"2026-03-18T14:28:06","modified_gmt":"2026-03-18T14:28:06","slug":"bonnie-silicone-real-life-reborn-doll","status":"publish","type":"product","link":"https:\/\/www.mkreborns.com\/hu\/product\/bonnie-silicone-real-life-reborn-doll\/","title":{"rendered":"Bonnie szilikon val\u00f3di \u00e9let\u0171 \u00fajj\u00e1sz\u00fcletett baba"},"content":{"rendered":"<p>Miut\u00e1n kiv\u00e1lasztottad ezt az \u00fajj\u00e1sz\u00fcletett bab\u00e1t, nevet adhatsz neki, \u00e9s a napi gondoskod\u00e1s r\u00e9v\u00e9n fokozatosan kapcsolatot alak\u00edthatsz ki vele, egy csipetnyi vigaszt adva mag\u00e1nyos, f\u00e1radt \u00e9letedhez. Mik\u00f6zben gondoskodsz az \u00fajj\u00e1sz\u00fcletett bab\u00e1r\u00f3l, vehetsz neki n\u00e9h\u00e1ny sz\u00e9p ruh\u00e1t \u00e9s sapk\u00e1t is. Ha k\u00fcl\u00f6nb\u00f6z\u0151 alkalmakra kell vinned, le is cser\u00e9lheted a ruh\u00e1it \u00e9s a sapk\u00e1it.<\/p>\n<p>Nem: Fi\u00fa<br \/>\nMagass\u00e1g: 40 cm<br \/>\nS\u00faly: 1,8 kg<br \/>\nCsomagol\u00e1s s\u00falya: 2,5 kg<br \/>\nCsomagol\u00e1s m\u00e9retei: 46*21*15cm<\/p>\n<p><img decoding=\"async\" class=\"aligncenter wp-image-3755 size-full\" src=\"https:\/\/www.mkreborns.com\/wp-content\/themes\/woodmart\/images\/lazy.svg\" data-src=\"https:\/\/www.mkreborns.com\/wp-content\/uploads\/2026\/03\/closed-eye-reborn-doll13.jpg\" alt=\"\" width=\"1400\" height=\"2100\" title=\"\" srcset=\"\" data-srcset=\"https:\/\/www.mkreborns.com\/wp-content\/uploads\/2026\/03\/closed-eye-reborn-doll13.jpg 1400w, https:\/\/www.mkreborns.com\/wp-content\/uploads\/2026\/03\/closed-eye-reborn-doll13-200x300.jpg 200w, https:\/\/www.mkreborns.com\/wp-content\/uploads\/2026\/03\/closed-eye-reborn-doll13-533x800.jpg 533w, https:\/\/www.mkreborns.com\/wp-content\/uploads\/2026\/03\/closed-eye-reborn-doll13-768x1152.jpg 768w, https:\/\/www.mkreborns.com\/wp-content\/uploads\/2026\/03\/closed-eye-reborn-doll13-1024x1536.jpg 1024w, https:\/\/www.mkreborns.com\/wp-content\/uploads\/2026\/03\/closed-eye-reborn-doll13-1365x2048.jpg 1365w, https:\/\/www.mkreborns.com\/wp-content\/uploads\/2026\/03\/closed-eye-reborn-doll13-8x12.jpg 8w, https:\/\/www.mkreborns.com\/wp-content\/uploads\/2026\/03\/closed-eye-reborn-doll13-700x1050.jpg 700w, https:\/\/www.mkreborns.com\/wp-content\/uploads\/2026\/03\/closed-eye-reborn-doll13-150x225.jpg 150w\" sizes=\"(max-width: 1400px) 100vw, 1400px\" \/> <img decoding=\"async\" class=\"aligncenter wp-image-3754 size-full\" src=\"https:\/\/www.mkreborns.com\/wp-content\/themes\/woodmart\/images\/lazy.svg\" data-src=\"https:\/\/www.mkreborns.com\/wp-content\/uploads\/2026\/03\/closed-eye-reborn-doll12.jpg\" alt=\"Mini szilikon \u00f6lelget\u0151s \u00fajj\u00e1sz\u00fcletett baba gy\u0171jt\u0151knek \u00e9s gyerekeknek. Val\u00f3s\u00e1gh\u0171, puha \u00e9s \u00e9leth\u0171 baba.\" width=\"1400\" height=\"2100\" title=\"\" srcset=\"\" data-srcset=\"https:\/\/www.mkreborns.com\/wp-content\/uploads\/2026\/03\/closed-eye-reborn-doll12.jpg 1400w, https:\/\/www.mkreborns.com\/wp-content\/uploads\/2026\/03\/closed-eye-reborn-doll12-200x300.jpg 200w, https:\/\/www.mkreborns.com\/wp-content\/uploads\/2026\/03\/closed-eye-reborn-doll12-533x800.jpg 533w, https:\/\/www.mkreborns.com\/wp-content\/uploads\/2026\/03\/closed-eye-reborn-doll12-768x1152.jpg 768w, https:\/\/www.mkreborns.com\/wp-content\/uploads\/2026\/03\/closed-eye-reborn-doll12-1024x1536.jpg 1024w, https:\/\/www.mkreborns.com\/wp-content\/uploads\/2026\/03\/closed-eye-reborn-doll12-1365x2048.jpg 1365w, https:\/\/www.mkreborns.com\/wp-content\/uploads\/2026\/03\/closed-eye-reborn-doll12-8x12.jpg 8w, https:\/\/www.mkreborns.com\/wp-content\/uploads\/2026\/03\/closed-eye-reborn-doll12-700x1050.jpg 700w, https:\/\/www.mkreborns.com\/wp-content\/uploads\/2026\/03\/closed-eye-reborn-doll12-150x225.jpg 150w\" sizes=\"(max-width: 1400px) 100vw, 1400px\" \/> <img decoding=\"async\" class=\"aligncenter wp-image-3744 size-full\" src=\"https:\/\/www.mkreborns.com\/wp-content\/themes\/woodmart\/images\/lazy.svg\" data-src=\"https:\/\/www.mkreborns.com\/wp-content\/uploads\/2026\/03\/closed-eye-reborn-doll2.jpg\" alt=\"\" width=\"1400\" height=\"2100\" title=\"\" srcset=\"\" data-srcset=\"https:\/\/www.mkreborns.com\/wp-content\/uploads\/2026\/03\/closed-eye-reborn-doll2.jpg 1400w, https:\/\/www.mkreborns.com\/wp-content\/uploads\/2026\/03\/closed-eye-reborn-doll2-200x300.jpg 200w, https:\/\/www.mkreborns.com\/wp-content\/uploads\/2026\/03\/closed-eye-reborn-doll2-533x800.jpg 533w, https:\/\/www.mkreborns.com\/wp-content\/uploads\/2026\/03\/closed-eye-reborn-doll2-768x1152.jpg 768w, https:\/\/www.mkreborns.com\/wp-content\/uploads\/2026\/03\/closed-eye-reborn-doll2-1024x1536.jpg 1024w, https:\/\/www.mkreborns.com\/wp-content\/uploads\/2026\/03\/closed-eye-reborn-doll2-1365x2048.jpg 1365w, https:\/\/www.mkreborns.com\/wp-content\/uploads\/2026\/03\/closed-eye-reborn-doll2-8x12.jpg 8w, https:\/\/www.mkreborns.com\/wp-content\/uploads\/2026\/03\/closed-eye-reborn-doll2-700x1050.jpg 700w, https:\/\/www.mkreborns.com\/wp-content\/uploads\/2026\/03\/closed-eye-reborn-doll2-150x225.jpg 150w\" sizes=\"(max-width: 1400px) 100vw, 1400px\" \/><\/p>","protected":false},"excerpt":{"rendered":"<p>Miut\u00e1n kiv\u00e1lasztottad ezt az \u00fajj\u00e1sz\u00fcletett bab\u00e1t, nevet adhatsz neki, \u00e9s fokozatosan kapcsolatot alak\u00edthatsz ki vele.<\/p>","protected":false},"featured_media":3756,"comment_status":"open","ping_status":"closed","template":"","meta":[],"product_brand":[],"product_cat":[145,158,155,146,153],"product_tag":[],"class_list":{"0":"post-3742","1":"product","2":"type-product","3":"status-publish","4":"has-post-thumbnail","6":"product_cat-baby-boy-reborn-dolls","7":"product_cat-15-inch-baby-dolls","8":"product_cat-cute-reborn-dolls","9":"product_cat-full-silicone-reborn-dolls","10":"product_cat-newborn-reborn-dolls","12":"first","13":"instock","14":"sale","15":"shipping-taxable","16":"purchasable","17":"product-type-simple"},"_links":{"self":[{"href":"https:\/\/www.mkreborns.com\/hu\/wp-json\/wp\/v2\/product\/3742","targetHints":{"allow":["GET"]}}],"collection":[{"href":"https:\/\/www.mkreborns.com\/hu\/wp-json\/wp\/v2\/product"}],"about":[{"href":"https:\/\/www.mkreborns.com\/hu\/wp-json\/wp\/v2\/types\/product"}],"replies":[{"embeddable":true,"href":"https:\/\/www.mkreborns.com\/hu\/wp-json\/wp\/v2\/comments?post=3742"}],"wp:featuredmedia":[{"embeddable":true,"href":"https:\/\/www.mkreborns.com\/hu\/wp-json\/wp\/v2\/media\/3756"}],"wp:attachment":[{"href":"https:\/\/www.mkreborns.com\/hu\/wp-json\/wp\/v2\/media?parent=3742"}],"wp:term":[{"taxonomy":"product_brand","embeddable":true,"href":"https:\/\/www.mkreborns.com\/hu\/wp-json\/wp\/v2\/product_brand?post=3742"},{"taxonomy":"product_cat","embeddable":true,"href":"https:\/\/www.mkreborns.com\/hu\/wp-json\/wp\/v2\/product_cat?post=3742"},{"taxonomy":"product_tag","embeddable":true,"href":"https:\/\/www.mkreborns.com\/hu\/wp-json\/wp\/v2\/product_tag?post=3742"}],"curies":[{"name":"munkaf\u00fczet","href":"https:\/\/api.w.org\/{rel}","templated":true}]}}