{"id":3607,"date":"2026-02-04T15:11:13","date_gmt":"2026-02-04T15:11:13","guid":{"rendered":"https:\/\/www.mkreborns.com\/?post_type=product&#038;p=3607"},"modified":"2026-03-18T15:09:52","modified_gmt":"2026-03-18T15:09:52","slug":"pink-sleeping-pvc-real-reborn-doll","status":"publish","type":"product","link":"https:\/\/www.mkreborns.com\/hu\/product\/pink-sleeping-pvc-real-reborn-doll\/","title":{"rendered":"R\u00f3zsasz\u00edn alv\u00f3 PVC igazi \u00fajj\u00e1sz\u00fclet\u0151 baba"},"content":{"rendered":"<p>A r\u00f3zsasz\u00edn Reborn baba im\u00e1dnival\u00f3nak \u00e9s b\u00e9k\u00e9snek t\u0171nik alv\u00e1s k\u00f6zben, egy csipetnyi sz\u00e9ps\u00e9get hozva az \u00e9letedbe. Vinilb\u0151l, egy rendk\u00edv\u00fcl olaj- \u00e9s sav\u00e1ll\u00f3 anyagb\u00f3l k\u00e9sz\u00fclt, \u00edgy hosszas k\u00e9zbev\u00e9tel \u00e9s simogat\u00e1s ut\u00e1n is meg\u0151rzi sz\u00e9ps\u00e9g\u00e9t. Nagyon k\u00f6nnyen tiszt\u00edthat\u00f3 is; ha koszos lesz, egyszer\u0171en t\u00f6r\u00f6ld \u00e1t \u00f3vatosan nedves ruh\u00e1val \u00e9s enyhe szappannal, hogy vissza\u00e1ll\u00edtsd a f\u00e9ny\u00e9t. Ez egy nagyon praktikus el\u0151ny azok sz\u00e1m\u00e1ra, akik hossz\u00fa t\u00e1v\u00fa t\u00e1rsnak szeretn\u00e9nek egy Reborn bab\u00e1t, vagy agg\u00f3dnak a karbantart\u00e1sa miatt.<\/p>\n<p>&nbsp;<\/p>\n<p>Nem: L\u00e1ny<br \/>\nS\u00faly: 1,4 kg<br \/>\nMagass\u00e1g: 45 cm<br \/>\nAnyag: PVC<\/p>\n<p>&nbsp;<\/p>\n<div style=\"width: 720px;\" class=\"wp-video\"><video class=\"wp-video-shortcode\" id=\"video-3607-1\" width=\"720\" height=\"960\" preload=\"metadata\" controls=\"controls\"><source type=\"video\/mp4\" src=\"https:\/\/www.mkreborns.com\/wp-content\/uploads\/2026\/02\/Pink-Sleeping-Reborn.mp4?_=1\" \/><a href=\"https:\/\/www.mkreborns.com\/wp-content\/uploads\/2026\/02\/Pink-Sleeping-Reborn.mp4\">https:\/\/www.mkreborns.com\/wp-content\/uploads\/2026\/02\/Pink-Sleeping-Reborn.mp4<\/a><\/video><\/div>\n<p><img decoding=\"async\" class=\"aligncenter wp-image-3616 size-full\" src=\"https:\/\/www.mkreborns.com\/wp-content\/themes\/woodmart\/images\/lazy.svg\" data-src=\"https:\/\/www.mkreborns.com\/wp-content\/uploads\/2026\/02\/Pink-Sleeping-Reborn-9.jpg\" alt=\"\" width=\"800\" height=\"800\" title=\"\" srcset=\"\" data-srcset=\"https:\/\/www.mkreborns.com\/wp-content\/uploads\/2026\/02\/Pink-Sleeping-Reborn-9.jpg 800w, https:\/\/www.mkreborns.com\/wp-content\/uploads\/2026\/02\/Pink-Sleeping-Reborn-9-150x150.jpg 150w, https:\/\/www.mkreborns.com\/wp-content\/uploads\/2026\/02\/Pink-Sleeping-Reborn-9-700x700.jpg 700w, https:\/\/www.mkreborns.com\/wp-content\/uploads\/2026\/02\/Pink-Sleeping-Reborn-9-300x300.jpg 300w, https:\/\/www.mkreborns.com\/wp-content\/uploads\/2026\/02\/Pink-Sleeping-Reborn-9-768x768.jpg 768w\" sizes=\"(max-width: 800px) 100vw, 800px\" \/> <img decoding=\"async\" class=\"aligncenter wp-image-3614 size-full\" src=\"https:\/\/www.mkreborns.com\/wp-content\/themes\/woodmart\/images\/lazy.svg\" data-src=\"https:\/\/www.mkreborns.com\/wp-content\/uploads\/2026\/02\/Pink-Sleeping-Reborn-7.jpg\" alt=\"\u00dajj\u00e1sz\u00fcletett baba l\u00e1ny r\u00f3zsasz\u00edn alv\u00f3ruh\u00e1ban, puha PVC-b\u0151l, 45 cm-es m\u00e9retben, t\u00f6k\u00e9letes gy\u0171jt\u0151knek \u00e9s gyerekeknek.\" width=\"800\" height=\"800\" title=\"\" srcset=\"\" data-srcset=\"https:\/\/www.mkreborns.com\/wp-content\/uploads\/2026\/02\/Pink-Sleeping-Reborn-7.jpg 800w, https:\/\/www.mkreborns.com\/wp-content\/uploads\/2026\/02\/Pink-Sleeping-Reborn-7-150x150.jpg 150w, https:\/\/www.mkreborns.com\/wp-content\/uploads\/2026\/02\/Pink-Sleeping-Reborn-7-700x700.jpg 700w, https:\/\/www.mkreborns.com\/wp-content\/uploads\/2026\/02\/Pink-Sleeping-Reborn-7-300x300.jpg 300w, https:\/\/www.mkreborns.com\/wp-content\/uploads\/2026\/02\/Pink-Sleeping-Reborn-7-768x768.jpg 768w\" sizes=\"(max-width: 800px) 100vw, 800px\" \/><\/p>","protected":false},"excerpt":{"rendered":"<p>Egy \u00fajsz\u00fcl\u00f6tt baba l\u00e1tv\u00e1nya, amint csukott szemmel alszik \u00e9s el\u00e9gedetten szopogatja a cumit, nagyon megnyugtat\u00f3 az agg\u00f3d\u00f3 elm\u00e9nek.<\/p>\n<p>A Reborn baba sz\u00e1ja m\u00e1gneses, \u00edgy m\u00e1gneses cumit is haszn\u00e1lhatsz.<\/p>","protected":false},"featured_media":3615,"comment_status":"open","ping_status":"closed","template":"","meta":[],"product_brand":[],"product_cat":[144,151,155,156,152],"product_tag":[],"class_list":{"0":"post-3607","1":"product","2":"type-product","3":"status-publish","4":"has-post-thumbnail","6":"product_cat-baby-girl-reborn-dolls","7":"product_cat-18-inch-reborn-dolls","8":"product_cat-cute-reborn-dolls","9":"product_cat-life-sized-dolls","10":"product_cat-vinyl-reborn-dolls","12":"first","13":"instock","14":"sale","15":"shipping-taxable","16":"purchasable","17":"product-type-simple"},"_links":{"self":[{"href":"https:\/\/www.mkreborns.com\/hu\/wp-json\/wp\/v2\/product\/3607","targetHints":{"allow":["GET"]}}],"collection":[{"href":"https:\/\/www.mkreborns.com\/hu\/wp-json\/wp\/v2\/product"}],"about":[{"href":"https:\/\/www.mkreborns.com\/hu\/wp-json\/wp\/v2\/types\/product"}],"replies":[{"embeddable":true,"href":"https:\/\/www.mkreborns.com\/hu\/wp-json\/wp\/v2\/comments?post=3607"}],"wp:featuredmedia":[{"embeddable":true,"href":"https:\/\/www.mkreborns.com\/hu\/wp-json\/wp\/v2\/media\/3615"}],"wp:attachment":[{"href":"https:\/\/www.mkreborns.com\/hu\/wp-json\/wp\/v2\/media?parent=3607"}],"wp:term":[{"taxonomy":"product_brand","embeddable":true,"href":"https:\/\/www.mkreborns.com\/hu\/wp-json\/wp\/v2\/product_brand?post=3607"},{"taxonomy":"product_cat","embeddable":true,"href":"https:\/\/www.mkreborns.com\/hu\/wp-json\/wp\/v2\/product_cat?post=3607"},{"taxonomy":"product_tag","embeddable":true,"href":"https:\/\/www.mkreborns.com\/hu\/wp-json\/wp\/v2\/product_tag?post=3607"}],"curies":[{"name":"munkaf\u00fczet","href":"https:\/\/api.w.org\/{rel}","templated":true}]}}