{"id":3552,"date":"2026-01-30T08:42:16","date_gmt":"2026-01-30T08:42:16","guid":{"rendered":"https:\/\/www.mkreborns.com\/?post_type=product&#038;p=3552"},"modified":"2026-03-18T15:09:45","modified_gmt":"2026-03-18T15:09:45","slug":"owen-lifelike-pvc-baby-reborn-doll","status":"publish","type":"product","link":"https:\/\/www.mkreborns.com\/hu\/product\/owen-lifelike-pvc-baby-reborn-doll\/","title":{"rendered":"Owen \u00e9leth\u0171 PVC \u00fajj\u00e1sz\u00fcletett baba"},"content":{"rendered":"<p>Ezeknek az \u00fajj\u00e1sz\u00fcletett vinyl bab\u00e1knak az egyik legvonz\u00f3bb el\u0151nye az \u00e1ruk. A teljes szilikonb\u00f3l k\u00e9sz\u00fclt \u00fajj\u00e1sz\u00fcletett bab\u00e1k \u00e1ltal\u00e1ban sokkal dr\u00e1g\u00e1bbak az anyagok \u00e9s a fest\u00e9si elj\u00e1r\u00e1sok k\u00f6z\u00f6tti k\u00fcl\u00f6nbs\u00e9gek miatt. A teljes vinylb\u0151l k\u00e9sz\u00fclt \u00fajj\u00e1sz\u00fcletett bab\u00e1k ezzel szemben viszonylag olcs\u00f3k, m\u00e9gis sokuk m\u00e9g mindig m\u0171v\u00e9szi remekm\u0171. Ez azt jelenti, hogy egy ugyanolyan sz\u00e9p \u00e9s megnyugtat\u00f3 \u00fajj\u00e1sz\u00fcletett bab\u00e1t v\u00e1s\u00e1rolhatsz kevesebb p\u00e9nz\u00e9rt, \u00edgy nagyon bar\u00e1ts\u00e1gos v\u00e1laszt\u00e1s az els\u0151 bab\u00e1t v\u00e1s\u00e1rl\u00f3k vagy a sz\u0171k\u00f6sebb k\u00f6lts\u00e9gvet\u00e9ssel rendelkez\u0151k sz\u00e1m\u00e1ra. Ha aj\u00e1nd\u00e9kot keresel egy bar\u00e1todnak vagy csal\u00e1dtagodnak, egy kiv\u00e1l\u00f3 min\u0151s\u00e9g\u0171 \u00fajj\u00e1sz\u00fcletett vinyl is kiv\u00e1l\u00f3 v\u00e1laszt\u00e1s.<\/p>\n<p>Az \u00fajj\u00e1sz\u00fcletett baba hihetetlen\u00fcl aranyosnak t\u0171nik, mik\u00f6zben el\u00e9gedetten szopja a cumij\u00e1t.<\/p>\n<p>Nem: Fi\u00fa<br \/>\nS\u00faly: 1,4 kg<br \/>\nMagass\u00e1g: 45 cm<br \/>\nAnyag: PVC<\/p>\n<div style=\"width: 720px;\" class=\"wp-video\"><video class=\"wp-video-shortcode\" id=\"video-3552-1\" width=\"720\" height=\"960\" preload=\"metadata\" controls=\"controls\"><source type=\"video\/mp4\" src=\"https:\/\/www.mkreborns.com\/wp-content\/uploads\/2026\/01\/angel-baby-doll.mp4?_=1\" \/><a href=\"https:\/\/www.mkreborns.com\/wp-content\/uploads\/2026\/01\/angel-baby-doll.mp4\">https:\/\/www.mkreborns.com\/wp-content\/uploads\/2026\/01\/angel-baby-doll.mp4<\/a><\/video><\/div>\n<p><img decoding=\"async\" class=\"aligncenter wp-image-3601 size-full\" src=\"https:\/\/www.mkreborns.com\/wp-content\/themes\/woodmart\/images\/lazy.svg\" data-src=\"https:\/\/www.mkreborns.com\/wp-content\/uploads\/2026\/01\/angel-baby-doll10.jpg\" alt=\"\" width=\"800\" height=\"800\" title=\"\" srcset=\"\" data-srcset=\"https:\/\/www.mkreborns.com\/wp-content\/uploads\/2026\/01\/angel-baby-doll10.jpg 800w, https:\/\/www.mkreborns.com\/wp-content\/uploads\/2026\/01\/angel-baby-doll10-150x150.jpg 150w, https:\/\/www.mkreborns.com\/wp-content\/uploads\/2026\/01\/angel-baby-doll10-700x700.jpg 700w, https:\/\/www.mkreborns.com\/wp-content\/uploads\/2026\/01\/angel-baby-doll10-300x300.jpg 300w, https:\/\/www.mkreborns.com\/wp-content\/uploads\/2026\/01\/angel-baby-doll10-768x768.jpg 768w\" sizes=\"(max-width: 800px) 100vw, 800px\" \/><img decoding=\"async\" class=\"aligncenter wp-image-3599 size-full\" src=\"https:\/\/www.mkreborns.com\/wp-content\/themes\/woodmart\/images\/lazy.svg\" data-src=\"https:\/\/www.mkreborns.com\/wp-content\/uploads\/2026\/01\/angel-baby-doll8.jpg\" alt=\"Realisztikus PVC \u00fajj\u00e1sz\u00fcletett baba gy\u0171jt\u0151knek \u00e9s gyerekeknek.\" width=\"800\" height=\"800\" title=\"\" srcset=\"\" data-srcset=\"https:\/\/www.mkreborns.com\/wp-content\/uploads\/2026\/01\/angel-baby-doll8.jpg 800w, https:\/\/www.mkreborns.com\/wp-content\/uploads\/2026\/01\/angel-baby-doll8-150x150.jpg 150w, https:\/\/www.mkreborns.com\/wp-content\/uploads\/2026\/01\/angel-baby-doll8-700x700.jpg 700w, https:\/\/www.mkreborns.com\/wp-content\/uploads\/2026\/01\/angel-baby-doll8-300x300.jpg 300w, https:\/\/www.mkreborns.com\/wp-content\/uploads\/2026\/01\/angel-baby-doll8-768x768.jpg 768w\" sizes=\"(max-width: 800px) 100vw, 800px\" \/><\/p>","protected":false},"excerpt":{"rendered":"<p>V\u00e1s\u00e1rold meg ezt az \u00fajj\u00e1sz\u00fcletett vinyl bab\u00e1t, \u00e9s ingyen kapsz ruh\u00e1kat, pelenk\u00e1kat \u00e9s sz\u00fclet\u00e9si anyak\u00f6nyvi kivonatot. Az \u00fajj\u00e1sz\u00fcletett baba sz\u00e1ja m\u00e1gneses, \u00edgy m\u00e1gneses cumit is haszn\u00e1lhatsz.<\/p>","protected":false},"featured_media":3592,"comment_status":"open","ping_status":"closed","template":"","meta":[],"product_brand":[],"product_cat":[151,145,154,157,152],"product_tag":[],"class_list":{"0":"post-3552","1":"product","2":"type-product","3":"status-publish","4":"has-post-thumbnail","6":"product_cat-18-inch-reborn-dolls","7":"product_cat-baby-boy-reborn-dolls","8":"product_cat-lifelike-reborn-dolls","9":"product_cat-real-life-baby-dolls","10":"product_cat-vinyl-reborn-dolls","12":"first","13":"instock","14":"sale","15":"shipping-taxable","16":"purchasable","17":"product-type-simple"},"_links":{"self":[{"href":"https:\/\/www.mkreborns.com\/hu\/wp-json\/wp\/v2\/product\/3552","targetHints":{"allow":["GET"]}}],"collection":[{"href":"https:\/\/www.mkreborns.com\/hu\/wp-json\/wp\/v2\/product"}],"about":[{"href":"https:\/\/www.mkreborns.com\/hu\/wp-json\/wp\/v2\/types\/product"}],"replies":[{"embeddable":true,"href":"https:\/\/www.mkreborns.com\/hu\/wp-json\/wp\/v2\/comments?post=3552"}],"wp:featuredmedia":[{"embeddable":true,"href":"https:\/\/www.mkreborns.com\/hu\/wp-json\/wp\/v2\/media\/3592"}],"wp:attachment":[{"href":"https:\/\/www.mkreborns.com\/hu\/wp-json\/wp\/v2\/media?parent=3552"}],"wp:term":[{"taxonomy":"product_brand","embeddable":true,"href":"https:\/\/www.mkreborns.com\/hu\/wp-json\/wp\/v2\/product_brand?post=3552"},{"taxonomy":"product_cat","embeddable":true,"href":"https:\/\/www.mkreborns.com\/hu\/wp-json\/wp\/v2\/product_cat?post=3552"},{"taxonomy":"product_tag","embeddable":true,"href":"https:\/\/www.mkreborns.com\/hu\/wp-json\/wp\/v2\/product_tag?post=3552"}],"curies":[{"name":"munkaf\u00fczet","href":"https:\/\/api.w.org\/{rel}","templated":true}]}}