{"id":3361,"date":"2026-01-19T15:36:46","date_gmt":"2026-01-19T15:36:46","guid":{"rendered":"https:\/\/www.mkreborns.com\/?post_type=product&#038;p=3361"},"modified":"2026-03-16T15:14:37","modified_gmt":"2026-03-16T15:14:37","slug":"murray-full-silicone-baby-reborn-doll","status":"publish","type":"product","link":"https:\/\/www.mkreborns.com\/hu\/product\/murray-full-silicone-baby-reborn-doll\/","title":{"rendered":"Murray szilikon baba \u00fajj\u00e1sz\u00fcletett"},"content":{"rendered":"<p>Ez az \u00fajj\u00e1sz\u00fcletett baba \u00fagy n\u00e9z ki, mint egy \u00e9desen alv\u00f3 \u00fajsz\u00fcl\u00f6tt. Miut\u00e1n megkaptad a bab\u00e1t, fel\u00f6lt\u00f6ztetheted, mint egy igazi bab\u00e1t. Aranyos kis ruh\u00e1kba \u00f6lt\u00f6ztetheted, r\u00e1tehetsz egy kis sapk\u00e1t, \u00e9s puha takar\u00f3val bebugyol\u00e1lhatod. Maga a folyamat tele van gy\u00f3gy\u00edt\u00e1ssal \u00e9s sz\u00f3rakoz\u00e1ssal; k\u00f6zvetlen \u00f6r\u00f6m n\u00e9zni, ahogy az \u00fajj\u00e1sz\u00fcletett baba im\u00e1dnival\u00f3v\u00e1 v\u00e1lik a kezedben.<\/p>\n<p>&nbsp;<\/p>\n<p>Nem: Fi\u00fa<br \/>\nS\u00faly: 3,96 font<br \/>\nMagass\u00e1g: 15,7 h\u00fcvelyk<br \/>\nAnyag: Szilikon<\/p>\n<p>&nbsp;<\/p>\n<div style=\"width: 1920px;\" class=\"wp-video\"><video class=\"wp-video-shortcode\" id=\"video-3361-1\" width=\"1920\" height=\"1080\" preload=\"metadata\" controls=\"controls\"><source type=\"video\/mp4\" src=\"https:\/\/www.mkreborns.com\/wp-content\/uploads\/2026\/01\/murray-reborn-doll.mp4?_=1\" \/><a href=\"https:\/\/www.mkreborns.com\/wp-content\/uploads\/2026\/01\/murray-reborn-doll.mp4\">https:\/\/www.mkreborns.com\/wp-content\/uploads\/2026\/01\/murray-reborn-doll.mp4<\/a><\/video><\/div>\n<p><img decoding=\"async\" class=\"aligncenter wp-image-3482 size-full\" src=\"https:\/\/www.mkreborns.com\/wp-content\/themes\/woodmart\/images\/lazy.svg\" data-src=\"https:\/\/www.mkreborns.com\/wp-content\/uploads\/2026\/01\/murray-reborn-doll1-1.jpg\" alt=\"\u00dajj\u00e1sz\u00fcletett szilikon baba val\u00f3s\u00e1gh\u0171 tulajdons\u00e1gokkal \u00e9s puha tapint\u00e1ssal, t\u00f6k\u00e9letes gy\u0171jt\u0151knek \u00e9s \u00e9rzelmek \u00e1pol\u00e1s\u00e1ra.\" width=\"1464\" height=\"600\" title=\"\" srcset=\"\" data-srcset=\"https:\/\/www.mkreborns.com\/wp-content\/uploads\/2026\/01\/murray-reborn-doll1-1.jpg 1464w, https:\/\/www.mkreborns.com\/wp-content\/uploads\/2026\/01\/murray-reborn-doll1-1-150x61.jpg 150w, https:\/\/www.mkreborns.com\/wp-content\/uploads\/2026\/01\/murray-reborn-doll1-1-700x287.jpg 700w, https:\/\/www.mkreborns.com\/wp-content\/uploads\/2026\/01\/murray-reborn-doll1-1-400x164.jpg 400w, https:\/\/www.mkreborns.com\/wp-content\/uploads\/2026\/01\/murray-reborn-doll1-1-1300x533.jpg 1300w, https:\/\/www.mkreborns.com\/wp-content\/uploads\/2026\/01\/murray-reborn-doll1-1-768x315.jpg 768w\" sizes=\"(max-width: 1464px) 100vw, 1464px\" \/> <img decoding=\"async\" class=\"aligncenter wp-image-3483 size-full\" src=\"https:\/\/www.mkreborns.com\/wp-content\/themes\/woodmart\/images\/lazy.svg\" data-src=\"https:\/\/www.mkreborns.com\/wp-content\/uploads\/2026\/01\/murray-reborn-doll2-1.jpg\" alt=\"\" width=\"1464\" height=\"600\" title=\"\" srcset=\"\" data-srcset=\"https:\/\/www.mkreborns.com\/wp-content\/uploads\/2026\/01\/murray-reborn-doll2-1.jpg 1464w, https:\/\/www.mkreborns.com\/wp-content\/uploads\/2026\/01\/murray-reborn-doll2-1-150x61.jpg 150w, https:\/\/www.mkreborns.com\/wp-content\/uploads\/2026\/01\/murray-reborn-doll2-1-700x287.jpg 700w, https:\/\/www.mkreborns.com\/wp-content\/uploads\/2026\/01\/murray-reborn-doll2-1-400x164.jpg 400w, https:\/\/www.mkreborns.com\/wp-content\/uploads\/2026\/01\/murray-reborn-doll2-1-1300x533.jpg 1300w, https:\/\/www.mkreborns.com\/wp-content\/uploads\/2026\/01\/murray-reborn-doll2-1-768x315.jpg 768w\" sizes=\"(max-width: 1464px) 100vw, 1464px\" \/> <img decoding=\"async\" class=\"aligncenter wp-image-3484 size-full\" src=\"https:\/\/www.mkreborns.com\/wp-content\/themes\/woodmart\/images\/lazy.svg\" data-src=\"https:\/\/www.mkreborns.com\/wp-content\/uploads\/2026\/01\/murray-reborn-doll3-1.jpg\" alt=\"\" width=\"1464\" height=\"600\" title=\"\" srcset=\"\" data-srcset=\"https:\/\/www.mkreborns.com\/wp-content\/uploads\/2026\/01\/murray-reborn-doll3-1.jpg 1464w, https:\/\/www.mkreborns.com\/wp-content\/uploads\/2026\/01\/murray-reborn-doll3-1-150x61.jpg 150w, https:\/\/www.mkreborns.com\/wp-content\/uploads\/2026\/01\/murray-reborn-doll3-1-700x287.jpg 700w, https:\/\/www.mkreborns.com\/wp-content\/uploads\/2026\/01\/murray-reborn-doll3-1-400x164.jpg 400w, https:\/\/www.mkreborns.com\/wp-content\/uploads\/2026\/01\/murray-reborn-doll3-1-1300x533.jpg 1300w, https:\/\/www.mkreborns.com\/wp-content\/uploads\/2026\/01\/murray-reborn-doll3-1-768x315.jpg 768w\" sizes=\"(max-width: 1464px) 100vw, 1464px\" \/> <img decoding=\"async\" class=\"aligncenter wp-image-3485 size-full\" src=\"https:\/\/www.mkreborns.com\/wp-content\/themes\/woodmart\/images\/lazy.svg\" data-src=\"https:\/\/www.mkreborns.com\/wp-content\/uploads\/2026\/01\/murray-reborn-doll4-1.jpg\" alt=\"Realisztikus szilikon \u00fajj\u00e1sz\u00fcletett baba gy\u0171jt\u0151knek.\" width=\"1464\" height=\"600\" title=\"\" srcset=\"\" data-srcset=\"https:\/\/www.mkreborns.com\/wp-content\/uploads\/2026\/01\/murray-reborn-doll4-1.jpg 1464w, https:\/\/www.mkreborns.com\/wp-content\/uploads\/2026\/01\/murray-reborn-doll4-1-150x61.jpg 150w, https:\/\/www.mkreborns.com\/wp-content\/uploads\/2026\/01\/murray-reborn-doll4-1-700x287.jpg 700w, https:\/\/www.mkreborns.com\/wp-content\/uploads\/2026\/01\/murray-reborn-doll4-1-400x164.jpg 400w, https:\/\/www.mkreborns.com\/wp-content\/uploads\/2026\/01\/murray-reborn-doll4-1-1300x533.jpg 1300w, https:\/\/www.mkreborns.com\/wp-content\/uploads\/2026\/01\/murray-reborn-doll4-1-768x315.jpg 768w\" sizes=\"(max-width: 1464px) 100vw, 1464px\" \/> <img decoding=\"async\" class=\"aligncenter wp-image-3486 size-full\" src=\"https:\/\/www.mkreborns.com\/wp-content\/themes\/woodmart\/images\/lazy.svg\" data-src=\"https:\/\/www.mkreborns.com\/wp-content\/uploads\/2026\/01\/murray-reborn-doll5-1.jpg\" alt=\"\u00dajj\u00e1sz\u00fcletett szilikon baba, realisztikus Murray baba gy\u0171jt\u0151knek \u00e9s gyerekeknek. T\u00f6k\u00e9letes aj\u00e1nd\u00e9k bab\u00e1nak.\" width=\"1464\" height=\"600\" title=\"\" srcset=\"\" data-srcset=\"https:\/\/www.mkreborns.com\/wp-content\/uploads\/2026\/01\/murray-reborn-doll5-1.jpg 1464w, https:\/\/www.mkreborns.com\/wp-content\/uploads\/2026\/01\/murray-reborn-doll5-1-150x61.jpg 150w, https:\/\/www.mkreborns.com\/wp-content\/uploads\/2026\/01\/murray-reborn-doll5-1-700x287.jpg 700w, https:\/\/www.mkreborns.com\/wp-content\/uploads\/2026\/01\/murray-reborn-doll5-1-400x164.jpg 400w, https:\/\/www.mkreborns.com\/wp-content\/uploads\/2026\/01\/murray-reborn-doll5-1-1300x533.jpg 1300w, https:\/\/www.mkreborns.com\/wp-content\/uploads\/2026\/01\/murray-reborn-doll5-1-768x315.jpg 768w\" sizes=\"(max-width: 1464px) 100vw, 1464px\" \/><\/p>","protected":false},"excerpt":{"rendered":"<p>Egy \u00e9leth\u0171 szilikon \u00fajj\u00e1sz\u00fcletett baba \u00e9rkez\u00e9se rengeteg sz\u00ednt hozhat az \u00e9letedbe.<\/p>","protected":false},"featured_media":3478,"comment_status":"open","ping_status":"closed","template":"","meta":[],"product_brand":[],"product_cat":[145,158,155,146,154],"product_tag":[],"class_list":{"0":"post-3361","1":"product","2":"type-product","3":"status-publish","4":"has-post-thumbnail","6":"product_cat-baby-boy-reborn-dolls","7":"product_cat-15-inch-baby-dolls","8":"product_cat-cute-reborn-dolls","9":"product_cat-full-silicone-reborn-dolls","10":"product_cat-lifelike-reborn-dolls","12":"first","13":"instock","14":"sale","15":"shipping-taxable","16":"purchasable","17":"product-type-simple"},"_links":{"self":[{"href":"https:\/\/www.mkreborns.com\/hu\/wp-json\/wp\/v2\/product\/3361","targetHints":{"allow":["GET"]}}],"collection":[{"href":"https:\/\/www.mkreborns.com\/hu\/wp-json\/wp\/v2\/product"}],"about":[{"href":"https:\/\/www.mkreborns.com\/hu\/wp-json\/wp\/v2\/types\/product"}],"replies":[{"embeddable":true,"href":"https:\/\/www.mkreborns.com\/hu\/wp-json\/wp\/v2\/comments?post=3361"}],"wp:featuredmedia":[{"embeddable":true,"href":"https:\/\/www.mkreborns.com\/hu\/wp-json\/wp\/v2\/media\/3478"}],"wp:attachment":[{"href":"https:\/\/www.mkreborns.com\/hu\/wp-json\/wp\/v2\/media?parent=3361"}],"wp:term":[{"taxonomy":"product_brand","embeddable":true,"href":"https:\/\/www.mkreborns.com\/hu\/wp-json\/wp\/v2\/product_brand?post=3361"},{"taxonomy":"product_cat","embeddable":true,"href":"https:\/\/www.mkreborns.com\/hu\/wp-json\/wp\/v2\/product_cat?post=3361"},{"taxonomy":"product_tag","embeddable":true,"href":"https:\/\/www.mkreborns.com\/hu\/wp-json\/wp\/v2\/product_tag?post=3361"}],"curies":[{"name":"munkaf\u00fczet","href":"https:\/\/api.w.org\/{rel}","templated":true}]}}