{"id":3266,"date":"2026-01-18T16:20:06","date_gmt":"2026-01-18T16:20:06","guid":{"rendered":"https:\/\/www.mkreborns.com\/?post_type=product&#038;p=3266"},"modified":"2026-03-15T15:29:17","modified_gmt":"2026-03-15T15:29:17","slug":"ivita-full-silicone-tiny-reborn-doll","status":"publish","type":"product","link":"https:\/\/www.mkreborns.com\/hu\/product\/ivita-full-silicone-tiny-reborn-doll\/","title":{"rendered":"Ivita Teljes Szilikon Apr\u00f3 \u00dajj\u00e1sz\u00fcletett Baba"},"content":{"rendered":"<p>&nbsp;<\/p>\n<p>A teljesen szilikonb\u00f3l k\u00e9sz\u00fclt, \u00fajj\u00e1sz\u00fcletett baba aranyoss\u00e1ga nem a t\u00falz\u00f3 rajzfilmszer\u0171 k\u00e9pekb\u0151l, hanem az \u00e9let val\u00f3di, \u00f6szt\u00f6n\u00f6s \u00e9rz\u00e9s\u00e9b\u0151l fakad. Ezen t\u00falmen\u0151en az apr\u00f3 baba hihetetlen\u00fcl realisztikus r\u00e9szletekkel b\u00fcszk\u00e9lkedhet; a var\u00e1zsa minden egyes r\u00e9szletben rejlik. Az \u00fajj\u00e1sz\u00fcletett baba s\u00falya olyan, mintha egy csecsem\u0151t ringatn\u00e1l. Puha szilikonb\u0151re, finom szempill\u00e1i \u2013 minden egy elalv\u00f3 \u00fajsz\u00fcl\u00f6ttre eml\u00e9keztet. Ez a realizmus \u00f6ntudatlanul finomabb mozg\u00e1sra k\u00e9sztet, gyeng\u00e9ds\u00e9get \u00e9bresztve.<\/p>\n<p>&nbsp;<\/p>\n<p>Nem: L\u00e1ny<br \/>\nS\u00faly: 1,4 kg<br \/>\nMagass\u00e1g: 15,7 h\u00fcvelyk<br \/>\nAnyag: Szilikon<\/p>\n<p>&nbsp;<\/p>\n<div style=\"width: 1920px;\" class=\"wp-video\"><video class=\"wp-video-shortcode\" id=\"video-3266-1\" width=\"1920\" height=\"1080\" preload=\"metadata\" controls=\"controls\"><source type=\"video\/mp4\" src=\"https:\/\/www.mkreborns.com\/wp-content\/uploads\/2026\/01\/Ivita-Reborn-Baby.mp4?_=1\" \/><a href=\"https:\/\/www.mkreborns.com\/wp-content\/uploads\/2026\/01\/Ivita-Reborn-Baby.mp4\">https:\/\/www.mkreborns.com\/wp-content\/uploads\/2026\/01\/Ivita-Reborn-Baby.mp4<\/a><\/video><\/div>\n<p><img decoding=\"async\" class=\"aligncenter wp-image-3267 size-full\" src=\"https:\/\/www.mkreborns.com\/wp-content\/themes\/woodmart\/images\/lazy.svg\" data-src=\"https:\/\/www.mkreborns.com\/wp-content\/uploads\/2026\/01\/Ivita-Reborn-Baby1.jpg\" alt=\"Szilikon \u00fajj\u00e1sz\u00fcletett baba gy\u0171jt\u0151knek \u00e9s gyerekeknek.\" width=\"1464\" height=\"600\" title=\"\" srcset=\"\" data-srcset=\"https:\/\/www.mkreborns.com\/wp-content\/uploads\/2026\/01\/Ivita-Reborn-Baby1.jpg 1464w, https:\/\/www.mkreborns.com\/wp-content\/uploads\/2026\/01\/Ivita-Reborn-Baby1-150x61.jpg 150w, https:\/\/www.mkreborns.com\/wp-content\/uploads\/2026\/01\/Ivita-Reborn-Baby1-700x287.jpg 700w, https:\/\/www.mkreborns.com\/wp-content\/uploads\/2026\/01\/Ivita-Reborn-Baby1-400x164.jpg 400w, https:\/\/www.mkreborns.com\/wp-content\/uploads\/2026\/01\/Ivita-Reborn-Baby1-1300x533.jpg 1300w, https:\/\/www.mkreborns.com\/wp-content\/uploads\/2026\/01\/Ivita-Reborn-Baby1-768x315.jpg 768w\" sizes=\"(max-width: 1464px) 100vw, 1464px\" \/> <img decoding=\"async\" class=\"aligncenter wp-image-3268 size-full\" src=\"https:\/\/www.mkreborns.com\/wp-content\/themes\/woodmart\/images\/lazy.svg\" data-src=\"https:\/\/www.mkreborns.com\/wp-content\/uploads\/2026\/01\/Ivita-Reborn-Baby2.jpg\" alt=\"Realisztikus szilikon baba gy\u0171jt\u0151knek \u00e9s gyerekeknek.\" width=\"1464\" height=\"600\" title=\"\" srcset=\"\" data-srcset=\"https:\/\/www.mkreborns.com\/wp-content\/uploads\/2026\/01\/Ivita-Reborn-Baby2.jpg 1464w, https:\/\/www.mkreborns.com\/wp-content\/uploads\/2026\/01\/Ivita-Reborn-Baby2-150x61.jpg 150w, https:\/\/www.mkreborns.com\/wp-content\/uploads\/2026\/01\/Ivita-Reborn-Baby2-700x287.jpg 700w, https:\/\/www.mkreborns.com\/wp-content\/uploads\/2026\/01\/Ivita-Reborn-Baby2-400x164.jpg 400w, https:\/\/www.mkreborns.com\/wp-content\/uploads\/2026\/01\/Ivita-Reborn-Baby2-1300x533.jpg 1300w, https:\/\/www.mkreborns.com\/wp-content\/uploads\/2026\/01\/Ivita-Reborn-Baby2-768x315.jpg 768w\" sizes=\"(max-width: 1464px) 100vw, 1464px\" \/> <img decoding=\"async\" class=\"aligncenter wp-image-3269 size-full\" src=\"https:\/\/www.mkreborns.com\/wp-content\/themes\/woodmart\/images\/lazy.svg\" data-src=\"https:\/\/www.mkreborns.com\/wp-content\/uploads\/2026\/01\/Ivita-Reborn-Baby3.jpg\" alt=\"Im\u00e1dnival\u00f3 Ivita szilikon apr\u00f3, \u00fajj\u00e1sz\u00fcletett baba val\u00f3s\u00e1gh\u0171 tulajdons\u00e1gokkal, gy\u0171jt\u0151knek.\" width=\"1464\" height=\"600\" title=\"\" srcset=\"\" data-srcset=\"https:\/\/www.mkreborns.com\/wp-content\/uploads\/2026\/01\/Ivita-Reborn-Baby3.jpg 1464w, https:\/\/www.mkreborns.com\/wp-content\/uploads\/2026\/01\/Ivita-Reborn-Baby3-150x61.jpg 150w, https:\/\/www.mkreborns.com\/wp-content\/uploads\/2026\/01\/Ivita-Reborn-Baby3-700x287.jpg 700w, https:\/\/www.mkreborns.com\/wp-content\/uploads\/2026\/01\/Ivita-Reborn-Baby3-400x164.jpg 400w, https:\/\/www.mkreborns.com\/wp-content\/uploads\/2026\/01\/Ivita-Reborn-Baby3-1300x533.jpg 1300w, https:\/\/www.mkreborns.com\/wp-content\/uploads\/2026\/01\/Ivita-Reborn-Baby3-768x315.jpg 768w\" sizes=\"(max-width: 1464px) 100vw, 1464px\" \/> <img decoding=\"async\" class=\"aligncenter wp-image-3270 size-full\" src=\"https:\/\/www.mkreborns.com\/wp-content\/themes\/woodmart\/images\/lazy.svg\" data-src=\"https:\/\/www.mkreborns.com\/wp-content\/uploads\/2026\/01\/Ivita-Reborn-Baby4.jpg\" alt=\"Apr\u00f3 szilikon \u00fajj\u00e1sz\u00fcletett baba - Ivita, realisztikus miniat\u0171r baba gy\u0171jt\u0151knek.\" width=\"1464\" height=\"600\" title=\"\" srcset=\"\" data-srcset=\"https:\/\/www.mkreborns.com\/wp-content\/uploads\/2026\/01\/Ivita-Reborn-Baby4.jpg 1464w, https:\/\/www.mkreborns.com\/wp-content\/uploads\/2026\/01\/Ivita-Reborn-Baby4-150x61.jpg 150w, https:\/\/www.mkreborns.com\/wp-content\/uploads\/2026\/01\/Ivita-Reborn-Baby4-700x287.jpg 700w, https:\/\/www.mkreborns.com\/wp-content\/uploads\/2026\/01\/Ivita-Reborn-Baby4-400x164.jpg 400w, https:\/\/www.mkreborns.com\/wp-content\/uploads\/2026\/01\/Ivita-Reborn-Baby4-1300x533.jpg 1300w, https:\/\/www.mkreborns.com\/wp-content\/uploads\/2026\/01\/Ivita-Reborn-Baby4-768x315.jpg 768w\" sizes=\"(max-width: 1464px) 100vw, 1464px\" \/> <img decoding=\"async\" class=\"aligncenter wp-image-3271 size-full\" src=\"https:\/\/www.mkreborns.com\/wp-content\/themes\/woodmart\/images\/lazy.svg\" data-src=\"https:\/\/www.mkreborns.com\/wp-content\/uploads\/2026\/01\/Ivita-Reborn-Baby5.jpg\" alt=\"Reborns Ivita teljes szilikon apr\u00f3 baba gy\u0171jt\u0151knek \u00e9s gyerekeknek.\" width=\"1464\" height=\"600\" title=\"\" srcset=\"\" data-srcset=\"https:\/\/www.mkreborns.com\/wp-content\/uploads\/2026\/01\/Ivita-Reborn-Baby5.jpg 1464w, https:\/\/www.mkreborns.com\/wp-content\/uploads\/2026\/01\/Ivita-Reborn-Baby5-150x61.jpg 150w, https:\/\/www.mkreborns.com\/wp-content\/uploads\/2026\/01\/Ivita-Reborn-Baby5-700x287.jpg 700w, https:\/\/www.mkreborns.com\/wp-content\/uploads\/2026\/01\/Ivita-Reborn-Baby5-400x164.jpg 400w, https:\/\/www.mkreborns.com\/wp-content\/uploads\/2026\/01\/Ivita-Reborn-Baby5-1300x533.jpg 1300w, https:\/\/www.mkreborns.com\/wp-content\/uploads\/2026\/01\/Ivita-Reborn-Baby5-768x315.jpg 768w\" sizes=\"(max-width: 1464px) 100vw, 1464px\" \/><\/p>","protected":false},"excerpt":{"rendered":"<p>Ez az \u00fajsz\u00fcl\u00f6tt baba \u00e9desen alszik, mit sem sejtve a k\u00f6r\u00fcl\u00f6tte l\u00e9v\u0151 vil\u00e1gr\u00f3l. Egy \u00fajj\u00e1sz\u00fcletett bab\u00e1ra n\u00e9zve \u00fagy fogod \u00e9rezni, hogy a vil\u00e1g gyeng\u00e9d, \u00e9s hihetetlen\u00fcl megnyugtat\u00f3 a szorong\u00e1saidra.<\/p>","protected":false},"featured_media":3290,"comment_status":"open","ping_status":"closed","template":"","meta":[],"product_brand":[],"product_cat":[144,158,146,156,153],"product_tag":[],"class_list":{"0":"post-3266","1":"product","2":"type-product","3":"status-publish","4":"has-post-thumbnail","6":"product_cat-baby-girl-reborn-dolls","7":"product_cat-15-inch-baby-dolls","8":"product_cat-full-silicone-reborn-dolls","9":"product_cat-life-sized-dolls","10":"product_cat-newborn-reborn-dolls","12":"first","13":"instock","14":"sale","15":"shipping-taxable","16":"purchasable","17":"product-type-simple"},"_links":{"self":[{"href":"https:\/\/www.mkreborns.com\/hu\/wp-json\/wp\/v2\/product\/3266","targetHints":{"allow":["GET"]}}],"collection":[{"href":"https:\/\/www.mkreborns.com\/hu\/wp-json\/wp\/v2\/product"}],"about":[{"href":"https:\/\/www.mkreborns.com\/hu\/wp-json\/wp\/v2\/types\/product"}],"replies":[{"embeddable":true,"href":"https:\/\/www.mkreborns.com\/hu\/wp-json\/wp\/v2\/comments?post=3266"}],"wp:featuredmedia":[{"embeddable":true,"href":"https:\/\/www.mkreborns.com\/hu\/wp-json\/wp\/v2\/media\/3290"}],"wp:attachment":[{"href":"https:\/\/www.mkreborns.com\/hu\/wp-json\/wp\/v2\/media?parent=3266"}],"wp:term":[{"taxonomy":"product_brand","embeddable":true,"href":"https:\/\/www.mkreborns.com\/hu\/wp-json\/wp\/v2\/product_brand?post=3266"},{"taxonomy":"product_cat","embeddable":true,"href":"https:\/\/www.mkreborns.com\/hu\/wp-json\/wp\/v2\/product_cat?post=3266"},{"taxonomy":"product_tag","embeddable":true,"href":"https:\/\/www.mkreborns.com\/hu\/wp-json\/wp\/v2\/product_tag?post=3266"}],"curies":[{"name":"munkaf\u00fczet","href":"https:\/\/api.w.org\/{rel}","templated":true}]}}