{"id":3150,"date":"2026-01-10T16:58:17","date_gmt":"2026-01-10T16:58:17","guid":{"rendered":"https:\/\/www.mkreborns.com\/?post_type=product&#038;p=3150"},"modified":"2026-03-15T15:36:13","modified_gmt":"2026-03-15T15:36:13","slug":"berenguer-new-reborn-silicone-baby-doll","status":"publish","type":"product","link":"https:\/\/www.mkreborns.com\/hu\/product\/berenguer-new-reborn-silicone-baby-doll\/","title":{"rendered":"Berenguer \u00fajsz\u00fcl\u00f6tt szilikon baba"},"content":{"rendered":"<p>Ez az \u00fajj\u00e1sz\u00fcletett baba egy l\u00e1ny. Csukott szemmel egy alv\u00f3 \u00fajsz\u00fcl\u00f6ttre hasonl\u00edt. Szilikonb\u00f3l k\u00e9sz\u00fclt, ez az \u00e9leth\u0171 \u00fajj\u00e1sz\u00fcletett baba mind\u00f6ssze 38 cm magas, apr\u00f3 m\u00e9rete egy \u00fajonnan kiny\u00edlt vir\u00e1gra hasonl\u00edt, tele aranyoss\u00e1ggal \u00e9s rem\u00e9nnyel. Az \u00fajj\u00e1sz\u00fcletett baba a legtiszt\u00e1bb szeretetedet \u00e9s az \u00faj \u00e9let ir\u00e1nti v\u00e1rakoz\u00e1sodat testes\u00edti meg. A gyerekeket szeret\u0151 szem\u00e9ly szomor\u00fas\u00e1g n\u00e9lk\u00fcl is beteljes\u00edtheti sz\u00fcl\u0151i v\u00e1gyait a baba gondoz\u00e1s\u00e1val. \u00c9lvezheted a bizalom \u00e9s az adakoz\u00e1s boldogs\u00e1g\u00e1t. Ez egy biztons\u00e1gos \u00e9s stresszmentes \u00e9rzelmi t\u00e1mogat\u00e1s, amely \u00e9lvezetesebb\u00e9 teszi az \u00e9letedet.<\/p>\n<p>&nbsp;<\/p>\n<div style=\"width: 1920px;\" class=\"wp-video\"><video class=\"wp-video-shortcode\" id=\"video-3150-1\" width=\"1920\" height=\"1080\" preload=\"metadata\" controls=\"controls\"><source type=\"video\/mp4\" src=\"https:\/\/www.mkreborns.com\/wp-content\/uploads\/2026\/01\/berenguer-reborn-doll.mp4?_=1\" \/><a href=\"https:\/\/www.mkreborns.com\/wp-content\/uploads\/2026\/01\/berenguer-reborn-doll.mp4\">https:\/\/www.mkreborns.com\/wp-content\/uploads\/2026\/01\/berenguer-reborn-doll.mp4<\/a><\/video><\/div>\n<p><img decoding=\"async\" class=\"aligncenter wp-image-3176 size-full\" src=\"https:\/\/www.mkreborns.com\/wp-content\/themes\/woodmart\/images\/lazy.svg\" data-src=\"https:\/\/www.mkreborns.com\/wp-content\/uploads\/2026\/01\/berenguer-reborn-doll-Details-1.jpg\" alt=\"\u00dajj\u00e1sz\u00fcletett szilikon baba val\u00f3s\u00e1gh\u0171 tulajdons\u00e1gokkal \u00e9s puha tapint\u00e1ssal, t\u00f6k\u00e9letes gy\u0171jt\u0151knek \u00e9s \u00e9rzelmek \u00e1pol\u00e1s\u00e1ra.\" width=\"1464\" height=\"600\" title=\"\" srcset=\"\" data-srcset=\"https:\/\/www.mkreborns.com\/wp-content\/uploads\/2026\/01\/berenguer-reborn-doll-Details-1.jpg 1464w, https:\/\/www.mkreborns.com\/wp-content\/uploads\/2026\/01\/berenguer-reborn-doll-Details-1-150x61.jpg 150w, https:\/\/www.mkreborns.com\/wp-content\/uploads\/2026\/01\/berenguer-reborn-doll-Details-1-700x287.jpg 700w, https:\/\/www.mkreborns.com\/wp-content\/uploads\/2026\/01\/berenguer-reborn-doll-Details-1-400x164.jpg 400w, https:\/\/www.mkreborns.com\/wp-content\/uploads\/2026\/01\/berenguer-reborn-doll-Details-1-1300x533.jpg 1300w, https:\/\/www.mkreborns.com\/wp-content\/uploads\/2026\/01\/berenguer-reborn-doll-Details-1-768x315.jpg 768w\" sizes=\"(max-width: 1464px) 100vw, 1464px\" \/> <img decoding=\"async\" class=\"aligncenter wp-image-3177 size-full\" src=\"https:\/\/www.mkreborns.com\/wp-content\/themes\/woodmart\/images\/lazy.svg\" data-src=\"https:\/\/www.mkreborns.com\/wp-content\/uploads\/2026\/01\/berenguer-reborn-doll-Details-2.jpg\" alt=\"Realisztikus Berenguer szilikon baba r\u00e9szletes von\u00e1sokkal \u00e9s puha b\u0151rrel. T\u00f6k\u00e9letes gy\u0171jt\u0151knek.\" width=\"1464\" height=\"600\" title=\"\" srcset=\"\" data-srcset=\"https:\/\/www.mkreborns.com\/wp-content\/uploads\/2026\/01\/berenguer-reborn-doll-Details-2.jpg 1464w, https:\/\/www.mkreborns.com\/wp-content\/uploads\/2026\/01\/berenguer-reborn-doll-Details-2-150x61.jpg 150w, https:\/\/www.mkreborns.com\/wp-content\/uploads\/2026\/01\/berenguer-reborn-doll-Details-2-700x287.jpg 700w, https:\/\/www.mkreborns.com\/wp-content\/uploads\/2026\/01\/berenguer-reborn-doll-Details-2-400x164.jpg 400w, https:\/\/www.mkreborns.com\/wp-content\/uploads\/2026\/01\/berenguer-reborn-doll-Details-2-1300x533.jpg 1300w, https:\/\/www.mkreborns.com\/wp-content\/uploads\/2026\/01\/berenguer-reborn-doll-Details-2-768x315.jpg 768w\" sizes=\"(max-width: 1464px) 100vw, 1464px\" \/> <img decoding=\"async\" class=\"aligncenter wp-image-3178 size-full\" src=\"https:\/\/www.mkreborns.com\/wp-content\/themes\/woodmart\/images\/lazy.svg\" data-src=\"https:\/\/www.mkreborns.com\/wp-content\/uploads\/2026\/01\/berenguer-reborn-doll-Details-3.jpg\" alt=\"\u00dajj\u00e1sz\u00fcletett szilikon baba l\u00e1ny csukott szemekkel, realisztikus von\u00e1sokkal, t\u00f6k\u00e9letes gy\u0171jt\u0151knek \u00e9s bab\u00e1knak.\" width=\"1464\" height=\"600\" title=\"\" srcset=\"\" data-srcset=\"https:\/\/www.mkreborns.com\/wp-content\/uploads\/2026\/01\/berenguer-reborn-doll-Details-3.jpg 1464w, https:\/\/www.mkreborns.com\/wp-content\/uploads\/2026\/01\/berenguer-reborn-doll-Details-3-150x61.jpg 150w, https:\/\/www.mkreborns.com\/wp-content\/uploads\/2026\/01\/berenguer-reborn-doll-Details-3-700x287.jpg 700w, https:\/\/www.mkreborns.com\/wp-content\/uploads\/2026\/01\/berenguer-reborn-doll-Details-3-400x164.jpg 400w, https:\/\/www.mkreborns.com\/wp-content\/uploads\/2026\/01\/berenguer-reborn-doll-Details-3-1300x533.jpg 1300w, https:\/\/www.mkreborns.com\/wp-content\/uploads\/2026\/01\/berenguer-reborn-doll-Details-3-768x315.jpg 768w\" sizes=\"(max-width: 1464px) 100vw, 1464px\" \/> <img decoding=\"async\" class=\"aligncenter wp-image-3179 size-full\" src=\"https:\/\/www.mkreborns.com\/wp-content\/themes\/woodmart\/images\/lazy.svg\" data-src=\"https:\/\/www.mkreborns.com\/wp-content\/uploads\/2026\/01\/berenguer-reborn-doll-Details-4.jpg\" alt=\"Realisztikus Berenguer szilikon \u00fajj\u00e1sz\u00fcletett baba gy\u0171jt\u0151knek \u00e9s rajong\u00f3knak. R\u00e9szletekkel d\u00edsz\u00edtett, k\u00e9zzel k\u00e9sz\u00edtett.\" width=\"1464\" height=\"600\" title=\"\" srcset=\"\" data-srcset=\"https:\/\/www.mkreborns.com\/wp-content\/uploads\/2026\/01\/berenguer-reborn-doll-Details-4.jpg 1464w, https:\/\/www.mkreborns.com\/wp-content\/uploads\/2026\/01\/berenguer-reborn-doll-Details-4-150x61.jpg 150w, https:\/\/www.mkreborns.com\/wp-content\/uploads\/2026\/01\/berenguer-reborn-doll-Details-4-700x287.jpg 700w, https:\/\/www.mkreborns.com\/wp-content\/uploads\/2026\/01\/berenguer-reborn-doll-Details-4-400x164.jpg 400w, https:\/\/www.mkreborns.com\/wp-content\/uploads\/2026\/01\/berenguer-reborn-doll-Details-4-1300x533.jpg 1300w, https:\/\/www.mkreborns.com\/wp-content\/uploads\/2026\/01\/berenguer-reborn-doll-Details-4-768x315.jpg 768w\" sizes=\"(max-width: 1464px) 100vw, 1464px\" \/> <img decoding=\"async\" class=\"aligncenter wp-image-3180 size-full\" src=\"https:\/\/www.mkreborns.com\/wp-content\/themes\/woodmart\/images\/lazy.svg\" data-src=\"https:\/\/www.mkreborns.com\/wp-content\/uploads\/2026\/01\/berenguer-reborn-doll-Details-5.jpg\" alt=\"\u00dajj\u00e1sz\u00fcletett szilikon baba gy\u0171jt\u0151knek \u00e9s gyerekeknek, realisztikus \u00e9s kiv\u00e1l\u00f3 min\u0151s\u00e9g\u0171 kidolgoz\u00e1ssal.\" width=\"1464\" height=\"600\" title=\"\" srcset=\"\" data-srcset=\"https:\/\/www.mkreborns.com\/wp-content\/uploads\/2026\/01\/berenguer-reborn-doll-Details-5.jpg 1464w, https:\/\/www.mkreborns.com\/wp-content\/uploads\/2026\/01\/berenguer-reborn-doll-Details-5-150x61.jpg 150w, https:\/\/www.mkreborns.com\/wp-content\/uploads\/2026\/01\/berenguer-reborn-doll-Details-5-700x287.jpg 700w, https:\/\/www.mkreborns.com\/wp-content\/uploads\/2026\/01\/berenguer-reborn-doll-Details-5-400x164.jpg 400w, https:\/\/www.mkreborns.com\/wp-content\/uploads\/2026\/01\/berenguer-reborn-doll-Details-5-1300x533.jpg 1300w, https:\/\/www.mkreborns.com\/wp-content\/uploads\/2026\/01\/berenguer-reborn-doll-Details-5-768x315.jpg 768w\" sizes=\"(max-width: 1464px) 100vw, 1464px\" \/><\/p>","protected":false},"excerpt":{"rendered":"<p>Amikor mag\u00e1nyosnak \u00e9rzed magad a mindennapi \u00e9letben, v\u00e1laszthatsz egy \u00fajj\u00e1sz\u00fclet\u00e9si bab\u00e1t, hogy t\u00e1rsas\u00e1god legyen.<\/p>","protected":false},"featured_media":3163,"comment_status":"open","ping_status":"closed","template":"","meta":[],"product_brand":[],"product_cat":[144,158,155,146,154],"product_tag":[],"class_list":{"0":"post-3150","1":"product","2":"type-product","3":"status-publish","4":"has-post-thumbnail","6":"product_cat-baby-girl-reborn-dolls","7":"product_cat-15-inch-baby-dolls","8":"product_cat-cute-reborn-dolls","9":"product_cat-full-silicone-reborn-dolls","10":"product_cat-lifelike-reborn-dolls","12":"first","13":"instock","14":"sale","15":"shipping-taxable","16":"purchasable","17":"product-type-simple"},"_links":{"self":[{"href":"https:\/\/www.mkreborns.com\/hu\/wp-json\/wp\/v2\/product\/3150","targetHints":{"allow":["GET"]}}],"collection":[{"href":"https:\/\/www.mkreborns.com\/hu\/wp-json\/wp\/v2\/product"}],"about":[{"href":"https:\/\/www.mkreborns.com\/hu\/wp-json\/wp\/v2\/types\/product"}],"replies":[{"embeddable":true,"href":"https:\/\/www.mkreborns.com\/hu\/wp-json\/wp\/v2\/comments?post=3150"}],"wp:featuredmedia":[{"embeddable":true,"href":"https:\/\/www.mkreborns.com\/hu\/wp-json\/wp\/v2\/media\/3163"}],"wp:attachment":[{"href":"https:\/\/www.mkreborns.com\/hu\/wp-json\/wp\/v2\/media?parent=3150"}],"wp:term":[{"taxonomy":"product_brand","embeddable":true,"href":"https:\/\/www.mkreborns.com\/hu\/wp-json\/wp\/v2\/product_brand?post=3150"},{"taxonomy":"product_cat","embeddable":true,"href":"https:\/\/www.mkreborns.com\/hu\/wp-json\/wp\/v2\/product_cat?post=3150"},{"taxonomy":"product_tag","embeddable":true,"href":"https:\/\/www.mkreborns.com\/hu\/wp-json\/wp\/v2\/product_tag?post=3150"}],"curies":[{"name":"munkaf\u00fczet","href":"https:\/\/api.w.org\/{rel}","templated":true}]}}