{"id":3458,"date":"2026-01-21T15:19:57","date_gmt":"2026-01-21T15:19:57","guid":{"rendered":"https:\/\/www.mkreborns.com\/?page_id=3458"},"modified":"2026-01-22T14:02:09","modified_gmt":"2026-01-22T14:02:09","slug":"payment-methods","status":"publish","type":"page","link":"https:\/\/www.mkreborns.com\/hu\/payment-methods\/","title":{"rendered":"Fizet\u00e9si m\u00f3dok"},"content":{"rendered":"<div>At <strong>Mk \u00dajj\u00e1sz\u00fclet\u00e9sek<\/strong>, priorit\u00e1sk\u00e9nt kezelj\u00fck a tranzakci\u00f3k biztons\u00e1g\u00e1t, a diszkr\u00e9ci\u00f3t \u00e9s a k\u00e9nyelmet.<br \/>\nA z\u00f6kken\u0151mentes fizet\u00e9si \u00e9lm\u00e9ny biztos\u00edt\u00e1sa \u00e9rdek\u00e9ben sz\u00e1mos glob\u00e1lisan elismert fizet\u00e9si megold\u00e1st t\u00e1mogatunk, amelyek mindegyike titkos\u00edtott \u00e9s kompatibilis fizet\u00e9si \u00e1tj\u00e1r\u00f3kon kereszt\u00fcl t\u00f6rt\u00e9nik.<\/div>\n<hr \/>\n<h2>PayPal<\/h2>\n<div>A PayPal a vil\u00e1g egyik legmegb\u00edzhat\u00f3bb \u00e9s legelterjedtebb digit\u00e1lis fizet\u00e9si \u00f6kosziszt\u00e9m\u00e1ja.<\/div>\n<div>A PayPal-on kereszt\u00fcl sz\u00e1mos finansz\u00edroz\u00e1si forr\u00e1st elfogadunk, bele\u00e9rtve:<\/div>\n<ul>\n<li>Visa<\/li>\n<li>MasterCard<\/li>\n<li>American Express<\/li>\n<li>Felfedez\u00e9s<\/li>\n<li>Kapcsol\u00f3d\u00f3 banksz\u00e1ml\u00e1k<\/li>\n<\/ul>\n<div>Ha akt\u00edv PayPal-fi\u00f3kkal rendelkezik, v\u00e1s\u00e1rl\u00e1s\u00e1t PayPal-egyenleg\u00e9vel, t\u00e1rolt hitel- vagy bankk\u00e1rty\u00e1ival, illetve egy t\u00e1rs\u00edtott banksz\u00e1ml\u00e1j\u00e1val is lebonyol\u00edthatja \u2013 an\u00e9lk\u00fcl, hogy \u00fajra meg kellene adnia bizalmas p\u00e9nz\u00fcgyi adatait.<\/div>\n<h3>Haszn\u00e1lhatom a PayPalt fi\u00f3k l\u00e9trehoz\u00e1sa n\u00e9lk\u00fcl?<\/h3>\n<div>Igen.<br \/>\nA rendel\u00e9s lead\u00e1sa ut\u00e1n \u00e1tir\u00e1ny\u00edtjuk a PayPal biztons\u00e1gos fizet\u00e9si fel\u00fclet\u00e9re.<br \/>\nHa nem szeretne PayPal-fi\u00f3kot regisztr\u00e1lni, egyszer\u0171en v\u00e1lassza a \u201cFizet\u00e9s bankk\u00e1rty\u00e1val vagy hitelk\u00e1rty\u00e1val\u201d (vagy a \u201cNincs PayPal-fi\u00f3kom\u201d) lehet\u0151s\u00e9get, \u00e9s folytassa vend\u00e9gk\u00e9nt a k\u00e1rtyaadatai k\u00f6zvetlen megad\u00e1s\u00e1val.<\/div>\n<div>Vend\u00e9gk\u00e9nt t\u00f6rt\u00e9n\u0151 fizet\u00e9shez nincs sz\u00fcks\u00e9g PayPal-fi\u00f3kra.<\/div>\n<hr \/>\n<h2>Hitel- \u00e9s bankk\u00e1rty\u00e1k<\/h2>\n<div>Minden nagyobb nemzetk\u00f6zi hitel- \u00e9s bankk\u00e1rty\u00e1t elfogadunk, bele\u00e9rtve:<\/div>\n<ul>\n<li>Visa<\/li>\n<li>MasterCard<\/li>\n<li>American Express<\/li>\n<li>Felfedez\u00e9s<\/li>\n<\/ul>\n<div>Minden k\u00e1rty\u00e1s fizet\u00e9s ipar\u00e1gilag tan\u00fas\u00edtott fizet\u00e9si \u00e1tj\u00e1r\u00f3kon kereszt\u00fcl t\u00f6rt\u00e9nik, \u00e9s 256 bites SSL titkos\u00edt\u00e1ssal van v\u00e9dve, adott esetben 3D Secure hiteles\u00edt\u00e9ssel kombin\u00e1lva.<\/div>\n<div>A k\u00e1rtyaadataidat soha nem t\u00e1roljuk a szervereinken.<\/div>\n<h2>Mi\u00e9rt utas\u00edtott\u00e1k el a k\u00e1rty\u00e1s fizet\u00e9semet?<\/h2>\n<div>A tranzakci\u00f3 elutas\u00edt\u00e1s\u00e1nak sz\u00e1mos oka lehet, bele\u00e9rtve, de nem kiz\u00e1r\u00f3lagosan:<\/div>\n<ul>\n<li>Helytelen k\u00e1rtyasz\u00e1m, lej\u00e1rati d\u00e1tum vagy CVV-k\u00f3d<\/li>\n<li>Nem elegend\u0151 a rendelkez\u00e9sre \u00e1ll\u00f3 egyenleg<\/li>\n<li>T\u00fall\u00e9pte a kibocs\u00e1t\u00f3 bank \u00e1ltal meghat\u00e1rozott napi vagy tranzakci\u00f3s limitet<\/li>\n<li>A bankod korl\u00e1tozza az online vagy nemzetk\u00f6zi tranzakci\u00f3kat<\/li>\n<\/ul>\n<h3>Hogyan oldjuk meg a k\u00e1rty\u00e1s fizet\u00e9ssel kapcsolatos probl\u00e9m\u00e1kat<\/h3>\n<ul>\n<li><strong>Ellen\u0151rizze k\u00e1rtyaadatait<\/strong><br \/>\nEllen\u0151rizd a k\u00e1rtyasz\u00e1mot, a lej\u00e1rati d\u00e1tumot, a CVV-k\u00f3dot \u00e9s a sz\u00e1ml\u00e1z\u00e1si c\u00edmet.<\/li>\n<li><strong>L\u00e9pjen kapcsolatba bankj\u00e1val<\/strong><br \/>\nK\u00e9rjen enged\u00e9lyt a tranzakci\u00f3hoz vagy az online\/hat\u00e1rokon \u00e1tny\u00fal\u00f3 fizet\u00e9si korl\u00e1toz\u00e1sok felold\u00e1s\u00e1hoz.<\/li>\n<li><strong>Pr\u00f3b\u00e1ljon ki egy m\u00e1sik k\u00e1rty\u00e1t<\/strong><br \/>\nEgy m\u00e1sik hitel- vagy bankk\u00e1rtya haszn\u00e1lata gyakran azonnal megoldja a probl\u00e9m\u00e1t.<\/li>\n<\/ul>\n<hr \/>\n<h2>Biztons\u00e1gi garancia<\/h2>\n<div>\ud83d\udd12 Fizet\u00e9si biztons\u00e1gi k\u00f6zlem\u00e9ny<\/div>\n<div>Az Mk Reborns \u00f6sszes tranzakci\u00f3ja v\u00e9gpontt\u00f3l v\u00e9gpontig titkos\u00edtott, \u00e9s biztons\u00e1gos, PCI-kompatibilis fizet\u00e9si infrastrukt\u00far\u00e1kon kereszt\u00fcl ker\u00fcl feldolgoz\u00e1sra.<\/div>\n<div>A tranzakci\u00f3 egyetlen szakasz\u00e1ban sem \u0151rizz\u00fck meg \u00e9s nem f\u00e9r\u00fcnk hozz\u00e1 a teljes fizet\u00e9si hiteles\u00edt\u0151 adataihoz, \u00edgy biztos\u00edtva, hogy szem\u00e9lyes \u00e9s p\u00e9nz\u00fcgyi adatai mindenkor bizalmasak \u00e9s v\u00e9dettek maradjanak.<\/div>","protected":false},"excerpt":{"rendered":"<p>Az Mk Rebornsn\u00e1l a tranzakci\u00f3k biztons\u00e1g\u00e1t, a diszkr\u00e9ci\u00f3t \u00e9s a k\u00e9nyelmet helyezz\u00fck el\u0151t\u00e9rbe. A z\u00f6kken\u0151mentes fizet\u00e9si \u00e9lm\u00e9ny biztos\u00edt\u00e1sa \u00e9rdek\u00e9ben t\u00f6bb glob\u00e1lis szolg\u00e1ltat\u00e1st is t\u00e1mogatunk.<\/p>","protected":false},"author":1,"featured_media":0,"parent":0,"menu_order":0,"comment_status":"closed","ping_status":"closed","template":"","meta":{"footnotes":""},"class_list":["post-3458","page","type-page","status-publish","hentry"],"_links":{"self":[{"href":"https:\/\/www.mkreborns.com\/hu\/wp-json\/wp\/v2\/pages\/3458","targetHints":{"allow":["GET"]}}],"collection":[{"href":"https:\/\/www.mkreborns.com\/hu\/wp-json\/wp\/v2\/pages"}],"about":[{"href":"https:\/\/www.mkreborns.com\/hu\/wp-json\/wp\/v2\/types\/page"}],"author":[{"embeddable":true,"href":"https:\/\/www.mkreborns.com\/hu\/wp-json\/wp\/v2\/users\/1"}],"replies":[{"embeddable":true,"href":"https:\/\/www.mkreborns.com\/hu\/wp-json\/wp\/v2\/comments?post=3458"}],"version-history":[{"count":0,"href":"https:\/\/www.mkreborns.com\/hu\/wp-json\/wp\/v2\/pages\/3458\/revisions"}],"wp:attachment":[{"href":"https:\/\/www.mkreborns.com\/hu\/wp-json\/wp\/v2\/media?parent=3458"}],"curies":[{"name":"munkaf\u00fczet","href":"https:\/\/api.w.org\/{rel}","templated":true}]}}