{"id":3455,"date":"2026-01-21T15:17:36","date_gmt":"2026-01-21T15:17:36","guid":{"rendered":"https:\/\/www.mkreborns.com\/?page_id=3455"},"modified":"2026-01-21T15:17:36","modified_gmt":"2026-01-21T15:17:36","slug":"help-faqs","status":"publish","type":"page","link":"https:\/\/www.mkreborns.com\/hu\/help-faqs\/","title":{"rendered":"S\u00fag\u00f3 \u00e9s GYIK"},"content":{"rendered":"<h3>Hogyan kell f\u00fcrdetnem \u00e9s gondoznom az \u00fajj\u00e1sz\u00fcletett bab\u00e1mat?<\/h3>\n<div>A teljesen szilikonb\u00f3l k\u00e9sz\u00fclt bab\u00e1kat \u00f3vatosan lehet f\u00fcrdetni. A textilb\u0151l k\u00e9sz\u00fclt bab\u00e1kat csak enyh\u00e9n nedves ruh\u00e1val szabad tiszt\u00edtani, majd j\u00f3l szell\u0151z\u0151 helyen szabad leveg\u0151n sz\u00e1r\u00edtani.<br \/>\nHaszn\u00e1laton k\u00edv\u00fcl javasoljuk, hogy a bab\u00e1t biztons\u00e1gosan t\u00e1rolja a doboz\u00e1ban, \u00e9s \u00f3vja a hosszan tart\u00f3 napf\u00e9nyt\u0151l.<\/div>\n<hr \/>\n<h3>P\u00f3zolni lehet a bab\u00e1idat?<\/h3>\n<div>Igen. Minden Mk Reborn baba rendelkezik bizonyos fok\u00fa artikul\u00e1ci\u00f3val. Azonban, ak\u00e1rcsak az igazi csecsem\u0151k, bizonyos p\u00f3zok megtart\u00e1s\u00e1hoz sz\u00fcks\u00e9g\u00fck lehet gyeng\u00e9d t\u00e1mogat\u00e1sra vagy ringat\u00e1sra.<\/div>\n<hr \/>\n<h3>Az \u00fajj\u00e1sz\u00fclet\u0151 bab\u00e1khoz j\u00e1rnak kieg\u00e9sz\u00edt\u0151k?<\/h3>\n<div>Abszol\u00fat. Minden Mk Reborn baba teljesen fel\u00f6lt\u00f6zve, cumival \u00e9s pelenk\u00e1val \u00e9rkezik. A bab\u00e1d a kicsomagol\u00e1s pillanat\u00e1t\u00f3l k\u00e9szen \u00e1ll az \u00f6lel\u00e9sre.<\/div>\n<hr \/>\n<h3>A b\u0151r\u00f6n l\u00e9v\u0151 s\u00f6t\u00e9tv\u00f6r\u00f6s r\u00e1ncok hib\u00e1k vagy karcol\u00e1sok?<\/h3>\n<div>Egy\u00e1ltal\u00e1n nem. Ezek a m\u00e9lyebb v\u00f6r\u00f6s r\u00e1ncok megk\u00fcl\u00f6nb\u00f6ztet\u0151 \u00e9s sz\u00e1nd\u00e9kos jellemz\u0151k, nem hib\u00e1k. Term\u00e9szetesen jelennek meg a v\u00e9gtagok k\u00f6r\u00fcl, k\u00fcl\u00f6n\u00f6sen a 22\u201324 h\u00fcvelykes bab\u00e1kon, \u00e9s fokozz\u00e1k a realizmust.<\/div>\n<hr \/>\n<h3>Milyen ruham\u00e9retek illenek a k\u00fcl\u00f6nb\u00f6z\u0151 m\u00e9ret\u0171 \u00fajj\u00e1sz\u00fcletett bab\u00e1khoz?<\/h3>\n<div>Bab\u00e1ink m\u00e9rete 12,5 \u00e9s 61 cm k\u00f6z\u00f6tt v\u00e1ltozik:<\/div>\n<ul>\n<li>5 h\u00fcvelyk: Egyedi ruh\u00e1zat sz\u00fcks\u00e9ges<\/li>\n<li>30\u201351 cm: \u00dajsz\u00fcl\u00f6tt \/ 0\u20133 h\u00f3napos baba ruh\u00e1ira illik<\/li>\n<li>22 h\u00fcvelyk: 3\u20136 h\u00f3napos babaruh\u00e1khoz illik<\/li>\n<li>24 h\u00fcvelyk: 6\u20139 h\u00f3napos babaruh\u00e1khoz illik<\/li>\n<\/ul>\n<hr \/>\n<h3>Az \u00fajj\u00e1sz\u00fclet\u0151 bab\u00e1id tartalmaznak m\u00e1gneseket?<\/h3>\n<div>Igen. Sok bab\u00e1nk apr\u00f3 m\u00e1gnesekkel van ell\u00e1tva (cumikhoz vagy kieg\u00e9sz\u00edt\u0151kh\u00f6z). Ezek a bab\u00e1k nem aj\u00e1nlottak pacemakerrel, hall\u00f3k\u00e9sz\u00fcl\u00e9kkel \u00e9l\u0151knek, vagy m\u00e1gneses mez\u0151kre \u00e9rz\u00e9kenyeknek.<\/div>\n<hr \/>\n<h3>A bab\u00e1itok alkalmasak 14 \u00e9v alatti gyermekek sz\u00e1m\u00e1ra?<\/h3>\n<div>Minden Mk Reborn baba biztons\u00e1gi tesztel\u00e9sen esett \u00e1t, \u00e9s 3 \u00e9ves kort\u00f3l alkalmas, b\u00e1r a feln\u0151tt gy\u0171jt\u0151k k\u00fcl\u00f6n\u00f6sen nagy becsben tartj\u00e1k \u0151ket.<br \/>\nMini 5 h\u00fcvelykes bab\u00e1ink csak szoros feln\u0151tt fel\u00fcgyelete mellett alkalmasak kisebb gyermekek sz\u00e1m\u00e1ra.<\/div>\n<hr \/>\n<h3>Milyen fizet\u00e9si m\u00f3dokat fogadnak el?<\/h3>\n<div>A rendel\u00e9seket k\u00f6zvetlen\u00fcl a weboldalunkon leadhatja bankk\u00e1rty\u00e1val, bankk\u00e1rty\u00e1val vagy PayPal-lal.<\/div>\n<hr \/>\n<h3>Hogyan tudom nyomon k\u00f6vetni a rendel\u00e9semet \u00e9s a sz\u00e1ll\u00edt\u00e1si id\u0151t?<\/h3>\n<div>Amint a rendel\u00e9sed felad\u00e1sra ker\u00fcl, kapni fogsz egy visszaigazol\u00f3 e-mailt, amely tartalmazza a k\u00f6vet\u00e9si sz\u00e1mot.<br \/>\nA sz\u00e1ll\u00edt\u00e1si m\u00f3dokr\u00f3l \u00e9s a v\u00e1rhat\u00f3 sz\u00e1ll\u00edt\u00e1si id\u0151kr\u0151l k\u00e9rj\u00fck, tekintse meg a Sz\u00e1ll\u00edt\u00e1si inform\u00e1ci\u00f3k oldalunkat.<\/div>\n<hr \/>\n<h3>Sz\u00e1ll\u00edtanak az orsz\u00e1gomba?<\/h3>\n<div>Igen. Helyi k\u00e9szleteket tartunk fenn az Egyes\u00fclt \u00c1llamokban, az EU-ban, Kanad\u00e1ban, Ausztr\u00e1li\u00e1ban \u00e9s az Egyes\u00fclt Kir\u00e1lys\u00e1gban.<br \/>\nA megrendel\u00e9seket 3\u20137 munkanapon bel\u00fcl kisz\u00e1ll\u00edtjuk, \u00e9s minden \u00fajj\u00e1sz\u00fclet\u0151 baba v\u00e1s\u00e1rl\u00e1s\u00e1ra ingyenes sz\u00e1ll\u00edt\u00e1s vonatkozik.<\/div>\n<hr \/>\n<h3>M\u00e9g mindig seg\u00edts\u00e9gre van sz\u00fcks\u00e9ge?<\/h3>\n<div>Mindig \u00f6r\u00f6mmel seg\u00edt\u00fcnk.<\/div>\n<div>\ud83d\udce7 Email c\u00edm: <a href=\"mailto:support@mkreborns.com\">support@mkreborns.com<\/a><\/div>","protected":false},"excerpt":{"rendered":"<p>Hogyan f\u00fcrdessem \u00e9s gondozzam az \u00fajj\u00e1sz\u00fcletett bab\u00e1mat? A teljesen szilikonb\u00f3l k\u00e9sz\u00fclt bab\u00e1kat \u00f3vatosan lehet f\u00fcrdetni. A textilb\u0151l k\u00e9sz\u00fclt bab\u00e1kat...<\/p>","protected":false},"author":1,"featured_media":0,"parent":0,"menu_order":0,"comment_status":"closed","ping_status":"closed","template":"","meta":{"footnotes":""},"class_list":["post-3455","page","type-page","status-publish","hentry"],"_links":{"self":[{"href":"https:\/\/www.mkreborns.com\/hu\/wp-json\/wp\/v2\/pages\/3455","targetHints":{"allow":["GET"]}}],"collection":[{"href":"https:\/\/www.mkreborns.com\/hu\/wp-json\/wp\/v2\/pages"}],"about":[{"href":"https:\/\/www.mkreborns.com\/hu\/wp-json\/wp\/v2\/types\/page"}],"author":[{"embeddable":true,"href":"https:\/\/www.mkreborns.com\/hu\/wp-json\/wp\/v2\/users\/1"}],"replies":[{"embeddable":true,"href":"https:\/\/www.mkreborns.com\/hu\/wp-json\/wp\/v2\/comments?post=3455"}],"version-history":[{"count":0,"href":"https:\/\/www.mkreborns.com\/hu\/wp-json\/wp\/v2\/pages\/3455\/revisions"}],"wp:attachment":[{"href":"https:\/\/www.mkreborns.com\/hu\/wp-json\/wp\/v2\/media?parent=3455"}],"curies":[{"name":"munkaf\u00fczet","href":"https:\/\/api.w.org\/{rel}","templated":true}]}}