{"id":3454,"date":"2026-01-21T15:16:46","date_gmt":"2026-01-21T15:16:46","guid":{"rendered":"https:\/\/www.mkreborns.com\/?page_id=3454"},"modified":"2026-01-28T02:26:13","modified_gmt":"2026-01-28T02:26:13","slug":"shipping-policy","status":"publish","type":"page","link":"https:\/\/www.mkreborns.com\/hu\/shipping-policy\/","title":{"rendered":"Sz\u00e1ll\u00edt\u00e1si szab\u00e1lyzat"},"content":{"rendered":"<div>K\u00f6sz\u00f6nj\u00fck, hogy az Mk Reborns-t v\u00e1lasztotta. Rendel\u00e9s\u00e9t gondosan elk\u00e9sz\u00edtj\u00fck \u00e9s hat\u00e9konyan, diszkr\u00e9ten sz\u00e1ll\u00edtjuk ki.<\/div>\n<hr \/>\n<h2>Ingyenes sz\u00e1ll\u00edt\u00e1s vil\u00e1gszerte<\/h2>\n<div>Ingyenes sz\u00e1ll\u00edt\u00e1st biztos\u00edtunk strat\u00e9giailag elhelyezett tengerent\u00fali rakt\u00e1rakb\u00f3l az Egyes\u00fclt \u00c1llamokban, Eur\u00f3p\u00e1ban, Kanad\u00e1ban, az Egyes\u00fclt Kir\u00e1lys\u00e1gban \u00e9s Ausztr\u00e1li\u00e1ban.<br \/>\nAmikor van helyi k\u00e9szlet, a term\u00e9keket a legk\u00f6zelebbi telephelyr\u0151l sz\u00e1ll\u00edtjuk a gyorsabb kisz\u00e1ll\u00edt\u00e1s \u00e9rdek\u00e9ben.<\/div>\n<hr \/>\n<h2>V\u00e1rhat\u00f3 sz\u00e1ll\u00edt\u00e1si id\u0151 (rakt\u00e1ron l\u00e9v\u0151 term\u00e9kek)<\/h2>\n<div>\n<table border=\"1\" data-coda-grid-id=\"grid-O7-V0P1M6p\" data-coda-display-column-id=\"c-gzvnCsHVXd\" data-coda-view-config-inheritsdefaultformat=\"false\" data-coda-view-config-tablesearch=\"&quot;AlwaysShow&quot;\" data-coda-grid-configuration-set=\"SimpleTable\">\n<tbody>\n<tr>\n<td>Los Angeles, Amerikai Egyes\u00fclt \u00c1llamok<\/td>\n<td>\n<div>Egyes\u00fclt \u00c1llamok (Alaszka \u00e9s Hawaii kb. 100 USD fel\u00e1rat sz\u00e1m\u00edt fel)<\/div>\n<\/td>\n<td>3\u20135 munkanap<\/td>\n<\/tr>\n<tr>\n<td>EU rakt\u00e1rak (N\u00e9metorsz\u00e1g \/ Lengyelorsz\u00e1g)<\/td>\n<td>A legt\u00f6bb EU-orsz\u00e1g \u00e9s egyes EGT-orsz\u00e1gok<\/td>\n<td>3\u201310 munkanap<\/td>\n<\/tr>\n<tr>\n<td>Vancouver<\/td>\n<td>Kanada<\/td>\n<td>3\u20135 munkanap<\/td>\n<\/tr>\n<tr>\n<td>Sydney<\/td>\n<td>Ausztr\u00e1lia<\/td>\n<td>3\u20137 munkanap<\/td>\n<\/tr>\n<tr>\n<td>Egyes\u00fclt Kir\u00e1lys\u00e1g<\/td>\n<td>Egyes\u00fclt Kir\u00e1lys\u00e1g<\/td>\n<td>3\u20137 munkanap<\/td>\n<\/tr>\n<\/tbody>\n<\/table>\n<\/div>\n<div>Megjegyz\u00e9s: A legt\u00f6bb megrendel\u00e9st 48 \u00f3r\u00e1n bel\u00fcl feldolgozzuk \u00e9s kisz\u00e1ll\u00edtjuk. Az \u00e1tlagos sz\u00e1ll\u00edt\u00e1si id\u0151 3\u20135 munkanap, kiv\u00e9ve, ha kiv\u00e9teles k\u00f6r\u00fclm\u00e9nyek \u00e1llnak fenn.<\/div>\n<hr \/>\n<h2>V\u00e1m \u00e9s illet\u00e9kek<\/h2>\n<div>Amennyiben a helyi k\u00e9szlet nem el\u00e9rhet\u0151, a term\u00e9kek m\u00e1s orsz\u00e1gb\u00f3l is kisz\u00e1ll\u00edt\u00e1sra ker\u00fclhetnek.<br \/>\nKorl\u00e1tozott esetekben a c\u00edmzetteket felk\u00e9rhetik, hogy seg\u00edtsenek a v\u00e1mkezel\u00e9sben vagy az importv\u00e1mok kifizet\u00e9s\u00e9ben.<\/div>\n<div>Norv\u00e9gia, Sv\u00e1jc, Izland \u00e9s Mexik\u00f3 eset\u00e9ben a v\u00e1mkezel\u00e9s \u00e9s az alkalmazand\u00f3 ad\u00f3k megfizet\u00e9se kiz\u00e1r\u00f3lag a c\u00edmzett felel\u0151ss\u00e9ge.<\/div>\n<hr \/>\n<h2>Rendel\u00e9sk\u00f6vet\u00e9s<\/h2>\n<div>A kisz\u00e1ll\u00edt\u00e1st k\u00f6vet\u0151en egy visszaigazol\u00f3 e-mailt k\u00fcld\u00fcnk a k\u00f6vet\u00e9si adatokkal.<br \/>\nA k\u00f6vet\u00e9si inform\u00e1ci\u00f3k friss\u00edt\u00e9se ak\u00e1r 48 \u00f3r\u00e1t is ig\u00e9nybe vehet.<\/div>\n<hr \/>\n<h2>Megosztott sz\u00e1ll\u00edtm\u00e1nyok<\/h2>\n<div>A t\u00f6bb t\u00e9telt tartalmaz\u00f3 megrendel\u00e9sek k\u00fcl\u00f6n csomagokban \u00e9rkezhetnek.<br \/>\nHa a rendel\u00e9s egy r\u00e9sze \u00e9rkezik meg el\u0151bb, a fennmarad\u00f3 t\u00e9telek m\u00e9g \u00faton vannak.<\/div>\n<hr \/>\n<h2>Sz\u00e1ll\u00edt\u00e1si probl\u00e9m\u00e1k<\/h2>\n<ul>\n<li>K\u00e9zbes\u00edtettk\u00e9nt megjel\u00f6lve, de m\u00e9g nem \u00e1tv\u00e9ve: Azonnal vegye fel a kapcsolatot a fut\u00e1rral, \u00e9s k\u00fcldj\u00f6n e-mailt <a href=\"http:\/\/\">support@mkreborns.com<\/a>.<\/li>\n<li>S\u00e9r\u00fclt t\u00e1rgyak: Dokument\u00e1lja a k\u00e1rt tiszta f\u00e9nyk\u00e9pekkel vagy vide\u00f3kkal, majd ny\u00fajtson be k\u00e1rig\u00e9nyt a fut\u00e1rszolg\u00e1latn\u00e1l.<\/li>\n<li>Hib\u00e1s t\u00e9telek: K\u00e9rj\u00fck, k\u00fcldj\u00f6n f\u00e9nyk\u00e9pes \u00e9s vide\u00f3s bizony\u00edt\u00e9kot, \u00e9s \u00fcgyf\u00e9lszolg\u00e1lati csapatunk a lehet\u0151 leghamarabb megoldja a probl\u00e9m\u00e1t.<\/li>\n<\/ul>\n<hr \/>\n<h2>Visszak\u00fcld\u00e9s \u00e9s csere<\/h2>\n<div>K\u00e9rj\u00fck, vegye fel a kapcsolatot <a href=\"http:\/\/\">support@mkreborns.com<\/a> miel\u0151tt b\u00e1rmilyen visszak\u00fcld\u00e9st megkezden\u00e9nk.<br \/>\nJogosulatlan visszak\u00fcld\u00e9seket vagy megtagadott k\u00e9zbes\u00edt\u00e9seket nem fogadunk el.<\/div>\n<div>A term\u00e9keknek haszn\u00e1latlannak \u00e9s bontatlan bels\u0151 v\u00e9d\u0151csomagol\u00e1sban kell lenni\u00fck.<br \/>\nA r\u00e9szletes felt\u00e9telek\u00e9rt tekintse meg a teljes Visszak\u00fcld\u00e9si Szab\u00e1lyzatunkat.<\/div>","protected":false},"excerpt":{"rendered":"<p>K\u00f6sz\u00f6nj\u00fck, hogy az Mk Reborns-t v\u00e1lasztotta. Rendel\u00e9s\u00e9t gondosan el\u0151k\u00e9sz\u00edtj\u00fck \u00e9s hat\u00e9konyan, diszkr\u00e9ten sz\u00e1ll\u00edtjuk ki. Ingyenes sz\u00e1ll\u00edt\u00e1s vil\u00e1gszerte.<\/p>","protected":false},"author":1,"featured_media":0,"parent":0,"menu_order":0,"comment_status":"closed","ping_status":"closed","template":"","meta":{"footnotes":""},"class_list":["post-3454","page","type-page","status-publish","hentry"],"_links":{"self":[{"href":"https:\/\/www.mkreborns.com\/hu\/wp-json\/wp\/v2\/pages\/3454","targetHints":{"allow":["GET"]}}],"collection":[{"href":"https:\/\/www.mkreborns.com\/hu\/wp-json\/wp\/v2\/pages"}],"about":[{"href":"https:\/\/www.mkreborns.com\/hu\/wp-json\/wp\/v2\/types\/page"}],"author":[{"embeddable":true,"href":"https:\/\/www.mkreborns.com\/hu\/wp-json\/wp\/v2\/users\/1"}],"replies":[{"embeddable":true,"href":"https:\/\/www.mkreborns.com\/hu\/wp-json\/wp\/v2\/comments?post=3454"}],"version-history":[{"count":0,"href":"https:\/\/www.mkreborns.com\/hu\/wp-json\/wp\/v2\/pages\/3454\/revisions"}],"wp:attachment":[{"href":"https:\/\/www.mkreborns.com\/hu\/wp-json\/wp\/v2\/media?parent=3454"}],"curies":[{"name":"munkaf\u00fczet","href":"https:\/\/api.w.org\/{rel}","templated":true}]}}