{"id":3449,"date":"2026-01-20T14:40:52","date_gmt":"2026-01-20T14:40:52","guid":{"rendered":"https:\/\/www.mkreborns.com\/?page_id=3449"},"modified":"2026-01-28T02:03:34","modified_gmt":"2026-01-28T02:03:34","slug":"terms-conditions","status":"publish","type":"page","link":"https:\/\/www.mkreborns.com\/hu\/terms-conditions\/","title":{"rendered":"Felhaszn\u00e1l\u00e1si felt\u00e9telek"},"content":{"rendered":"<h2 class=\"wp-block-heading\">1. Bevezet\u00e9s<\/h2>\r\n\r\n\r\n\r\n<p>Jelen \u00c1ltal\u00e1nos Szerz\u0151d\u00e9si Felt\u00e9telek (a tov\u00e1bbiakban: \u201cFelt\u00e9telek\u201d) szab\u00e1lyozz\u00e1k a k\u00f6vetkez\u0151kh\u00f6z val\u00f3 hozz\u00e1f\u00e9r\u00e9s\u00e9t \u00e9s haszn\u00e1lat\u00e1t: <strong>mkreborns.com<\/strong> (a tov\u00e1bbiakban: \u201cWeboldal\u201d), egy digit\u00e1lis tulajdon, amelyet a <strong>Mk \u00dajj\u00e1sz\u00fclet\u00e9sek<\/strong> (\u201cmi\u201d, \u201cminket\u201d, \u201cmi\u00e9nk\u201d).<\/p>\r\n\r\n\r\n\r\n<p>A f\u00e9lre\u00e9rt\u00e9sek elker\u00fcl\u00e9se v\u00e9gett, az \u201c\u00d6n\u201d, \u201c\u00d6n\u00e9\u201d vagy \u201cv\u00e1s\u00e1rl\u00f3\u201d kifejez\u00e9sek minden olyan szem\u00e9lyre vagy szervezetre vonatkoznak, aki vagy amely az Mk Reborns-t\u00f3l ezen a weboldalon kereszt\u00fcl v\u00e1s\u00e1rol term\u00e9keket.<\/p>\r\n\r\n\r\n\r\n<p>A t\u00f6rv\u00e9nyben biztos\u00edtott fogyaszt\u00f3i jogai v\u00e1ltozatlanok maradnak.<\/p>\r\n\r\n\r\n\r\n<p>A weboldal el\u00e9r\u00e9s\u00e9vel, b\u00f6ng\u00e9sz\u00e9s\u00e9vel vagy megrendel\u00e9s lead\u00e1s\u00e1val \u00d6n tudom\u00e1sul veszi, hogy elolvasta, meg\u00e9rtette \u00e9s jogilag k\u00f6telez\u0151 \u00e9rv\u00e9ny\u0171nek tekinti ezeket a Felhaszn\u00e1l\u00e1si Felt\u00e9teleket, valamint a mi... <strong>Adatv\u00e9delmi ir\u00e1nyelvek<\/strong>, <strong>Visszak\u00fcld\u00e9si szab\u00e1lyzat<\/strong>, \u00e9s <strong>Sz\u00e1ll\u00edt\u00e1si szab\u00e1lyzat<\/strong>, amelyek egy\u00fcttesen alkotj\u00e1k a teljes meg\u00e1llapod\u00e1st k\u00f6zted \u00e9s Mk Reborns k\u00f6z\u00f6tt.<\/p>\r\n\r\n\r\n\r\n<p>Ha nem fogadja el teljes m\u00e9rt\u00e9kben ezeket a Felt\u00e9teleket, nem adhat le megrendel\u00e9st ezen a weboldalon kereszt\u00fcl.<\/p>\r\n\r\n\r\n<hr class=\"wp-block-separator has-alpha-channel-opacity\" \/>\r\n\r\n\r\n<h2 class=\"wp-block-heading\">2. A jelen Felt\u00e9telek m\u00f3dos\u00edt\u00e1sai<\/h2>\r\n\r\n\r\n\r\n<p>Az Mk Reborns fenntartja a jogot, hogy ezeket a Felt\u00e9teleket b\u00e1rmikor, el\u0151zetes \u00e9rtes\u00edt\u00e9s n\u00e9lk\u00fcl fel\u00fclvizsg\u00e1lja, m\u00f3dos\u00edtsa vagy lecser\u00e9lje.<br \/>A megrendel\u00e9s lead\u00e1sakor hat\u00e1lyos Felt\u00e9telek az adott tranzakci\u00f3ra vonatkoznak.<\/p>\r\n\r\n\r\n\r\n<p>Javasoljuk, hogy minden v\u00e1s\u00e1rl\u00e1s el\u0151tt tekintse \u00e1t ezeket a Felt\u00e9teleket.<\/p>\r\n\r\n\r\n<hr class=\"wp-block-separator has-alpha-channel-opacity\" \/>\r\n\r\n\r\n<h2 class=\"wp-block-heading\">3. Jogi korhat\u00e1r<\/h2>\r\n\r\n\r\n\r\n<p>A weboldalon leadott megrendel\u00e9ssel \u00d6n kijelenti \u00e9s szavatolja, hogy nagykor\u00fa a k\u00edn\u00e1lt term\u00e9kek megv\u00e1s\u00e1rl\u00e1s\u00e1hoz.<\/p>\r\n\r\n\r\n\r\n<p>Amennyiben alapos okkal felt\u00e9telezz\u00fck, hogy a megrendel\u00e9st olyan szem\u00e9ly adta le, aki nem felel meg a t\u00f6rv\u00e9nyes korhat\u00e1r-k\u00f6vetelm\u00e9nynek, fenntartjuk a jogot, hogy a megrendel\u00e9st felel\u0151ss\u00e9gv\u00e1llal\u00e1s n\u00e9lk\u00fcl t\u00f6r\u00f6lj\u00fck.<\/p>\r\n\r\n\r\n<hr class=\"wp-block-separator has-alpha-channel-opacity\" \/>\r\n\r\n\r\n<h2 class=\"wp-block-heading\">4. Szerz\u0151d\u00e9sk\u00f6t\u00e9s<\/h2>\r\n\r\n\r\n\r\n<p>A weboldalon kereszt\u00fcl leadott \u00f6sszes megrendel\u00e9s j\u00f3v\u00e1hagy\u00e1sa az Mk Reborns \u00e1ltali elfogad\u00e1s \u00e9s a term\u00e9k el\u00e9rhet\u0151s\u00e9g\u00e9nek f\u00fcggv\u00e9nye.<\/p>\r\n\r\n\r\n\r\n<p>Fenntartjuk a jogot, hogy b\u00e1rmilyen okb\u00f3l, bele\u00e9rtve, de nem kiz\u00e1r\u00f3lagosan a k\u00e9szlethi\u00e1nyt, az \u00e1rk\u00e9pz\u00e9si pontatlans\u00e1gokat vagy a felt\u00e9telezett csal\u00e1rd tev\u00e9kenys\u00e9get, elutas\u00edtsunk vagy t\u00f6r\u00f6lj\u00fcnk b\u00e1rmilyen megrendel\u00e9st.<\/p>\r\n\r\n\r\n\r\n<p>A k\u00f6telez\u0151 \u00e9rv\u00e9ny\u0171 szerz\u0151d\u00e9s csak akkor tekintend\u0151 l\u00e9trej\u00f6ttnek, amikor az Mk Reborns feladja a megrendelt \u00e1rut, \u00e9s e-mailben visszaigazolja a sz\u00e1ll\u00edt\u00e1st.<\/p>\r\n\r\n\r\n<hr class=\"wp-block-separator has-alpha-channel-opacity\" \/>\r\n\r\n\r\n<h2 class=\"wp-block-heading\">5. \u00c1raz\u00e1s \u00e9s pontoss\u00e1g<\/h2>\r\n\r\n\r\n\r\n<p>B\u00e1r igyeksz\u00fcnk biztos\u00edtani, hogy minden megjelen\u00edtett \u00e1r a k\u00f6zz\u00e9t\u00e9tel id\u0151pontj\u00e1ban pontos legyen, fenntartjuk a jogot az \u00e1rak b\u00e1rmikori m\u00f3dos\u00edt\u00e1s\u00e1ra.<\/p>\r\n\r\n\r\n\r\n<p>Amennyiben az \u00e1rv\u00e1ltoz\u00e1s l\u00e9nyegesen befoly\u00e1solja a rendel\u00e9s\u00e9t, a kisz\u00e1ll\u00edt\u00e1s el\u0151tt \u00e9rtes\u00edtj\u00fck.<\/p>\r\n\r\n\r\n<hr class=\"wp-block-separator has-alpha-channel-opacity\" \/>\r\n\r\n\r\n<h2 class=\"wp-block-heading\">6. Lemond\u00e1si jog (EU \u00e9s Egyes\u00fclt Kir\u00e1lys\u00e1gbeli fogyaszt\u00f3k)<\/h2>\r\n\r\n\r\n\r\n<p>Ha \u00d6n az Eur\u00f3pai Uni\u00f3ban vagy az Egyes\u00fclt Kir\u00e1lys\u00e1gban \u00e9l\u0151 fogyaszt\u00f3, akkor a vonatkoz\u00f3 fogyaszt\u00f3v\u00e9delmi jogszab\u00e1lyoknak megfelel\u0151en jogosult lehet a megrendel\u00e9s\u00e9t\u0151l val\u00f3 el\u00e1ll\u00e1sra az \u00e1ruk k\u00e9zhezv\u00e9tel\u00e9t\u0151l sz\u00e1m\u00edtott tizenn\u00e9gy (14) munkanapon bel\u00fcl.<\/p>\r\n\r\n\r\n\r\n<p>A lemond\u00e1st k\u00f6vet\u0151 visszat\u00e9r\u00edt\u00e9seket a t\u00f6rv\u00e9nyben biztos\u00edtott jogaival \u00f6sszhangban dolgozzuk fel.<\/p>\r\n\r\n\r\n\r\n<p>A visszak\u00fcld\u00e9s jogosults\u00e1ga \u00e9s az elj\u00e1r\u00e1sok r\u00e9gi\u00f3nk\u00e9nt elt\u00e9r\u0151ek lehetnek. K\u00e9rj\u00fck, tekintse meg a k\u00f6vetkez\u0151t: <strong>Visszak\u00fcld\u00e9si szab\u00e1lyzat<\/strong> a r\u00e9szletek\u00e9rt.<\/p>\r\n\r\n\r\n<hr class=\"wp-block-separator has-alpha-channel-opacity\" \/>\r\n\r\n\r\n<h2 class=\"wp-block-heading\">7. Marketingkommunik\u00e1ci\u00f3<\/h2>\r\n\r\n\r\n\r\n<p>Az e-mailes kommunik\u00e1ci\u00f3val \u00e9s a prom\u00f3ci\u00f3s \u00fczenetekkel kapcsolatos r\u00e9szletes inform\u00e1ci\u00f3k a <strong>Adatv\u00e9delmi ir\u00e1nyelvek<\/strong>.<\/p>\r\n\r\n\r\n\r\n<p>Az el\u00e9rhet\u0151s\u00e9gi adatainak megad\u00e1s\u00e1val hozz\u00e1j\u00e1rul az adott szab\u00e1lyzattal \u00f6sszhangban l\u00e9v\u0151 kommunik\u00e1ci\u00f3hoz.<\/p>\r\n\r\n\r\n<hr class=\"wp-block-separator has-alpha-channel-opacity\" \/>\r\n\r\n\r\n<h2 class=\"wp-block-heading\">8. Adatv\u00e9delem<\/h2>\r\n\r\n\r\n\r\n<p>A mi\u00e9nk <strong>Adatv\u00e9delmi ir\u00e1nyelvek<\/strong> elmagyar\u00e1zza, hogyan gy\u0171jtik, dolgozz\u00e1k fel, t\u00e1rolj\u00e1k, osztj\u00e1k meg \u00e9s \u0151rzik meg a szem\u00e9lyes adatokat.<\/p>\r\n\r\n\r\n\r\n<p>Kereskedelmi szempontb\u00f3l \u00e9sszer\u0171 biztons\u00e1gi int\u00e9zked\u00e9seket alkalmazunk az adatbiztons\u00e1g \u00e9s az \u00d6n joghat\u00f3s\u00e1g\u00e1ban alkalmazand\u00f3 adatv\u00e9delmi t\u00f6rv\u00e9nyek betart\u00e1s\u00e1nak biztos\u00edt\u00e1sa \u00e9rdek\u00e9ben.<\/p>\r\n\r\n\r\n\r\n<p>S\u00fctiket \u00e9s hasonl\u00f3 technol\u00f3gi\u00e1kat haszn\u00e1lunk a weboldal funkcionalit\u00e1s\u00e1nak jav\u00edt\u00e1sa \u00e9rdek\u00e9ben. Tov\u00e1bbi r\u00e9szletek a k\u00f6vetkez\u0151 helyen tal\u00e1lhat\u00f3k: <strong>S\u00fctikre vonatkoz\u00f3 szab\u00e1lyzat<\/strong>.<\/p>\r\n\r\n\r\n<hr class=\"wp-block-separator has-alpha-channel-opacity\" \/>\r\n\r\n\r\n<h2 class=\"wp-block-heading\">9. Csal\u00e1smegel\u0151z\u00e9s<\/h2>\r\n\r\n\r\n\r\n<p>Az Mk Reborns szigor\u00fa csal\u00e1smegel\u0151z\u00e9si int\u00e9zked\u00e9seket hajt v\u00e9gre, \u00e9s harmadik f\u00e9l \u00e1ltal ny\u00fajtott ellen\u0151rz\u00e9si \u00e9s fel\u00fcgyeleti szolg\u00e1ltat\u00e1sokat vesz ig\u00e9nybe.<\/p>\r\n\r\n\r\n\r\n<p>A csal\u00e1s c\u00e9lj\u00e1b\u00f3l hamis, f\u00e9lrevezet\u0151 vagy pontatlan inform\u00e1ci\u00f3k megad\u00e1s\u00e1ra ir\u00e1nyul\u00f3 b\u00e1rmilyen k\u00eds\u00e9rletet jelenthet\u00fcnk az illet\u00e9kes csal\u00e1sellenes hat\u00f3s\u00e1goknak.<\/p>\r\n\r\n\r\n\r\n<p>Fenntartjuk a jogot, hogy felf\u00fcggessz\u00fck vagy megsz\u00fcntess\u00fck a gyan\u00edthat\u00f3an csal\u00e1rd magatart\u00e1ssal \u00f6sszef\u00fcgg\u0151 fi\u00f3kokat.<\/p>\r\n\r\n\r\n<hr class=\"wp-block-separator has-alpha-channel-opacity\" \/>\r\n\r\n\r\n<h2 class=\"wp-block-heading\">10. Automatiz\u00e1lt hozz\u00e1f\u00e9r\u00e9s \u00e9s webrobotok<\/h2>\r\n\r\n\r\n\r\n<p>Kiz\u00e1r\u00f3lag az Mk Reborns \u00e1ltal kifejezetten enged\u00e9lyezett \u00e9s a robothaszn\u00e1lati szab\u00e1lyzatunknak megfelel\u0151 automatiz\u00e1lt szoftveralkalmaz\u00e1sok (\u201cEnged\u00e9lyezett botok\u201d) f\u00e9rhetnek hozz\u00e1 ehhez a weboldalhoz.<\/p>\r\n\r\n\r\n\r\n<p>A jogosulatlan botok k\u00f6z\u00e9 tartoznak t\u00f6bbek k\u00f6z\u00f6tt azok a szkriptek, amelyek t\u00falterhelik a szervereket, automatiz\u00e1lj\u00e1k a kos\u00e1r m\u0171k\u00f6d\u00e9s\u00e9t, lem\u00e1solj\u00e1k a tartalmat, vagy megzavarj\u00e1k a v\u00e1s\u00e1rl\u00f3i \u00e9lm\u00e9nyt.<\/p>\r\n\r\n\r\n\r\n<p>Fenntartjuk a jogot, hogy az ilyen hozz\u00e1f\u00e9r\u00e9st azonnal blokkoljuk \u00e9s a kapcsol\u00f3d\u00f3 fi\u00f3kokat felf\u00fcggeszts\u00fck.<\/p>\r\n\r\n\r\n\r\n<p>\u00d6n beleegyezik, hogy k\u00e1rtalan\u00edtja az Mk Rebornst minden vesztes\u00e9g\u00e9rt, k\u00f6lts\u00e9g\u00e9rt \u00e9s kiad\u00e1s\u00e9rt, amely jogosulatlan automatiz\u00e1lt hozz\u00e1f\u00e9r\u00e9sb\u0151l ered.<\/p>\r\n\r\n\r\n<hr class=\"wp-block-separator has-alpha-channel-opacity\" \/>\r\n\r\n\r\n<h2 class=\"wp-block-heading\">11. Szellemi tulajdon<\/h2>\r\n\r\n\r\n\r\n<p>A weboldal \u00f6sszes tartalma, bele\u00e9rtve a sz\u00f6veget, k\u00e9peket, grafik\u00e1kat \u00e9s elrendez\u00e9st, az Mk Reborns kiz\u00e1r\u00f3lagos tulajdon\u00e1t k\u00e9pezi, hacsak m\u00e1sk\u00e9pp nem jelezz\u00fck.<\/p>\r\n\r\n\r\n\r\n<p>A tartalom kereskedelmi c\u00e9l\u00fa reproduk\u00e1l\u00e1sa, \u00fajraterjeszt\u00e9se, m\u00f3dos\u00edt\u00e1sa vagy felhaszn\u00e1l\u00e1sa el\u0151zetes \u00edr\u00e1sbeli hozz\u00e1j\u00e1rul\u00e1s n\u00e9lk\u00fcl tilos, kiv\u00e9ve szem\u00e9lyes, nem kereskedelmi c\u00e9l\u00fa felhaszn\u00e1l\u00e1s eset\u00e9n.<\/p>\r\n\r\n\r\n\r\n<p>\u00d6n beleegyezik, hogy nem hoz l\u00e9tre sz\u00e1rmaz\u00e9kos m\u0171veket a weboldal tartalm\u00e1b\u00f3l.<\/p>\r\n\r\n\r\n<hr class=\"wp-block-separator has-alpha-channel-opacity\" \/>\r\n\r\n\r\n<h2 class=\"wp-block-heading\">12. J\u00f3t\u00e1ll\u00e1s kiz\u00e1r\u00e1sa<\/h2>\r\n\r\n\r\n\r\n<p>Ez a weboldal \u201cahogy van\u201d \u00e9s \u201cahogy el\u00e9rhet\u0151\u201d alapon ker\u00fcl biztos\u00edt\u00e1sra.<\/p>\r\n\r\n\r\n\r\n<p>Semmilyen kifejezett vagy hallgat\u00f3lagos garanci\u00e1t nem v\u00e1llalunk a megszak\u00edt\u00e1s n\u00e9lk\u00fcli hozz\u00e1f\u00e9r\u00e9sre, a pontoss\u00e1gra, a hibamentes m\u0171k\u00f6d\u00e9sre vagy a k\u00e1ros \u00f6sszetev\u0151k hi\u00e1ny\u00e1ra vonatkoz\u00f3an.<\/p>\r\n\r\n\r\n\r\n<p>A jelen nyilatkozatban semmi sem korl\u00e1tozza a megv\u00e1s\u00e1rolt \u00e1rukkal kapcsolatos t\u00f6rv\u00e9nyes jogait.<\/p>\r\n\r\n\r\n<hr class=\"wp-block-separator has-alpha-channel-opacity\" \/>\r\n\r\n\r\n<h2 class=\"wp-block-heading\">13. Felel\u0151ss\u00e9g korl\u00e1toz\u00e1sa<\/h2>\r\n\r\n\r\n\r\n<p>A t\u00f6rv\u00e9ny \u00e1ltal megengedett legteljesebb m\u00e9rt\u00e9kben az Mk Reborns nem v\u00e1llal felel\u0151ss\u00e9get a k\u00f6vetkez\u0151k\u00e9rt:<\/p>\r\n\r\n\r\n\r\n<ul class=\"wp-block-list\">\r\n<li>a szerz\u0151d\u00e9sk\u00f6t\u00e9s id\u0151pontj\u00e1ban \u00e9sszer\u0171en nem el\u0151re l\u00e1that\u00f3 vesztes\u00e9gek;<\/li>\r\n\r\n\r\n\r\n<li>a nem a mi jogs\u00e9rt\u00e9s\u00fcnk \u00e1ltal okozott vesztes\u00e9gek;<\/li>\r\n\r\n\r\n\r\n<li>\u00fczleti vesztes\u00e9gek vagy nem fogyaszt\u00f3i vesztes\u00e9gek.<\/li>\r\n<\/ul>\r\n\r\n\r\n\r\n<p>Nem z\u00e1rjuk ki \u00e9s nem korl\u00e1tozzuk a felel\u0151ss\u00e9get a k\u00f6vetkez\u0151k\u00e9rt:<\/p>\r\n\r\n\r\n\r\n<p>(a) gondatlans\u00e1gb\u00f3l okozott hal\u00e1l vagy szem\u00e9lyi s\u00e9r\u00fcl\u00e9s;<br \/>(b) csal\u00e1s vagy csal\u00e1rd f\u00e9lrevezet\u00e9s;<br \/>(c) a c\u00edmre, le\u00edr\u00e1sra, min\u0151s\u00e9gre vagy alkalmass\u00e1gra vonatkoz\u00f3 t\u00f6rv\u00e9nyes hallgat\u00f3lagos felt\u00e9telek megs\u00e9rt\u00e9se;<br \/>(d) a vonatkoz\u00f3 fogyaszt\u00f3v\u00e9delmi jogszab\u00e1lyok szerinti felel\u0151ss\u00e9g.<\/p>\r\n\r\n\r\n<hr class=\"wp-block-separator has-alpha-channel-opacity\" \/>\r\n\r\n\r\n<h2 class=\"wp-block-heading\">14. Elfogadhat\u00f3 haszn\u00e1lat<\/h2>\r\n\r\n\r\n\r\n<p>\u00d6n beleegyezik, hogy ezt a weboldalt kiz\u00e1r\u00f3lag jogszer\u0171 c\u00e9lokra haszn\u00e1lja, olyan m\u00f3don, amely nem s\u00e9rti m\u00e1sok jogait, \u00e9s nem korl\u00e1tozza a weboldal haszn\u00e1lat\u00e1nak lehet\u0151s\u00e9g\u00e9t.<\/p>\r\n\r\n\r\n\r\n<p>A tiltott magatart\u00e1s mag\u00e1ban foglalja t\u00f6bbek k\u00f6z\u00f6tt a zaklat\u00e1st, a s\u00e9rt\u0151 anyagok terjeszt\u00e9s\u00e9t vagy a weboldal norm\u00e1l m\u0171k\u00f6d\u00e9s\u00e9nek megzavar\u00e1s\u00e1t.<\/p>\r\n\r\n\r\n<hr class=\"wp-block-separator has-alpha-channel-opacity\" \/>\r\n\r\n\r\n<h2 class=\"wp-block-heading\">15. Felhaszn\u00e1l\u00f3 \u00e1ltal gener\u00e1lt tartalom (v\u00e9lem\u00e9nyek, k\u00e9pek, bek\u00fcld\u00e9sek)<\/h2>\r\n\r\n\r\n\r\n<p>V\u00e9lem\u00e9nyek, \u00e9rt\u00e9kel\u00e9sek, k\u00e9pek vagy egy\u00e9b tartalmak bek\u00fcld\u00e9s\u00e9vel \u00d6n kijelenti \u00e9s szavatolja, hogy:<\/p>\r\n\r\n\r\n\r\n<ul class=\"wp-block-list\">\r\n<li>Minden szellemi tulajdonjog a tulajdonodban van;<\/li>\r\n\r\n\r\n\r\n<li>Lemondt\u00e1l minden erk\u00f6lcsi jogodr\u00f3l.<\/li>\r\n\r\n\r\n\r\n<li>A tartalom igaz \u00e9s t\u00f6rv\u00e9nyes.<\/li>\r\n\r\n\r\n\r\n<li>Legal\u00e1bb tizennyolc (18) \u00e9ves vagy.<\/li>\r\n<\/ul>\r\n\r\n\r\n\r\n<p>\u00d6n \u00f6r\u00f6k\u00f6s, visszavonhatatlan, jogd\u00edjmentes, vil\u00e1gszerte \u00e9rv\u00e9nyes licencet ad az Mk Rebornsnak az ilyen tartalom felhaszn\u00e1l\u00e1s\u00e1ra, reproduk\u00e1l\u00e1s\u00e1ra, m\u00f3dos\u00edt\u00e1s\u00e1ra, k\u00f6zz\u00e9t\u00e9tel\u00e9re, ford\u00edt\u00e1s\u00e1ra, terjeszt\u00e9s\u00e9re \u00e9s egy\u00e9b m\u00f3don t\u00f6rt\u00e9n\u0151 felhaszn\u00e1l\u00e1s\u00e1ra ellenszolg\u00e1ltat\u00e1s n\u00e9lk\u00fcl.<\/p>\r\n\r\n\r\n\r\n<p>Fenntartjuk a jogot, hogy saj\u00e1t bel\u00e1t\u00e1sunk szerint b\u00e1rmely tartalmat szerkeszthess\u00fcnk, elt\u00e1vol\u00edtsunk, vagy megtagadhassuk a k\u00f6zz\u00e9t\u00e9tel\u00e9t.<\/p>\r\n\r\n\r\n\r\n<p>Kiz\u00e1r\u00f3lag te maradsz felel\u0151s a bek\u00fcld\u00f6tt tartalom\u00e9rt.<\/p>\r\n\r\n\r\n<hr class=\"wp-block-separator has-alpha-channel-opacity\" \/>\r\n\r\n\r\n<h2 class=\"wp-block-heading\">16. H\u0171s\u00e9gprogram<\/h2>\r\n\r\n\r\n\r\n<p>\u00c1talak\u00edtjuk a h\u0171s\u00e9gprogramunkat.<br \/>A megl\u00e9v\u0151 pontrendszerek tov\u00e1bbi pontgy\u0171jt\u00e9s vagy bev\u00e1lt\u00e1s n\u00e9lk\u00fcl megsz\u00fcntethet\u0151k.<\/p>\r\n\r\n\r\n<hr class=\"wp-block-separator has-alpha-channel-opacity\" \/>\r\n\r\n\r\n<h2 class=\"wp-block-heading\">17. Forgalmi ad\u00f3 (Egyes\u00fclt \u00c1llamok)<\/h2>\r\n\r\n\r\n\r\n<p>Az alkalmazand\u00f3 forgalmi vagy haszn\u00e1lati ad\u00f3t a sz\u00e1ll\u00edt\u00e1si c\u00edmed alapj\u00e1n sz\u00e1m\u00edtjuk ki, \u00e9s a fizet\u00e9s sor\u00e1n jelen\u00edtj\u00fck meg.<\/p>\r\n\r\n\r\n\r\n<p>A megjelen\u00edtett ad\u00f3\u00f6sszegek becs\u00fclt \u00e9rt\u00e9kek; a v\u00e9gleges ad\u00f3\u00f6sszeget a megrendel\u00e9s teljes\u00edt\u00e9se ut\u00e1n er\u0151s\u00edtj\u00fck meg.<\/p>\r\n\r\n\r\n<hr class=\"wp-block-separator has-alpha-channel-opacity\" \/>\r\n\r\n\r\n<h2 class=\"wp-block-heading\">18. K\u00fcls\u0151 linkek<\/h2>\r\n\r\n\r\n\r\n<p>Ez a weboldal tartalmazhat harmadik f\u00e9l webhelyeire mutat\u00f3 hivatkoz\u00e1sokat.<br \/>Nem mi ir\u00e1ny\u00edtjuk \u00e9s nem t\u00e1mogatjuk az ilyen oldalakat, \u00e9s nem v\u00e1llalunk felel\u0151ss\u00e9get a tartalmuk\u00e9rt.<\/p>\r\n\r\n\r\n<hr class=\"wp-block-separator has-alpha-channel-opacity\" \/>\r\n\r\n\r\n<h2 class=\"wp-block-heading\">19. Ir\u00e1nyad\u00f3 jog \u00e9s joghat\u00f3s\u00e1g<\/h2>\r\n<div>A jelen Felt\u00e9teleket, valamint az azokb\u00f3l ered\u0151 vagy azokkal kapcsolatos b\u00e1rmely vit\u00e1t vagy k\u00f6vetel\u00e9st (bele\u00e9rtve a szerz\u0151d\u00e9sen k\u00edv\u00fcli vit\u00e1kat vagy k\u00f6vetel\u00e9seket is) a Hongkongi K\u00fcl\u00f6nleges K\u00f6zigazgat\u00e1si Ter\u00fclet (HKSAR) t\u00f6rv\u00e9nyei szab\u00e1lyozz\u00e1k, \u00e9s azok szerint kell \u00e9rtelmezni, tekintet n\u00e9lk\u00fcl a koll\u00edzi\u00f3s jogi elvekre.<\/div>\r\n<div>\u00d6n visszavonhatatlanul beleegyezik, hogy a hongkongi b\u00edr\u00f3s\u00e1gok kiz\u00e1r\u00f3lagos joghat\u00f3s\u00e1ggal rendelkeznek a jelen Felt\u00e9telekb\u0151l vagy a Weboldal \u00d6n \u00e1ltali haszn\u00e1lat\u00e1b\u00f3l ered\u0151 vagy azokkal kapcsolatos vit\u00e1k vagy k\u00f6vetel\u00e9sek rendez\u00e9s\u00e9re.<\/div>\r\n\r\n\r\n<hr class=\"wp-block-separator has-alpha-channel-opacity\" \/>\r\n\r\n\r\n<h2 class=\"wp-block-heading\">20. Vis maior<\/h2>\r\n\r\n\r\n\r\n<p>Nem v\u00e1llalunk felel\u0151ss\u00e9get a teljes\u00edt\u00e9sben bek\u00f6vetkezett hib\u00e1k\u00e9rt vagy k\u00e9sedelmek\u00e9rt, amelyeket az \u00e9sszer\u0171 ellen\u0151rz\u00e9s\u00fcnk\u00f6n k\u00edv\u00fcl es\u0151 esem\u00e9nyek okoznak, bele\u00e9rtve, de nem kiz\u00e1r\u00f3lagosan a term\u00e9szeti katasztr\u00f3f\u00e1kat, vil\u00e1gj\u00e1rv\u00e1nyokat, korm\u00e1nyzati int\u00e9zked\u00e9seket vagy polg\u00e1ri zavarg\u00e1sokat.<\/p>\r\n\r\n\r\n\r\n<p>Az \u00e9rintett k\u00f6telezetts\u00e9gek az ilyen esem\u00e9ny id\u0151tartam\u00e1ra felf\u00fcggeszt\u00e9sre ker\u00fclnek.<\/p>\r\n\r\n\r\n<hr class=\"wp-block-separator has-alpha-channel-opacity\" \/>\r\n\r\n\r\n<h2 class=\"wp-block-heading\">21. \u00c1truh\u00e1z\u00e1s \u00e9s elv\u00e1laszthat\u00f3s\u00e1g<\/h2>\r\n\r\n\r\n\r\n<p>A jelen Felt\u00e9telek szerinti jogainkat \u00e9s k\u00f6telezetts\u00e9geinket \u00e1truh\u00e1zhatjuk an\u00e9lk\u00fcl, hogy ez \u00e9rinten\u00e9 az \u00d6n jogait.<\/p>\r\n\r\n\r\n\r\n<p>\u00cdr\u00e1sbeli hozz\u00e1j\u00e1rul\u00e1sunk n\u00e9lk\u00fcl nem ruh\u00e1zhatja \u00e1t jogait.<\/p>\r\n\r\n\r\n\r\n<p>Ha b\u00e1rmely rendelkez\u00e9s v\u00e9grehajthatatlannak nyilv\u00e1nul, a fennmarad\u00f3 rendelkez\u00e9sek teljes hat\u00e1lyban maradnak.<\/p>\r\n\r\n\r\n<hr class=\"wp-block-separator has-alpha-channel-opacity\" \/>\r\n\r\n\r\n<h2 class=\"wp-block-heading\">22. Joglemond\u00e1s<\/h2>\r\n\r\n\r\n\r\n<p>Az Mk Reborns b\u00e1rmely rendelkez\u00e9s \u00e9rv\u00e9nyes\u00edt\u00e9s\u00e9nek elmulaszt\u00e1sa nem jelenti a j\u00f6v\u0151beni \u00e9rv\u00e9nyes\u00edt\u00e9sr\u0151l val\u00f3 lemond\u00e1st.<\/p>","protected":false},"excerpt":{"rendered":"<p>1. Bevezet\u00e9s Jelen \u00c1ltal\u00e1nos Szerz\u0151d\u00e9si Felt\u00e9telek (a tov\u00e1bbiakban: \u201cFelt\u00e9telek\u201d) szab\u00e1lyozz\u00e1k az mkreborns.com (a tov\u00e1bbiakban: \u201cWeboldal\u201d) weboldalhoz val\u00f3 hozz\u00e1f\u00e9r\u00e9s\u00e9t \u00e9s haszn\u00e1lat\u00e1t, amely egy digit\u00e1lis<\/p>","protected":false},"author":1,"featured_media":0,"parent":0,"menu_order":0,"comment_status":"closed","ping_status":"closed","template":"","meta":{"footnotes":""},"class_list":["post-3449","page","type-page","status-publish","hentry"],"_links":{"self":[{"href":"https:\/\/www.mkreborns.com\/hu\/wp-json\/wp\/v2\/pages\/3449","targetHints":{"allow":["GET"]}}],"collection":[{"href":"https:\/\/www.mkreborns.com\/hu\/wp-json\/wp\/v2\/pages"}],"about":[{"href":"https:\/\/www.mkreborns.com\/hu\/wp-json\/wp\/v2\/types\/page"}],"author":[{"embeddable":true,"href":"https:\/\/www.mkreborns.com\/hu\/wp-json\/wp\/v2\/users\/1"}],"replies":[{"embeddable":true,"href":"https:\/\/www.mkreborns.com\/hu\/wp-json\/wp\/v2\/comments?post=3449"}],"version-history":[{"count":0,"href":"https:\/\/www.mkreborns.com\/hu\/wp-json\/wp\/v2\/pages\/3449\/revisions"}],"wp:attachment":[{"href":"https:\/\/www.mkreborns.com\/hu\/wp-json\/wp\/v2\/media?parent=3449"}],"curies":[{"name":"munkaf\u00fczet","href":"https:\/\/api.w.org\/{rel}","templated":true}]}}