{"id":3,"date":"2025-12-24T14:18:41","date_gmt":"2025-12-24T14:18:41","guid":{"rendered":"https:\/\/www.mkreborns.com\/?page_id=3"},"modified":"2026-01-20T10:07:36","modified_gmt":"2026-01-20T10:07:36","slug":"privacy-policy","status":"publish","type":"page","link":"https:\/\/www.mkreborns.com\/hu\/privacy-policy\/","title":{"rendered":"Adatv\u00e9delmi ir\u00e1nyelvek"},"content":{"rendered":"<p>At <strong>Mk \u00dajj\u00e1sz\u00fclet\u00e9sek<\/strong>, nagy hangs\u00falyt fektet\u00fcnk a szem\u00e9lyes adatok bizalmas kezel\u00e9s\u00e9re, integrit\u00e1s\u00e1ra \u00e9s felel\u0151ss\u00e9gteljes kezel\u00e9s\u00e9re. Ez az Adatv\u00e9delmi Szab\u00e1lyzat ismerteti, hogyan gy\u0171jtj\u00fck, dolgozzuk fel, t\u00e1roljuk \u00e9s v\u00e9dj\u00fck az adatokat, amikor \u00d6n felkeresi vagy kapcsolatba l\u00e9p weboldalunkkal.<\/p>\n\n\n\n<hr class=\"wp-block-separator has-alpha-channel-opacity\"\/>\n\n\n\n<h2 class=\"wp-block-heading\">1. Kik vagyunk<\/h2>\n\n\n\n<p>A weboldal <strong><a href=\"https:\/\/www.mkreborns.com\/hu\/\">https:\/\/www.mkreborns.com<\/a><\/strong> tulajdon\u00e1ban \u00e9s \u00fczemeltet\u00e9s\u00e9ben \u00e1ll <strong>Mk \u00dajj\u00e1sz\u00fclet\u00e9sek<\/strong>.<br>Jelen szab\u00e1lyzatban a \u201cmi\u201d, \u201cmi\u00e9nk\u201d vagy \u201cminket\u201d kifejez\u00e9sek kiz\u00e1r\u00f3lag az Mk Reborns-ra vonatkoznak.<\/p>\n\n\n\n<hr class=\"wp-block-separator has-alpha-channel-opacity\"\/>\n\n\n\n<h2 class=\"wp-block-heading\">2. Hozz\u00e1sz\u00f3l\u00e1sok \u00e9s felhaszn\u00e1l\u00f3i bek\u00fcld\u00e9sek<\/h2>\n\n\n\n<p>Amikor a l\u00e1togat\u00f3k \u00fagy d\u00f6ntenek, hogy hozz\u00e1sz\u00f3l\u00e1st hagynak weboldalunkon, \u00f6sszegy\u0171jtj\u00fck a hozz\u00e1sz\u00f3l\u00e1s bek\u00fcld\u00e9si \u0171rlapj\u00e1n megjelen\u00edtett inform\u00e1ci\u00f3kat, valamint a l\u00e1togat\u00f3... <strong>IP-c\u00edm<\/strong> \u00e9s <strong>b\u00f6ng\u00e9sz\u0151 felhaszn\u00e1l\u00f3i \u00fcgyn\u00f6k karakterl\u00e1nc<\/strong>. Ezeket az inform\u00e1ci\u00f3kat kiz\u00e1r\u00f3lag a platform biztons\u00e1g\u00e1nak fenntart\u00e1sa \u00e9s a k\u00e9retlen vagy s\u00e9rt\u0151 tartalmak megel\u0151z\u00e9se c\u00e9lj\u00e1b\u00f3l gy\u0171jtj\u00fck.<\/p>\n\n\n\n<p>Az e-mail c\u00edmedb\u0151l gener\u00e1lt anonimiz\u00e1lt azonos\u00edt\u00f3 (\u00e1ltal\u00e1ban \u00fan. <em>hash<\/em>) tov\u00e1bb\u00edthat\u00f3 a <strong>Gravatar<\/strong> szolg\u00e1ltat\u00e1s annak meg\u00e1llap\u00edt\u00e1s\u00e1ra, hogy l\u00e9tezik-e t\u00e1rs\u00edtott profil.<br>A Gravatar szolg\u00e1ltat\u00e1s saj\u00e1t adatv\u00e9delmi keretrendszere alatt m\u0171k\u00f6dik, amely a k\u00f6vetkez\u0151 c\u00edmen tekinthet\u0151 meg:<br><a href=\"https:\/\/automattic.com\/privacy\/\" target=\"_blank\" rel=\"noopener\">https:\/\/automattic.com\/privacy\/<\/a><\/p>\n\n\n\n<p>Miut\u00e1n egy hozz\u00e1sz\u00f3l\u00e1st j\u00f3v\u00e1hagytak, a hozz\u00e1 tartoz\u00f3 profilk\u00e9p nyilv\u00e1nosan l\u00e1that\u00f3v\u00e1 v\u00e1lik a hozz\u00e1sz\u00f3l\u00e1s mellett.<\/p>\n\n\n\n<hr class=\"wp-block-separator has-alpha-channel-opacity\"\/>\n\n\n\n<h2 class=\"wp-block-heading\">3. M\u00e9diafelt\u00f6lt\u00e9sek<\/h2>\n\n\n\n<p>Ha k\u00e9peket t\u00f6lt fel a weboldalra, er\u0151sen javasoljuk, hogy ne tegyen k\u00f6zz\u00e9 k\u00e9peket <strong>be\u00e1gyazott helyadatok (EXIF GPS)<\/strong>.<br>A webhely l\u00e1togat\u00f3i let\u00f6lthetnek k\u00e9peket \u00e9s kinyerhetik a benn\u00fck tal\u00e1lhat\u00f3 helyadatokat. Az Mk Reborns nem v\u00e1llal felel\u0151ss\u00e9get a felt\u00f6lt\u00f6tt m\u00e9diatartalmakban \u00f6nk\u00e9ntesen megadott metaadatok\u00e9rt.<\/p>\n\n\n\n<hr class=\"wp-block-separator has-alpha-channel-opacity\"\/>\n\n\n\n<h2 class=\"wp-block-heading\">4. S\u00fctik \u00e9s hasonl\u00f3 technol\u00f3gi\u00e1k<\/h2>\n\n\n\n<p>A felhaszn\u00e1l\u00f3i k\u00e9nyelem \u00e9s a funkcionalit\u00e1s fokoz\u00e1sa \u00e9rdek\u00e9ben weboldalunk a k\u00f6vetkez\u0151 esetekben s\u00fctiket haszn\u00e1l:<\/p>\n\n\n\n<ul class=\"wp-block-list\">\n<li>Amikor hozz\u00e1sz\u00f3l\u00e1st k\u00fcld, d\u00f6nthet \u00fagy, hogy a nev\u00e9t, e-mail c\u00edm\u00e9t \u00e9s webhelyadatait s\u00fctikben t\u00e1rolja. Ezeket a s\u00fctiket a k\u00f6vetkez\u0151 ideig \u0151rizz\u00fck meg: <strong>egy \u00e9v<\/strong> hogy kik\u00fcsz\u00f6b\u00f6lje az ism\u00e9telt adatbevitel sz\u00fcks\u00e9gess\u00e9g\u00e9t.<\/li>\n\n\n\n<li>A bejelentkez\u00e9si oldal felkeres\u00e9sekor egy ideiglenes s\u00fcti gener\u00e1l\u00f3dik annak ellen\u0151rz\u00e9s\u00e9re, hogy a b\u00f6ng\u00e9sz\u0151je elfogadja-e a s\u00fctiket. Ez a s\u00fcti nem tartalmaz szem\u00e9lyes adatokat, \u00e9s a b\u00f6ng\u00e9sz\u0151 bez\u00e1r\u00e1sakor t\u00f6rl\u0151dik.<\/li>\n\n\n\n<li>Bejelentkez\u00e9skor sz\u00e1mos s\u00fcti j\u00f6n l\u00e9tre a hiteles\u00edt\u00e9si \u00e1llapot \u00e9s a megjelen\u00edt\u00e9si be\u00e1ll\u00edt\u00e1sok meg\u0151rz\u00e9se \u00e9rdek\u00e9ben.\n<ul class=\"wp-block-list\">\n<li>A bejelentkez\u00e9si s\u00fctik akt\u00edvak maradnak a k\u00f6vetkez\u0151 ideig: <strong>k\u00e9t nap<\/strong><\/li>\n\n\n\n<li>A megjelen\u00edt\u00e9si be\u00e1ll\u00edt\u00e1sok s\u00fctijei a k\u00f6vetkez\u0151 ideig maradnak meg: <strong>egy \u00e9v<\/strong><\/li>\n\n\n\n<li>Ha a \u201cJelentkezz r\u00e1m\u201d opci\u00f3t v\u00e1lasztja, a bejelentkez\u00e9si adatok megmaradnak a k\u00f6vetkez\u0151 ideig: <strong>k\u00e9t h\u00e9t<\/strong><\/li>\n<\/ul>\n<\/li>\n\n\n\n<li>Kijelentkez\u00e9skor a bejelentkez\u00e9shez kapcsol\u00f3d\u00f3 s\u00fctik t\u00f6rl\u0151dnek.<\/li>\n\n\n\n<li>Ha tartalmat szerkeszt vagy tesz k\u00f6zz\u00e9, egy tov\u00e1bbi s\u00fcti ker\u00fcl ment\u00e9sre a b\u00f6ng\u00e9sz\u0151j\u00e9ben. Ez a s\u00fcti nem tartalmaz szem\u00e9lyes adatokat, \u00e9s kiz\u00e1r\u00f3lag a szerkesztett bejegyz\u00e9s azonos\u00edt\u00e1s\u00e1ra szolg\u00e1l. Lej\u00e1r a k\u00f6vetkez\u0151 id\u0151pontban: <strong>24 \u00f3ra<\/strong>.<\/li>\n<\/ul>\n\n\n\n<hr class=\"wp-block-separator has-alpha-channel-opacity\"\/>\n\n\n\n<h2 class=\"wp-block-heading\">5. Harmadik f\u00e9l webhelyeir\u0151l be\u00e1gyazott tartalom<\/h2>\n\n\n\n<p>A weboldalon tal\u00e1lhat\u00f3 oldalak be\u00e1gyazott tartalmat tartalmazhatnak (bele\u00e9rtve, de nem kiz\u00e1r\u00f3lagosan a vide\u00f3kat, k\u00e9peket vagy cikkeket).<br>A k\u00fcls\u0151 webhelyekr\u0151l be\u00e1gyazott tartalom ugyan\u00fagy viselkedik, mintha k\u00f6zvetlen\u00fcl az eredeti webhelyet l\u00e1togatta volna meg.<\/p>\n\n\n\n<p>Az ilyen harmadik f\u00e9l weboldalai a k\u00f6vetkez\u0151ket tehetik:<\/p>\n\n\n\n<ul class=\"wp-block-list\">\n<li>Adatokat gy\u0171jt\u00fcnk \u00d6nr\u0151l<\/li>\n\n\n\n<li>S\u00fctik haszn\u00e1lata<\/li>\n\n\n\n<li>Haszn\u00e1ljon tov\u00e1bbi harmadik f\u00e9lt\u0151l sz\u00e1rmaz\u00f3 nyomk\u00f6vet\u0151 eszk\u00f6z\u00f6ket<\/li>\n\n\n\n<li>A be\u00e1gyazott tartalommal val\u00f3 interakci\u00f3 figyel\u00e9se<\/li>\n<\/ul>\n\n\n\n<p>Ez mag\u00e1ban foglalhatja az interakci\u00f3k nyomon k\u00f6vet\u00e9s\u00e9t is, ha rendelkezik fi\u00f3kkal egy k\u00fcls\u0151 platformon, \u00e9s be van jelentkezve oda.<\/p>\n\n\n\n<hr class=\"wp-block-separator has-alpha-channel-opacity\"\/>\n\n\n\n<h2 class=\"wp-block-heading\">6. Adatmegoszt\u00e1s<\/h2>\n\n\n\n<p>Ha jelsz\u00f3-vissza\u00e1ll\u00edt\u00e1st k\u00e9r, <strong>IP-c\u00edm<\/strong> biztons\u00e1gi ellen\u0151rz\u00e9si c\u00e9lokb\u00f3l a jelsz\u00f3-vissza\u00e1ll\u00edt\u00e1si kommunik\u00e1ci\u00f3ban is szerepelni fog.<\/p>\n\n\n\n<p>Az Mk Reborns nem adja el, nem adja b\u00e9rbe \u00e9s nem cser\u00e9li el a szem\u00e9lyes adatokat jogosulatlan harmadik feleknek.<\/p>\n\n\n\n<hr class=\"wp-block-separator has-alpha-channel-opacity\"\/>\n\n\n\n<h2 class=\"wp-block-heading\">7. Adatmeg\u0151rz\u00e9s<\/h2>\n\n\n\n<p>A megjegyz\u00e9sek \u00e9s a hozz\u00e1juk tartoz\u00f3 metaadatok megmaradnak. <strong>hat\u00e1rozatlan ideig<\/strong>. Ez lehet\u0151v\u00e9 teszi sz\u00e1munkra, hogy a k\u00e9s\u0151bbi hozz\u00e1sz\u00f3l\u00e1sokat automatikusan felismerj\u00fck \u00e9s j\u00f3v\u00e1hagyjuk an\u00e9lk\u00fcl, hogy moder\u00e1l\u00e1s al\u00e1 helyezn\u00e9nk \u0151ket.<\/p>\n\n\n\n<p>A weboldalunkon regisztr\u00e1l\u00f3 felhaszn\u00e1l\u00f3k (amennyiben vannak ilyenek) eset\u00e9ben a megadott szem\u00e9lyes adatokat a felhaszn\u00e1l\u00f3i profiljukban t\u00e1roljuk.<br>A regisztr\u00e1lt felhaszn\u00e1l\u00f3k b\u00e1rmikor megtekinthetik, m\u00f3dos\u00edthatj\u00e1k vagy t\u00f6r\u00f6lhetik szem\u00e9lyes adataikat, a felhaszn\u00e1l\u00f3nevek kiv\u00e9tel\u00e9vel. A weboldal adminisztr\u00e1torai fenntartj\u00e1k a jogot, hogy sz\u00fcks\u00e9g eset\u00e9n hozz\u00e1f\u00e9rjenek \u00e9s szerkeszthess\u00e9k ezeket az inform\u00e1ci\u00f3kat.<\/p>\n\n\n\n<hr class=\"wp-block-separator has-alpha-channel-opacity\"\/>\n\n\n\n<h2 class=\"wp-block-heading\">8. Az \u00d6n adataival kapcsolatos jogai<\/h2>\n\n\n\n<p>Ha rendelkezik fi\u00f3kkal ezen a weboldalon, vagy kor\u00e1bban m\u00e1r k\u00fcld\u00f6tt hozz\u00e1sz\u00f3l\u00e1st, k\u00e9rheti:<\/p>\n\n\n\n<ul class=\"wp-block-list\">\n<li>Egy export\u00e1lt f\u00e1jl, amely tartalmazza az \u00d6nr\u0151l t\u00e1rolt szem\u00e9lyes adatokat<\/li>\n\n\n\n<li>Az \u00d6nh\u00f6z kapcsol\u00f3d\u00f3 szem\u00e9lyes adatok t\u00f6rl\u00e9se<\/li>\n<\/ul>\n\n\n\n<p>Az adatt\u00f6rl\u00e9si k\u00e9relmek nem vonatkoznak azokra az inform\u00e1ci\u00f3kra, amelyeket jogi vagy adminisztrat\u00edv k\u00f6telezetts\u00e9g\u00fcnk van meg\u0151rizni megfelel\u0151s\u00e9gi, biztons\u00e1gi vagy m\u0171k\u00f6d\u00e9si c\u00e9lokb\u00f3l.<\/p>\n\n\n\n<hr class=\"wp-block-separator has-alpha-channel-opacity\"\/>\n\n\n\n<h2 class=\"wp-block-heading\">9. Hol kezelj\u00fck az adatait<\/h2>\n\n\n\n<p>A l\u00e1togat\u00f3i hozz\u00e1sz\u00f3l\u00e1sokat automatiz\u00e1lt spam-\u00e9szlel\u0151 szolg\u00e1ltat\u00e1sok vizsg\u00e1lhatj\u00e1k a weboldal biztons\u00e1g\u00e1nak \u00e9s integrit\u00e1s\u00e1nak biztos\u00edt\u00e1sa \u00e9rdek\u00e9ben.<\/p>\n\n\n\n<hr class=\"wp-block-separator has-alpha-channel-opacity\"\/>\n\n\n\n<h2 class=\"wp-block-heading\">10. El\u00e9rhet\u0151s\u00e9gek<\/h2>\n\n\n\n<p>Ha b\u00e1rmilyen k\u00e9rd\u00e9se van a jelen Adatv\u00e9delmi Szab\u00e1lyzattal vagy a szem\u00e9lyes adatai kezel\u00e9s\u00e9vel kapcsolatban, k\u00e9rj\u00fck, vegye fel vel\u00fcnk a kapcsolatot az al\u00e1bbi el\u00e9rhet\u0151s\u00e9geken:<\/p>\n\n\n\n<p>\ud83d\udce7 <strong><a href=\"mailto:support@mkreborns.com\">support@mkreborns.com<\/a><\/strong><\/p>\n\n\n\n<p><\/p>","protected":false},"excerpt":{"rendered":"<p>Az Mk Reborns-n\u00e1l nagy hangs\u00falyt fektet\u00fcnk a szem\u00e9lyes adatok bizalmas kezel\u00e9s\u00e9re, integrit\u00e1s\u00e1ra \u00e9s felel\u0151ss\u00e9gteljes kezel\u00e9s\u00e9re. Ez az adatv\u00e9delmi szab\u00e1lyzat<\/p>","protected":false},"author":1,"featured_media":0,"parent":0,"menu_order":0,"comment_status":"closed","ping_status":"closed","template":"","meta":{"footnotes":""},"class_list":["post-3","page","type-page","status-publish","hentry"],"_links":{"self":[{"href":"https:\/\/www.mkreborns.com\/hu\/wp-json\/wp\/v2\/pages\/3","targetHints":{"allow":["GET"]}}],"collection":[{"href":"https:\/\/www.mkreborns.com\/hu\/wp-json\/wp\/v2\/pages"}],"about":[{"href":"https:\/\/www.mkreborns.com\/hu\/wp-json\/wp\/v2\/types\/page"}],"author":[{"embeddable":true,"href":"https:\/\/www.mkreborns.com\/hu\/wp-json\/wp\/v2\/users\/1"}],"replies":[{"embeddable":true,"href":"https:\/\/www.mkreborns.com\/hu\/wp-json\/wp\/v2\/comments?post=3"}],"version-history":[{"count":0,"href":"https:\/\/www.mkreborns.com\/hu\/wp-json\/wp\/v2\/pages\/3\/revisions"}],"wp:attachment":[{"href":"https:\/\/www.mkreborns.com\/hu\/wp-json\/wp\/v2\/media?parent=3"}],"curies":[{"name":"munkaf\u00fczet","href":"https:\/\/api.w.org\/{rel}","templated":true}]}}