{"id":22,"date":"2025-10-16T14:50:26","date_gmt":"2025-10-16T14:50:26","guid":{"rendered":"https:\/\/dummy.xtemos.com\/woodmart2\/christmas-shop-elementor\/?page_id=22"},"modified":"2025-10-16T14:50:26","modified_gmt":"2025-10-16T14:50:26","slug":"wishlist","status":"publish","type":"page","link":"https:\/\/www.mkreborns.com\/hu\/wishlist\/","title":{"rendered":"K\u00edv\u00e1ns\u00e1glista"},"content":{"rendered":"<div data-elementor-type=\"wp-page\" data-elementor-id=\"22\" class=\"elementor elementor-22\" data-elementor-post-type=\"page\">\n\t\t\t\t<div class=\"wd-negative-gap elementor-element elementor-element-5dd70f8 e-flex e-con-boxed e-con e-parent\" data-id=\"5dd70f8\" data-element_type=\"container\" data-e-type=\"container\">\n\t\t\t\t\t<div class=\"e-con-inner\">\n\t\t\t\t<div class=\"elementor-element elementor-element-e8fd71e elementor-widget elementor-widget-wd_wishlist\" data-id=\"e8fd71e\" data-element_type=\"widget\" data-e-type=\"widget\" data-widget_type=\"wd_wishlist.default\">\n\t\t\t\t<div class=\"elementor-widget-container\">\n\t\t\t\t\t\t\t\n\t\t\n\n\t\t\t\t<div class=\"\" >\n\t\t\t\t\t\t<div class=\"wd-wishlist-content\">\n\t\t\t\t\t\t\t\t\t\n\t\t<div class=\"wd-empty-block wd-empty-wishlist\">\n\n\t\t<h2 class=\"wd-empty-block-title\">\n\t\t\tEz a k\u00edv\u00e1ns\u00e1glista \u00fcres.\t\t<\/h2>\n\n\t\t\t\t\t<p class=\"wd-empty-block-text\">\n\t\t\t\tM\u00e9g nincsenek term\u00e9kek a k\u00edv\u00e1ns\u00e1glist\u00e1don. Sok \u00e9rdekes term\u00e9ket tal\u00e1lsz a &quot;V\u00e1s\u00e1rl\u00e1s&quot; oldalunkon.\t\t\t<\/p>\n\t\t\n\t\t\n\t\t\t\t\t<a class=\"button btn btn-accent wd-empty-block-btn\" href=\"https:\/\/www.mkreborns.com\/hu\/shop\/\">\n\t\t\t\tVissza a boltba\t\t\t<\/a>\n\t\t\n\t\t\t\t\t<\/div>\n\t\t\t\t\t\t\t\t\t\t\t<\/div>\n\t\t\t\t<\/div>\n\t\t\t\t\t\t<\/div>\n\t\t\t\t<\/div>\n\t\t\t\t\t<\/div>\n\t\t\t\t<\/div>\n\t\t\t\t<\/div>","protected":false},"excerpt":{"rendered":"<p>Fi\u00f3kom Ir\u00e1ny\u00edt\u00f3pult Rendel\u00e9sek Let\u00f6lt\u00e9sek C\u00edmek Fi\u00f3kadatok K\u00edv\u00e1ns\u00e1glista Kijelentkez\u00e9s Ez a k\u00edv\u00e1ns\u00e1glista \u00fcres. Nincsenek term\u00e9kei a k\u00f6vetkez\u0151 kateg\u00f3ri\u00e1ban:<\/p>","protected":false},"author":1,"featured_media":0,"parent":0,"menu_order":0,"comment_status":"closed","ping_status":"closed","template":"","meta":{"footnotes":""},"class_list":["post-22","page","type-page","status-publish","hentry"],"_links":{"self":[{"href":"https:\/\/www.mkreborns.com\/hu\/wp-json\/wp\/v2\/pages\/22","targetHints":{"allow":["GET"]}}],"collection":[{"href":"https:\/\/www.mkreborns.com\/hu\/wp-json\/wp\/v2\/pages"}],"about":[{"href":"https:\/\/www.mkreborns.com\/hu\/wp-json\/wp\/v2\/types\/page"}],"author":[{"embeddable":true,"href":"https:\/\/www.mkreborns.com\/hu\/wp-json\/wp\/v2\/users\/1"}],"replies":[{"embeddable":true,"href":"https:\/\/www.mkreborns.com\/hu\/wp-json\/wp\/v2\/comments?post=22"}],"version-history":[{"count":0,"href":"https:\/\/www.mkreborns.com\/hu\/wp-json\/wp\/v2\/pages\/22\/revisions"}],"wp:attachment":[{"href":"https:\/\/www.mkreborns.com\/hu\/wp-json\/wp\/v2\/media?parent=22"}],"curies":[{"name":"munkaf\u00fczet","href":"https:\/\/api.w.org\/{rel}","templated":true}]}}