{"id":13,"date":"2026-01-16T17:03:18","date_gmt":"2026-01-16T17:03:18","guid":{"rendered":"https:\/\/www.mkreborns.com\/?page_id=13"},"modified":"2026-01-28T02:12:14","modified_gmt":"2026-01-28T02:12:14","slug":"refund_returns","status":"publish","type":"page","link":"https:\/\/www.mkreborns.com\/hu\/refund_returns\/","title":{"rendered":"Visszat\u00e9r\u00edt\u00e9s \u00e9s visszak\u00fcld\u00e9s"},"content":{"rendered":"<p>At <strong>Mk \u00dajj\u00e1sz\u00fclet\u00e9sek<\/strong>, elk\u00f6telezettek vagyunk a kiv\u00e1l\u00f3 min\u0151s\u00e9g\u0171, \u00fajj\u00e1sz\u00fcletett bab\u00e1k k\u00e9sz\u00edt\u00e9se ir\u00e1nt, amelyek mindegyik\u00e9t gondosan megmunk\u00e1ljuk, hogy egyedi, kifejez\u0151 \u00e9s kiv\u00e9telesen \u00e9leth\u0171 legyen. Ha v\u00e1s\u00e1rl\u00e1sa nem felel meg az elv\u00e1r\u00e1sainak, k\u00e9rj\u00fck, vegye fel a kapcsolatot \u00fcgyf\u00e9lszolg\u00e1latunkkal a k\u00f6vetkez\u0151 c\u00edmen: <strong><a href=\"mailto:support@mkreborns.com\">support@mkreborns.com<\/a><\/strong> k\u00e9sedelem n\u00e9lk\u00fcl. Minden egyes k\u00e9r\u00e9st egyedileg b\u00edr\u00e1lunk el, \u00e9s a konkr\u00e9t k\u00f6r\u00fclm\u00e9nyek alapj\u00e1n megfelel\u0151 megold\u00e1sokat k\u00edn\u00e1lunk.<\/p>\r\n\r\n\r\n<hr class=\"wp-block-separator has-alpha-channel-opacity\" \/>\r\n\r\n\r\n<h2 class=\"wp-block-heading\">Rendel\u00e9s lemond\u00e1sa<\/h2>\r\n\r\n\r\n\r\n<p>A megrendel\u00e9s lead\u00e1s\u00e1t k\u00f6vet\u0151en az \u00fajj\u00e1sz\u00fclet\u0151 bab\u00e1d el\u0151k\u00e9sz\u00edt\u00e9se vagy kisz\u00e1ll\u00edt\u00e1sa azonnal megkezd\u0151dhet. <strong>A megrendel\u00e9s felad\u00e1sa ut\u00e1n a lemond\u00e1s m\u00e1r nem lehets\u00e9ges.<\/strong><\/p>\r\n\r\n\r\n\r\n<p>Ha a rendel\u00e9sed <strong>m\u00e9g nem l\u00e9pett be a sz\u00e1ll\u00edt\u00e1si szakaszba<\/strong>, beny\u00fajthat egy lemond\u00e1si k\u00e9relmet <strong>a v\u00e1s\u00e1rl\u00e1st\u00f3l sz\u00e1m\u00edtott 24 \u00f3r\u00e1n bel\u00fcl<\/strong>. Az \u00fcgyfeleknek ki kell t\u00f6lteni\u00fck egy hivatalos lemond\u00e1si k\u00e9relem\u0171rlapot. \u00dcgyf\u00e9lszolg\u00e1latunk v\u00e9gigvezeti \u00d6nt a folyamaton az elej\u00e9t\u0151l a v\u00e9g\u00e9ig.<\/p>\r\n\r\n\r\n\r\n<h3 class=\"wp-block-heading\">Lemond\u00e1si visszat\u00e9r\u00edt\u00e9si \u00fctemterv<\/h3>\r\n\r\n\r\n\r\n<ul class=\"wp-block-list\">\r\n<li>\u2705 <strong>12 \u00f3r\u00e1n bel\u00fcl (a sz\u00e1ll\u00edt\u00e1s el\u0151tt):<\/strong> A <strong>10% feldolgoz\u00e1si levon\u00e1s<\/strong> vonatkozik, amely fedezi a banki \u00e9s online fizet\u00e9si tranzakci\u00f3k d\u00edjait.<\/li>\r\n\r\n\r\n\r\n<li>\u2705 <strong>24 \u00f3r\u00e1n bel\u00fcl:<\/strong> <strong>a rendel\u00e9si \u00e9rt\u00e9k 85%-je<\/strong> visszat\u00e9r\u00edtj\u00fck.<\/li>\r\n\r\n\r\n\r\n<li>\u2705 <strong>48 \u00f3r\u00e1n bel\u00fcl:<\/strong> <strong>70% a rendel\u00e9si \u00e9rt\u00e9kb\u0151l<\/strong> visszat\u00e9r\u00edtj\u00fck.<\/li>\r\n\r\n\r\n\r\n<li>\u274c <strong>Sz\u00e1ll\u00edt\u00e1s ut\u00e1n:<\/strong> Lemond\u00e1sokat nem fogadunk el.<\/li>\r\n<\/ul>\r\n\r\n\r\n\r\n<p><strong>Fontos k\u00f6zlem\u00e9ny:<\/strong><br \/>A visszat\u00e9r\u00edt\u00e9s v\u00e1rhat\u00f3an 10-20 munkanapon bel\u00fcl meg\u00e9rkezik, a bank feldolgoz\u00e1si idej\u00e9t\u0151l f\u00fcgg\u0151en. Csak lemond\u00e1si k\u00e9relmek fogadhat\u00f3k el. <strong>a v\u00e1s\u00e1rl\u00e1st\u00f3l sz\u00e1m\u00edtott 24 \u00f3r\u00e1n bel\u00fcl beny\u00fajtott \u00e9s \u00e1ltalunk kifejezetten j\u00f3v\u00e1hagyott <a href=\"https:\/\/www.mkreborns.com\/hu\/contact-us\/\">t\u00e1mogat\u00f3 csapat<\/a><\/strong> \u00e9rv\u00e9nyesnek fogj\u00e1k tekinteni.<\/p>\r\n\r\n\r\n<hr class=\"wp-block-separator has-alpha-channel-opacity\" \/>\r\n\r\n\r\n<h2 class=\"wp-block-heading\">Rendel\u00e9sm\u00f3dos\u00edt\u00e1sok<\/h2>\r\n\r\n\r\n\r\n<p>Nyomat\u00e9kosan k\u00e9rj\u00fck \u00fcgyfeleinket, hogy v\u00e1s\u00e1rl\u00e1s el\u0151tt gondosan ellen\u0151rizz\u00e9k a baba \u00f6sszes specifik\u00e1ci\u00f3j\u00e1t.<\/p>\r\n\r\n\r\n\r\n<ul class=\"wp-block-list\">\r\n<li>\u2705 <strong>Rendel\u00e9st\u0151l sz\u00e1m\u00edtott 12 \u00f3r\u00e1n bel\u00fcl:<\/strong> M\u00f3dos\u00edt\u00e1sokat lehet k\u00e9rni a k\u00f6vetkez\u0151h\u00f6z: <strong>egyszeri m\u00f3dos\u00edt\u00e1si d\u00edj 1 USD 4T19<\/strong>.<br \/>A folytat\u00e1shoz k\u00e9rj\u00fck, k\u00fcldj\u00f6n egy k\u00e9r\u00e9st a k\u00f6vetkez\u0151 c\u00edmen: <strong>Kapcsolat<\/strong> forma.<\/li>\r\n\r\n\r\n\r\n<li>\u274c <strong>12 \u00f3ra eltelt\u00e9vel:<\/strong> A megrendel\u00e9seket \u00e1ltal\u00e1ban becsomagolj\u00e1k \u00e9s sorba \u00e1ll\u00edtj\u00e1k a sz\u00e1ll\u00edt\u00e1sra, \u00edgy tov\u00e1bbi m\u00f3dos\u00edt\u00e1sok nem lehets\u00e9gesek.<\/li>\r\n<\/ul>\r\n\r\n\r\n<hr class=\"wp-block-separator has-alpha-channel-opacity\" \/>\r\n\r\n\r\n<h2 class=\"wp-block-heading\">Hi\u00e1nyz\u00f3 t\u00e9telek egy rendel\u00e9sb\u0151l<\/h2>\r\n\r\n\r\n\r\n<p>Logisztikai \u00e9s csomagol\u00e1si megfontol\u00e1sok miatt bizonyos megrendel\u00e9sek kisz\u00e1ll\u00edt\u00e1sa id\u0151intervallumban t\u00f6rt\u00e9nhet. <strong>t\u00f6bb sz\u00e1ll\u00edtm\u00e1ny<\/strong>.<br \/>P\u00e9ld\u00e1ul egy \u00fajj\u00e1sz\u00fcletett baba \u00e9s a hozz\u00e1 tartoz\u00f3 kieg\u00e9sz\u00edt\u0151k k\u00fcl\u00f6n sz\u00e1ll\u00edthat\u00f3k, \u00e9s k\u00fcl\u00f6nb\u00f6z\u0151 id\u0151pontokban \u00e9rkezhetnek meg.<\/p>\r\n\r\n\r\n\r\n<p>Amennyiben postai \u00e1tv\u00e9telre van sz\u00fcks\u00e9g, k\u00e9rj\u00fck, gy\u0151z\u0151dj\u00f6n meg r\u00f3la, hogy rendelkezik a <strong>minden vonatkoz\u00f3 nyomonk\u00f6vet\u00e9si sz\u00e1m<\/strong>. B\u00e1rmilyen bizonytalans\u00e1g eset\u00e9n \u00fcgyf\u00e9lszolg\u00e1latunk tov\u00e1bbra is rendelkez\u00e9sre \u00e1ll.<\/p>\r\n\r\n\r\n<hr class=\"wp-block-separator has-alpha-channel-opacity\" \/>\r\n\r\n\r\n<h2 class=\"wp-block-heading\">Visszak\u00fcld\u00e9s \u00e9s visszat\u00e9r\u00edt\u00e9si jogosults\u00e1g<\/h2>\r\n\r\n\r\n\r\n<p>Szigor\u00fa min\u0151s\u00e9gi szabv\u00e1nyokat tartunk be. Visszak\u00fcld\u00e9s vagy csere megengedett. <strong>csak a k\u00f6vetkez\u0151 felt\u00e9telek mellett<\/strong>:<\/p>\r\n\r\n\r\n\r\n<h3 class=\"wp-block-heading\">Elfogadhat\u00f3 k\u00f6r\u00fclm\u00e9nyek<\/h3>\r\n\r\n\r\n\r\n<ul class=\"wp-block-list\">\r\n<li>\u2705 <strong>Haszn\u00e1lat el\u0151tt vagy sz\u00e1ll\u00edt\u00e1s k\u00f6zben keletkezett s\u00e9r\u00fcl\u00e9sek<\/strong><\/li>\r\n\r\n\r\n\r\n<li>\u2705 <strong>Hib\u00e1s t\u00e9tel \u00e9rkezett:<\/strong><br \/>Ha a kisz\u00e1ll\u00edtott baba nem felel meg a megrendel\u00e9s\u00e9nek, k\u00e9rj\u00fck, k\u00fcldj\u00f6n egy <strong>tiszta kicsomagol\u00f3 vide\u00f3<\/strong> megjelen\u00edt\u00e9s:\r\n<ul class=\"wp-block-list\">\r\n<li>A baba<\/li>\r\n\r\n\r\n\r\n<li>A fej<\/li>\r\n\r\n\r\n\r\n<li>A sz\u00e1ll\u00edt\u00e1si c\u00edmke<\/li>\r\n\r\n\r\n\r\n<li>A k\u00fcls\u0151 csomagol\u00e1s<br \/>Az ellen\u0151rz\u00e9st k\u00f6vet\u0151en cser\u00e9t szervez\u00fcnk.<\/li>\r\n<\/ul>\r\n<\/li>\r\n\r\n\r\n\r\n<li>\u2705 <strong>Elveszett sz\u00e1ll\u00edtm\u00e1ny:<\/strong><br \/>Sz\u00e1ll\u00edt\u00e1s k\u00f6zbeni elveszt\u00e9s eset\u00e9n k\u00e9rj\u00fck, tegyen reklam\u00e1ci\u00f3t a sz\u00e1ll\u00edt\u00f3n\u00e1l, \u00e9s halad\u00e9ktalanul \u00e9rtes\u00edtsen minket.<br \/>A legt\u00f6bb csomaghoz sz\u00fcks\u00e9ges\u00a0<strong>feln\u0151tt al\u00e1\u00edr\u00e1sa k\u00e9zbes\u00edt\u00e9skor<\/strong>; szorgalmas k\u00f6vet\u00e9s aj\u00e1nlott;.<\/li>\r\n\r\n\r\n\r\n<li>\u2705 <strong>Gy\u00e1rt\u00e1si vagy min\u0151s\u00e9gi agg\u00e1lyok:<\/strong><br \/>Ha a csomag els\u0151 felbont\u00e1sakor b\u00e1rmilyen hib\u00e1t \u00e9szlel, k\u00e9rj\u00fck, ind\u00edtsa el a visszak\u00fcld\u00e9si folyamatot. <strong>a k\u00e9zbes\u00edt\u00e9st\u0151l sz\u00e1m\u00edtott 12 \u00f3r\u00e1n bel\u00fcl<\/strong>.<br \/>A term\u00e9kkel kapcsolatos probl\u00e9ma bejelent\u00e9s\u00e9hez f\u00e9nyk\u00e9pes vagy vide\u00f3s bizony\u00edt\u00e9k sz\u00fcks\u00e9ges a bontatlan csomagol\u00e1sr\u00f3l \u00e9s a kicsomagol\u00e1s folyamat\u00e1r\u00f3l.<\/li>\r\n<\/ul>\r\n\r\n\r\n<hr class=\"wp-block-separator has-alpha-channel-opacity\" \/>\r\n\r\n\r\n<h3 class=\"wp-block-heading\">Nem visszav\u00e1lthat\u00f3 \u00e9s nem visszat\u00e9r\u00edthet\u0151 esetek<\/h3>\r\n\r\n\r\n\r\n<ul class=\"wp-block-list\">\r\n<li>\u274c Az \u00fajj\u00e1sz\u00fcletett baba <strong>ellen\u0151rz\u00e9sen t\u00fal haszn\u00e1lt\u00e1k vagy kezelt\u00e9k<\/strong>.<\/li>\r\n\r\n\r\n\r\n<li>\u274c A probl\u00e9m\u00e1k a k\u00f6vetkez\u0151k: <strong>nem jelentett\u00e9k a k\u00e9zhezv\u00e9telt\u0151l sz\u00e1m\u00edtott 12 \u00f3r\u00e1n bel\u00fcl<\/strong>, egy\u00e9rtelm\u0171 vizu\u00e1lis bizony\u00edt\u00e9kokkal k\u00eds\u00e9rve.<\/li>\r\n\r\n\r\n\r\n<li>\u274c El\u00e9gedetlens\u00e9g haszn\u00e1lat ut\u00e1n. Az \u00fajj\u00e1sz\u00fcletett bab\u00e1kat\u00a0<strong>szem\u00e9lyes t\u00e1rgyak<\/strong> \u00e9s haszn\u00e1lat ut\u00e1n nem \u00e9rt\u00e9kes\u00edthet\u0151 tov\u00e1bb.<\/li>\r\n\r\n\r\n\r\n<li>\u274c A csomag felbont\u00e1sa ut\u00e1n beny\u00fajtott k\u00e9r\u00e9sek, kiv\u00e9ve, ha azokat igazolt min\u0151s\u00e9gi hib\u00e1k miatt hagyt\u00e1k j\u00f3v\u00e1.<\/li>\r\n\r\n\r\n\r\n<li>\u274c Sz\u00e1ll\u00edt\u00e1si hib\u00e1k, amelyek a k\u00f6vetkez\u0151kb\u0151l ad\u00f3dnak: <strong>\u00fcgyf\u00e9l \u00e1ltal megadott hib\u00e1k<\/strong>, bele\u00e9rtve a helytelen vagy hi\u00e1nyos sz\u00e1ll\u00edt\u00e1si c\u00edmeket is.<\/li>\r\n\r\n\r\n\r\n<li>\u274c Rajtunk k\u00edv\u00fcl \u00e1ll\u00f3 t\u00e9nyez\u0151k \u00e1ltal okozott k\u00e9zbes\u00edt\u00e9si fennakad\u00e1sok, p\u00e9ld\u00e1ul v\u00e1mkezel\u00e9si hib\u00e1k vagy term\u00e9szeti katasztr\u00f3f\u00e1k.<\/li>\r\n<\/ul>\r\n\r\n\r\n\r\n<p><strong>K\u00e9rj\u00fck, vegye figyelembe:<\/strong><br \/>Minden Mk Reborn baba <strong>k\u00e9zzel k\u00e9sz\u00edtett m\u0171alkot\u00e1sok<\/strong>. Az apr\u00f3bb jellemz\u0151k, mint p\u00e9ld\u00e1ul a halv\u00e1ny varr\u00e1svonalak vagy a finom sz\u00ednbeli elt\u00e9r\u00e9sek a k\u00e9zzel k\u00e9sz\u00edtett folyamat velej\u00e1r\u00f3i, \u00e9s nem min\u0151s\u00fclnek hib\u00e1nak.<br \/>Ha b\u00e1rmilyen kisebb rendelleness\u00e9get \u00e9szlel, k\u00e9rj\u00fck, vegye fel vel\u00fcnk a kapcsolatot \u2013 csapatunk mindig k\u00e9szs\u00e9ggel \u00e1ll rendelkez\u00e9s\u00e9re.<\/p>\r\n\r\n\r\n<hr class=\"wp-block-separator has-alpha-channel-opacity\" \/>\r\n\r\n\r\n<h2 class=\"wp-block-heading\">Visszak\u00fcld\u00e9si sz\u00e1ll\u00edt\u00e1si felel\u0151ss\u00e9g<\/h2>\r\n\r\n\r\n\r\n<ul class=\"wp-block-list\">\r\n<li>Ha visszak\u00fcld\u00e9st kezdem\u00e9nyeznek a k\u00f6vetkez\u0151re vonatkoz\u00f3an:\u00a0<strong>\u00fcgyf\u00e9llel kapcsolatos okok<\/strong>, a visszak\u00fcld\u00e9s k\u00f6lts\u00e9geit a vev\u0151nek kell \u00e1llnia, amelyek sz\u00e1ll\u00edt\u00f3nk\u00e9nt elt\u00e9r\u0151ek.<\/li>\r\n\r\n\r\n\r\n<li>Ha a visszak\u00fcld\u00e9s oka <strong>a mi felel\u0151ss\u00e9g\u00fcnk<\/strong> (s\u00e9r\u00fclt vagy hib\u00e1s term\u00e9k eset\u00e9n), az Mk Reborns viseli az \u00f6sszes kapcsol\u00f3d\u00f3 visszak\u00fcld\u00e9si k\u00f6lts\u00e9get.<\/li>\r\n<\/ul>\r\n\r\n\r\n<hr class=\"wp-block-separator has-alpha-channel-opacity\" \/>\r\n\r\n\r\n<h2 class=\"wp-block-heading\">Tov\u00e1bbi seg\u00edts\u00e9gre van sz\u00fcks\u00e9ge?<\/h2>\r\n\r\n\r\n\r\n<p>Ha tov\u00e1bbi seg\u00edts\u00e9gre vagy pontos\u00edt\u00e1sra van sz\u00fcks\u00e9ge, k\u00e9rj\u00fck, vegye fel vel\u00fcnk a kapcsolatot az al\u00e1bbi el\u00e9rhet\u0151s\u00e9geken:<br \/>\ud83d\udce7 <strong><a href=\"mailto:support@mkreborns.com\">support@mkreborns.com<\/a><\/strong><\/p>\r\n\r\n\r\n\r\n<p>\u00dcgyf\u00e9lszolg\u00e1lati csapatunk igyekszik minden megkeres\u00e9sre v\u00e1laszolni <strong>24 \u00f3r\u00e1n bel\u00fcl<\/strong>.<\/p>\r\n\r\n\r\n\r\n<p>&nbsp;<\/p>","protected":false},"excerpt":{"rendered":"<p>Az Mk Reborns-n\u00e1l elk\u00f6telezettek vagyunk a kiv\u00e1l\u00f3 min\u0151s\u00e9g\u0171, egyedi, kifejez\u0151 \u00e9s kiv\u00e9telesen gondosan megtervezett \u00fajj\u00e1sz\u00fcletett bab\u00e1k k\u00e9sz\u00edt\u00e9se ir\u00e1nt.<\/p>","protected":false},"author":1,"featured_media":0,"parent":0,"menu_order":0,"comment_status":"closed","ping_status":"closed","template":"","meta":{"footnotes":""},"class_list":["post-13","page","type-page","status-publish","hentry"],"_links":{"self":[{"href":"https:\/\/www.mkreborns.com\/hu\/wp-json\/wp\/v2\/pages\/13","targetHints":{"allow":["GET"]}}],"collection":[{"href":"https:\/\/www.mkreborns.com\/hu\/wp-json\/wp\/v2\/pages"}],"about":[{"href":"https:\/\/www.mkreborns.com\/hu\/wp-json\/wp\/v2\/types\/page"}],"author":[{"embeddable":true,"href":"https:\/\/www.mkreborns.com\/hu\/wp-json\/wp\/v2\/users\/1"}],"replies":[{"embeddable":true,"href":"https:\/\/www.mkreborns.com\/hu\/wp-json\/wp\/v2\/comments?post=13"}],"version-history":[{"count":0,"href":"https:\/\/www.mkreborns.com\/hu\/wp-json\/wp\/v2\/pages\/13\/revisions"}],"wp:attachment":[{"href":"https:\/\/www.mkreborns.com\/hu\/wp-json\/wp\/v2\/media?parent=13"}],"curies":[{"name":"munkaf\u00fczet","href":"https:\/\/api.w.org\/{rel}","templated":true}]}}