{"id":4602,"date":"2026-05-07T01:53:54","date_gmt":"2026-05-07T01:53:54","guid":{"rendered":"https:\/\/www.mkreborns.com\/?post_type=product&#038;p=4602"},"modified":"2026-05-13T14:41:14","modified_gmt":"2026-05-13T14:41:14","slug":"12-inch-full-silicone-children-gifts-reborn-baby-doll","status":"publish","type":"product","link":"https:\/\/www.mkreborns.com\/hr\/product\/12-inch-full-silicone-children-gifts-reborn-baby-doll\/","title":{"rendered":"12-in\u010dna silikonska dje\u010dja poklona Reborn Baby lutka"},"content":{"rendered":"<div class=\"product-specs-list-container\"><\/div>\n<div class=\"detailmodule_text\">\n<p class=\"detail-desc-decorate-content\" style=\"font-family: OpenSans; font-size: 14px; font-weight: 300; line-height: 20px; white-space: pre-wrap; margin-bottom: 12px;\"><span style=\"color: #000000;\">Visina: 30 cm<\/span><br \/>\n<span style=\"color: #000000;\">Te\u017eina: 1,1 kg<\/span><br \/>\n<span style=\"color: #000000;\">Spol: Dje\u010dak<\/span><br \/>\n<span style=\"color: #000000;\">Materijal: Silikon<\/span><br \/>\n<span style=\"color: #000000;\">Ova reborn lutka se isporu\u010duje bez odje\u0107e; odje\u0107a nije uklju\u010dena. Ako vam je potrebna odje\u0107a, pregledajte na\u0161 odjeljak s dodacima za reborn lutke kako biste odabrali odje\u0107u koja odgovara va\u0161im \u017eeljama.<\/span><br \/>\n<span style=\"color: #000000;\">Reborn lutka ima fleksibilne udove, \u0161to joj omogu\u0107uje da lako sjedi, le\u017ei ili zauzima razne polo\u017eaje za spavanje. Ne sadr\u017ei dodatne elektroni\u010dke komponente, \u010dime se zna\u010dajno smanjuju zahtjevi za odr\u017eavanjem. Reborn lutke mogu se pokloniti ljudima koje najvi\u0161e volite kao ro\u0111endanski pokloni, bo\u017ei\u0107ni pokloni, dje\u010dje igra\u010dke ili predmeti za kolekciju lutaka.<\/span><\/p>\n<p>&nbsp;<\/p>\n<\/div>\n<div class=\"detailmodule_image\"><img decoding=\"async\" class=\"detail-desc-decorate-image\" src=\"https:\/\/www.mkreborns.com\/wp-content\/uploads\/2026\/05\/kf-Sa2b8d47ad684458b990351e19f5d1a2bs-1.webp\" alt=\"\" title=\"\"><img decoding=\"async\" class=\"detail-desc-decorate-image\" src=\"https:\/\/www.mkreborns.com\/wp-content\/uploads\/2026\/05\/kf-S39ce9a8a554f438a96fcf130a132d83aa-1.webp\" alt=\"\" title=\"\"><img decoding=\"async\" class=\"detail-desc-decorate-image\" src=\"https:\/\/www.mkreborns.com\/wp-content\/uploads\/2026\/05\/kf-S3d4515f2deb64d17aeee4f89277607772-1.webp\" alt=\"Silikonska ponovno ro\u0111ena lutka beba s pokretnim udovima, savr\u0161ena za djecu i kolekcionare. Mekana, realisti\u010dna.\" title=\"\"> <img decoding=\"async\" class=\"detail-desc-decorate-image\" src=\"https:\/\/www.mkreborns.com\/wp-content\/uploads\/2026\/05\/kf-S83d31e6e6fb847929a053f66ca75cd2dp-1.webp\" alt=\"Realisti\u010dna reborn lutka, 30,5 cm, puna silikonska, pogodna za djecu i poklone, s detaljima.\" title=\"\"> <img decoding=\"async\" class=\"detail-desc-decorate-image\" src=\"https:\/\/www.mkreborns.com\/wp-content\/uploads\/2026\/05\/kf-S1d7c4a92f2da488182c621f78f77ba35K-1.webp\" alt=\"\" title=\"\"><\/div>","protected":false},"excerpt":{"rendered":"<p>Ova novoro\u0111ena reborn lutka idealan je poklon za djecu, prijatelje ili \u010dlanove obitelji, slu\u017ee\u0107i kao prekrasan pratitelj. Udovi reborn lutke se mogu namje\u0161tati, \u0161to joj omogu\u0107uje da se namjesti u razne polo\u017eaje za spavanje - dodaju\u0107i dodatni da\u0161ak realisti\u010dnog realizma njezinoj ulozi pratitelja.<\/p>","protected":false},"featured_media":4603,"comment_status":"open","ping_status":"closed","template":"","meta":[],"product_brand":[],"product_cat":[240,145,155,154,153],"product_tag":[],"class_list":{"0":"post-4602","1":"product","2":"type-product","3":"status-publish","4":"has-post-thumbnail","6":"product_cat-12-inch-reborn-dolls","7":"product_cat-baby-boy-reborn-dolls","8":"product_cat-cute-reborn-dolls","9":"product_cat-lifelike-reborn-dolls","10":"product_cat-newborn-reborn-dolls","12":"first","13":"instock","14":"sale","15":"shipping-taxable","16":"purchasable","17":"product-type-simple"},"_links":{"self":[{"href":"https:\/\/www.mkreborns.com\/hr\/wp-json\/wp\/v2\/product\/4602","targetHints":{"allow":["GET"]}}],"collection":[{"href":"https:\/\/www.mkreborns.com\/hr\/wp-json\/wp\/v2\/product"}],"about":[{"href":"https:\/\/www.mkreborns.com\/hr\/wp-json\/wp\/v2\/types\/product"}],"replies":[{"embeddable":true,"href":"https:\/\/www.mkreborns.com\/hr\/wp-json\/wp\/v2\/comments?post=4602"}],"wp:featuredmedia":[{"embeddable":true,"href":"https:\/\/www.mkreborns.com\/hr\/wp-json\/wp\/v2\/media\/4603"}],"wp:attachment":[{"href":"https:\/\/www.mkreborns.com\/hr\/wp-json\/wp\/v2\/media?parent=4602"}],"wp:term":[{"taxonomy":"product_brand","embeddable":true,"href":"https:\/\/www.mkreborns.com\/hr\/wp-json\/wp\/v2\/product_brand?post=4602"},{"taxonomy":"product_cat","embeddable":true,"href":"https:\/\/www.mkreborns.com\/hr\/wp-json\/wp\/v2\/product_cat?post=4602"},{"taxonomy":"product_tag","embeddable":true,"href":"https:\/\/www.mkreborns.com\/hr\/wp-json\/wp\/v2\/product_tag?post=4602"}],"curies":[{"name":"radni list","href":"https:\/\/api.w.org\/{rel}","templated":true}]}}