{"id":4594,"date":"2026-05-07T01:52:24","date_gmt":"2026-05-07T01:52:24","guid":{"rendered":"https:\/\/www.mkreborns.com\/?post_type=product&#038;p=4594"},"modified":"2026-05-13T15:23:59","modified_gmt":"2026-05-13T15:23:59","slug":"19-inches-solid-silicone-cute-reborn-doll","status":"publish","type":"product","link":"https:\/\/www.mkreborns.com\/hr\/product\/19-inches-solid-silicone-cute-reborn-doll\/","title":{"rendered":"19 in\u010da slatka reborn lutka od \u010dvrstog silikona"},"content":{"rendered":"<div class=\"product-specs-list-container\"><\/div>\n<div class=\"detailmodule_text\">\n<p>Visina: 18,9 in\u010da<br \/>\nSpol: Dje\u010dak<br \/>\nTe\u017eina: 3,1 kg<br \/>\nMaterijal: Silikon<br \/>\nUz kupnju ove reborn lutke dobit \u0107ete nasumi\u010dno odabranu odje\u0107u kao besplatan poklon.<\/p>\n<p>Ova reborn lutka izra\u0111ena je od silikonskog materijala i mo\u017ee se \u010distiti toplom vodom; me\u0111utim, nakon pranja mora se odmah temeljito osu\u0161iti. Kao \u010dvrsta silikonska reborn lutka, pru\u017ea taktilni osje\u0107aj izuzetno sli\u010dan onome ko\u017ee prave bebe. S visinom od 45 cm, ova reborn lutka gotovo je jednaka fizi\u010dkim dimenzijama pravog novoro\u0111en\u010deta, \u0161to je \u010dini idealnom za ma\u017eenje ili izlaganje. Ova slatka reborn lutka ima umjerenu te\u017einu \u0161to je \u010dini lakom za no\u0161enje, a istovremeno zadr\u017eava autenti\u010dnu, realisti\u010dnu te\u017einu pravog dojen\u010deta.<br \/>\nZa pohranu se preporu\u010duje polo\u017eiti reborn lutku vodoravno ili uspravno kako bi se sprije\u010dila deformacija uzrokovana te\u0161kim predmetima ili dugotrajnim stiskanjem. Kako biste osigurali dugovje\u010dnost svoje reborn lutke, dr\u017eite je podalje od izravne svjetlosti i pra\u0161ine te je za\u0161titite od o\u0161trih predmeta i ku\u0107nih ljubimaca kako biste izbjegli o\u0161te\u0107enje silikonskog materijala.<\/p>\n<p>&nbsp;<\/p>\n<\/div>\n<div class=\"detailmodule_image\"><img decoding=\"async\" class=\"detail-desc-decorate-image\" src=\"https:\/\/www.mkreborns.com\/wp-content\/uploads\/2026\/05\/kf-Sd449c2299cac4582b03493bccbd5ba86G.webp\" alt=\"Vrlo detaljna silikonska reborn lutka od 49,3 cm, mekana na dodir, periva, idealna za kolekciju ili poklon.\" title=\"\"><\/div>","protected":false},"excerpt":{"rendered":"<p>Reborn lutke simuliraju meko\u0107u i elasti\u010dnost prave ko\u017ee dojen\u010dadi, nude\u0107i topao, nje\u017ean i ko\u017ei prijazan dodir. Izra\u0111ene od \u010dvrstog silikona, ove reborn lutke posjeduju iznimnu otpornost na oksidaciju, \u0161to osigurava da ne\u0107e lako po\u017eutjeti ili pucati \u010dak ni nakon dulje upotrebe.<\/p>","protected":false},"featured_media":4595,"comment_status":"open","ping_status":"closed","template":"","meta":[],"product_brand":[],"product_cat":[241,145,243,155,146,154,153,157],"product_tag":[],"class_list":{"0":"post-4594","1":"product","2":"type-product","3":"status-publish","4":"has-post-thumbnail","6":"product_cat-19-inch-reborn-dolls","7":"product_cat-baby-boy-reborn-dolls","8":"product_cat-black-reborn-dolls","9":"product_cat-cute-reborn-dolls","10":"product_cat-full-silicone-reborn-dolls","11":"product_cat-lifelike-reborn-dolls","12":"product_cat-newborn-reborn-dolls","13":"product_cat-real-life-baby-dolls","15":"first","16":"instock","17":"sale","18":"shipping-taxable","19":"purchasable","20":"product-type-simple"},"_links":{"self":[{"href":"https:\/\/www.mkreborns.com\/hr\/wp-json\/wp\/v2\/product\/4594","targetHints":{"allow":["GET"]}}],"collection":[{"href":"https:\/\/www.mkreborns.com\/hr\/wp-json\/wp\/v2\/product"}],"about":[{"href":"https:\/\/www.mkreborns.com\/hr\/wp-json\/wp\/v2\/types\/product"}],"replies":[{"embeddable":true,"href":"https:\/\/www.mkreborns.com\/hr\/wp-json\/wp\/v2\/comments?post=4594"}],"wp:featuredmedia":[{"embeddable":true,"href":"https:\/\/www.mkreborns.com\/hr\/wp-json\/wp\/v2\/media\/4595"}],"wp:attachment":[{"href":"https:\/\/www.mkreborns.com\/hr\/wp-json\/wp\/v2\/media?parent=4594"}],"wp:term":[{"taxonomy":"product_brand","embeddable":true,"href":"https:\/\/www.mkreborns.com\/hr\/wp-json\/wp\/v2\/product_brand?post=4594"},{"taxonomy":"product_cat","embeddable":true,"href":"https:\/\/www.mkreborns.com\/hr\/wp-json\/wp\/v2\/product_cat?post=4594"},{"taxonomy":"product_tag","embeddable":true,"href":"https:\/\/www.mkreborns.com\/hr\/wp-json\/wp\/v2\/product_tag?post=4594"}],"curies":[{"name":"radni list","href":"https:\/\/api.w.org\/{rel}","templated":true}]}}