{"id":4430,"date":"2026-04-12T14:16:20","date_gmt":"2026-04-12T14:16:20","guid":{"rendered":"https:\/\/www.mkreborns.com\/?post_type=product&#038;p=4430"},"modified":"2026-04-12T15:16:32","modified_gmt":"2026-04-12T15:16:32","slug":"13-inch-crying-silicone-reborn-doll","status":"publish","type":"product","link":"https:\/\/www.mkreborns.com\/hr\/product\/13-inch-crying-silicone-reborn-doll\/","title":{"rendered":"33 cm Pla\u010du\u0107a silikonska reborn lutka"},"content":{"rendered":"<p>Udovi, glava i tijelo pla\u010du\u0107e lutke za ponovno ro\u0111enje visoke 33 cm izra\u0111eni su od \u010dvrstog silikona, koji je mekan, elasti\u010dan i mo\u017ee se prati toplom vodom od 1,7 stupnjeva Celzijusa. Zbog posebne prirode silikona, ne smije se povla\u010diti ili sna\u017eno povla\u010diti tijekom igre te ga je potrebno pa\u017eljivo odr\u017eavati kako bi dulje trajao.<\/p>\n<p>Materijal: Silikon<br \/>\nSpol: Djevoj\u010dica<br \/>\nVisina: 33 cm<br \/>\nTe\u017eina: 1,4 kg<br \/>\nTe\u017eina pakiranja: 1,8 kg<\/p>\n<p>Kompletan paket uklju\u010duje: odje\u0107u i bo\u010dicu.<\/p>\n<p>Molimo dopustite ru\u010dnu toleranciju od 0,5-1 in\u010da, budu\u0107i da je proizvod mjeren ru\u010dno.<\/p>\n<p><img decoding=\"async\" src=\"https:\/\/www.mkreborns.com\/wp-content\/uploads\/2026\/04\/O1CN01ON65FG1jfP7Pj2VhP_2220331144575-0-cib.jpg\" alt=\"\" title=\"\"><\/p>\n<p><img decoding=\"async\" src=\"https:\/\/www.mkreborns.com\/wp-content\/uploads\/2026\/04\/O1CN01Vmhokj1jfP7PuZuwV_2220331144575-0-cib.jpg\" alt=\"\" title=\"\"><\/p>\n<p><img decoding=\"async\" src=\"https:\/\/www.mkreborns.com\/wp-content\/uploads\/2026\/04\/O1CN01qKbtvK1jfP7PZjkwL_2220331144575-0-cib.jpg\" alt=\"\" title=\"\"><\/p>\n<p><img decoding=\"async\" src=\"https:\/\/www.mkreborns.com\/wp-content\/uploads\/2026\/04\/O1CN01UBS4M51jfP7QJPr5Y_2220331144575-0-cib.jpg\" alt=\"Reborn silikonska lutka koja pla\u010de, realisti\u010dna lutka beba s bo\u010dicom, savr\u0161ena za kolekcionare i djecu.\" title=\"\"><\/p>\n<p><img decoding=\"async\" src=\"https:\/\/www.mkreborns.com\/wp-content\/uploads\/2026\/04\/O1CN01NWHI1G1jfP7OsCKVe_2220331144575-0-cib.jpg\" alt=\"Realisti\u010dna silikonska reborn lutka od 33 cm koja pla\u010de, s bo\u010dicom, mekom odje\u0107om i ru\u017ei\u010dastom kapom.\" title=\"\"><\/p>\n<p><img decoding=\"async\" src=\"https:\/\/www.mkreborns.com\/wp-content\/uploads\/2026\/04\/O1CN01WrErxo1jfP7QDMEjp_2220331144575-0-cib.jpg\" alt=\"Silikonska lutka koja pla\u010de i dr\u017ei bo\u010dicu za bebe, realisti\u010dnih karakteristika, idealna za kolekcionare i djecu.\" title=\"\"><\/p>\n<p>&nbsp;<\/p>","protected":false},"excerpt":{"rendered":"<p>Pla\u010du\u0107a lutka ponovno ro\u0111ene bebe izgleda ba\u0161 kao novoro\u0111en\u010de koje pla\u010de za mlijekom, sa slatkim i \u017eivopisnim crtama lica.<\/p>","protected":false},"featured_media":4461,"comment_status":"open","ping_status":"closed","template":"","meta":[],"product_brand":[],"product_cat":[238,242,144,146,156,154,153],"product_tag":[],"class_list":{"0":"post-4430","1":"product","2":"type-product","3":"status-publish","4":"has-post-thumbnail","6":"product_cat-13-inch-reborn-dolls","7":"product_cat-african-american-reborn-dolls","8":"product_cat-baby-girl-reborn-dolls","9":"product_cat-full-silicone-reborn-dolls","10":"product_cat-life-sized-dolls","11":"product_cat-lifelike-reborn-dolls","12":"product_cat-newborn-reborn-dolls","14":"first","15":"instock","16":"sale","17":"shipping-taxable","18":"purchasable","19":"product-type-simple"},"_links":{"self":[{"href":"https:\/\/www.mkreborns.com\/hr\/wp-json\/wp\/v2\/product\/4430","targetHints":{"allow":["GET"]}}],"collection":[{"href":"https:\/\/www.mkreborns.com\/hr\/wp-json\/wp\/v2\/product"}],"about":[{"href":"https:\/\/www.mkreborns.com\/hr\/wp-json\/wp\/v2\/types\/product"}],"replies":[{"embeddable":true,"href":"https:\/\/www.mkreborns.com\/hr\/wp-json\/wp\/v2\/comments?post=4430"}],"wp:featuredmedia":[{"embeddable":true,"href":"https:\/\/www.mkreborns.com\/hr\/wp-json\/wp\/v2\/media\/4461"}],"wp:attachment":[{"href":"https:\/\/www.mkreborns.com\/hr\/wp-json\/wp\/v2\/media?parent=4430"}],"wp:term":[{"taxonomy":"product_brand","embeddable":true,"href":"https:\/\/www.mkreborns.com\/hr\/wp-json\/wp\/v2\/product_brand?post=4430"},{"taxonomy":"product_cat","embeddable":true,"href":"https:\/\/www.mkreborns.com\/hr\/wp-json\/wp\/v2\/product_cat?post=4430"},{"taxonomy":"product_tag","embeddable":true,"href":"https:\/\/www.mkreborns.com\/hr\/wp-json\/wp\/v2\/product_tag?post=4430"}],"curies":[{"name":"radni list","href":"https:\/\/api.w.org\/{rel}","templated":true}]}}