{"id":4220,"date":"2026-03-25T02:36:20","date_gmt":"2026-03-25T02:36:20","guid":{"rendered":"https:\/\/www.mkreborns.com\/?post_type=product&#038;p=4220"},"modified":"2026-03-25T02:47:14","modified_gmt":"2026-03-25T02:47:14","slug":"ronal-avatar-silicone-newborn-baby-reborn-doll","status":"publish","type":"product","link":"https:\/\/www.mkreborns.com\/hr\/product\/ronal-avatar-silicone-newborn-baby-reborn-doll\/","title":{"rendered":"Ronal Avatar silikonska lutka za novoro\u0111en\u010de Reborn"},"content":{"rendered":"<p><strong>Parametri:<\/strong><\/p>\n<ul>\n<li>Vrlo zabrinjavaju\u0107a kemikalija: Nema<\/li>\n<li>Spol: Unisex<\/li>\n<li>Dimenzije: 12 in\u010da, 30 cm<\/li>\n<li>Materijal: silikon<\/li>\n<li>Te\u017eina: Neto te\u017eina lutke je oko 1,15 kg<\/li>\n<\/ul>\n<h2>Baby reborn avatar lutke s mekim silikonskim realizmom<\/h2>\n<div>Dizajn ove reborn avatar lutke pa\u017eljivo je oblikovan kako bi odra\u017eavao proporcije novoro\u0111en\u010deta, a istovremeno uvodi suptilnu estetiku fantazije. Izra\u0111eno od \u010dvrstog silikona, cijelo tijelo pru\u017ea gladak, fleksibilan osje\u0107aj koji nadma\u0161uje tradicionalni vinil. U trgovinama potpunih silikonskih reborn avatar lutaka, ovaj model isti\u010de se svojom kompaktnom veli\u010dinom od 30 cm i uravnote\u017eenom izradom.<\/div>\n<h3>Izdr\u017eljiva struktura s profinjenim vizualnim detaljima<\/h3>\n<div>Be\u0161avno silikonsko tijelo osigurava trajnost uz odr\u017eavanje realisti\u010dnog taktilnog odziva. S prozirnim akrilnim o\u010dima i laganom te\u017einom od 1,15 kg, nudi prirodno dr\u017eanje. Kao realisti\u010dna reborn avatar lutka po niskoj cijeni, nudi pouzdanu kvalitetu bez visokih tro\u0161kova, \u0161to je \u010dini prikladnom i za kolekcionare i za kupce poklona.<\/div>\n<h3>Zna\u010dajke i prednosti proizvoda<\/h3>\n<ol>\n<li>Potpuno silikonsko tijelo s mekom, elasti\u010dnom teksturom<\/li>\n<li>Veli\u010dina od 12 in\u010da idealna je za prikaz i rukovanje<\/li>\n<li>Lagana konstrukcija, te\u017eine otprilike 1,15 kg<\/li>\n<li>Detaljno izra\u0111ene akrilne o\u010di s prozirnim zavr\u0161etkom<\/li>\n<li>Unisex dizajn za svestranu privla\u010dnost<\/li>\n<\/ol>","protected":false},"excerpt":{"rendered":"<p>Mekana, kompaktna i vizualno upe\u010datljiva, ova reborn avatar lutka spaja nje\u017ene proporcije novoro\u0111en\u010deta s glatkom silikonskom teksturom za o\u010daravaju\u0107i prikaz.<\/p>","protected":false},"featured_media":4221,"comment_status":"open","ping_status":"closed","template":"","meta":[],"product_brand":[],"product_cat":[239,240,145,144,146,156,153],"product_tag":[],"class_list":{"0":"post-4220","1":"product","2":"type-product","3":"status-publish","4":"has-post-thumbnail","6":"product_cat-avatar-reborn-dolls","7":"product_cat-12-inch-reborn-dolls","8":"product_cat-baby-boy-reborn-dolls","9":"product_cat-baby-girl-reborn-dolls","10":"product_cat-full-silicone-reborn-dolls","11":"product_cat-life-sized-dolls","12":"product_cat-newborn-reborn-dolls","14":"first","15":"instock","16":"sale","17":"shipping-taxable","18":"purchasable","19":"product-type-simple"},"_links":{"self":[{"href":"https:\/\/www.mkreborns.com\/hr\/wp-json\/wp\/v2\/product\/4220","targetHints":{"allow":["GET"]}}],"collection":[{"href":"https:\/\/www.mkreborns.com\/hr\/wp-json\/wp\/v2\/product"}],"about":[{"href":"https:\/\/www.mkreborns.com\/hr\/wp-json\/wp\/v2\/types\/product"}],"replies":[{"embeddable":true,"href":"https:\/\/www.mkreborns.com\/hr\/wp-json\/wp\/v2\/comments?post=4220"}],"wp:featuredmedia":[{"embeddable":true,"href":"https:\/\/www.mkreborns.com\/hr\/wp-json\/wp\/v2\/media\/4221"}],"wp:attachment":[{"href":"https:\/\/www.mkreborns.com\/hr\/wp-json\/wp\/v2\/media?parent=4220"}],"wp:term":[{"taxonomy":"product_brand","embeddable":true,"href":"https:\/\/www.mkreborns.com\/hr\/wp-json\/wp\/v2\/product_brand?post=4220"},{"taxonomy":"product_cat","embeddable":true,"href":"https:\/\/www.mkreborns.com\/hr\/wp-json\/wp\/v2\/product_cat?post=4220"},{"taxonomy":"product_tag","embeddable":true,"href":"https:\/\/www.mkreborns.com\/hr\/wp-json\/wp\/v2\/product_tag?post=4220"}],"curies":[{"name":"radni list","href":"https:\/\/api.w.org\/{rel}","templated":true}]}}