{"id":4165,"date":"2026-03-22T14:35:28","date_gmt":"2026-03-22T14:35:28","guid":{"rendered":"https:\/\/www.mkreborns.com\/product\/18-inch-soft-vinyl-open-eye-reborn-baby-doll\/"},"modified":"2026-03-22T15:34:35","modified_gmt":"2026-03-22T15:34:35","slug":"18-inch-soft-vinyl-open-eye-reborn-baby-doll","status":"publish","type":"product","link":"https:\/\/www.mkreborns.com\/hr\/product\/18-inch-soft-vinyl-open-eye-reborn-baby-doll\/","title":{"rendered":"18-in\u010dna mekana vinilna reborn lutka s otvorenim o\u010dima"},"content":{"rendered":"<p>Ova reborn lutka ima jasno vidljive vene i vrlo je realisti\u010dna. Mo\u017ee sjediti ili le\u017eati, ne govori niti trep\u0107e te nema komplicirane elektroni\u010dke dijelove, \u0161to je \u010dini jednostavnom za odr\u017eavanje i savr\u0161enom za kolekcionare. Prilikom \u010di\u0161\u0107enja lutke, rukujte s njom pa\u017eljivo; izbjegavajte sna\u017eno struganje obrva kako biste sprije\u010dili blije\u0111enje boje.<\/p>\n<p>&nbsp;<\/p>\n<p>Materijal: PVC cijelog tijela<br \/>\nSpol: Izaberite izme\u0111u dje\u010daka ili djevoj\u010dice<br \/>\nVisina: 18 in\u010da<br \/>\nTe\u017eina: 1,1 kg<br \/>\nTrepavice: Ljepljive trepavice<br \/>\nTe\u017eina pakiranja: 1,6 kg<br \/>\nDimenzije pakiranja: 46*20*13 cm<br \/>\nKompletni paket uklju\u010duje: odje\u0107u, pelenu, magnetsku dudu, bo\u010dicu i rodni list.<\/p>\n<p>&nbsp;<\/p>\n<p><img decoding=\"async\" src=\"https:\/\/www.mkreborns.com\/wp-content\/uploads\/2026\/03\/O1CN01PhbSDV1lsnmHX7b7l_2831564875-0-cib.jpg\" alt=\"\" title=\"\"><\/p>\n<p><img decoding=\"async\" src=\"https:\/\/www.mkreborns.com\/wp-content\/uploads\/2026\/03\/O1CN01Fqa8AT1lsnmKDSTq1_2831564875-0-cib.jpg\" alt=\"\" title=\"\"><\/p>\n<p>Molimo dopustite ru\u010dnu toleranciju od 0,5-1 in\u010da, budu\u0107i da je proizvod mjeren ru\u010dno.<\/p>","protected":false},"excerpt":{"rendered":"<p>Kao skrbnik reborn lutke, mo\u017eete kupiti razli\u010dite stilove odje\u0107e za lutku za razli\u010dite prigode.<\/p>","protected":false},"featured_media":4167,"comment_status":"open","ping_status":"closed","template":"","meta":[],"product_brand":[],"product_cat":[151,145,144,155,156,154,157,152],"product_tag":[],"class_list":{"0":"post-4165","1":"product","2":"type-product","3":"status-publish","4":"has-post-thumbnail","6":"product_cat-18-inch-reborn-dolls","7":"product_cat-baby-boy-reborn-dolls","8":"product_cat-baby-girl-reborn-dolls","9":"product_cat-cute-reborn-dolls","10":"product_cat-life-sized-dolls","11":"product_cat-lifelike-reborn-dolls","12":"product_cat-real-life-baby-dolls","13":"product_cat-vinyl-reborn-dolls","15":"first","16":"instock","17":"sale","18":"shipping-taxable","19":"purchasable","20":"product-type-variable","21":"has-default-attributes"},"_links":{"self":[{"href":"https:\/\/www.mkreborns.com\/hr\/wp-json\/wp\/v2\/product\/4165","targetHints":{"allow":["GET"]}}],"collection":[{"href":"https:\/\/www.mkreborns.com\/hr\/wp-json\/wp\/v2\/product"}],"about":[{"href":"https:\/\/www.mkreborns.com\/hr\/wp-json\/wp\/v2\/types\/product"}],"replies":[{"embeddable":true,"href":"https:\/\/www.mkreborns.com\/hr\/wp-json\/wp\/v2\/comments?post=4165"}],"wp:featuredmedia":[{"embeddable":true,"href":"https:\/\/www.mkreborns.com\/hr\/wp-json\/wp\/v2\/media\/4167"}],"wp:attachment":[{"href":"https:\/\/www.mkreborns.com\/hr\/wp-json\/wp\/v2\/media?parent=4165"}],"wp:term":[{"taxonomy":"product_brand","embeddable":true,"href":"https:\/\/www.mkreborns.com\/hr\/wp-json\/wp\/v2\/product_brand?post=4165"},{"taxonomy":"product_cat","embeddable":true,"href":"https:\/\/www.mkreborns.com\/hr\/wp-json\/wp\/v2\/product_cat?post=4165"},{"taxonomy":"product_tag","embeddable":true,"href":"https:\/\/www.mkreborns.com\/hr\/wp-json\/wp\/v2\/product_tag?post=4165"}],"curies":[{"name":"radni list","href":"https:\/\/api.w.org\/{rel}","templated":true}]}}