{"id":4094,"date":"2026-03-19T02:43:43","date_gmt":"2026-03-19T02:43:43","guid":{"rendered":"https:\/\/www.mkreborns.com\/?post_type=product&#038;p=4094"},"modified":"2026-03-19T15:52:52","modified_gmt":"2026-03-19T15:52:52","slug":"reborn-baby-doll-magnetic-pacifier-realistic-fit","status":"publish","type":"product","link":"https:\/\/www.mkreborns.com\/hr\/product\/reborn-baby-doll-magnetic-pacifier-realistic-fit\/","title":{"rendered":"Reborn Beba Lutka Magnetska duda Realisti\u010dna veli\u010dina"},"content":{"rendered":"<h2>Reborn beba lutka s magnetskom dudom<\/h2>\n<div>Magnetska duda za Reborn lutku dizajnirana je za stvaranje uvjerljive i prirodne interakcije izme\u0111u lutke i njezinih dodataka. Izra\u0111ena za kompatibilnost s novoro\u0111en\u010dadi Reborn lutkom s magnetskim dudama, ova se lutka besprijekorno pri\u010dvr\u0161\u0107uje na lutke opremljene unutarnjim magnetima. Njena uravnote\u017eena struktura osigurava pravilno poravnanje bez pomicanja, odr\u017eavaju\u0107i realisti\u010dan izgled.<\/div>\n<h3>Sigurno pri\u010dvr\u0161\u0107ivanje i realisti\u010dni detalji<\/h3>\n<div>Ova duda varalica ima ugra\u0111enu magnetsku jezgru koja omogu\u0107uje jednostavno postavljanje i uklanjanje uz o\u010duvanje stabilnosti. Posebno je prikladna za realisti\u010dne reborn lutke koje mogu primiti prave dude varalice, nude\u0107i vizualno to\u010dan polo\u017eaj za hranjenje ili umirivanje. Glatka vanjska povr\u0161ina osigurava sigurno rukovanje i profinjen izgled.<\/div>\n<h3>Klju\u010dne zna\u010dajke i prednosti<\/h3>\n<ul>\n<li>Sna\u017ean unutarnji magnet za stabilno pozicioniranje<\/li>\n<li>Dizajnirano za novoro\u0111en\u010dad, reborn lutku s magnetskom dudom<\/li>\n<li>Kompatibilno s realisti\u010dnim reborn lutkama koje mogu primiti prave dude<\/li>\n<li>Lagana konstrukcija za prirodno postavljanje<\/li>\n<li>Izdr\u017eljiv materijal za vi\u0161ekratnu upotrebu<\/li>\n<\/ul>\n<div>Ovaj dodatak pobolj\u0161ava cjelokupni realizam va\u0161e kolekcije, \u0161to ga \u010dini neizostavnim dodatkom za kolekcionare koji tra\u017ee visokokvalitetnu magnetsku dudu za svoju reborn lutku.<\/div>\n<div>Magnetna duda, neophodna za ponovno ro\u0111enje bebe! S njom lutka (zatvorenih usta) mo\u017ee sisati dudu! Ali prije svega, trebala bi biti magnet u lutkinim ustima.<\/div>\n<div>Veli\u010dina: kao \u0161to pokazuju fotografije<\/div>\n<div>Paket uklju\u010duje: 1 kom<\/div>\n<div class=\"detailmodule_image\"><img decoding=\"async\" class=\"detail-desc-decorate-image\" src=\"https:\/\/www.mkreborns.com\/wp-content\/uploads\/2026\/03\/kf-S57fdc27edc6e45fd90840739bcbc10bdK.webp\" alt=\"\" title=\"\"><img decoding=\"async\" class=\"detail-desc-decorate-image\" src=\"https:\/\/www.mkreborns.com\/wp-content\/uploads\/2026\/03\/kf-Scd0b0263191840aca2c6d9d9092853bb8.webp\" alt=\"\" title=\"\"><img decoding=\"async\" class=\"detail-desc-decorate-image\" src=\"https:\/\/www.mkreborns.com\/wp-content\/uploads\/2026\/03\/kf-Sad85ad6e0e2e4333b9ffe757ec183004e.webp\" alt=\"\" title=\"\"><img decoding=\"async\" class=\"detail-desc-decorate-image\" src=\"https:\/\/www.mkreborns.com\/wp-content\/uploads\/2026\/03\/kf-Sca74611577a2480781484c8c07bd4ff2F.webp\" alt=\"\" title=\"\"><img decoding=\"async\" class=\"detail-desc-decorate-image\" src=\"https:\/\/www.mkreborns.com\/wp-content\/uploads\/2026\/03\/kf-Sa13d45d1c7c54ba29181db819686fb23X.webp\" alt=\"\" title=\"\"><img decoding=\"async\" class=\"detail-desc-decorate-image\" src=\"https:\/\/www.mkreborns.com\/wp-content\/uploads\/2026\/03\/kf-S5499cdc26d4a40e9903777a859be4f1eP.webp\" alt=\"\" title=\"\"><img decoding=\"async\" class=\"detail-desc-decorate-image\" src=\"https:\/\/www.mkreborns.com\/wp-content\/uploads\/2026\/03\/kf-S11408845c0cb4f4193474b5608f40c9fI.webp\" alt=\"\" title=\"\"><img decoding=\"async\" class=\"detail-desc-decorate-image\" src=\"https:\/\/www.mkreborns.com\/wp-content\/uploads\/2026\/03\/kf-S0113e3dd80594293b07c453364e8fb07i.webp\" alt=\"\" title=\"\"><\/div>","protected":false},"excerpt":{"rendered":"<p>Precizno izra\u0111ena magnetska duda dizajnirana za poja\u010davanje realizma, nude\u0107i sigurno i prirodno pristajanje za kompatibilne reborn lutke.<\/p>","protected":false},"featured_media":4095,"comment_status":"open","ping_status":"closed","template":"","meta":[],"product_brand":[],"product_cat":[162,148],"product_tag":[],"class_list":{"0":"post-4094","1":"product","2":"type-product","3":"status-publish","4":"has-post-thumbnail","6":"product_cat-reborn-pacifier","7":"product_cat-reborn-doll-accessories","9":"first","10":"instock","11":"sale","12":"shipping-taxable","13":"purchasable","14":"product-type-variable"},"_links":{"self":[{"href":"https:\/\/www.mkreborns.com\/hr\/wp-json\/wp\/v2\/product\/4094","targetHints":{"allow":["GET"]}}],"collection":[{"href":"https:\/\/www.mkreborns.com\/hr\/wp-json\/wp\/v2\/product"}],"about":[{"href":"https:\/\/www.mkreborns.com\/hr\/wp-json\/wp\/v2\/types\/product"}],"replies":[{"embeddable":true,"href":"https:\/\/www.mkreborns.com\/hr\/wp-json\/wp\/v2\/comments?post=4094"}],"wp:featuredmedia":[{"embeddable":true,"href":"https:\/\/www.mkreborns.com\/hr\/wp-json\/wp\/v2\/media\/4095"}],"wp:attachment":[{"href":"https:\/\/www.mkreborns.com\/hr\/wp-json\/wp\/v2\/media?parent=4094"}],"wp:term":[{"taxonomy":"product_brand","embeddable":true,"href":"https:\/\/www.mkreborns.com\/hr\/wp-json\/wp\/v2\/product_brand?post=4094"},{"taxonomy":"product_cat","embeddable":true,"href":"https:\/\/www.mkreborns.com\/hr\/wp-json\/wp\/v2\/product_cat?post=4094"},{"taxonomy":"product_tag","embeddable":true,"href":"https:\/\/www.mkreborns.com\/hr\/wp-json\/wp\/v2\/product_tag?post=4094"}],"curies":[{"name":"radni list","href":"https:\/\/api.w.org\/{rel}","templated":true}]}}