{"id":4043,"date":"2026-03-18T15:39:40","date_gmt":"2026-03-18T15:39:40","guid":{"rendered":"https:\/\/www.mkreborns.com\/?post_type=product&#038;p=4043"},"modified":"2026-04-03T16:02:07","modified_gmt":"2026-04-03T16:02:07","slug":"complete-reborn-doll-kit-starter-sets-accessories","status":"publish","type":"product","link":"https:\/\/www.mkreborns.com\/hr\/product\/complete-reborn-doll-kit-starter-sets-accessories\/","title":{"rendered":"Komplet za Reborn lutku \u2013 po\u010detni set s dodacima"},"content":{"rendered":"<div class=\"product-specs-list-container\">\n<h2>Kompletni po\u010detni\u010dki setovi za Reborn lutke<\/h2>\n<div>Kompletni po\u010detni\u010dki setovi za reborn lutke pru\u017eaju prakti\u010dnu osnovu za kolekcionare koji tra\u017ee koherentan i realisti\u010dan aran\u017eman. Ovaj odabrani paket uklju\u010duje osnovne setove dodataka za reborn lutke poput bo\u010dica za hranjenje, duda i minijaturnih predmeta za njegu, sve proporcionalno lutkama od 45 cm. Svaka komponenta podr\u017eava dosljednu estetiku uz jednostavnost kori\u0161tenja, kako za izlaganje tako i za rukovanje.<\/div>\n<h3>Funkcionalni dizajn i kohezivni stil<\/h3>\n<div>Dizajnirani za kompatibilnost, ovi silikonski dodaci za lutke Reborn glatko se integriraju s razli\u010ditim vrstama lutaka, uklju\u010duju\u0107i vinilne i silikonske oblike. Materijali su lagani, ali izdr\u017eljivi, \u0161to osigurava dugotrajnu upotrebljivost. Kao dio dodataka za lutke Reborn koji su na prodaju, ovaj komplet uravnote\u017euje pristupa\u010dnost s to\u010dno\u0161\u0107u detalja, \u0161to ga \u010dini prikladnim za kolekcionare razli\u010ditih razina.<\/div>\n<h3>Klju\u010dne zna\u010dajke i prednosti<\/h3>\n<ul>\n<li>Uklju\u010duje vi\u0161e setova dodataka za reborn lutke u jednom paketu<\/li>\n<li>Dizajnirano za reborn lutke veli\u010dine 43 cm \/ 18 in\u010da<\/li>\n<li>Izdr\u017eljiva plastika i mekane komponente za vi\u0161ekratnu upotrebu<\/li>\n<li>Isplativa opcija me\u0111u jeftinim dodacima za reborn lutke<\/li>\n<li>Kompatibilno s dodacima za silikonske lutke Reborn<\/li>\n<\/ul>\n<div>Ovaj svestrani paket pojednostavljuje postavljanje uz istovremeno pove\u0107anje realizma, \u0161to ga \u010dini bitnim dodatkom za kolekcionare koji tra\u017ee kompletne po\u010detne setove za reborn lutke.<\/div>\n<\/div>\n<p><img decoding=\"async\" src=\"https:\/\/ae01.alicdn.com\/kf\/S2ac0c07b28bc4ac8bbc8ec1493f5eca1O.jpg\" alt=\"\" title=\"\"><img decoding=\"async\" src=\"https:\/\/ae01.alicdn.com\/kf\/S6441869820c0453aba5911026275c27ep.jpg\" alt=\"\" title=\"\"><img decoding=\"async\" src=\"https:\/\/ae01.alicdn.com\/kf\/S5ab5abe146bb48fa9a94c8997f2c7ee4Q.jpg\" alt=\"\" title=\"\"><img decoding=\"async\" src=\"https:\/\/ae01.alicdn.com\/kf\/S3be2280f24a34965835a8ce1a38fd957R.jpg\" alt=\"\" title=\"\"><img decoding=\"async\" src=\"https:\/\/ae01.alicdn.com\/kf\/S6fe7d906696141b0ab07dde1e6e5908aw.jpg\" alt=\"\" title=\"\"><img decoding=\"async\" src=\"https:\/\/ae01.alicdn.com\/kf\/S3c5d9ee971ad4bd78e12de7dc8cd6ea2u.jpg\" alt=\"\" title=\"\"><img decoding=\"async\" src=\"https:\/\/ae01.alicdn.com\/kf\/Sebfcb2540dcf40888a721f47209f1862r.jpg\" alt=\"\" title=\"\"><img decoding=\"async\" src=\"https:\/\/ae01.alicdn.com\/kf\/S11f70586ef5d40829a72c2d3c3839908x.jpg\" alt=\"\" title=\"\"><img decoding=\"async\" src=\"https:\/\/ae01.alicdn.com\/kf\/Sa441d5ba97b64c05b54233527ce711d4p.jpg\" alt=\"\" title=\"\"><img decoding=\"async\" src=\"https:\/\/ae01.alicdn.com\/kf\/S33ea08f4b52549eaba6ec4b300eb133en.jpg\" alt=\"\" title=\"\"><img decoding=\"async\" src=\"https:\/\/ae01.alicdn.com\/kf\/Sfe1a1140e2f84221af639b7f50630a7e8.jpg\" alt=\"\" title=\"\"><img decoding=\"async\" src=\"https:\/\/ae01.alicdn.com\/kf\/S81d555bccfea4f4a85ffddd12ce9000aE.jpg\" alt=\"\" title=\"\"><img decoding=\"async\" src=\"https:\/\/ae01.alicdn.com\/kf\/S486e610f959b4b88b28666d56447564f4.jpg\" alt=\"\" title=\"\"><img decoding=\"async\" src=\"https:\/\/ae01.alicdn.com\/kf\/Sfa43f26ea86e4e08913ebcf4b01e20202.jpg\" alt=\"\" title=\"\"><img decoding=\"async\" src=\"https:\/\/ae01.alicdn.com\/kf\/S2382dce1c04247f0b0299b7f841cce3dk.jpg\" alt=\"\" title=\"\"><\/p>","protected":false},"excerpt":{"rendered":"<p>Sveobuhvatni po\u010detni set osmi\u0161ljen za opremanje va\u0161e reborn lutke osnovnim dodacima, pobolj\u0161avaju\u0107i realizam i stil svakodnevnog izlaganja.<\/p>","protected":false},"featured_media":4044,"comment_status":"open","ping_status":"closed","template":"","meta":[],"product_brand":[],"product_cat":[148],"product_tag":[],"class_list":{"0":"post-4043","1":"product","2":"type-product","3":"status-publish","4":"has-post-thumbnail","6":"product_cat-reborn-doll-accessories","8":"first","9":"instock","10":"sale","11":"shipping-taxable","12":"purchasable","13":"product-type-variable","14":"has-default-attributes"},"_links":{"self":[{"href":"https:\/\/www.mkreborns.com\/hr\/wp-json\/wp\/v2\/product\/4043","targetHints":{"allow":["GET"]}}],"collection":[{"href":"https:\/\/www.mkreborns.com\/hr\/wp-json\/wp\/v2\/product"}],"about":[{"href":"https:\/\/www.mkreborns.com\/hr\/wp-json\/wp\/v2\/types\/product"}],"replies":[{"embeddable":true,"href":"https:\/\/www.mkreborns.com\/hr\/wp-json\/wp\/v2\/comments?post=4043"}],"wp:featuredmedia":[{"embeddable":true,"href":"https:\/\/www.mkreborns.com\/hr\/wp-json\/wp\/v2\/media\/4044"}],"wp:attachment":[{"href":"https:\/\/www.mkreborns.com\/hr\/wp-json\/wp\/v2\/media?parent=4043"}],"wp:term":[{"taxonomy":"product_brand","embeddable":true,"href":"https:\/\/www.mkreborns.com\/hr\/wp-json\/wp\/v2\/product_brand?post=4043"},{"taxonomy":"product_cat","embeddable":true,"href":"https:\/\/www.mkreborns.com\/hr\/wp-json\/wp\/v2\/product_cat?post=4043"},{"taxonomy":"product_tag","embeddable":true,"href":"https:\/\/www.mkreborns.com\/hr\/wp-json\/wp\/v2\/product_tag?post=4043"}],"curies":[{"name":"radni list","href":"https:\/\/api.w.org\/{rel}","templated":true}]}}