{"id":4029,"date":"2026-03-18T15:28:55","date_gmt":"2026-03-18T15:28:55","guid":{"rendered":"https:\/\/www.mkreborns.com\/?post_type=product&#038;p=4029"},"modified":"2026-03-19T15:51:56","modified_gmt":"2026-03-19T15:51:56","slug":"17-18-inch-reborn-doll-feeding-pacifier-accessories","status":"publish","type":"product","link":"https:\/\/www.mkreborns.com\/hr\/product\/17-18-inch-reborn-doll-feeding-pacifier-accessories\/","title":{"rendered":"Dodaci za dudu za hranjenje Reborn lutke od 17-18 in\u010da"},"content":{"rendered":"<div class=\"product-specs-list-container\"><\/div>\n<div class=\"detailmodule_html\">\n<div class=\"detail-desc-decorate-richtext\">\n<h2>Pribor za Reborn lutke - dude za bo\u010dicu bez rupe<\/h2>\n<div>Pribor za Reborn lutke, dude za bo\u010dice bez rupica, izra\u0111en je kako bi replicirao autenti\u010dne rutine hranjenja dojen\u010dadi, a istovremeno zadr\u017eao integritet lutke. Ovaj set uklju\u010duje pa\u017eljivo oblikovane bo\u010dice, mekane silikonske vrhove i uskla\u0111ene dijelove koji nadopunjuju stil seta duda za Reborn lutke. Dizajniran za kolekcionare koji daju prioritet realizmu, pribor stvara realisti\u010dan dojam brige bez potrebe za strukturnim modifikacijama lutke.<\/div>\n<h3>Siguran silikonski dizajn i realisti\u010dni detalji<\/h3>\n<div>Prilo\u017eene silikonske dude bez rupica za preemie lutke reborn dizajnirane su sa zatvorenom strukturom vrha, sprje\u010davaju\u0107i protok teku\u0107ine uz o\u010duvanje vizualne autenti\u010dnosti. Svaka komponenta je proporcionalna lutkama veli\u010dine 45-45 cm, osiguravaju\u0107i prirodno pristajanje u kombinaciji sa scenama hranjenja ili izlo\u017ebenim aran\u017emanima.<\/div>\n<h3>Klju\u010dne zna\u010dajke i prednosti<\/h3>\n<ul>\n<li>Uklju\u010duje bo\u010dice za hranjenje i set duda za Reborn lutke<\/li>\n<li>Dizajn zatvorenog vrha za sigurnu simulaciju nefunkcionalnog hranjenja<\/li>\n<li>Izra\u0111eno od mekog silikona za realisti\u010dnu teksturu<\/li>\n<li>Kompatibilno s reborn lutkama veli\u010dine 17-18 in\u010da<\/li>\n<li>Idealno za upotrebu sa silikonskim dudama bez rupica za preemie lutke za reborn bebe<\/li>\n<\/ul>\n<div>Ovaj pa\u017eljivo sastavljen komplet pobolj\u0161ava vizualno pripovijedanje i kolekcionarsku vrijednost, \u0161to ga \u010dini pouzdanim izborom za sve koji tra\u017ee dodatke za reborn lutke, dude za bo\u010dice bez rupa.<\/div>\n<p><img decoding=\"async\" src=\"https:\/\/www.mkreborns.com\/wp-content\/uploads\/2026\/03\/kf-S821bc0c09e4b42a393cbbc2780b410d4P.webp\" alt=\"\" title=\"\"><img decoding=\"async\" src=\"https:\/\/www.mkreborns.com\/wp-content\/uploads\/2026\/03\/kf-S3ddca035184249b39a97908487b4d497n.webp\" alt=\"\" title=\"\"><img decoding=\"async\" src=\"https:\/\/www.mkreborns.com\/wp-content\/uploads\/2026\/03\/kf-Se4f5ae05ae6f4ec4a8ef9889288959d4L.webp\" alt=\"\" title=\"\"><img decoding=\"async\" src=\"https:\/\/www.mkreborns.com\/wp-content\/uploads\/2026\/03\/kf-S63a5bb887a674b8ab8ce2a3c3e8dc6den.webp\" alt=\"\" title=\"\"><span style=\"font-size: 18px;\"><strong>Mala veli\u010dina ru\u017ei\u010daste boje:<\/strong><\/span><img decoding=\"async\" src=\"https:\/\/www.mkreborns.com\/wp-content\/uploads\/2026\/03\/kf-S5937a950d18c457d9632bc051f5569f9r.webp\" alt=\"\" title=\"\"><\/p>\n<p><span style=\"font-size: 18px;\"><strong>Mala veli\u010dina plave boje:<\/strong><\/span><img decoding=\"async\" src=\"https:\/\/www.mkreborns.com\/wp-content\/uploads\/2026\/03\/kf-Scbcae8c5f5a14ec8ac5007fdc863b93cg.webp\" alt=\"\" title=\"\"><img decoding=\"async\" src=\"https:\/\/www.mkreborns.com\/wp-content\/uploads\/2026\/03\/kf-S5e160258b8954f42a85e81b8690efd27l.webp\" alt=\"\" title=\"\"><img decoding=\"async\" src=\"https:\/\/www.mkreborns.com\/wp-content\/uploads\/2026\/03\/kf-Sb8e5eb1c653f4d77bd66c73376d647894.webp\" alt=\"\" title=\"\"><img decoding=\"async\" src=\"https:\/\/www.mkreborns.com\/wp-content\/uploads\/2026\/03\/kf-S42bdf04560824f58a60c86c965c4d3f5Q.webp\" alt=\"\" title=\"\"><img decoding=\"async\" src=\"https:\/\/www.mkreborns.com\/wp-content\/uploads\/2026\/03\/kf-Sf8bed42865e04064a00206620943d9dfR.webp\" alt=\"\" title=\"\"><img decoding=\"async\" src=\"https:\/\/www.mkreborns.com\/wp-content\/uploads\/2026\/03\/kf-S419dce937a6049f997aa62428da2071dR.webp\" alt=\"Pribor za hranjenje reborn lutaka, uklju\u010duju\u0107i bo\u010dicu za bebe, dudu i alate za hranjenje.\" title=\"\"><\/p>\n<\/div>\n<\/div>","protected":false},"excerpt":{"rendered":"<div>Kompletan set pribora za hranjenje dizajniran za reborn lutke veli\u010dine 47-46 cm, koji kombinira realizam, sigurnost i delikatne detalje u jednom kompaktnom kompletu.<\/div>","protected":false},"featured_media":4030,"comment_status":"open","ping_status":"closed","template":"","meta":[],"product_brand":[],"product_cat":[148,162],"product_tag":[],"class_list":{"0":"post-4029","1":"product","2":"type-product","3":"status-publish","4":"has-post-thumbnail","6":"product_cat-reborn-doll-accessories","7":"product_cat-reborn-pacifier","9":"first","10":"instock","11":"sale","12":"shipping-taxable","13":"purchasable","14":"product-type-variable","15":"has-default-attributes"},"_links":{"self":[{"href":"https:\/\/www.mkreborns.com\/hr\/wp-json\/wp\/v2\/product\/4029","targetHints":{"allow":["GET"]}}],"collection":[{"href":"https:\/\/www.mkreborns.com\/hr\/wp-json\/wp\/v2\/product"}],"about":[{"href":"https:\/\/www.mkreborns.com\/hr\/wp-json\/wp\/v2\/types\/product"}],"replies":[{"embeddable":true,"href":"https:\/\/www.mkreborns.com\/hr\/wp-json\/wp\/v2\/comments?post=4029"}],"wp:featuredmedia":[{"embeddable":true,"href":"https:\/\/www.mkreborns.com\/hr\/wp-json\/wp\/v2\/media\/4030"}],"wp:attachment":[{"href":"https:\/\/www.mkreborns.com\/hr\/wp-json\/wp\/v2\/media?parent=4029"}],"wp:term":[{"taxonomy":"product_brand","embeddable":true,"href":"https:\/\/www.mkreborns.com\/hr\/wp-json\/wp\/v2\/product_brand?post=4029"},{"taxonomy":"product_cat","embeddable":true,"href":"https:\/\/www.mkreborns.com\/hr\/wp-json\/wp\/v2\/product_cat?post=4029"},{"taxonomy":"product_tag","embeddable":true,"href":"https:\/\/www.mkreborns.com\/hr\/wp-json\/wp\/v2\/product_tag?post=4029"}],"curies":[{"name":"radni list","href":"https:\/\/api.w.org\/{rel}","templated":true}]}}