{"id":4000,"date":"2026-03-18T14:46:48","date_gmt":"2026-03-18T14:46:48","guid":{"rendered":"https:\/\/www.mkreborns.com\/?post_type=product&#038;p=4000"},"modified":"2026-03-19T15:52:09","modified_gmt":"2026-03-19T15:52:09","slug":"american-girl-doll-clothes-fit-18-inch-reborns-set","status":"publish","type":"product","link":"https:\/\/www.mkreborns.com\/hr\/product\/american-girl-doll-clothes-fit-18-inch-reborns-set\/","title":{"rendered":"Odje\u0107a za lutke American Girl odgovara 45 cm Reborns setu"},"content":{"rendered":"<div class=\"product-specs-list-container\">\n<h2>Odje\u0107a za lutke American Girl pristaje ponovno ro\u0111enima<\/h2>\n<div>Odje\u0107a za lutke American Girl pristaje reborncima s izvanrednom precizno\u0161\u0107u, osiguravaju\u0107i kompatibilnost s lutkama od 45 cm koje prate realisti\u010dne proporcije. Ove odje\u0107e strukturirane su kako bi se uskladile s tijelima reborn lutaka od tkanine u novim stilovima, nude\u0107i uravnote\u017eenu siluetu koja poja\u010dava autenti\u010dnost. Bilo da je stilizirana za izlaganje ili nje\u017eno rukovanje, svaki komad odra\u017eava pa\u017eljivu izradu.<\/div>\n<h3>Prilago\u0111eni dizajn i integritet materijala<\/h3>\n<div>Izra\u0111eni od mekane, ali otporne tkanine, ovi ru\u010dno izra\u0111eni setovi odje\u0107e za reborn lutke odr\u017eavaju strukturu bez uko\u010denosti. \u0160avovi prate anatomske konture, omogu\u0107uju\u0107i odjevnom predmetu da prirodno sjedi na okviru lutke. To osigurava vizualnu to\u010dnost i dugotrajnu upotrebljivost.<\/div>\n<h3>Klju\u010dne zna\u010dajke i prednosti<\/h3>\n<ul>\n<li>Dizajnirano da to\u010dno odgovara reborn bebama veli\u010dine 43 cm \/ 18 in\u010da<\/li>\n<li>Pogodno za odje\u0107u za reborn lutke, za dje\u010dake i neutralne stilove.<\/li>\n<li>Oja\u010dani \u0161avovi za produ\u017eenu izdr\u017eljivost<\/li>\n<li>Lagana tkanina za udobno rukovanje<\/li>\n<li>Kompatibilno s novim stilovima tijela reborn platnenih lutaka<\/li>\n<\/ul>\n<div>S ravnote\u017eom strukture i meko\u0107e, ovaj set odje\u0107e dodaje dubinu i realizam svakoj kolekciji, \u0161to ga \u010dini pouzdanim izborom za kolekcionare koji tra\u017ee odje\u0107u za lutke American Girl koja odgovara rebornovima.<\/div>\n<div><\/div>\n<\/div>\n<div class=\"detailmodule_html\">\n<div class=\"detail-desc-decorate-richtext\">\n<p style=\"text-align: center; margin: 0px;\" align=\"center\"><img decoding=\"async\" src=\"https:\/\/www.mkreborns.com\/wp-content\/uploads\/2026\/03\/kf-Sbb815d83d55a42c6b75a953932f9eec9r.webp\" alt=\"\" title=\"\"><img decoding=\"async\" src=\"https:\/\/www.mkreborns.com\/wp-content\/uploads\/2026\/03\/kf-Sc2b352c412684bd7acc6bb9bcdf0c927X.webp\" alt=\"\" title=\"\"><img decoding=\"async\" src=\"https:\/\/www.mkreborns.com\/wp-content\/uploads\/2026\/03\/kf-S359e5961003a4ef683ca7929699e081fB.webp\" alt=\"\" title=\"\"><img decoding=\"async\" src=\"https:\/\/www.mkreborns.com\/wp-content\/uploads\/2026\/03\/kf-Scc518a1bba6e434daac8f2dece7ee61fs.webp\" alt=\"\" title=\"\"><img decoding=\"async\" src=\"https:\/\/www.mkreborns.com\/wp-content\/uploads\/2026\/03\/kf-S5c9fd673d94b407495c1b13241048299B.webp\" alt=\"\" title=\"\"><img decoding=\"async\" src=\"https:\/\/www.mkreborns.com\/wp-content\/uploads\/2026\/03\/kf-S4b118a05358c496d84bb2426874d92c8u.webp\" alt=\"\" title=\"\"><img decoding=\"async\" src=\"https:\/\/www.mkreborns.com\/wp-content\/uploads\/2026\/03\/kf-S41958fdfe8b14b4481003fedf9275197D.webp\" alt=\"\" title=\"\"><img decoding=\"async\" src=\"https:\/\/www.mkreborns.com\/wp-content\/uploads\/2026\/03\/kf-Sb7de3410d1f5466194271c86cc3b11047.webp\" alt=\"\" title=\"\"><img decoding=\"async\" src=\"https:\/\/www.mkreborns.com\/wp-content\/uploads\/2026\/03\/kf-Sf2d8e29dcfbb4426a9b5e0f048bc41bbl.webp\" alt=\"\" title=\"\"><img decoding=\"async\" src=\"https:\/\/www.mkreborns.com\/wp-content\/uploads\/2026\/03\/kf-S87f2002a343949f78d65c595eb6297c7W.webp\" alt=\"\" title=\"\"><img decoding=\"async\" src=\"https:\/\/www.mkreborns.com\/wp-content\/uploads\/2026\/03\/kf-Se889b72926b445a58aea59fc7b6b49b5L.webp\" alt=\"\" title=\"\"><\/p>\n<\/div>\n<\/div>","protected":false},"excerpt":{"rendered":"<div>Pa\u017eljivo krojene odje\u0107e dizajnirane da odgovaraju bebama visokim 45 cm, kombiniraju\u0107i klasi\u010dni stil s mekim materijalima za profinjen i realisti\u010dan izgled.<\/div>","protected":false},"featured_media":4001,"comment_status":"open","ping_status":"closed","template":"","meta":[],"product_brand":[],"product_cat":[159,148],"product_tag":[],"class_list":{"0":"post-4000","1":"product","2":"type-product","3":"status-publish","4":"has-post-thumbnail","6":"product_cat-clothes-for-reborn-dolls","7":"product_cat-reborn-doll-accessories","9":"first","10":"instock","11":"sale","12":"shipping-taxable","13":"purchasable","14":"product-type-variable","15":"has-default-attributes"},"_links":{"self":[{"href":"https:\/\/www.mkreborns.com\/hr\/wp-json\/wp\/v2\/product\/4000","targetHints":{"allow":["GET"]}}],"collection":[{"href":"https:\/\/www.mkreborns.com\/hr\/wp-json\/wp\/v2\/product"}],"about":[{"href":"https:\/\/www.mkreborns.com\/hr\/wp-json\/wp\/v2\/types\/product"}],"replies":[{"embeddable":true,"href":"https:\/\/www.mkreborns.com\/hr\/wp-json\/wp\/v2\/comments?post=4000"}],"wp:featuredmedia":[{"embeddable":true,"href":"https:\/\/www.mkreborns.com\/hr\/wp-json\/wp\/v2\/media\/4001"}],"wp:attachment":[{"href":"https:\/\/www.mkreborns.com\/hr\/wp-json\/wp\/v2\/media?parent=4000"}],"wp:term":[{"taxonomy":"product_brand","embeddable":true,"href":"https:\/\/www.mkreborns.com\/hr\/wp-json\/wp\/v2\/product_brand?post=4000"},{"taxonomy":"product_cat","embeddable":true,"href":"https:\/\/www.mkreborns.com\/hr\/wp-json\/wp\/v2\/product_cat?post=4000"},{"taxonomy":"product_tag","embeddable":true,"href":"https:\/\/www.mkreborns.com\/hr\/wp-json\/wp\/v2\/product_tag?post=4000"}],"curies":[{"name":"radni list","href":"https:\/\/api.w.org\/{rel}","templated":true}]}}