{"id":3914,"date":"2026-03-18T13:49:16","date_gmt":"2026-03-18T13:49:16","guid":{"rendered":"https:\/\/www.mkreborns.com\/?post_type=product&#038;p=3914"},"modified":"2026-03-19T15:50:41","modified_gmt":"2026-03-19T15:50:41","slug":"handmade-20-22-inch-reborn-doll-outfits-and-princess-dress-sets","status":"publish","type":"product","link":"https:\/\/www.mkreborns.com\/hr\/product\/handmade-20-22-inch-reborn-doll-outfits-and-princess-dress-sets\/","title":{"rendered":"Ru\u010dno izra\u0111eni kostimi i setovi haljina za Reborn lutke veli\u010dine 20-22 in\u010da"},"content":{"rendered":"<div class=\"product-specs-list-container\">\n<h2>Izvrsni osnovni komadi garderobe za va\u0161e realisti\u010dne bebe<\/h2>\n<div>Briga za preporo\u0111enu bebu uklju\u010duje vi\u0161e od pukih nje\u017enih dodira; zahtijeva garderobu koja odra\u017eava njihovu delikatnu ljepotu. Na\u0161a pa\u017eljivo odabrana kolekcija odje\u0107e za preporo\u0111ene lutke veli\u010dine 50-60 cm pru\u017ea besprijekorno pristajanje lutkama veli\u010dine od pedeset do pedeset pet centimetara. Svaki komplet je pomno pro\u0161iven kori\u0161tenjem vrhunskih tkanina koje pru\u017eaju mekan taktilni osje\u0107aj na vinilnim ili silikonskim povr\u0161inama va\u0161eg kolekcionarnog predmeta. Bez obzira odijevate li djevoj\u010dicu ili figuru novoro\u0111en\u010deta, ovi odjevni predmeti pru\u017eaju estetsku profinjenost koju va\u0161 hobi zahtijeva bez premium cijene.<\/div>\n<h3>Svestrani sezonski stilovi i funkcionalni dodaci<\/h3>\n<div>Odr\u017eavanje realizma va\u0161e dje\u010dje sobe zna\u010di imati pravu odje\u0107u za svaku klimu. Od prozra\u010dnih mje\u0161avina pamuka za ljetne izlaske do slojevitih, udobnih pletiva za zimske izlo\u017ebe, na\u0161 izbor zadovoljava sve stilske preferencije. Ova jeftina odje\u0107a za reborn lutke nudi pristupa\u010dan na\u010din pro\u0161irenja svestranosti va\u0161e kolekcije uz odr\u017eavanje visokih standarda izrade.<\/div>\n<ul>\n<li>Ru\u010dno krojene haljine za princeze s detaljima od zamr\u0161ene \u010dipke i vrpce.<\/li>\n<li>Izdr\u017eljiva tkanina koja podnosi \u010desto obla\u010denje i poziranje.<\/li>\n<li>\u017divahne, netoksi\u010dne boje osiguravaju sigurnost i dugotrajnu zasi\u0107enost boja.<\/li>\n<li>Koordinirani setovi koji pojednostavljuju stiliziranje i za amatere i za profesionalne kolekcionare.<\/li>\n<\/ul>\n<div>Radost vlasni\u0161tva lutke je ve\u0107a kada odaberete savr\u0161enu odje\u0107u i dodatke za reborn silikonske lutke kako biste upotpunili jedinstveni izgled svoje dje\u010dje sobe. Odabirom na\u0161e visokokvalitetne odje\u0107e za reborn lutke od 20 in\u010da, osiguravate da va\u0161a beba ostane sredi\u0161nji dio va\u0161e kolekcije, dok je odjevena u najfiniju odje\u0107u za reborn lutke od 22 in\u010da.<\/div>\n<\/div>\n<p><img decoding=\"async\" src=\"https:\/\/www.mkreborns.com\/wp-content\/uploads\/2026\/03\/kf-S2e01ded1844b4877bf4c33f55020ae11c.webp\" alt=\"\" title=\"\"><img decoding=\"async\" src=\"https:\/\/www.mkreborns.com\/wp-content\/uploads\/2026\/03\/kf-S9e3f070a33d54057b89198cde073cd612.webp\" alt=\"\" title=\"\"><img decoding=\"async\" src=\"https:\/\/www.mkreborns.com\/wp-content\/uploads\/2026\/03\/kf-S6e3bf7adc684427696336b2801fea85fY.webp\" alt=\"\" title=\"\"><img decoding=\"async\" src=\"https:\/\/www.mkreborns.com\/wp-content\/uploads\/2026\/03\/kf-S33fd522146264b3d872df87a701c2946b.webp\" alt=\"\" title=\"\"><img decoding=\"async\" src=\"https:\/\/www.mkreborns.com\/wp-content\/uploads\/2026\/03\/kf-Sbf836be53df845d68bbc0b7a1f9c781f2.webp\" alt=\"\" title=\"\"><img decoding=\"async\" src=\"https:\/\/www.mkreborns.com\/wp-content\/uploads\/2026\/03\/kf-Sf1a7b314b8d347688f83c99d60dce0a3A.webp\" alt=\"\" title=\"\"><img decoding=\"async\" src=\"https:\/\/www.mkreborns.com\/wp-content\/uploads\/2026\/03\/kf-S61f931d28b264579b6dae3d8565e2e50T.webp\" alt=\"\" title=\"\"><img decoding=\"async\" src=\"https:\/\/www.mkreborns.com\/wp-content\/uploads\/2026\/03\/kf-S0c2952b48d644b18bd24e6028052eb98U.webp\" alt=\"\" title=\"\"><img decoding=\"async\" src=\"https:\/\/www.mkreborns.com\/wp-content\/uploads\/2026\/03\/kf-S9e63ed215fae43ad819d86d2033ee969r.webp\" alt=\"\" title=\"\"><img decoding=\"async\" src=\"https:\/\/www.mkreborns.com\/wp-content\/uploads\/2026\/03\/kf-S753c136e65d641e4943f67baf9baf5ccc.webp\" alt=\"\" title=\"\"><img decoding=\"async\" src=\"https:\/\/www.mkreborns.com\/wp-content\/uploads\/2026\/03\/kf-S67c85d54bdd34203a836b3a36c4bd4eaS.webp\" alt=\"\" title=\"\"><img decoding=\"async\" src=\"https:\/\/www.mkreborns.com\/wp-content\/uploads\/2026\/03\/kf-S50dfe06eb5cd479983c46dcf6260faee1.webp\" alt=\"\" title=\"\"><img decoding=\"async\" src=\"https:\/\/www.mkreborns.com\/wp-content\/uploads\/2026\/03\/kf-Sb5f6a65275bd4f43ab927c391e4be4d5i.webp\" alt=\"\" title=\"\"><img decoding=\"async\" src=\"https:\/\/www.mkreborns.com\/wp-content\/uploads\/2026\/03\/kf-S267c5a5569df43c99eeeb243ed4f3022A.webp\" alt=\"\" title=\"\"><img decoding=\"async\" src=\"https:\/\/www.mkreborns.com\/wp-content\/uploads\/2026\/03\/kf-Sfd4f91fa317844e6a20bedeb546fe009P.webp\" alt=\"Haljina princeze za reborn lutku s volanima i pastelnim bojama.\" title=\"\"> <img decoding=\"async\" src=\"https:\/\/www.mkreborns.com\/wp-content\/uploads\/2026\/03\/kf-Sf6881c96b70f469dae3e5e917a9a797c2.webp\" alt=\"\" title=\"\"><img decoding=\"async\" src=\"https:\/\/www.mkreborns.com\/wp-content\/uploads\/2026\/03\/kf-S37d300d49be64c689cdc2d9ac655ee8ef.webp\" alt=\"\" title=\"\"><img decoding=\"async\" src=\"https:\/\/www.mkreborns.com\/wp-content\/uploads\/2026\/03\/kf-Se12b5d5751db49a598419c27633fa249h.webp\" alt=\"Set haljina za reborn lutku princeze s printom galaksije i ru\u017ei\u010dastim detaljima, savr\u0161en za lutke veli\u010dine 20-22 in\u010da. Uni.\" title=\"\"> <img decoding=\"async\" src=\"https:\/\/www.mkreborns.com\/wp-content\/uploads\/2026\/03\/kf-Sfec6353fabc249739a9bfc7ff9c19194J.webp\" alt=\"Preslatka ru\u010dno izra\u0111ena haljina princeze za reborn lutku veli\u010dine 20-22 in\u010da s printom galaksije i ru\u017ei\u010dastim detaljima.\" title=\"\"> <img decoding=\"async\" src=\"https:\/\/www.mkreborns.com\/wp-content\/uploads\/2026\/03\/kf-S2fe53c2cf60a4dca806d62c9507c1527k.webp\" alt=\"\" title=\"\"><img decoding=\"async\" src=\"https:\/\/www.mkreborns.com\/wp-content\/uploads\/2026\/03\/kf-Scc80fb4332204489b9e54a2f1cd37684Y.webp\" alt=\"Odjevna kombinacija za reborn lutku s ru\u017ei\u010dastom kariranom haljinom s \u010dipkastim obrubom i bijelom podsuknjom. Savr\u0161eno za.\" title=\"\"> <img decoding=\"async\" src=\"https:\/\/www.mkreborns.com\/wp-content\/uploads\/2026\/03\/kf-Sa287f36538e54509a74becedf5d1e80aI.webp\" alt=\"Kostim za reborn lutku s ru\u017ei\u010dastim kariranim volanima i satenskim ma\u0161nama, savr\u0161en za lutke veli\u010dine 20-22 in\u010da.\" title=\"\"> <img decoding=\"async\" src=\"https:\/\/www.mkreborns.com\/wp-content\/uploads\/2026\/03\/kf-S804968ae87294c959b219b6c3d88016bB.webp\" alt=\"Ponovno ro\u0111ena lutka u cvjetnoj haljini princeze, dr\u017ei ru\u017ei\u010dastog pli\u0161anog flaminga, a u blizini je bo\u010dica.\" title=\"\"> <img decoding=\"async\" src=\"https:\/\/www.mkreborns.com\/wp-content\/uploads\/2026\/03\/kf-Sd9fc481645ee4d3288511c710a4aa6fac.webp\" alt=\"\" title=\"\"><img decoding=\"async\" src=\"https:\/\/www.mkreborns.com\/wp-content\/uploads\/2026\/03\/kf-S5d746b3f7dda43a98510624ed31c719bq.webp\" alt=\"\" title=\"\"><img decoding=\"async\" src=\"https:\/\/www.mkreborns.com\/wp-content\/uploads\/2026\/03\/kf-Sdb0e2483cf38440085aa085deb7e8e72l.webp\" alt=\"Set haljina za reborn lutku princeze s cvjetnim printom, ru\u010dno izra\u0111en za lutke veli\u010dine 20-22 in\u010da.\" title=\"\"> <img decoding=\"async\" src=\"https:\/\/www.mkreborns.com\/wp-content\/uploads\/2026\/03\/kf-S9b482f7f72f848b28fede3ec4a85ed32b.webp\" alt=\"\" title=\"\"><img decoding=\"async\" src=\"https:\/\/www.mkreborns.com\/wp-content\/uploads\/2026\/03\/kf-S09152d43a02f4b4f9bef4d5cfa7531daK.webp\" alt=\"Kostim za reborn lutku s cvjetnom haljinom i \u017eutom vrpcom, savr\u0161en za lutke veli\u010dine 20-22 in\u010da.\" title=\"\"> <img decoding=\"async\" src=\"https:\/\/www.mkreborns.com\/wp-content\/uploads\/2026\/03\/kf-Sc4c910a0f2e8414fa5bd80aa5709c8ecK.webp\" alt=\"\" title=\"\"><img decoding=\"async\" src=\"https:\/\/www.mkreborns.com\/wp-content\/uploads\/2026\/03\/kf-S6f2f906babe64407abb39604df6914a1J.webp\" alt=\"\" title=\"\"><img decoding=\"async\" src=\"https:\/\/www.mkreborns.com\/wp-content\/uploads\/2026\/03\/kf-S3492369ac2ce462f897f81971cc88ea2i.webp\" alt=\"Ponovno ro\u0111ena lutka u ru\u010dno izra\u0111enoj ru\u017ei\u010dastoj princezinoj haljini s bijelim pahuljastim ovratnikom i pomponima.\" title=\"\"> <img decoding=\"async\" src=\"https:\/\/www.mkreborns.com\/wp-content\/uploads\/2026\/03\/kf-Se51597a0a9504fc688712ba8acc06b61X.webp\" alt=\"\" title=\"\"><img decoding=\"async\" src=\"https:\/\/www.mkreborns.com\/wp-content\/uploads\/2026\/03\/kf-S2cd722838c3444e8853dfdd6cb7c6eeaF.webp\" alt=\"Odjevna kombinacija za reborn lutku s ru\u017ei\u010dastom haljinom, bijelim tajicama i odgovaraju\u0107im \u010dizmama za lutke veli\u010dine 20-22 in\u010da.\" title=\"\"> <img decoding=\"async\" src=\"https:\/\/www.mkreborns.com\/wp-content\/uploads\/2026\/03\/kf-S4485fab01df04a52b37771c9fd6fb6808.webp\" alt=\"Set odje\u0107e za reborn lutku s hla\u010dama s printom flaminga i odgovaraju\u0107im slu\u0161alicama, savr\u0161en za ru\u010dni rad.\" title=\"\"> <img decoding=\"async\" src=\"https:\/\/www.mkreborns.com\/wp-content\/uploads\/2026\/03\/kf-S119e2ed0c63449e780a45353deed672fV.webp\" alt=\"Ru\u017ei\u010daste reborn \u010dizmice za lutke s bijelim obrubom od umjetnog krzna za lutke veli\u010dine 20-22 in\u010da.\" title=\"\"> <img decoding=\"async\" src=\"https:\/\/www.mkreborns.com\/wp-content\/uploads\/2026\/03\/kf-Sc540755ac9cf4146835605b7b7171a0fT.webp\" alt=\"Odjevna kombinacija za reborn lutku s ru\u017ei\u010dastom haljinom, bijelim tajicama i odgovaraju\u0107im \u010dizmama za lutke veli\u010dine 20-22 in\u010da.\" title=\"\"><\/p>\n<div style=\"width: 640px;\" class=\"wp-video\"><video class=\"wp-video-shortcode\" id=\"video-3914-1\" width=\"640\" height=\"360\" preload=\"metadata\" controls=\"controls\"><source type=\"video\/mp4\" src=\"https:\/\/video.aliexpress-media.com\/play\/u\/ae_sg_item\/2216133796552\/p\/1\/e\/6\/t\/10301\/1100164358417.mp4?_=1\" \/><a href=\"https:\/\/video.aliexpress-media.com\/play\/u\/ae_sg_item\/2216133796552\/p\/1\/e\/6\/t\/10301\/1100164358417.mp4\" target=\"_blank\" rel=\"noopener\">https:\/\/video.aliexpress-media.com\/play\/u\/ae_sg_item\/2216133796552\/p\/1\/e\/6\/t\/10301\/1100164358417.mp4<\/a><\/video><\/div>","protected":false},"excerpt":{"rendered":"<p>Odjenite svog voljenog suputnika u izvrsnu, ru\u010dno izra\u0111enu odje\u0107u dizajniranu da odra\u017eava \u0161arm prave dje\u010dje odje\u0107e, osiguravaju\u0107i da svaki trenutak igre bude izuzetno autenti\u010dan i dirljiv.<\/p>","protected":false},"featured_media":3915,"comment_status":"open","ping_status":"closed","template":"","meta":[],"product_brand":[],"product_cat":[159,148],"product_tag":[],"class_list":{"0":"post-3914","1":"product","2":"type-product","3":"status-publish","4":"has-post-thumbnail","6":"product_cat-clothes-for-reborn-dolls","7":"product_cat-reborn-doll-accessories","9":"first","10":"instock","11":"sale","12":"shipping-taxable","13":"purchasable","14":"product-type-variable","15":"has-default-attributes"},"_links":{"self":[{"href":"https:\/\/www.mkreborns.com\/hr\/wp-json\/wp\/v2\/product\/3914","targetHints":{"allow":["GET"]}}],"collection":[{"href":"https:\/\/www.mkreborns.com\/hr\/wp-json\/wp\/v2\/product"}],"about":[{"href":"https:\/\/www.mkreborns.com\/hr\/wp-json\/wp\/v2\/types\/product"}],"replies":[{"embeddable":true,"href":"https:\/\/www.mkreborns.com\/hr\/wp-json\/wp\/v2\/comments?post=3914"}],"wp:featuredmedia":[{"embeddable":true,"href":"https:\/\/www.mkreborns.com\/hr\/wp-json\/wp\/v2\/media\/3915"}],"wp:attachment":[{"href":"https:\/\/www.mkreborns.com\/hr\/wp-json\/wp\/v2\/media?parent=3914"}],"wp:term":[{"taxonomy":"product_brand","embeddable":true,"href":"https:\/\/www.mkreborns.com\/hr\/wp-json\/wp\/v2\/product_brand?post=3914"},{"taxonomy":"product_cat","embeddable":true,"href":"https:\/\/www.mkreborns.com\/hr\/wp-json\/wp\/v2\/product_cat?post=3914"},{"taxonomy":"product_tag","embeddable":true,"href":"https:\/\/www.mkreborns.com\/hr\/wp-json\/wp\/v2\/product_tag?post=3914"}],"curies":[{"name":"radni list","href":"https:\/\/api.w.org\/{rel}","templated":true}]}}